{"id":6136,"date":"2025-09-03T17:27:04","date_gmt":"2025-09-03T20:27:04","guid":{"rendered":"https:\/\/eic.cefet-rj.br\/ppcic\/?page_id=6136"},"modified":"2025-11-19T16:51:04","modified_gmt":"2025-11-19T19:51:04","slug":"projetos-de-pesquisas","status":"publish","type":"page","link":"https:\/\/eic.cefet-rj.br\/ppcic\/projetos-de-pesquisas\/","title":{"rendered":"Projetos de Pesquisas"},"content":{"rendered":"<p>O PPCIC conta com projetos de pesquisa abrangendo as diferentes \u00e1reas de atua\u00e7\u00e3o do seu corpo docente. Os projetos est\u00e3o divididos entre as <strong>linhas de pesquisa<\/strong> do Programa, de acordo com o docente respons\u00e1vel.<\/p>\n<blockquote>\n<h4>Ci\u00eancia de Dados e Intelig\u00eancia Artificial<\/h4>\n<\/blockquote>\n<ul>\n<li>\n<p class=\"entry-title blog-title\"><a class=\"blog-title\" href=\"https:\/\/eic.cefet-rj.br\/ppcic\/index.php\/analise-de-dados\/\">An\u00e1lise de Dados<\/a><\/p>\n<\/li>\n<li>\n<p class=\"entry-title blog-title\"><a class=\"blog-title\" href=\"https:\/\/eic.cefet-rj.br\/ppcic\/index.php\/aprendizado-de-maquina-e-otimizacao\/\">Aprendizado de M\u00e1quina e Otimiza\u00e7\u00e3o<\/a><\/p>\n<\/li>\n<li>\n<p class=\"entry-title blog-title\"><a class=\"blog-title\" href=\"https:\/\/eic.cefet-rj.br\/ppcic\/index.php\/gerencia-e-administracao-de-base-de-dados\/\">Ger\u00eancia e Administra\u00e7\u00e3o de Base de Dados<\/a><\/p>\n<\/li>\n<\/ul>\n<p>&nbsp;<\/p>\n<blockquote>\n<h4>Sistemas e Aplica\u00e7\u00f5es<\/h4>\n<\/blockquote>\n<ul>\n<li>\n<p class=\"entry-title blog-title\"><a class=\"blog-title\" href=\"https:\/\/eic.cefet-rj.br\/ppcic\/index.php\/algoritmos-e-modelos-em-grafos\/\">Algoritmos e Modelos em Grafos<\/a><\/p>\n<\/li>\n<li>\n<p class=\"entry-title blog-title\"><a class=\"blog-title\" href=\"https:\/\/eic.cefet-rj.br\/ppcic\/index.php\/aplicacoes-inteligentes\/\">Aplica\u00e7\u00f5es Inteligentes<\/a><\/p>\n<\/li>\n<li>\n<p class=\"entry-title blog-title\"><a class=\"blog-title\" href=\"https:\/\/eic.cefet-rj.br\/ppcic\/index.php\/engenharia-de-software\/\">Engenharia de Software<\/a><\/p>\n<\/li>\n<\/ul>\n","protected":false},"excerpt":{"rendered":"<p>O PPCIC conta com projetos de pesquisa abrangendo as diferentes \u00e1reas de atua\u00e7\u00e3o do seu corpo docente. Os projetos est\u00e3o divididos entre as linhas de pesquisa do Programa, de acordo com o docente respons\u00e1vel. Ci\u00eancia de Dados e Intelig\u00eancia Artificial An\u00e1lise de Dados Aprendizado de M\u00e1quina e Otimiza\u00e7\u00e3o Ger\u00eancia e Administra\u00e7\u00e3o de Base de Dados [&hellip;]<\/p>\n","protected":false},"author":4,"featured_media":0,"parent":0,"menu_order":0,"comment_status":"closed","ping_status":"closed","template":"","meta":{"_monsterinsights_skip_tracking":false,"_monsterinsights_sitenote_active":false,"_monsterinsights_sitenote_note":"","_monsterinsights_sitenote_category":0,"footnotes":""},"class_list":["post-6136","page","type-page","status-publish","hentry"],"_links":{"self":[{"href":"https:\/\/eic.cefet-rj.br\/ppcic\/wp-json\/wp\/v2\/pages\/6136","targetHints":{"allow":["GET"]}}],"collection":[{"href":"https:\/\/eic.cefet-rj.br\/ppcic\/wp-json\/wp\/v2\/pages"}],"about":[{"href":"https:\/\/eic.cefet-rj.br\/ppcic\/wp-json\/wp\/v2\/types\/page"}],"author":[{"embeddable":true,"href":"https:\/\/eic.cefet-rj.br\/ppcic\/wp-json\/wp\/v2\/users\/4"}],"replies":[{"embeddable":true,"href":"https:\/\/eic.cefet-rj.br\/ppcic\/wp-json\/wp\/v2\/comments?post=6136"}],"version-history":[{"count":8,"href":"https:\/\/eic.cefet-rj.br\/ppcic\/wp-json\/wp\/v2\/pages\/6136\/revisions"}],"predecessor-version":[{"id":6383,"href":"https:\/\/eic.cefet-rj.br\/ppcic\/wp-json\/wp\/v2\/pages\/6136\/revisions\/6383"}],"wp:attachment":[{"href":"https:\/\/eic.cefet-rj.br\/ppcic\/wp-json\/wp\/v2\/media?parent=6136"}],"curies":[{"name":"wp","href":"https:\/\/api.w.org\/{rel}","templated":true}]}}