{"id":6065,"date":"2025-06-02T16:49:38","date_gmt":"2025-06-02T19:49:38","guid":{"rendered":"https:\/\/eic.cefet-rj.br\/ppcic\/?page_id=6065"},"modified":"2026-02-23T15:55:51","modified_gmt":"2026-02-23T18:55:51","slug":"alunos-graduacao","status":"publish","type":"page","link":"https:\/\/eic.cefet-rj.br\/ppcic\/alunos-graduacao\/","title":{"rendered":"Alunos Gradua\u00e7\u00e3o"},"content":{"rendered":"<p>O Cefet normatizou o acesso de discentes matriculados(as) nos cursos de gradua\u00e7\u00e3o do Cefet\/RJ a disciplinas integrantes da estrutura curricular de curso de mestrado e doutorado dos Programas de P\u00f3s-gradua\u00e7\u00e3o Stricto Sensu (PPGSS) do Cefet\/RJ, considerando a Portaria CAPES N\u00ba 291, de 13 de setembro de 2024, que disp\u00f5e sobre o programa GradPG.<\/p>\n<p>A oferta de vagas \u00e9 feita em regime de fluxo cont\u00ednuo de acordo com a Instru\u00e7\u00e3o Normativa N\u00ba 3\/2025 e anexo do PPCIC com a oferta de vagas e os crit\u00e9rios espec\u00edficos de sele\u00e7\u00e3o.<\/p>\n<p><a href=\"https:\/\/suap.cefet-rj.br\/djtools\/process_progress\/1\/3ddb7ff3-1309-4fd7-ae69-0a207d9c6c8a\/\">Instru\u00e7\u00e3o Normativa N\u00ba 3\/2025 de sele\u00e7\u00e3o para alunos da gradua\u00e7\u00e3o<\/a> <a href=\"https:\/\/eic.cefet-rj.br\/ppcic\/wp-content\/uploads\/2026\/01\/instrucao_normativa_n3-2025_03_de_janeiro_de_2025.pdf\"><img decoding=\"async\" class=\"\" src=\"https:\/\/media.istockphoto.com\/id\/844294300\/vector\/download-icon-isolated-vector.jpg?s=612x612&amp;w=0&amp;k=20&amp;c=VCmvy8uEoTQnt9W0kZzjEBplN_opDkGKF_eQTLfkivs=\" alt=\"278,800+ Downloading Stock Illustrations, Royalty-Free Vector Graphics &amp; Clip Art - iStock | Upload icon, Upload photo, File upload\" width=\"21\" height=\"21\" \/><\/a><\/p>\n<p>Os documentos devem ser enviados para: <em>ppcic.selecao@eic.cefet-rj.br<\/em> com c\u00f3pia para <em>secpg@cefet-rj.br.<\/em><\/p>\n<p>&nbsp;<\/p>\n<blockquote>\n<h3><\/h3>\n<h3>Primeiro Trimestre de 2026<\/h3>\n<\/blockquote>\n<ul>\n<li>Datas importantes:\n<ul>\n<li>\n<div>Per\u00edodo de inscri\u00e7\u00e3o: 04 a 10 de fevereiro de 2026 (at\u00e9 \u00e0s 23:59h).<\/div>\n<\/li>\n<li>\n<div>Resultado preliminar: 11 de fevereiro de 2026.<\/div>\n<\/li>\n<li>\n<div>Per\u00edodo para interposi\u00e7\u00e3o de recursos: 12 e 13 de fevereiro de 2026 (at\u00e9 \u00e0s 23:59h).<\/div>\n<\/li>\n<li>\n<div>Resultado final: 19 de fevereiro de 2026<\/div>\n<\/li>\n<\/ul>\n<\/li>\n<li><a href=\"https:\/\/eic.cefet-rj.br\/ppcic\/wp-content\/uploads\/2026\/02\/Vagas-e-criterios-para-selecao-2026-1.pdf\">Anexo PPCIC &#8211; Vagas e Crit\u00e9rios para sele\u00e7\u00e3o 2026-1<\/a><\/li>\n<li><a href=\"https:\/\/eic.cefet-rj.br\/ppcic\/wp-content\/uploads\/2026\/02\/PPCIC_GradPG_resultado_preliminar.pdf\">Resultado preliminar<\/a> <span style=\"color: red;\">(atualizado em 12\/02\/2026)<\/span><\/li>\n<li><a href=\"https:\/\/eic.cefet-rj.br\/ppcic\/wp-content\/uploads\/2026\/02\/PPCIC_GradPG-resultado-final.pdf\">Resultado final<\/a> <span style=\"color: red;\">(atualizado em 23\/02\/2026)<\/span><\/li>\n<\/ul>\n","protected":false},"excerpt":{"rendered":"<p>O Cefet normatizou o acesso de discentes matriculados(as) nos cursos de gradua\u00e7\u00e3o do Cefet\/RJ a disciplinas integrantes da estrutura curricular de curso de mestrado e doutorado dos Programas de P\u00f3s-gradua\u00e7\u00e3o Stricto Sensu (PPGSS) do Cefet\/RJ, considerando a Portaria CAPES N\u00ba 291, de 13 de setembro de 2024, que disp\u00f5e sobre o programa GradPG. A oferta [&hellip;]<\/p>\n","protected":false},"author":7,"featured_media":0,"parent":0,"menu_order":0,"comment_status":"closed","ping_status":"closed","template":"","meta":{"_monsterinsights_skip_tracking":false,"_monsterinsights_sitenote_active":false,"_monsterinsights_sitenote_note":"","_monsterinsights_sitenote_category":0,"footnotes":""},"class_list":["post-6065","page","type-page","status-publish","hentry"],"_links":{"self":[{"href":"https:\/\/eic.cefet-rj.br\/ppcic\/wp-json\/wp\/v2\/pages\/6065","targetHints":{"allow":["GET"]}}],"collection":[{"href":"https:\/\/eic.cefet-rj.br\/ppcic\/wp-json\/wp\/v2\/pages"}],"about":[{"href":"https:\/\/eic.cefet-rj.br\/ppcic\/wp-json\/wp\/v2\/types\/page"}],"author":[{"embeddable":true,"href":"https:\/\/eic.cefet-rj.br\/ppcic\/wp-json\/wp\/v2\/users\/7"}],"replies":[{"embeddable":true,"href":"https:\/\/eic.cefet-rj.br\/ppcic\/wp-json\/wp\/v2\/comments?post=6065"}],"version-history":[{"count":14,"href":"https:\/\/eic.cefet-rj.br\/ppcic\/wp-json\/wp\/v2\/pages\/6065\/revisions"}],"predecessor-version":[{"id":6559,"href":"https:\/\/eic.cefet-rj.br\/ppcic\/wp-json\/wp\/v2\/pages\/6065\/revisions\/6559"}],"wp:attachment":[{"href":"https:\/\/eic.cefet-rj.br\/ppcic\/wp-json\/wp\/v2\/media?parent=6065"}],"curies":[{"name":"wp","href":"https:\/\/api.w.org\/{rel}","templated":true}]}}