{"id":5282,"date":"2023-09-05T16:27:33","date_gmt":"2023-09-05T19:27:33","guid":{"rendered":"https:\/\/eic.cefet-rj.br\/ppcic\/?page_id=5282"},"modified":"2024-05-22T11:42:10","modified_gmt":"2024-05-22T14:42:10","slug":"auxilio-e-pagamento-de-inscricao-em-congressos","status":"publish","type":"page","link":"https:\/\/eic.cefet-rj.br\/ppcic\/auxilio-e-pagamento-de-inscricao-em-congressos\/","title":{"rendered":"Aux\u00edlio e pagamento de inscri\u00e7\u00e3o em congressos"},"content":{"rendered":"<div>\n<div>\n<blockquote>\n<div><b><u>Di\u00e1rias e passagens<\/u><\/b><\/div>\n<\/blockquote>\n<\/div>\n<\/div>\n<div>\n<div>\n<p>Para solicita\u00e7\u00e3o de di\u00e1rias e passagens \u00e9 necess\u00e1rio verificar se o discente \u00e9 servidor ou n\u00e3o do CEFET\/RJ.<\/p>\n<p>Para alunos\u00a0<b>que n\u00e3o s\u00e3o servidores do CEFET\/RJ\u00a0<\/b>\u00e9 necess\u00e1rio abrir processo no SUAP Tipo: &#8220;Gest\u00e3o Or\u00e7ament\u00e1ria e Financeira: Aux\u00edlio Financeiro para Realiza\u00e7\u00e3o de Pesquisa (Estudante\/Pesquisador)&#8221; e inserir os seguintes documentos:<\/p>\n<div>\n<ul>\n<li>Documento de Texto Pessoal dispon\u00edvel no SUAP chamado &#8220;Formul\u00e1rio de Aux\u00edlio Financeiro ao Estudante\/Pesquisador &#8211; DIPPG&#8221;. Deve ser preenchido pelo orientador com os dados do aluno. O documento \u00e9 assinado pelo aluno e pelo orientador;<\/li>\n<li>Documento de Texto Pessoal dispon\u00edvel no SUAP chamado &#8220;Termo de Compromisso de Presta\u00e7\u00e3o de Conta &#8211; Discente da P\u00f3s-Gradua\u00e7\u00e3o&#8221;. Deve ser preenchido pelo orientador com os dados do aluno. O documento \u00e9 assinado pelo aluno;<\/li>\n<li>Comprovante de matr\u00edcula ativa;<\/li>\n<li>Cronograma do evento e<\/li>\n<li>Aceite do artigo.<\/li>\n<\/ul>\n<p>Para alunos\u00a0<b>que s\u00e3o\u00a0servidores do CEFET\/RJ e para docentes\u00a0<\/b>deve-se abrir processo de di\u00e1rias e passagens Tipo:\u00a0&#8220;Administra\u00e7\u00e3o Geral: Solicita\u00e7\u00e3o\/Ren\u00fancia Total ou Parcial de Di\u00e1rias, Passagens e Hospedagens (Servidores\/Colaboradores Eventuais)&#8221; e inserir os seguintes documentos:<\/p>\n<div>\n<ul>\n<li>Documento de Texto Pessoal dispon\u00edvel no SUAP chamado &#8220;Proposta de Concess\u00e3o de Di\u00e1rias e Passagens&#8221; preenchido pelo servidor. O documento deve ser assinado pelo servidor e pelo orientador;<\/li>\n<li>Documento de Texto Pessoal dispon\u00edvel no SUAP chamado &#8220;Termo de Compromisso de Presta\u00e7\u00e3o de Conta&#8221;. Deve ser preenchido e assinado pelo servidor;<\/li>\n<li>Comprovante de matr\u00edcula ativa;<\/li>\n<li>Cronograma do evento e<\/li>\n<li>Aceite do artigo.<\/li>\n<\/ul>\n<div>Em ambas as situa\u00e7\u00f5es o processo deve ser tramitado para o Coordenador do PPG e seguir o fluxo de autoriza\u00e7\u00e3o abaixo:<\/div>\n<div>Coordenador do PPG -&gt; Chefe do DEPOG -&gt; Diretor DIPPG.<\/div>\n<\/div>\n<\/div>\n<\/div>\n<\/div>\n<div>\n<div>\n<div>\n<div>\n<h1><\/h1>\n<blockquote>\n<div><b><u>Pagamento de inscri\u00e7\u00e3o em congressos<\/u><\/b><\/div>\n<\/blockquote>\n<p>Para pagamento de inscri\u00e7\u00e3o em eventos \u00e9 necess\u00e1rio que o docente abra o processo\u00a0no SUAP Tipo: &#8221;\u00a0Gest\u00e3o\u00a0Or\u00e7ament\u00e1ria e Financeira: Pagamento de Inscri\u00e7\u00e3o em Cursos e Eventos&#8221;. Se a inscri\u00e7\u00e3o for para alunos, o professor orientador \u00e9 quem deve abrir o processo. Em ambos os casos deve ser inserido\u00a0os seguintes documentos:<\/p>\n<ul>\n<li>Formul\u00e1rio de inscri\u00e7\u00e3o em cursos e eventos (dispon\u00edvel em\u00a0<a href=\"http:\/\/www.cefet-rj.br\/index.php\/expedientes-administrativos\" target=\"_blank\" rel=\"noopener noreferrer\" data-saferedirecturl=\"https:\/\/www.google.com\/url?q=http:\/\/www.cefet-rj.br\/index.php\/expedientes-administrativos&amp;source=gmail&amp;ust=1694024293729000&amp;usg=AOvVaw0cFUoiQWL43eOvVyQqb7bp\">http:\/\/www.cefet-rj.br\/<wbr \/>index.php\/expedientes-<wbr \/>administrativos<\/a>)<\/li>\n<li>Justificativa para participa\u00e7\u00e3o no evento;<\/li>\n<li>Justificativa do Pre\u00e7o (pode ser inserido folder\/p\u00e1gina do evento com a indica\u00e7\u00e3o dos valores da inscri\u00e7\u00e3o\u00a0<u><b>ou<\/b><\/u>\u00a0c\u00f3pia do empenho emitido por entes p\u00fablicos provando o valor pago)<\/li>\n<li>Certid\u00f5es de comprova\u00e7\u00e3o de\u00a0regularidade fiscal e trabalhista (RFB, FGTS, Trabalhista e TCU)\u00a0do CNPJ que ser\u00e1 destinado o pagamento:\n<ul>\n<li>a. RFB (<a href=\"https:\/\/solucoes.receita.fazenda.gov.br\/Servicos\/certidaointernet\/PJ\/EmitirPGFN\" target=\"_blank\" rel=\"noopener noreferrer\" data-saferedirecturl=\"https:\/\/www.google.com\/url?q=https:\/\/solucoes.receita.fazenda.gov.br\/Servicos\/certidaointernet\/PJ\/EmitirPGFN&amp;source=gmail&amp;ust=1694024293729000&amp;usg=AOvVaw1_qJ7LzhgdRfZUuLNv_Ypw\">https:\/\/solucoes.receita.<wbr \/>fazenda.gov.br\/Servicos\/<wbr \/>certidaointernet\/PJ\/EmitirPGFN<\/a><wbr \/>);<\/li>\n<li>b. FGTS (<a href=\"https:\/\/consulta-crf.caixa.gov.br\/consultacrf\/pages\/consultaEmpregador.jsf\" target=\"_blank\" rel=\"noopener noreferrer\" data-saferedirecturl=\"https:\/\/www.google.com\/url?q=https:\/\/consulta-crf.caixa.gov.br\/consultacrf\/pages\/consultaEmpregador.jsf&amp;source=gmail&amp;ust=1694024293729000&amp;usg=AOvVaw3jvdWCYf6wQSAoorWLfsII\">https:\/\/consulta-crf.caixa.<wbr \/>gov.br\/consultacrf\/pages\/<wbr \/>consultaEmpregador.jsf<\/a>);<\/li>\n<li>c. Trabalhistas (<a href=\"https:\/\/www.tst.jus.br\/certidao1\" target=\"_blank\" rel=\"noopener noreferrer\" data-saferedirecturl=\"https:\/\/www.google.com\/url?q=https:\/\/www.tst.jus.br\/certidao1&amp;source=gmail&amp;ust=1694024293729000&amp;usg=AOvVaw1XFmCxfNdRNKRzwIHEMiLM\">https:\/\/www.tst.jus.br\/<wbr \/>certidao1<\/a>);<\/li>\n<li>d. TCU (<a href=\"https:\/\/certidoes-apf.apps.tcu.gov.br\/\" target=\"_blank\" rel=\"noopener noreferrer\" data-saferedirecturl=\"https:\/\/www.google.com\/url?q=https:\/\/certidoes-apf.apps.tcu.gov.br\/&amp;source=gmail&amp;ust=1694024293729000&amp;usg=AOvVaw3skRs0ulMvAmYIT3jMm0kU\">https:\/\/certidoes-apf.apps.<wbr \/>tcu.gov.br\/<\/a>).<\/li>\n<\/ul>\n<\/li>\n<li>\u00c9 imprescind\u00edvel se certificar que \u00e9 aceito o pagamento atrav\u00e9s de Nota de Empenho,\u00a0 caso contr\u00e1rio, n\u00e3o ser\u00e1 poss\u00edvel o custeio do pagamento da inscri\u00e7\u00e3o pelo CEFET\/RJ.<\/li>\n<\/ul>\n<\/div>\n<\/div>\n<\/div>\n<\/div>\n<div>\n<div>\n<div>\n<div>\n<div>\n<p>O processo deve ser tramitado para o Coordenador do PPG e seguir o fluxo de autoriza\u00e7\u00e3o abaixo:<br \/>\nCoordenador do PPG -&gt; Chefe do DEPOG -&gt; Diretor DIPPG.<\/p>\n<\/div>\n<\/div>\n<\/div>\n<\/div>\n<\/div>\n","protected":false},"excerpt":{"rendered":"<p>Di\u00e1rias e passagens Para solicita\u00e7\u00e3o de di\u00e1rias e passagens \u00e9 necess\u00e1rio verificar se o discente \u00e9 servidor ou n\u00e3o do CEFET\/RJ. Para alunos\u00a0que n\u00e3o s\u00e3o servidores do CEFET\/RJ\u00a0\u00e9 necess\u00e1rio abrir processo no SUAP Tipo: &#8220;Gest\u00e3o Or\u00e7ament\u00e1ria e Financeira: Aux\u00edlio Financeiro para Realiza\u00e7\u00e3o de Pesquisa (Estudante\/Pesquisador)&#8221; e inserir os seguintes documentos: Documento de Texto Pessoal dispon\u00edvel [&hellip;]<\/p>\n","protected":false},"author":4,"featured_media":0,"parent":0,"menu_order":0,"comment_status":"closed","ping_status":"closed","template":"","meta":{"_monsterinsights_skip_tracking":false,"_monsterinsights_sitenote_active":false,"_monsterinsights_sitenote_note":"","_monsterinsights_sitenote_category":0,"footnotes":""},"class_list":["post-5282","page","type-page","status-publish","hentry"],"_links":{"self":[{"href":"https:\/\/eic.cefet-rj.br\/ppcic\/wp-json\/wp\/v2\/pages\/5282","targetHints":{"allow":["GET"]}}],"collection":[{"href":"https:\/\/eic.cefet-rj.br\/ppcic\/wp-json\/wp\/v2\/pages"}],"about":[{"href":"https:\/\/eic.cefet-rj.br\/ppcic\/wp-json\/wp\/v2\/types\/page"}],"author":[{"embeddable":true,"href":"https:\/\/eic.cefet-rj.br\/ppcic\/wp-json\/wp\/v2\/users\/4"}],"replies":[{"embeddable":true,"href":"https:\/\/eic.cefet-rj.br\/ppcic\/wp-json\/wp\/v2\/comments?post=5282"}],"version-history":[{"count":9,"href":"https:\/\/eic.cefet-rj.br\/ppcic\/wp-json\/wp\/v2\/pages\/5282\/revisions"}],"predecessor-version":[{"id":5633,"href":"https:\/\/eic.cefet-rj.br\/ppcic\/wp-json\/wp\/v2\/pages\/5282\/revisions\/5633"}],"wp:attachment":[{"href":"https:\/\/eic.cefet-rj.br\/ppcic\/wp-json\/wp\/v2\/media?parent=5282"}],"curies":[{"name":"wp","href":"https:\/\/api.w.org\/{rel}","templated":true}]}}