{"id":4812,"date":"2022-11-09T22:39:27","date_gmt":"2022-11-10T01:39:27","guid":{"rendered":"https:\/\/eic.cefet-rj.br\/ppcic\/?page_id=4812"},"modified":"2024-11-25T21:01:06","modified_gmt":"2024-11-26T00:01:06","slug":"requerimentos","status":"publish","type":"page","link":"https:\/\/eic.cefet-rj.br\/ppcic\/requerimentos\/","title":{"rendered":"Requerimentos"},"content":{"rendered":"<p><em style=\"font-size: 16px;\">(atualizado em 05\/09\/2023)<\/em><\/p>\n<p>Os requerimentos devem ser feitos via sistema de chamados (<a href=\"http:\/\/chamados.cefet-rj.br\/open.php\">http:\/\/chamados.cefet-rj.br\/open.php<\/a>), preenchendo o <em>Motivo do chamado<\/em> com &#8220;DIPPG &#8211; Pesquisa e P\u00f3sGradua\u00e7\u00e3o&#8221; -&gt; &#8220;PPCIC&#8221; -&gt; Op\u00e7\u00e3o do requerimento desejado.<\/p>\n<p><strong><span style=\"color: red;\">Os formul\u00e1rios necess\u00e1rios para as solicita\u00e7\u00f5es est\u00e3o dispon\u00edveis em\u00a0<a href=\"https:\/\/eic.cefet-rj.br\/ppcic\/index.php\/formularios\/\">https:\/\/eic.cefet-rj.br\/ppcic\/index.php\/formularios\/<\/a>.<\/span><\/strong><\/p>\n<ul>\n<li>Solicitar Documentos\n<ul>\n<li>Enviar Formul\u00e1rio de <em>Requerimento Geral<\/em>;<\/li>\n<li>Deve-se marcar a op\u00e7\u00e3o do documento desejado: \u201cHist\u00f3rico\u201d, \u201cEmenta das Disciplinas\u201d, \u201cDeclara\u00e7\u00e3o\u201d ou \u201cCertificado\u201d. No caso da declara\u00e7\u00e3o, especificar logo abaixo o tipo, por exemplo, declara\u00e7\u00e3o de que o diploma est\u00e1 em fase de confec\u00e7\u00e3o;<\/li>\n<li>O formul\u00e1rio deve ser assinado eletronicamente (ICPEdu ou SouGov) pelo discente.<\/li>\n<\/ul>\n<\/li>\n<li><em>Exclus\u00e3o\/Inclus\u00e3o de Disciplinas<\/em>\n<ul>\n<li>Enviar Formul\u00e1rio de <em>Requerimento Geral<\/em>;<\/li>\n<li>Deve-se marcar a op\u00e7\u00e3o desejada: \u201cExclus\u00e3o de Disciplinas\u201d ou &#8220;Inclus\u00e3o de Disciplinas&#8221; e indicar abaixo o(s) c\u00f3digo(s) e o(s) nome(s) da(s) disciplina(s), assinalando a op\u00e7\u00e3o relacionada;<\/li>\n<li>O formul\u00e1rio deve ser assinado eletronicamente (ICPEdu ou SouGov) pelo orientador e pelo discente.<\/li>\n<\/ul>\n<\/li>\n<li><em>Trancamento de Matr\u00edcula<\/em>\n<ul>\n<li>Enviar Formul\u00e1rio de <em>Requerimento Geral,<\/em>\u00a0deve-se marcar a op\u00e7\u00e3o \u201cTrancamento de Matr\u00edcula\u201d;<\/li>\n<li>O formul\u00e1rio deve ser assinado eletronicamente (ICPEdu ou SouGov) pelo orientador e pelo discente.<\/li>\n<\/ul>\n<\/li>\n<li><em>Prorroga\u00e7\u00e3o de Prazo de Defesa \/ Qualifica\u00e7\u00e3o<\/em>\n<ul>\n<li>Enviar Formul\u00e1rio de <em>Requerimento Geral, <\/em>deve-se marcar a op\u00e7\u00e3o \u201cProrroga\u00e7\u00e3o do Prazo de Defesa de Disserta\u00e7\u00e3o\u201d e Formul\u00e1rio de <em>Solicita\u00e7\u00e3o de Prorroga\u00e7\u00e3o de Prazo de Defesa.<\/em><\/li>\n<li>\u00a0\u00c9 poss\u00edvel solicitar a prorroga\u00e7\u00e3o em um ou dois trimestres.<\/li>\n<li>O discente deve solicitar o parecer e a assinatura eletr\u00f4nica (ICPEdu ou SouGov) do(a) Orientador(a) no pr\u00f3prio formul\u00e1rio, e tamb\u00e9m assinar eletronicamente (ICPEdu ou SouGov) o documento.<\/li>\n<li><strong>Obs.:<\/strong> A partir da nova norma do Programa, aprovada na 5\u00aa reuni\u00e3o ordin\u00e1ria de 2023, o prazo para a defesa de Qualifica\u00e7\u00e3o est\u00e1 condicionado ao prazo de Defesa. Assim, n\u00e3o h\u00e1 necessidade de fazer dois pedidos em separado, ao solicitar prorroga\u00e7\u00e3o de Defesa j\u00e1 prorroga o prazo para Qualifica\u00e7\u00e3o.<\/li>\n<\/ul>\n<\/li>\n<li>Ata de Qualifica\u00e7\u00e3o\n<ul>\n<li>\n<div>O orientador(a) deve solicitar, por e-mail, a secretaria de p\u00f3s-gradua\u00e7\u00e3o o modelo de ata de qualifica\u00e7\u00e3o que ser\u00e1 compartilhado via SUAP com o mesmo(a).<\/div>\n<\/li>\n<\/ul>\n<\/li>\n<li>Ata de Defesa de Disserta\u00e7\u00e3o\n<ul>\n<li>Consultar a p\u00e1gina do FAQ sobre &#8220;Defesa de Disserta\u00e7\u00e3o de Mestrado&#8221;: <a href=\"https:\/\/eic.cefet-rj.br\/ppcic\/index.php\/defesa-de-dissertacao-de-mestrado\/\">https:\/\/eic.cefet-rj.br\/ppcic\/index.php\/defesa-de-dissertacao-de-mestrado\/<\/a><\/li>\n<\/ul>\n<\/li>\n<\/ul>\n<p>&nbsp;<\/p>\n","protected":false},"excerpt":{"rendered":"<p>(atualizado em 05\/09\/2023) Os requerimentos devem ser feitos via sistema de chamados (http:\/\/chamados.cefet-rj.br\/open.php), preenchendo o Motivo do chamado com &#8220;DIPPG &#8211; Pesquisa e P\u00f3sGradua\u00e7\u00e3o&#8221; -&gt; &#8220;PPCIC&#8221; -&gt; Op\u00e7\u00e3o do requerimento desejado. Os formul\u00e1rios necess\u00e1rios para as solicita\u00e7\u00f5es est\u00e3o dispon\u00edveis em\u00a0https:\/\/eic.cefet-rj.br\/ppcic\/index.php\/formularios\/. Solicitar Documentos Enviar Formul\u00e1rio de Requerimento Geral; Deve-se marcar a op\u00e7\u00e3o do documento desejado: \u201cHist\u00f3rico\u201d, [&hellip;]<\/p>\n","protected":false},"author":4,"featured_media":0,"parent":0,"menu_order":0,"comment_status":"closed","ping_status":"closed","template":"","meta":{"_monsterinsights_skip_tracking":false,"_monsterinsights_sitenote_active":false,"_monsterinsights_sitenote_note":"","_monsterinsights_sitenote_category":0,"footnotes":""},"class_list":["post-4812","page","type-page","status-publish","hentry"],"_links":{"self":[{"href":"https:\/\/eic.cefet-rj.br\/ppcic\/wp-json\/wp\/v2\/pages\/4812","targetHints":{"allow":["GET"]}}],"collection":[{"href":"https:\/\/eic.cefet-rj.br\/ppcic\/wp-json\/wp\/v2\/pages"}],"about":[{"href":"https:\/\/eic.cefet-rj.br\/ppcic\/wp-json\/wp\/v2\/types\/page"}],"author":[{"embeddable":true,"href":"https:\/\/eic.cefet-rj.br\/ppcic\/wp-json\/wp\/v2\/users\/4"}],"replies":[{"embeddable":true,"href":"https:\/\/eic.cefet-rj.br\/ppcic\/wp-json\/wp\/v2\/comments?post=4812"}],"version-history":[{"count":20,"href":"https:\/\/eic.cefet-rj.br\/ppcic\/wp-json\/wp\/v2\/pages\/4812\/revisions"}],"predecessor-version":[{"id":5884,"href":"https:\/\/eic.cefet-rj.br\/ppcic\/wp-json\/wp\/v2\/pages\/4812\/revisions\/5884"}],"wp:attachment":[{"href":"https:\/\/eic.cefet-rj.br\/ppcic\/wp-json\/wp\/v2\/media?parent=4812"}],"curies":[{"name":"wp","href":"https:\/\/api.w.org\/{rel}","templated":true}]}}