{"id":4712,"date":"2022-07-21T11:35:27","date_gmt":"2022-07-21T14:35:27","guid":{"rendered":"https:\/\/eic.cefet-rj.br\/ppcic\/?page_id=4712"},"modified":"2026-03-24T10:49:09","modified_gmt":"2026-03-24T13:49:09","slug":"deliberacoes-e-instrucoes-de-servico","status":"publish","type":"page","link":"https:\/\/eic.cefet-rj.br\/ppcic\/deliberacoes-e-instrucoes-de-servico\/","title":{"rendered":"Delibera\u00e7\u00f5es, Declara\u00e7\u00f5es e Instru\u00e7\u00f5es de Servi\u00e7o"},"content":{"rendered":"<blockquote>\n<h3><strong>2022<\/strong><\/h3>\n<\/blockquote>\n<p><a href=\"https:\/\/suap.cefet-rj.br\/djtools\/process_progress\/1\/bef550c0-8720-4486-b918-6ff2a8ddbc20\/\">Delibera\u00e7\u00e3o 01<\/a> &#8211; Modifica temporariamente os crit\u00e9rios para defesa de qualifica\u00e7\u00e3o at\u00e9 o final do terceiro trimestre de 2022, em 9 de dezembro de 2022 (22\/07\/2022).<\/p>\n<p><a href=\"https:\/\/suap.cefet-rj.br\/djtools\/process_progress\/1\/e91c9107-836b-4ae9-b385-3c6cad67cf0e\/\">Delibera\u00e7\u00e3o 02<\/a> &#8211; Permite temporariamente a certifica\u00e7\u00e3o EF SET realizada de forma remota em seu s\u00edtio eletr\u00f4nico (<a href=\"https:\/\/www.efset.org\/pt\/ef-set-50\">https:\/\/www.efset.org\/pt\/ef-set-50<\/a>) at\u00e9 o final do segundo trimestre de 2022, em 26 de agosto de 2022, para as(os) discentes que j\u00e1 tenham defendido exame de qualifica\u00e7\u00e3o (22\/07\/2022).<\/p>\n<p><a href=\"https:\/\/suap.cefet-rj.br\/djtools\/process_progress\/1\/820774fc-a6f4-49c0-8c97-ff122bef83b2\/\">Delibera\u00e7\u00e3o 03<\/a> &#8211; Prorroga automaticamente prazo para defesa de qualifica\u00e7\u00e3o at\u00e9 o final do segundo trimestre de 2022, em 26 de agosto de 2022, para as(os) discentes inscritas(os) na disciplina Semin\u00e1rios para Disserta\u00e7\u00e3o no referido trimestre (22\/07\/2022).<\/p>\n<p><a href=\"https:\/\/suap.cefet-rj.br\/djtools\/process_progress\/1\/99dba112-4c43-4acd-9782-bbd1925ab9ea\/\">Delibera\u00e7\u00e3o 04<\/a> &#8211; Estabelece a documenta\u00e7\u00e3o necess\u00e1ria para solicita\u00e7\u00f5es de banca de defesa de disserta\u00e7\u00e3o de mestrado (21\/10\/2022).<\/p>\n<p><a href=\"https:\/\/suap.cefet-rj.br\/djtools\/process_progress\/1\/554cff8e-12ac-46b3-ab18-54e34ca03c70\/\">Delibera\u00e7\u00e3o 05<\/a> &#8211;\u00a0Define crit\u00e9rios m\u00ednimos para aprova\u00e7\u00e3o de bancas <em>ad referendum <\/em>(21\/10\/2022).<\/p>\n<p><a href=\"https:\/\/suap.cefet-rj.br\/djtools\/process_progress\/1\/5ef1e5f2-c977-462e-a9ef-aa066a7fec47\/\">Delibera\u00e7\u00e3o 06<\/a> &#8211; Estabelece comiss\u00e3o para reestrutura\u00e7\u00e3o das linhas, projetos de pesquisa e atualiza\u00e7\u00e3o de seu regulamento espec\u00edfico (19\/12\/2022).<\/p>\n<blockquote>\n<h3><strong>2023<\/strong><\/h3>\n<\/blockquote>\n<p><a href=\"https:\/\/suap.cefet-rj.br\/djtools\/process_progress\/1\/423ae167-c2e6-40ba-9783-ff3703169d31\/\">Delibera\u00e7\u00e3o 01<\/a> &#8211; Cria a disciplina eletiva de Estudo Orientado (16\/01\/2023).<\/p>\n<p><a href=\"https:\/\/suap.cefet-rj.br\/djtools\/process_progress2\/1\/0a3f243b-47f4-4e0e-9fee-b99cfd5bb4f7\/\">Delibera\u00e7\u00e3o 02<\/a> &#8211; Prorroga a vig\u00eancia da comiss\u00e3o para reestrutura\u00e7\u00e3o das linhas, projetos de pesquisa e atualiza\u00e7\u00e3o de seu regulamento espec\u00edfico (24\/03\/2023).<\/p>\n<p><a href=\"https:\/\/suap.cefet-rj.br\/djtools\/process_progress\/1\/93e69b19-5e1a-48f9-abc2-440010e75efe\/\">Delibera\u00e7\u00e3o 03<\/a> &#8211; Aprova\u00e7\u00e3o de bancas de defesa de disserta\u00e7\u00e3o e prorroga prazo de defesa de disserta\u00e7\u00e3o (20\/06\/2023).<\/p>\n<p><a href=\"https:\/\/suap.cefet-rj.br\/djtools\/process_progress\/1\/d159da8e-3351-4181-8377-6ec7779aaaf6\/\">Delibera\u00e7\u00e3o 04<\/a> &#8211; Aprova\u00e7\u00e3o do credenciamento de docentes no programa (20\/06\/2023).<\/p>\n<p><a href=\"https:\/\/suap.cefet-rj.br\/djtools\/process_progress\/1\/0f15c920-1163-4035-8b4b-4321d06ff803\/\">Delibera\u00e7\u00e3o 05<\/a> &#8211; Aprova\u00e7\u00e3o da libera\u00e7\u00e3o de docente para participa\u00e7\u00e3o em evento internacional (06\/07\/2023).<\/p>\n<p><a href=\"https:\/\/suap.cefet-rj.br\/djtools\/process_progress\/1\/378af6e0-dad0-4aa7-8e56-21d51dfae146\/\">Delibera\u00e7\u00e3o 06<\/a> &#8211; Aprova\u00e7\u00e3o dos pedidos da 5\u00aa Reuni\u00e3o Ordin\u00e1ria de 18 de agosto de 2023 (19\/08\/2023).<\/p>\n<div>\n<p><a href=\"https:\/\/suap.cefet-rj.br\/djtools\/process_progress\/1\/855205c0-a0e6-4015-a13d-5bc7535c2823\/\">Delibera\u00e7\u00e3o 07<\/a> &#8211; Aprova\u00e7\u00e3o de Banca na 1\u00aa Reuni\u00e3o Extraordin\u00e1ria de 26 de setembro de 2023 (13\/10\/2023).<\/p>\n<p><a href=\"https:\/\/suap.cefet-rj.br\/djtools\/process_progress\/1\/43254efd-9865-45db-a8ec-280fc97ae593\/\">Delibera\u00e7\u00e3o 08<\/a> &#8211; Aprova\u00e7\u00e3o de pedidos da 6\u00aa Reuni\u00e3o Ordin\u00e1ria de 06 de outubro de 2023 (13\/10\/2023).<\/p>\n<p><a href=\"https:\/\/suap.cefet-rj.br\/djtools\/process_progress\/1\/bbfa933e-aa95-4842-bd3b-fdbde5baddd8\/\">Delibera\u00e7\u00e3o 09<\/a> &#8211; Credenciamento de docentes na 6\u00aa Reuni\u00e3o Ordin\u00e1ria de 06 de outubro de 2023 (13\/10\/2023).<\/p>\n<p><a href=\"https:\/\/suap.cefet-rj.br\/djtools\/process_progress\/1\/4bacd907-5274-44e9-a5f7-6ab0a93e6f4f\/\">Delibera\u00e7\u00e3o 10<\/a> &#8211;\u00a0Recomposi\u00e7\u00e3o das comiss\u00f5es permanentes do Programa na 6\u00aa Reuni\u00e3o Ordin\u00e1ria de 6 de outubro de 2023 e na 2\u00aa Reuni\u00e3o Extraordin\u00e1ria de 10 de outubro de 2023 (13\/10\/2023).<\/p>\n<\/div>\n<p><a href=\"https:\/\/suap.cefet-rj.br\/djtools\/process_progress\/1\/2c8d074d-d829-44cb-9d0e-1e8e10e65a18\/\">Delibera\u00e7\u00e3o 11<\/a> &#8211; Aprova\u00e7\u00e3o de pedidos da 7\u00aa Reuni\u00e3o Ordin\u00e1ria de 17 de novembro de 2023 (21\/11\/2023).<\/p>\n<p><a href=\"https:\/\/suap.cefet-rj.br\/djtools\/process_progress\/1\/cef752d4-52f4-4df9-99e3-f902db1b826a\/\">Delibera\u00e7\u00e3o 12<\/a> &#8211; Aprova\u00e7\u00e3o de pedidos da 8\u00aa Reuni\u00e3o Ordin\u00e1ria de 17 de novembro de 2023 (19\/12\/2023).<\/p>\n<p><a href=\"https:\/\/suap.cefet-rj.br\/djtools\/process_progress\/1\/d99d3b79-d6cc-4c24-8eb1-ea75346f76ed\/\">Delibera\u00e7\u00e3o 13<\/a> &#8211; Aprova\u00e7\u00e3o da composi\u00e7\u00e3o de comiss\u00e3o para estudo de regime semestral\u00a0 (19\/12\/2023).<\/p>\n<blockquote>\n<h3><strong>2024<\/strong><\/h3>\n<\/blockquote>\n<p><a href=\"https:\/\/suap.cefet-rj.br\/djtools\/process_progress\/1\/da09398b-2482-4ce5-8b94-dbad376ee63c\/\">Delibera\u00e7\u00e3o 01<\/a> &#8211; Aprova\u00e7\u00e3o de pedidos da 1\u00aa Reuni\u00e3o Ordin\u00e1ria de 23 de fevereiro de 2024 (29\/02\/2024).<\/p>\n<p><a href=\"https:\/\/suap.cefet-rj.br\/djtools\/process_progress\/1\/ce1740fa-ae98-4fab-b183-4e133ee9900a\/\">Delibera\u00e7\u00e3o 02<\/a> &#8211; Aprova\u00e7\u00e3o de pedidos da 2\u00aa Reuni\u00e3o Ordin\u00e1ria de 12 de abril de 2024 (12\/04\/2024).<\/p>\n<p><a href=\"https:\/\/suap.cefet-rj.br\/djtools\/process_progress\/1\/d213ceba-ffa7-4ab4-8756-58c2af7d9b38\/\">Declara\u00e7\u00e3o 01<\/a> &#8211; Comprova\u00e7\u00e3o de Profici\u00eancia em Ingl\u00eas (10\/05\/2024).<\/p>\n<p><a href=\"https:\/\/suap.cefet-rj.br\/djtools\/process_progress\/1\/338e356e-9e77-4abb-86d9-5d352f865060\/\">Delibera\u00e7\u00e3o 03<\/a> &#8211; Aprova\u00e7\u00e3o de pedidos da 3\u00aa Reuni\u00e3o Ordin\u00e1ria de 22 a 24 de maio de 2024 (05\/06\/2024).<\/p>\n<p><a href=\"https:\/\/suap.cefet-rj.br\/djtools\/process_progress\/1\/a0a62620-8d00-406b-9886-76fefba99fea\/\">Delibera\u00e7\u00e3o 04<\/a> &#8211; Aprova\u00e7\u00e3o de pedidos da 4\u00aa Reuni\u00e3o Ordin\u00e1ria de 02 de agosto de 2024 (02\/08\/2024).<\/p>\n<p><a href=\"https:\/\/suap.cefet-rj.br\/djtools\/process_progress\/1\/75cd2869-f9e3-445b-8cbc-dca8906b2bea\/\">Delibera\u00e7\u00e3o 05<\/a> &#8211; Aprova\u00e7\u00e3o de pedidos da 4\u00aa Reuni\u00e3o Ordin\u00e1ria de 02 de agosto de 2024 (12\/08\/2024).<\/p>\n<p><a href=\"https:\/\/suap.cefet-rj.br\/djtools\/process_progress\/1\/eadf4cd2-9815-413a-abd7-0341c78281c5\/\">Delibera\u00e7\u00e3o 06<\/a> &#8211; Aprova\u00e7\u00e3o de pedidos da 5\u00aa Reuni\u00e3o Ordin\u00e1ria de 13 de setembro de 2024 (16\/09\/2024).<\/p>\n<p><a href=\"https:\/\/suap.cefet-rj.br\/djtools\/process_progress\/1\/8699ec14-5f83-4eaa-9e9b-8cda7d3dfbf1\/\">Delibera\u00e7\u00e3o 07<\/a> &#8211; Aprova\u00e7\u00e3o de pedidos da 6\u00aa Reuni\u00e3o Ordin\u00e1ria de 01 de novembro de 2024 (07\/11\/2024).<\/p>\n<p><a href=\"https:\/\/suap.cefet-rj.br\/djtools\/process_progress\/1\/80f1d5a9-72f3-49be-bac4-700b4c4dfae1\/\">Delibera\u00e7\u00e3o 08<\/a> &#8211; Aprova\u00e7\u00e3o de pedidos da 7\u00aa Reuni\u00e3o Ordin\u00e1ria de 13 de dezembro de 2024 (26\/12\/2024).<\/p>\n<blockquote>\n<h3><strong>2025<\/strong><\/h3>\n<\/blockquote>\n<p><a href=\"https:\/\/suap.cefet-rj.br\/djtools\/process_progress\/1\/a2d9968e-31b3-45c2-bdf7-7d63f59f4033\/\">Delibera\u00e7\u00e3o 01<\/a> &#8211; Aprova\u00e7\u00e3o de pedidos da 1\u00aa Reuni\u00e3o Ordin\u00e1ria de 24 de janeiro de 2025 (05\/02\/2025).<\/p>\n<p><a href=\"https:\/\/suap.cefet-rj.br\/djtools\/process_progress\/1\/8cc9d138-6631-47ad-8155-c30dd10ab8f6\/\">Instru\u00e7\u00e3o de Servi\u00e7o 01<\/a> &#8211; Aprova\u00e7\u00e3o, <em>ad referendum<\/em>, de banca de defesa de disserta\u00e7\u00e3o (05\/02\/2025).<\/p>\n<p><a href=\"https:\/\/suap.cefet-rj.br\/djtools\/process_progress\/1\/fc584925-ffb4-4fbd-8fe2-bc2ea79663d0\/\">Delibera\u00e7\u00e3o 02<\/a> &#8211; Resultado da\u00a01\u00aa Reuni\u00e3o Extraordin\u00e1ria de 14 de fevereiro de 2025 (20\/02\/2025).<\/p>\n<p><a href=\"https:\/\/suap.cefet-rj.br\/djtools\/process_progress\/1\/1a74071e-ef15-43c2-a666-6be6c82b800c\/\">Instru\u00e7\u00e3o de Servi\u00e7o 02<\/a> &#8211; Aprova\u00e7\u00e3o, <em>ad referendum<\/em>, de banca de defesa de disserta\u00e7\u00e3o (07\/04\/2025).<\/p>\n<p><a href=\"https:\/\/suap.cefet-rj.br\/djtools\/process_progress\/1\/face327d-9d5a-43e9-9e7d-ca942292c4b5\/\">Delibera\u00e7\u00e3o 03<\/a> &#8211; Aprova\u00e7\u00e3o de pedido de Trancamento da 2\u00aa Reuni\u00e3o Ordin\u00e1ria de 04 de abril de 2025 (07\/04\/2025).<\/p>\n<p><a href=\"https:\/\/suap.cefet-rj.br\/djtools\/process_progress\/1\/a5f21cb3-1705-4062-ab19-a498a4442cca\/\">Delibera\u00e7\u00e3o 04<\/a> &#8211; Aprova\u00e7\u00e3o de pedidos da 2\u00aa Reuni\u00e3o Ordin\u00e1ria de 4 de abril de 2025 (10\/04\/2025).<\/p>\n<p><a href=\"https:\/\/suap.cefet-rj.br\/djtools\/process_progress\/1\/3e7c999e-1b59-4db6-a3bd-d413d89caaaf\/\">Delibera\u00e7\u00e3o 05<\/a> &#8211; Aprova\u00e7\u00e3o de pedidos da 3\u00aa Reuni\u00e3o Ordin\u00e1ria de 23 de maio de 2025 (23\/04\/2025).<\/p>\n<p><a href=\"https:\/\/suap.cefet-rj.br\/djtools\/process_progress\/1\/9ddd60d2-467d-4789-84d9-aeab70aa369a\/\">Delibera\u00e7\u00e3o 06<\/a> &#8211; Aprova\u00e7\u00e3o de pedidos da 3\u00aa Reuni\u00e3o Ordin\u00e1ria de 23 de maio de 2025, 2\u00aa Delibera\u00e7\u00e3o (13\/06\/2025).<\/p>\n<p><a href=\"https:\/\/suap.cefet-rj.br\/djtools\/process_progress\/1\/6fbeaa51-5380-4d16-8844-2834fcd07482\/\">Delibera\u00e7\u00e3o 07<\/a> &#8211; Aprova\u00e7\u00e3o de pedidos da 4\u00aa Reuni\u00e3o Ordin\u00e1ria de 04 de julho de 2025 (22\/07\/2025).<\/p>\n<p><a href=\"https:\/\/suap.cefet-rj.br\/djtools\/process_progress\/1\/16ac8fc3-4199-491e-be6e-fb6348e22346\/\">Delibera\u00e7\u00e3o 08<\/a> &#8211; Aprova\u00e7\u00e3o de est\u00e1gio de p\u00f3s-doutorado (22\/07\/2025).<\/p>\n<p><a href=\"https:\/\/suap.cefet-rj.br\/djtools\/process_progress\/1\/8d235fd8-4e95-4f64-86ac-b34bfd388e1d\/\">Delibera\u00e7\u00e3o 09<\/a> &#8211; Aprova\u00e7\u00e3o de prorroga\u00e7\u00e3o de defesa (22\/07\/2025).<\/p>\n<p><a href=\"https:\/\/suap.cefet-rj.br\/djtools\/process_progress\/1\/d33cbce0-85ac-4871-b592-db4b0b115c6c\/\"><u>Instru\u00e7\u00e3o de Servi\u00e7o 03<\/u><\/a> (1\/2026) \u2013 Desligamento, <i>ad referendum<\/i>, de discente (13\/01\/2026).<\/p>\n<p><a href=\"https:\/\/suap.cefet-rj.br\/djtools\/process_progress\/1\/d3189011-8392-4d8f-bd30-347f9a3fa24a\/\"><u>Instru\u00e7\u00e3o de Servi\u00e7o 04<\/u><\/a> (2\/2026) \u2013 Aprova\u00e7\u00e3o,\u00a0<i>ad referendum<\/i>, de banca de defesa de disserta\u00e7\u00e3o (13\/01\/2026).<\/p>\n<p><a href=\"https:\/\/suap.cefet-rj.br\/djtools\/process_progress\/1\/71a71ab0-288a-44b2-ae09-78b691bfb43b\/\"><u>Delibera\u00e7\u00e3o\u00a010<\/u><\/a> (1\/2026) \u2013 Aprova\u00e7\u00e3o de pedidos da 5\u00aa Reuni\u00e3o Ordin\u00e1ria de 29 de agosto de 2025 (13\/01\/2026).<\/p>\n<p><a href=\"https:\/\/suap.cefet-rj.br\/djtools\/process_progress\/1\/86ba9c09-9b6e-4b8d-871d-3dd99a7f466f\/\"><u>Delibera\u00e7\u00e3o\u00a011<\/u><\/a> (2\/2026) \u2013 Aprova\u00e7\u00e3o de pedidos da 6\u00aa Reuni\u00e3o Ordin\u00e1ria de 10 de outubro de 2025 (13\/01\/2026).<\/p>\n<p><a href=\"https:\/\/suap.cefet-rj.br\/djtools\/process_progress\/1\/37b3ac89-20d5-4b12-b653-0d27f6af51a0\/\"><u>Delibera\u00e7\u00e3o\u00a012<\/u><\/a> (3\/2026) \u2013 Aprova\u00e7\u00e3o de mudan\u00e7a de orienta\u00e7\u00e3o discente (13\/01\/2026).<\/p>\n<p><a href=\"https:\/\/suap.cefet-rj.br\/djtools\/process_progress\/1\/5c8e8aba-ed36-4f90-bcf6-4c477585ef41\/\"><u>Instru\u00e7\u00e3o de Servi\u00e7o 05<\/u><\/a> (3\/2026) \u2013 Aprova\u00e7\u00e3o, <i>ad referendum<\/i>, de banca de defesa de disserta\u00e7\u00e3o (14\/01\/2026).<\/p>\n<p><a href=\"https:\/\/suap.cefet-rj.br\/djtools\/process_progress\/1\/45f57c45-8589-4b62-9f35-4ff073dcbfb7\/\"><u>Delibera\u00e7\u00e3o\u00a013<\/u><\/a> (5\/2026) \u2013 Aprova\u00e7\u00e3o de pedidos da 7\u00aa Reuni\u00e3o Ordin\u00e1ria de 12 de dezembro de 2025 \u00a0(14\/01\/2026).<\/p>\n<p><a href=\"https:\/\/suap.cefet-rj.br\/djtools\/process_progress\/1\/e01e2d81-ef01-466b-857f-55f174747e3f\/\"><u>Delibera\u00e7\u00e3o\u00a014<\/u><\/a> (9\/2026) \u2013 Recomposi\u00e7\u00e3o das comiss\u00f5es permanentes do Programa (15\/01\/2026).<\/p>\n<p><a href=\"https:\/\/suap.cefet-rj.br\/djtools\/process_progress\/1\/f2b3ae9a-8559-4255-bbaf-de5f028e6292\/\"><u>Delibera\u00e7\u00e3o\u00a015<\/u><\/a> (10\/2026) \u2013 Nova recomposi\u00e7\u00e3o das comiss\u00f5es permanentes do Programa (revoga a anterior) (15\/01\/2026).<\/p>\n<p><a href=\"https:\/\/suap.cefet-rj.br\/djtools\/process_progress\/1\/71e0df37-db31-4570-b77e-fafaa4e7664c\/\"><u>Delibera\u00e7\u00e3o\u00a016<\/u><\/a> (11\/2026) \u2013 Estabelece comiss\u00e3o para estudos para modifica\u00e7\u00e3o no edital de sele\u00e7\u00e3o (15\/01\/2026).<\/p>\n<blockquote>\n<h3><strong>2026<\/strong><\/h3>\n<\/blockquote>\n<p><a href=\"https:\/\/suap.cefet-rj.br\/djtools\/process_progress\/1\/44512331-17fb-4347-b5fb-a985ca6aeb29\/\"><u>Instru\u00e7\u00e3o de Servi\u00e7o 01<\/u><\/a> \u2013 Aprova\u00e7\u00e3o, <em>ad referendum<\/em>, de banca de defesa de disserta\u00e7\u00e3o (17\/03\/2026).<\/p>\n<p><a href=\"https:\/\/suap.cefet-rj.br\/djtools\/process_progress\/1\/92dd42d9-132a-43e0-90ad-93ed899ae2f8\/\"><u>Delibera\u00e7\u00e3o 01<\/u><\/a> (12\/2026) \u2013 Aprova\u00e7\u00e3o de pedidos da 1\u00aa Reuni\u00e3o Ordin\u00e1ria de 16 de janeiro de 2026 (16\/02\/2026).<\/p>\n<p><a href=\"https:\/\/suap.cefet-rj.br\/djtools\/process_progress\/1\/ccded43f-0be0-49c1-bd44-d14c59b2fab2\/\"><u>Delibera\u00e7\u00e3o 02<\/u><\/a> (13\/2026) \u2013 Aprova\u00e7\u00e3o de pedidos de prorroga\u00e7\u00e3o de prazo extempor\u00e2neo para defesa (16\/02\/2026).<\/p>\n<p><a href=\"https:\/\/suap.cefet-rj.br\/djtools\/process_progress\/1\/13e227c7-125f-4121-8c86-fefc40ddea95\/\"><u>Delibera\u00e7\u00e3o 03<\/u><\/a> (14\/2026) \u2013 Aprova\u00e7\u00e3o de pedidos da 2\u00aa Reuni\u00e3o Ordin\u00e1ria de 20 de mar\u00e7o de 2026 (23\/03\/2026).<\/p>\n","protected":false},"excerpt":{"rendered":"<p>2022 Delibera\u00e7\u00e3o 01 &#8211; Modifica temporariamente os crit\u00e9rios para defesa de qualifica\u00e7\u00e3o at\u00e9 o final do terceiro trimestre de 2022, em 9 de dezembro de 2022 (22\/07\/2022). Delibera\u00e7\u00e3o 02 &#8211; Permite temporariamente a certifica\u00e7\u00e3o EF SET realizada de forma remota em seu s\u00edtio eletr\u00f4nico (https:\/\/www.efset.org\/pt\/ef-set-50) at\u00e9 o final do segundo trimestre de 2022, em 26 [&hellip;]<\/p>\n","protected":false},"author":4,"featured_media":0,"parent":0,"menu_order":0,"comment_status":"closed","ping_status":"closed","template":"","meta":{"_monsterinsights_skip_tracking":false,"_monsterinsights_sitenote_active":false,"_monsterinsights_sitenote_note":"","_monsterinsights_sitenote_category":0,"footnotes":""},"class_list":["post-4712","page","type-page","status-publish","hentry"],"_links":{"self":[{"href":"https:\/\/eic.cefet-rj.br\/ppcic\/wp-json\/wp\/v2\/pages\/4712","targetHints":{"allow":["GET"]}}],"collection":[{"href":"https:\/\/eic.cefet-rj.br\/ppcic\/wp-json\/wp\/v2\/pages"}],"about":[{"href":"https:\/\/eic.cefet-rj.br\/ppcic\/wp-json\/wp\/v2\/types\/page"}],"author":[{"embeddable":true,"href":"https:\/\/eic.cefet-rj.br\/ppcic\/wp-json\/wp\/v2\/users\/4"}],"replies":[{"embeddable":true,"href":"https:\/\/eic.cefet-rj.br\/ppcic\/wp-json\/wp\/v2\/comments?post=4712"}],"version-history":[{"count":62,"href":"https:\/\/eic.cefet-rj.br\/ppcic\/wp-json\/wp\/v2\/pages\/4712\/revisions"}],"predecessor-version":[{"id":6592,"href":"https:\/\/eic.cefet-rj.br\/ppcic\/wp-json\/wp\/v2\/pages\/4712\/revisions\/6592"}],"wp:attachment":[{"href":"https:\/\/eic.cefet-rj.br\/ppcic\/wp-json\/wp\/v2\/media?parent=4712"}],"curies":[{"name":"wp","href":"https:\/\/api.w.org\/{rel}","templated":true}]}}