{"id":4568,"date":"2022-01-21T17:11:21","date_gmt":"2022-01-21T20:11:21","guid":{"rendered":"https:\/\/eic.cefet-rj.br\/ppcic\/?page_id=4568"},"modified":"2023-06-09T18:36:43","modified_gmt":"2023-06-09T21:36:43","slug":"credenciamento","status":"publish","type":"page","link":"https:\/\/eic.cefet-rj.br\/ppcic\/credenciamento\/","title":{"rendered":"Credenciamento"},"content":{"rendered":"<p>Est\u00e3o abertas as inscri\u00e7\u00f5es de <strong>08 de maio a 02 de junho de 2023<\/strong> para credenciamento de docente colaborador e docente permanente do Programa de P\u00f3s-gradua\u00e7\u00e3o em Ci\u00eancia da Computa\u00e7\u00e3o (PPCIC).<\/p>\n<p>Ser\u00e3o selecionados at\u00e9 4 (quatro) professores(as) doutores(as) vinculados(as) ao CEFET\/RJ para integrar o quadro de docentes do PPCIC a partir de 29 de junho de 2023.<\/p>\n<p>As informa\u00e7\u00f5es da chamada encontram-se dispon\u00edveis em: <a href=\"https:\/\/eic.cefet-rj.br\/ppcic\/wp-content\/uploads\/2023\/05\/Chamada_Docente-2023.1.pdf\">Chamada 2023.1 para Credenciamento Docente<\/a><span style=\"-webkit-text-stroke: 0.15px;\">.<\/span><\/p>\n<p><a href=\"https:\/\/eic.cefet-rj.br\/ppcic\/wp-content\/uploads\/2023\/06\/Credenciamento-docente-2023-1-resultado-preliminar_assinado.pdf\">Resultado preliminar<\/a> da chamada.<\/p>\n<p>&nbsp;<\/p>\n","protected":false},"excerpt":{"rendered":"<p>Est\u00e3o abertas as inscri\u00e7\u00f5es de 08 de maio a 02 de junho de 2023 para credenciamento de docente colaborador e docente permanente do Programa de P\u00f3s-gradua\u00e7\u00e3o em Ci\u00eancia da Computa\u00e7\u00e3o (PPCIC). Ser\u00e3o selecionados at\u00e9 4 (quatro) professores(as) doutores(as) vinculados(as) ao CEFET\/RJ para integrar o quadro de docentes do PPCIC a partir de 29 de junho [&hellip;]<\/p>\n","protected":false},"author":2,"featured_media":0,"parent":0,"menu_order":0,"comment_status":"closed","ping_status":"closed","template":"","meta":{"_monsterinsights_skip_tracking":false,"_monsterinsights_sitenote_active":false,"_monsterinsights_sitenote_note":"","_monsterinsights_sitenote_category":0,"footnotes":""},"class_list":["post-4568","page","type-page","status-publish","hentry"],"_links":{"self":[{"href":"https:\/\/eic.cefet-rj.br\/ppcic\/wp-json\/wp\/v2\/pages\/4568","targetHints":{"allow":["GET"]}}],"collection":[{"href":"https:\/\/eic.cefet-rj.br\/ppcic\/wp-json\/wp\/v2\/pages"}],"about":[{"href":"https:\/\/eic.cefet-rj.br\/ppcic\/wp-json\/wp\/v2\/types\/page"}],"author":[{"embeddable":true,"href":"https:\/\/eic.cefet-rj.br\/ppcic\/wp-json\/wp\/v2\/users\/2"}],"replies":[{"embeddable":true,"href":"https:\/\/eic.cefet-rj.br\/ppcic\/wp-json\/wp\/v2\/comments?post=4568"}],"version-history":[{"count":7,"href":"https:\/\/eic.cefet-rj.br\/ppcic\/wp-json\/wp\/v2\/pages\/4568\/revisions"}],"predecessor-version":[{"id":5125,"href":"https:\/\/eic.cefet-rj.br\/ppcic\/wp-json\/wp\/v2\/pages\/4568\/revisions\/5125"}],"wp:attachment":[{"href":"https:\/\/eic.cefet-rj.br\/ppcic\/wp-json\/wp\/v2\/media?parent=4568"}],"curies":[{"name":"wp","href":"https:\/\/api.w.org\/{rel}","templated":true}]}}