{"id":4031,"date":"2021-03-07T23:21:48","date_gmt":"2021-03-08T02:21:48","guid":{"rendered":"https:\/\/eic.cefet-rj.br\/ppcic\/?page_id=4031"},"modified":"2025-11-08T18:45:21","modified_gmt":"2025-11-08T21:45:21","slug":"ficha-catalografica-nada-consta","status":"publish","type":"page","link":"https:\/\/eic.cefet-rj.br\/ppcic\/ficha-catalografica-nada-consta\/","title":{"rendered":"Ficha catalogr\u00e1fica \/ Nada consta"},"content":{"rendered":"<p>Seguem os procedimentos para solicita\u00e7\u00e3o da ficha catalogr\u00e1fica e do nada consta.<\/p>\n<blockquote>\n<div><b>Ficha Catalogr\u00e1fica\u00a0<\/b><\/div>\n<\/blockquote>\n<p>A solicita\u00e7\u00e3o de<b> ficha catalogr\u00e1fica<\/b>\u00a0dever\u00e1 ser realizada, exclusivamente, por meio do <a id=\"m_-7792727536947868112OWA736a9855-7194-708e-c8d0-546d30321c60\" href=\"https:\/\/chamados.cefet-rj.br\/\" target=\"_blank\" rel=\"noopener\" data-saferedirecturl=\"https:\/\/www.google.com\/url?q=https:\/\/chamados.cefet-rj.br\/&amp;source=gmail&amp;ust=1762724074424000&amp;usg=AOvVaw28EN0QVMa1u8lVJjQer77k\">Sistema de Chamados<\/a>. O <strong>trabalho completo<\/strong> ap\u00f3s todas as corre\u00e7\u00f5es necess\u00e1rias deve ser enviado. Para facilitar o processo, a\u00a0<span class=\"il\">Biblioteca<\/span>\u00a0disponibiliza aos usu\u00e1rios um\u00a0tutorial\u00a0com as instru\u00e7\u00f5es para a abertura do chamado.\u00a0<a id=\"m_-7792727536947868112OWA6d12dffd-2bf1-b48e-71c1-3e6b2206ccee\" href=\"https:\/\/www.cefet-rj.br\/attachments\/article\/9849\/Tutorial%20Ficha%20Catalogr%C3%A1fica%20por%20Chamado.pdf\" target=\"_blank\" rel=\"noopener\" data-saferedirecturl=\"https:\/\/www.google.com\/url?q=https:\/\/www.cefet-rj.br\/attachments\/article\/9849\/Tutorial%2520Ficha%2520Catalogr%25C3%25A1fica%2520por%2520Chamado.pdf&amp;source=gmail&amp;ust=1762724074424000&amp;usg=AOvVaw2frNK9j2Sq6wMgAO8yfK6W\">Clique aqui para ver o passo a passo<\/a>. O prazo para entrega \u00e9 de at\u00e9\u00a0<b>3 dias \u00fateis<\/b>\u00a0contados a partir da data do envio do trabalho.<\/p>\n<p><em><span class=\"il\">* Biblioteca<\/span> Central do Cefet\/RJ informou mudan\u00e7as na solicita\u00e7\u00e3o de ficha catalogr\u00e1fica na Unidade Maracan\u00e3 em 14 de outubro de 2025<\/em><\/p>\n<blockquote>\n<div><b>Nada Consta<\/b><\/div>\n<\/blockquote>\n<p>Para solicitar o\u00a0<b>nada consta<\/b> \u00e9 preciso enviar para o e-mail <a href=\"mailto:bcnadaconsta.maracana@cefet-rj.br\"><strong>bcnadaconsta.maracana@cefet-rj.br<\/strong><\/a>\u00a0apenas o\u00a0<b>nome completo, matr\u00edcula e curso<\/b>, para que seja verificado no sistema (n\u00e3o \u00e9 necess\u00e1rio anexar nenhum formul\u00e1rio).<\/p>\n<p>Caso <strong>o aluno possua cadastro ativo na Biblioteca<\/strong>, a certid\u00e3o de Nada Consta poder\u00e1 ser emitida por meio do <strong>Sistema de Bibliotecas do Cefet\/RJ<\/strong>. Ao acessar o site, basta fazer o <em>login<\/em>, depois clicar em &#8220;<em>certid\u00e3o negativa de d\u00e9bitos<\/em>&#8221; e o documento ser\u00e1 emitido automaticamente em formato PDF. Ap\u00f3s a emiss\u00e3o, o cadastro do aluno na biblioteca ser\u00e1 inativado.<\/p>\n<p>Para mais informa\u00e7\u00f5es, podem consultar o site do Sistema de Bibliotecas:\u00a0<a id=\"m_-2382487148391559596gmail-m_27815325119791059LPlnk\" href=\"http:\/\/www.cefet-rj.br\/index.php\/bibliotecas\" target=\"_blank\" rel=\"noopener\" data-saferedirecturl=\"https:\/\/www.google.com\/url?q=http:\/\/www.cefet-rj.br\/index.php\/bibliotecas&amp;source=gmail&amp;ust=1615249778231000&amp;usg=AFQjCNE-X2g2iJ3jjAlgcTs5YBCGwYptow\">http:\/\/www.cefet-<wbr \/>rj.br\/index.php\/bibliotecas<\/a> ou a p\u00e1gina da Biblioteca Central:\u00a0<a id=\"m_-2382487148391559596gmail-m_27815325119791059LPlnk\" href=\"http:\/\/www.cefet-rj.br\/index.php\/biblioteca-campus-maracana\" target=\"_blank\" rel=\"noopener\" data-saferedirecturl=\"https:\/\/www.google.com\/url?q=http:\/\/www.cefet-rj.br\/index.php\/biblioteca-campus-maracana&amp;source=gmail&amp;ust=1615249778231000&amp;usg=AFQjCNEnG08GzSh-c-ZI0kHnv1khvZRQ8A\">http:\/\/www.cefet-rj.<wbr \/>br\/index.php\/biblioteca-<wbr \/>campus-maracana<\/a><\/p>\n","protected":false},"excerpt":{"rendered":"<p>Seguem os procedimentos para solicita\u00e7\u00e3o da ficha catalogr\u00e1fica e do nada consta. Ficha Catalogr\u00e1fica\u00a0 A solicita\u00e7\u00e3o de ficha catalogr\u00e1fica\u00a0dever\u00e1 ser realizada, exclusivamente, por meio do Sistema de Chamados. O trabalho completo ap\u00f3s todas as corre\u00e7\u00f5es necess\u00e1rias deve ser enviado. Para facilitar o processo, a\u00a0Biblioteca\u00a0disponibiliza aos usu\u00e1rios um\u00a0tutorial\u00a0com as instru\u00e7\u00f5es para a abertura do chamado.\u00a0Clique aqui [&hellip;]<\/p>\n","protected":false},"author":4,"featured_media":0,"parent":0,"menu_order":0,"comment_status":"closed","ping_status":"closed","template":"","meta":{"_monsterinsights_skip_tracking":false,"_monsterinsights_sitenote_active":false,"_monsterinsights_sitenote_note":"","_monsterinsights_sitenote_category":0,"footnotes":""},"class_list":["post-4031","page","type-page","status-publish","hentry"],"_links":{"self":[{"href":"https:\/\/eic.cefet-rj.br\/ppcic\/wp-json\/wp\/v2\/pages\/4031","targetHints":{"allow":["GET"]}}],"collection":[{"href":"https:\/\/eic.cefet-rj.br\/ppcic\/wp-json\/wp\/v2\/pages"}],"about":[{"href":"https:\/\/eic.cefet-rj.br\/ppcic\/wp-json\/wp\/v2\/types\/page"}],"author":[{"embeddable":true,"href":"https:\/\/eic.cefet-rj.br\/ppcic\/wp-json\/wp\/v2\/users\/4"}],"replies":[{"embeddable":true,"href":"https:\/\/eic.cefet-rj.br\/ppcic\/wp-json\/wp\/v2\/comments?post=4031"}],"version-history":[{"count":9,"href":"https:\/\/eic.cefet-rj.br\/ppcic\/wp-json\/wp\/v2\/pages\/4031\/revisions"}],"predecessor-version":[{"id":6279,"href":"https:\/\/eic.cefet-rj.br\/ppcic\/wp-json\/wp\/v2\/pages\/4031\/revisions\/6279"}],"wp:attachment":[{"href":"https:\/\/eic.cefet-rj.br\/ppcic\/wp-json\/wp\/v2\/media?parent=4031"}],"curies":[{"name":"wp","href":"https:\/\/api.w.org\/{rel}","templated":true}]}}