{"id":38,"date":"2016-05-08T01:57:24","date_gmt":"2016-05-08T04:57:24","guid":{"rendered":"http:\/\/eic.cefet-rj.br\/ppgcc\/?page_id=38"},"modified":"2024-03-22T15:52:49","modified_gmt":"2024-03-22T18:52:49","slug":"formularios","status":"publish","type":"page","link":"https:\/\/eic.cefet-rj.br\/ppcic\/formularios\/","title":{"rendered":"Formul\u00e1rios"},"content":{"rendered":"<ul>\n<li class=\"first-child\"><a href=\"http:\/\/dippg.cefet-rj.br\/index.php\/pt\/documentos-depog\">Requerimento Geral<\/a><\/li>\n<li><a href=\"https:\/\/dippg.cefet-rj.br\/attachments\/article\/909\/DIPPGDocsProrrogacaocomParecer.docx\">Prorroga\u00e7\u00e3o de Prazo Defesa de Disserta\u00e7\u00e3o<\/a><\/li>\n<li><a href=\"https:\/\/eic.cefet-rj.br\/ppcic\/wp-content\/uploads\/2024\/03\/Formulario-de-Solicitacao-Banca-PPCIC.docx\">Solicita\u00e7\u00e3o de Banca de Mestrado<\/a><\/li>\n<li><a href=\"https:\/\/dippg.cefet-rj.br\/attachments\/article\/279\/Videoconferencia_COPEP.pdf\" target=\"_blank\" rel=\"noopener noreferrer\">Defesa via videoconfer\u00eancia<\/a><\/li>\n<li>Ata de Defesa de Disserta\u00e7\u00e3o \/ Qualifica\u00e7\u00e3o (modelo via SUAP)<\/li>\n<li><a href=\"https:\/\/dippg.cefet-rj.br\/attachments\/article\/279\/DIPPG_DEPOG_SolicitacaoEmissaoDiploma.pdf\" target=\"_blank\" rel=\"noopener noreferrer\">Solicita\u00e7\u00e3o de Emiss\u00e3o de Diploma<\/a><\/li>\n<li><a href=\"https:\/\/dippg.cefet-rj.br\/attachments\/article\/909\/DIPPGReqGerProtocoloSolDiplomaDERAC.docx\" target=\"_blank\" rel=\"noopener noreferrer\">Requerimento de diploma \/ protocolo DERAC<\/a><\/li>\n<li><a href=\"https:\/\/dippg.cefet-rj.br\/attachments\/article\/279\/DIPPG_DEPOG_Termo_Aceitacao_Compromisso.pdf\" target=\"_blank\" rel=\"noopener noreferrer\">Termo de Aceita\u00e7\u00e3o Compromisso\u00a0<\/a><\/li>\n<li><a href=\"https:\/\/dippg.cefet-rj.br\/attachments\/article\/279\/DIPPG_DEPOG_Termo_Entrega_Original.pdf\" target=\"_blank\" rel=\"noopener noreferrer\">Termo de Entrega e Termo de Autoriza\u00e7\u00e3o<\/a><\/li>\n<li><a href=\"https:\/\/dippg.cefet-rj.br\/attachments\/article\/279\/DIPPG_GRU_InstrucoesPreenchimento.pdf\" target=\"_blank\" rel=\"noopener noreferrer\">Instru\u00e7\u00f5es Preenchimento GRU<\/a><\/li>\n<li><a href=\"http:\/\/eic.cefet-rj.br\/ppcic\/wp-content\/uploads\/2017\/08\/RelatorioEstagioDocencia.pdf\">Relat\u00f3rio de Atividades de Est\u00e1gio em Doc\u00eancia<\/a><\/li>\n<\/ul>\n<p>Outros documentos podem ser consultados na p\u00e1gina da Diretoria de Pesquisa e P\u00f3s-gradua\u00e7\u00e3o (DIPPG):<\/p>\n<ul>\n<li><a href=\"https:\/\/dippg.cefet-rj.br\/index.php\/pt\/component\/content\/article\/57-estrutura\/909-documentos-alunos\">https:\/\/dippg.cefet-rj.br\/index.php\/pt\/component\/content\/article\/57-estrutura\/909-documentos-alunos<\/a><\/li>\n<li><a href=\"https:\/\/dippg.cefet-rj.br\/index.php\/pt\/documentos-depog\">https:\/\/dippg.cefet-rj.br\/index.php\/pt\/documentos-depog<\/a><\/li>\n<li><a href=\"https:\/\/dippg.cefet-rj.br\/index.php\/pt\/documentos\">https:\/\/dippg.cefet-rj.br\/index.php\/pt\/documentos<\/a><\/li>\n<\/ul>\n<p>Tem alguma d\u00favida sobre solicita\u00e7\u00f5es e requerimentos? Consulte o FAQ no menu (Informa\u00e7\u00f5es &gt; FAQ).<\/p>\n","protected":false},"excerpt":{"rendered":"<p>Requerimento Geral Prorroga\u00e7\u00e3o de Prazo Defesa de Disserta\u00e7\u00e3o Solicita\u00e7\u00e3o de Banca de Mestrado Defesa via videoconfer\u00eancia Ata de Defesa de Disserta\u00e7\u00e3o \/ Qualifica\u00e7\u00e3o (modelo via SUAP) Solicita\u00e7\u00e3o de Emiss\u00e3o de Diploma Requerimento de diploma \/ protocolo DERAC Termo de Aceita\u00e7\u00e3o Compromisso\u00a0 Termo de Entrega e Termo de Autoriza\u00e7\u00e3o Instru\u00e7\u00f5es Preenchimento GRU Relat\u00f3rio de Atividades de [&hellip;]<\/p>\n","protected":false},"author":3,"featured_media":0,"parent":0,"menu_order":0,"comment_status":"closed","ping_status":"closed","template":"","meta":{"_monsterinsights_skip_tracking":false,"_monsterinsights_sitenote_active":false,"_monsterinsights_sitenote_note":"","_monsterinsights_sitenote_category":0,"footnotes":""},"class_list":["post-38","page","type-page","status-publish","hentry"],"_links":{"self":[{"href":"https:\/\/eic.cefet-rj.br\/ppcic\/wp-json\/wp\/v2\/pages\/38","targetHints":{"allow":["GET"]}}],"collection":[{"href":"https:\/\/eic.cefet-rj.br\/ppcic\/wp-json\/wp\/v2\/pages"}],"about":[{"href":"https:\/\/eic.cefet-rj.br\/ppcic\/wp-json\/wp\/v2\/types\/page"}],"author":[{"embeddable":true,"href":"https:\/\/eic.cefet-rj.br\/ppcic\/wp-json\/wp\/v2\/users\/3"}],"replies":[{"embeddable":true,"href":"https:\/\/eic.cefet-rj.br\/ppcic\/wp-json\/wp\/v2\/comments?post=38"}],"version-history":[{"count":21,"href":"https:\/\/eic.cefet-rj.br\/ppcic\/wp-json\/wp\/v2\/pages\/38\/revisions"}],"predecessor-version":[{"id":5607,"href":"https:\/\/eic.cefet-rj.br\/ppcic\/wp-json\/wp\/v2\/pages\/38\/revisions\/5607"}],"wp:attachment":[{"href":"https:\/\/eic.cefet-rj.br\/ppcic\/wp-json\/wp\/v2\/media?parent=38"}],"curies":[{"name":"wp","href":"https:\/\/api.w.org\/{rel}","templated":true}]}}