{"id":3552,"date":"2020-10-09T22:04:38","date_gmt":"2020-10-10T01:04:38","guid":{"rendered":"https:\/\/eic.cefet-rj.br\/ppcic\/?page_id=3552"},"modified":"2024-07-16T19:00:42","modified_gmt":"2024-07-16T22:00:42","slug":"defesa-de-dissertacao-de-mestrado","status":"publish","type":"page","link":"https:\/\/eic.cefet-rj.br\/ppcic\/defesa-de-dissertacao-de-mestrado\/","title":{"rendered":"Defesa de Disserta\u00e7\u00e3o de Mestrado"},"content":{"rendered":"<p>Seguem as etapas para pedido de banca, marca\u00e7\u00e3o da defesa, o dia da defesa e entrega final da Disserta\u00e7\u00e3o. <em>(atualizado em 22\/03\/2023)<\/em><\/p>\n<p><strong> <span style=\"color: red;\"> Os formul\u00e1rios necess\u00e1rios para as solicita\u00e7\u00f5es est\u00e3o dispon\u00edveis em\u00a0<a href=\"https:\/\/eic.cefet-rj.br\/ppcic\/index.php\/formularios\/\">https:\/\/eic.cefet-rj.br\/ppcic\/index.php\/formularios\/<\/a>.<\/span><\/strong><\/p>\n<p>&nbsp;<\/p>\n<blockquote>\n<div class=\"gmail_default\"><em><strong>Etapa 1 \u2013 Aprova\u00e7\u00e3o da Banca para Defesa de Disserta\u00e7\u00e3o\u00a0<\/strong><\/em><\/div>\n<\/blockquote>\n<p><em>*com a devida anteced\u00eancia em rela\u00e7\u00e3o \u00e0 data da Defesa da Disserta\u00e7\u00e3o, respeitando o calend\u00e1rio de reuni\u00f5es do Colegiado.<\/em><\/p>\n<p>1) O discente deve solicitar a banca via sistema de chamados (<a href=\"http:\/\/chamados.cefet-rj.br\/open.php\">http:\/\/chamados.cefet-rj.br\/open.php<\/a>), anexando a seguinte documenta\u00e7\u00e3o:<\/p>\n<ul>\n<li>Formul\u00e1rio de <em>Solicita\u00e7\u00e3o de Banca de Mestrado<\/em>. O discente deve solicitar o parecer e a assinatura eletr\u00f4nica (ICPEdu ou SouGov) do(a) Orientador(a) no pr\u00f3prio formul\u00e1rio, e tamb\u00e9m assinar eletronicamente (ICPEdu ou SouGov) o documento.<\/li>\n<li>Texto da disserta\u00e7\u00e3o;<\/li>\n<li>Documentos comprobat\u00f3rios das publica\u00e7\u00f5es;<\/li>\n<li>Comprovante de profici\u00eancia em l\u00edngua inglesa, conforme estabelecido em Normativa Espec\u00edfica de Comprova\u00e7\u00e3o de Profici\u00eancia em Ingl\u00eas (dispon\u00edvel em <a href=\"https:\/\/eic.cefet-rj.br\/ppcic\/index.php\/documentos\/\">https:\/\/eic.cefet-rj.br\/ppcic\/index.php\/documentos\/<\/a>).<\/li>\n<\/ul>\n<p>Ap\u00f3s abertura do chamado, caso a documenta\u00e7\u00e3o esteja completa, a secretaria da p\u00f3s-gradua\u00e7\u00e3o encaminha-a para coordena\u00e7\u00e3o do curso para aprova\u00e7\u00e3o da banca pelo colegiado do PPCIC. S\u00f3 depois da aprova\u00e7\u00e3o, o discente e orientador(es) devem realizar a marca\u00e7\u00e3o de banca\u00a0 (Etapa 2) com pelo menos 15 dias de anteced\u00eancia. O pedido aprovado tem validade de 06 meses.<\/p>\n<p>Ap\u00f3s aprova\u00e7\u00e3o, a <em>Ata de Defesa de Disserta\u00e7\u00e3o<\/em> deve ser criada pela secretaria de p\u00f3s-gradua\u00e7\u00e3o via SUAP e compartilhada com o presidente da banca.<\/p>\n<p>&nbsp;<\/p>\n<blockquote>\n<div class=\"gmail_default\"><em><strong>Etapa 2 \u2013 Marca\u00e7\u00e3o da Defesa (pelo menos 15 dias antes da defesa)<\/strong><\/em><\/div>\n<\/blockquote>\n<p>1) O orientador\/discente deve reservar a sala para a defesa e comunicar aos membros da banca, enviando informa\u00e7\u00f5es sobre o endere\u00e7o e como chegar na institui\u00e7\u00e3o (em caso de defesa remota, crie o link da sala remota e envie-o para os membros da banca).<\/p>\n<p>2) O discente deve enviar um e-mail para comiss\u00e3o de divulga\u00e7\u00e3o (<em>divulg@eic.cefet-rj.br<\/em>) solicitando a divulga\u00e7\u00e3o da defesa no sistema de semin\u00e1rios e no site do Programa. Veja as instru\u00e7\u00f5es em\u00a0<a href=\"https:\/\/eic.cefet-rj.br\/ppcic\/index.php\/divulgacao-no-site\/\">link<\/a>.<\/p>\n<p>&nbsp;<\/p>\n<blockquote>\n<div class=\"gmail_default\"><em><strong>Etapa 3 \u2013 Dia da Defesa<\/strong><\/em><\/div>\n<\/blockquote>\n<p>A\u00e7\u00f5es importantes no dia da defesa:<\/p>\n<p>1) Chegar com pelo menos uma hora de anteced\u00eancia, abrir a sala, climatiz\u00e1-la e testar a apresenta\u00e7\u00e3o e a internet, se for necess\u00e1ria (em caso de defesa remota, verificar se o link da sala est\u00e1 funcionando, abrir a sala remota com anteced\u00eancia e testar \u00e1udio, v\u00eddeo e compartilhamento da apresenta\u00e7\u00e3o);<\/p>\n<p>2) A\u00a0<em>Ata de Defesa de Disserta\u00e7\u00e3o<\/em> deve ser preenchida\/editada pelo presidente da banca e assinada pelos integrantes da banca e candidato via SUAP. A ata deve ser encaminhada \u00e0 secretaria da p\u00f3s-gradua\u00e7\u00e3o pelo(a) Orientador(a) via SUAP.<\/p>\n<p>&nbsp;<\/p>\n<blockquote>\n<div class=\"gmail_default\"><em><strong>Etapa 4 \u2013 Entrega da Vers\u00e3o Final<\/strong><\/em><\/div>\n<\/blockquote>\n<p>A\u00e7\u00f5es necess\u00e1rias:<\/p>\n<p>1) O discente deve enviar o PDF da vers\u00e3o final disserta\u00e7\u00e3o para a biblioteca para que a(o) bibliotec\u00e1ria(o) providencie a\u00a0<a href=\"https:\/\/eic.cefet-rj.br\/ppcic\/index.php\/ficha-catalografica-nada-consta\/\">Ficha catalogr\u00e1fica<\/a>;<\/p>\n<p>2) Ap\u00f3s obter a ficha catalogr\u00e1fica, o discente deve entregar a vers\u00e3o final da disserta\u00e7\u00e3o e solicitar a Emiss\u00e3o do Diploma via sistema de chamados (<a href=\"http:\/\/chamados.cefet-rj.br\/open.php\">http:\/\/chamados.cefet-rj.br\/open.php<\/a>), anexando a seguinte documenta\u00e7\u00e3o:<\/p>\n<ul>\n<li>Formul\u00e1rio de <em>Requerimento Geral <\/em>(deve-se marcar a op\u00e7\u00e3o &#8220;Solicita\u00e7\u00e3o de Emiss\u00e3o de Diploma&#8221;);<\/li>\n<li>Formul\u00e1rio de <em>Solicita\u00e7\u00e3o de Emiss\u00e3o de Diploma<\/em>;<\/li>\n<li>Formul\u00e1rio de <em>Requerimento de diploma \/ protocolo DERAC<\/em>;<\/li>\n<li><em>Termo de Entrega e Termo de Autoriza\u00e7\u00e3o<\/em>;<\/li>\n<li>C\u00f3pia de RG e CPF autenticados;<\/li>\n<li>C\u00f3pia da certid\u00e3o de nascimento autenticada;<\/li>\n<li>C\u00f3pia do Diploma de Gradua\u00e7\u00e3o autenticado;<\/li>\n<li><a href=\"https:\/\/eic.cefet-rj.br\/ppcic\/index.php\/ficha-catalografica-nada-consta\/\">Nada consta da Biblioteca Central do CEFET\/RJ<\/a>;<\/li>\n<li>Ata da defesa assinada pelos membros da banca;<\/li>\n<li>Vers\u00e3o final da Disserta\u00e7\u00e3o com a ficha catalogr\u00e1fica gerada pela biblioteca.<\/li>\n<\/ul>\n<p>* Verificar com a secretaria (<em>secpg@cefet-rj.br<\/em>) a entrega da disserta\u00e7\u00e3o encadernada com a ata da defesa assinada pelos membros da banca e com a ficha catalogr\u00e1fica gerada pela biblioteca (Antes de encadernar, deve-se verificar o PDF com a secretaria da DIPPG para ver se est\u00e1 tudo correto para a encaderna\u00e7\u00e3o). A encaderna\u00e7\u00e3o e o posicionamento da ficha catalogr\u00e1fica e ata da defesa devem seguir as normas contidas no documento \u201c<a href=\"http:\/\/eic.cefet-rj.br\/ppcic\/wp-content\/uploads\/2018\/07\/Manual-de-Elaboracao-de-Teses-Dissertacoes-e-Monografias.pdf\">Manual de Elabora\u00e7\u00e3o de Teses Disserta\u00e7\u00f5es e Monografias.pdf<\/a>\u201d.<\/p>\n<p>Obs.: A DIPPG lan\u00e7a os dados do aluno no sistema e encaminha para o DERAC para que o diploma seja confeccionado pelo pr\u00f3prio CEFET\/RJ. Entrar em contato com o DERAC para saber sobre o andamento do diploma.<\/p>\n<p>&nbsp;<\/p>\n<p>&nbsp;<\/p>\n<p>&nbsp;<\/p>\n<p>&nbsp;<\/p>\n<p>&nbsp;<\/p>\n<p>&nbsp;<\/p>\n<p>&nbsp;<\/p>\n<p>&nbsp;<\/p>\n<p>&nbsp;<\/p>\n","protected":false},"excerpt":{"rendered":"<p>Seguem as etapas para pedido de banca, marca\u00e7\u00e3o da defesa, o dia da defesa e entrega final da Disserta\u00e7\u00e3o. (atualizado em 22\/03\/2023) Os formul\u00e1rios necess\u00e1rios para as solicita\u00e7\u00f5es est\u00e3o dispon\u00edveis em\u00a0https:\/\/eic.cefet-rj.br\/ppcic\/index.php\/formularios\/. &nbsp; Etapa 1 \u2013 Aprova\u00e7\u00e3o da Banca para Defesa de Disserta\u00e7\u00e3o\u00a0 *com a devida anteced\u00eancia em rela\u00e7\u00e3o \u00e0 data da Defesa da Disserta\u00e7\u00e3o, respeitando [&hellip;]<\/p>\n","protected":false},"author":4,"featured_media":0,"parent":0,"menu_order":0,"comment_status":"closed","ping_status":"closed","template":"","meta":{"_monsterinsights_skip_tracking":false,"_monsterinsights_sitenote_active":false,"_monsterinsights_sitenote_note":"","_monsterinsights_sitenote_category":0,"footnotes":""},"class_list":["post-3552","page","type-page","status-publish","hentry"],"_links":{"self":[{"href":"https:\/\/eic.cefet-rj.br\/ppcic\/wp-json\/wp\/v2\/pages\/3552","targetHints":{"allow":["GET"]}}],"collection":[{"href":"https:\/\/eic.cefet-rj.br\/ppcic\/wp-json\/wp\/v2\/pages"}],"about":[{"href":"https:\/\/eic.cefet-rj.br\/ppcic\/wp-json\/wp\/v2\/types\/page"}],"author":[{"embeddable":true,"href":"https:\/\/eic.cefet-rj.br\/ppcic\/wp-json\/wp\/v2\/users\/4"}],"replies":[{"embeddable":true,"href":"https:\/\/eic.cefet-rj.br\/ppcic\/wp-json\/wp\/v2\/comments?post=3552"}],"version-history":[{"count":41,"href":"https:\/\/eic.cefet-rj.br\/ppcic\/wp-json\/wp\/v2\/pages\/3552\/revisions"}],"predecessor-version":[{"id":5656,"href":"https:\/\/eic.cefet-rj.br\/ppcic\/wp-json\/wp\/v2\/pages\/3552\/revisions\/5656"}],"wp:attachment":[{"href":"https:\/\/eic.cefet-rj.br\/ppcic\/wp-json\/wp\/v2\/media?parent=3552"}],"curies":[{"name":"wp","href":"https:\/\/api.w.org\/{rel}","templated":true}]}}