{"id":3519,"date":"2020-10-09T20:23:26","date_gmt":"2020-10-09T23:23:26","guid":{"rendered":"https:\/\/eic.cefet-rj.br\/ppcic\/?page_id=3519"},"modified":"2020-10-09T21:05:45","modified_gmt":"2020-10-10T00:05:45","slug":"pagamento-de-taxa-de-publicacao-de-artigos-open-access","status":"publish","type":"page","link":"https:\/\/eic.cefet-rj.br\/ppcic\/pagamento-de-taxa-de-publicacao-de-artigos-open-access\/","title":{"rendered":"Pagamento de\u00a0Taxa de Publica\u00e7\u00e3o de Artigos Open Access"},"content":{"rendered":"<p>O processo dever\u00e1 aberto com <strong>pelo menos 45 dias de anteced\u00eancia do prazo final para pagamento das taxas<\/strong>.<\/p>\n<p>As seguintes etapas devem ser realizadas.<\/p>\n<blockquote><p>Etapa 01 &#8211; Documentos<\/p><\/blockquote>\n<ol>\n<li>Documento formal assinado com solicita\u00e7\u00e3o de autoriza\u00e7\u00e3o da Coordena\u00e7\u00e3o do PPGSS para a realiza\u00e7\u00e3o do pagamento da inscri\u00e7\u00e3o\/publica\u00e7\u00e3o em evento internacional, indicando como fonte de recursos para custeio o \u201cconv\u00eanio PROAP\/CAPES\u201d.<\/li>\n<li>Autoriza\u00e7\u00e3o formal com assinatura da Coordena\u00e7\u00e3o do PPGSS para a realiza\u00e7\u00e3o do pagamento da taxa de publica\u00e7\u00e3o do artigo Open Access.<\/li>\n<li>Comprovante de aceita\u00e7\u00e3o do(s) artigo(s) pela revista.<\/li>\n<li>Resumo(s) ou Artigo(s) aceito(s).<\/li>\n<li>Informa\u00e7\u00e3o dos valores das respectivas taxas.<\/li>\n<\/ol>\n<blockquote><p>Etapa 02 &#8211; Envio da Documenta\u00e7\u00e3o<\/p><\/blockquote>\n<ul>\n<li>Conclu\u00edda a etapa anterior com as devidas assinaturas, a documenta\u00e7\u00e3o dever\u00e1 ser encaminhada para o Chefe do DEPOG\u00a0para autoriza\u00e7\u00e3o. Na sequ\u00eancia, este encaminhar\u00e1 para autoriza\u00e7\u00e3o do Centro de Custos da DIPPG e registro no controle dos gastos.<\/li>\n<\/ul>\n<blockquote><p>Etapa 03 &#8211; Abertura do Processo<\/p><\/blockquote>\n<ul>\n<li>Em seguida, a documenta\u00e7\u00e3o ser\u00e1 devolvida ao Solicitante que providenciar\u00e1 a abertura do processo presencialmente, ou atrav\u00e9s de e-mail ao setor de Protocolo, conforme link: <a style=\"-webkit-text-stroke-width: 0.15px;\" href=\"http:\/\/www.cefet-rj.br\/index.php\/component\/content\/article?id=5028\">http:\/\/www.cefet-rj.br\/index.php\/component\/content\/article?id=5028<\/a><\/li>\n<li>No documento \u201cREQUERIMENTO GERAL DE ABERTURA DE PROCESSO ADMINISTRATIVO\u201d do link acima deve ser indicado como local de destino a DIPPG (<a style=\"-webkit-text-stroke-width: 0.15px;\" href=\"mailto:dippg@cefet-rj.br\">dippg@cefet-rj.br<\/a><span style=\"-webkit-text-stroke: 0.15px;\">).<\/span><\/li>\n<li>O processo ser\u00e1 de fato aberto e encaminhado para autoriza\u00e7\u00e3o da DIREG, que por sua vez encaminhar\u00e1 \u00e0 DIRAP para que seja gerado o pr\u00e9-empenho, reservando o valor a ser reembolsado ao solicitante.<\/li>\n<\/ul>\n<blockquote><p>Etapa 04 &#8211; Ressarcimento<\/p><\/blockquote>\n<ul>\n<li>Ap\u00f3s a publica\u00e7\u00e3o do artigo, o Solicitante dever\u00e1 anexar ao processo os itens abaixo e encaminh\u00e1-lo para a DIRAP (<a href=\"mailto:dirap@cefet-rj.br\">dirap@cefet-rj.br<\/a>).\n<ul>\n<li>Comprovante da publica\u00e7\u00e3o.<\/li>\n<li>Fatura do cart\u00e3o de cr\u00e9dito.<\/li>\n<li>Dados banc\u00e1rios do Solicitante visando o ressarcimento.<\/li>\n<\/ul>\n<\/li>\n<\/ul>\n","protected":false},"excerpt":{"rendered":"<p>O processo dever\u00e1 aberto com pelo menos 45 dias de anteced\u00eancia do prazo final para pagamento das taxas. As seguintes etapas devem ser realizadas. Etapa 01 &#8211; Documentos Documento formal assinado com solicita\u00e7\u00e3o de autoriza\u00e7\u00e3o da Coordena\u00e7\u00e3o do PPGSS para a realiza\u00e7\u00e3o do pagamento da inscri\u00e7\u00e3o\/publica\u00e7\u00e3o em evento internacional, indicando como fonte de recursos para [&hellip;]<\/p>\n","protected":false},"author":4,"featured_media":0,"parent":0,"menu_order":0,"comment_status":"closed","ping_status":"closed","template":"","meta":{"_monsterinsights_skip_tracking":false,"_monsterinsights_sitenote_active":false,"_monsterinsights_sitenote_note":"","_monsterinsights_sitenote_category":0,"footnotes":""},"class_list":["post-3519","page","type-page","status-publish","hentry"],"_links":{"self":[{"href":"https:\/\/eic.cefet-rj.br\/ppcic\/wp-json\/wp\/v2\/pages\/3519","targetHints":{"allow":["GET"]}}],"collection":[{"href":"https:\/\/eic.cefet-rj.br\/ppcic\/wp-json\/wp\/v2\/pages"}],"about":[{"href":"https:\/\/eic.cefet-rj.br\/ppcic\/wp-json\/wp\/v2\/types\/page"}],"author":[{"embeddable":true,"href":"https:\/\/eic.cefet-rj.br\/ppcic\/wp-json\/wp\/v2\/users\/4"}],"replies":[{"embeddable":true,"href":"https:\/\/eic.cefet-rj.br\/ppcic\/wp-json\/wp\/v2\/comments?post=3519"}],"version-history":[{"count":5,"href":"https:\/\/eic.cefet-rj.br\/ppcic\/wp-json\/wp\/v2\/pages\/3519\/revisions"}],"predecessor-version":[{"id":3534,"href":"https:\/\/eic.cefet-rj.br\/ppcic\/wp-json\/wp\/v2\/pages\/3519\/revisions\/3534"}],"wp:attachment":[{"href":"https:\/\/eic.cefet-rj.br\/ppcic\/wp-json\/wp\/v2\/media?parent=3519"}],"curies":[{"name":"wp","href":"https:\/\/api.w.org\/{rel}","templated":true}]}}