{"id":3514,"date":"2020-10-09T20:09:06","date_gmt":"2020-10-09T23:09:06","guid":{"rendered":"https:\/\/eic.cefet-rj.br\/ppcic\/?page_id=3514"},"modified":"2024-11-25T21:03:55","modified_gmt":"2024-11-26T00:03:55","slug":"divulgacao-no-site","status":"publish","type":"page","link":"https:\/\/eic.cefet-rj.br\/ppcic\/divulgacao-no-site\/","title":{"rendered":"Divulga\u00e7\u00e3o no Site"},"content":{"rendered":"<h3 class=\"gmail_default\">Procedimentos de Divulga\u00e7\u00e3o no site do PPC<span style=\"-webkit-text-stroke: 0.15px;\">IC<\/span><\/h3>\n<div class=\"gmail_default\">\n<ul>\n<li>As solicita\u00e7\u00f5es de divulga\u00e7\u00e3o no site do programa devem ser enviadas para o endere\u00e7o\u00a0<a id=\"m_8827735802019721296m_-4635503561020370685gmail-gwt-uid-910\" href=\"mailto:divulg@eic.cefet-rj.br\" target=\"_blank\" rel=\"noopener noreferrer\">divulg@eic.cefet-rj.<wbr \/>br<\/a>.<\/li>\n<li>As solicita\u00e7\u00f5es de divulga\u00e7\u00e3o de defesa e de egresso podem ser enviadas pelos docentes orientadores ou pelos pr\u00f3prios discentes com c\u00f3pia para seus orientadores.<\/li>\n<li>Abaixo seguem as informa\u00e7\u00f5es necess\u00e1rias e que devem ser enviadas para cada tipo de divulga\u00e7\u00e3o:<\/li>\n<\/ul>\n<\/div>\n<blockquote>\n<div class=\"gmail_default\"><strong>Divulga\u00e7\u00e3o de defesa de disserta\u00e7\u00e3o e de qualifica\u00e7\u00e3o*<\/strong><\/div>\n<\/blockquote>\n<div class=\"gmail_default\"><i><span style=\"color: #666666;\">(As defesas de disserta\u00e7\u00e3o ser\u00e3o divulgadas no site e no sistema de semin\u00e1rios e as defesas de proposta, apenas no sistema de semin\u00e1rios)<\/span><\/i><\/div>\n<ul>\n<li class=\"gmail_default\">Discente:<\/li>\n<li class=\"gmail_default\">T\u00edtulo: (portugu\u00eas e ingl\u00eas)<\/li>\n<li class=\"gmail_default\">Orientador(es):<\/li>\n<li class=\"gmail_default\">Banca:<\/li>\n<li class=\"gmail_default\">Dia\/Hora:<\/li>\n<li class=\"gmail_default\">Sala ou Link para apresenta\u00e7\u00e3o remota:<\/li>\n<li class=\"gmail_default\">Resumo: (portugu\u00eas e ingl\u00eas)<i><br \/>\n<\/i><\/li>\n<\/ul>\n<div class=\"gmail_default\"><em>*Enviar a solicita\u00e7\u00e3o de divulga\u00e7\u00e3o de defesa com anteced\u00eancia.\u00a0 <\/em><em>Recomenda\u00e7\u00e3o: quando o texto for enviado \u00e0 banca.\u00a0<\/em><\/div>\n<div class=\"gmail_default\"><i><span style=\"color: #666666; font-family: trebuchet ms, sans-serif;\">\u00a0<\/span><\/i><\/div>\n<blockquote>\n<div class=\"gmail_default\"><\/div>\n<div class=\"gmail_default\"><strong>Divulga\u00e7\u00e3o de egressos**<\/strong><\/div>\n<\/blockquote>\n<ul>\n<li class=\"gmail_default\">Discente:<\/li>\n<li class=\"gmail_default\">Link\u00a0<i>Lattes<\/i>:<\/li>\n<li class=\"gmail_default\">Link\u00a0<i>LinkedIn<\/i>:<\/li>\n<li class=\"gmail_default\">Link\u00a0<i>ResearchGate<\/i>:<\/li>\n<li class=\"gmail_default\">Link\u00a0<i>Publons<\/i>:<\/li>\n<li class=\"gmail_default\">Vers\u00e3o final do texto da disserta\u00e7\u00e3o<\/li>\n<\/ul>\n<div class=\"gmail_default\"><i><span style=\"color: #666666;\">**Enviar a solicita\u00e7\u00e3o de divulga\u00e7\u00e3o de egresso ap\u00f3s a entrega da vers\u00e3o final do texto.<\/span><\/i><\/div>\n<div><\/div>\n<div><\/div>\n<div>\n<blockquote>\n<div class=\"gmail_default\"><strong>Divulga\u00e7\u00e3o de not\u00edcias, eventos e outros<\/strong><\/div>\n<\/blockquote>\n<ul>\n<li class=\"gmail_default\">T\u00edtulo:<\/li>\n<li class=\"gmail_default\">Texto da not\u00edcia:<\/li>\n<li class=\"gmail_default\">Links relacionados para maiores informa\u00e7\u00f5es\u00a0 (se for aplic\u00e1vel)<\/li>\n<li class=\"gmail_default\">Fotos (se for aplic\u00e1vel)<\/li>\n<\/ul>\n<\/div>\n","protected":false},"excerpt":{"rendered":"<p>Procedimentos de Divulga\u00e7\u00e3o no site do PPCIC As solicita\u00e7\u00f5es de divulga\u00e7\u00e3o no site do programa devem ser enviadas para o endere\u00e7o\u00a0divulg@eic.cefet-rj.br. As solicita\u00e7\u00f5es de divulga\u00e7\u00e3o de defesa e de egresso podem ser enviadas pelos docentes orientadores ou pelos pr\u00f3prios discentes com c\u00f3pia para seus orientadores. Abaixo seguem as informa\u00e7\u00f5es necess\u00e1rias e que devem ser enviadas [&hellip;]<\/p>\n","protected":false},"author":4,"featured_media":0,"parent":0,"menu_order":0,"comment_status":"closed","ping_status":"closed","template":"","meta":{"_monsterinsights_skip_tracking":false,"_monsterinsights_sitenote_active":false,"_monsterinsights_sitenote_note":"","_monsterinsights_sitenote_category":0,"footnotes":""},"class_list":["post-3514","page","type-page","status-publish","hentry"],"_links":{"self":[{"href":"https:\/\/eic.cefet-rj.br\/ppcic\/wp-json\/wp\/v2\/pages\/3514","targetHints":{"allow":["GET"]}}],"collection":[{"href":"https:\/\/eic.cefet-rj.br\/ppcic\/wp-json\/wp\/v2\/pages"}],"about":[{"href":"https:\/\/eic.cefet-rj.br\/ppcic\/wp-json\/wp\/v2\/types\/page"}],"author":[{"embeddable":true,"href":"https:\/\/eic.cefet-rj.br\/ppcic\/wp-json\/wp\/v2\/users\/4"}],"replies":[{"embeddable":true,"href":"https:\/\/eic.cefet-rj.br\/ppcic\/wp-json\/wp\/v2\/comments?post=3514"}],"version-history":[{"count":8,"href":"https:\/\/eic.cefet-rj.br\/ppcic\/wp-json\/wp\/v2\/pages\/3514\/revisions"}],"predecessor-version":[{"id":5885,"href":"https:\/\/eic.cefet-rj.br\/ppcic\/wp-json\/wp\/v2\/pages\/3514\/revisions\/5885"}],"wp:attachment":[{"href":"https:\/\/eic.cefet-rj.br\/ppcic\/wp-json\/wp\/v2\/media?parent=3514"}],"curies":[{"name":"wp","href":"https:\/\/api.w.org\/{rel}","templated":true}]}}