{"id":3431,"date":"2020-08-24T14:54:59","date_gmt":"2020-08-24T17:54:59","guid":{"rendered":"https:\/\/eic.cefet-rj.br\/ppcic\/?page_id=3431"},"modified":"2023-12-09T00:58:37","modified_gmt":"2023-12-09T03:58:37","slug":"slides","status":"publish","type":"page","link":"https:\/\/eic.cefet-rj.br\/ppcic\/slides\/","title":{"rendered":"Slides"},"content":{"rendered":"<blockquote>\n<h3><strong>Semin\u00e1rios da EIC &#8211; SEIC 2020<\/strong><\/h3>\n<\/blockquote>\n<ul>\n<li>06\/08\/2020 &#8211; Semin\u00e1rio <strong><em>&#8220;Onde submeter os artigos? E o Qualis?&#8221;<\/em><\/strong> apresentado pelo Prof. <strong>Eduardo Ogasawara<\/strong> (PPCIC)\u00a0 <a href=\"https:\/\/eic.cefet-rj.br\/~eogasawara\/onde-submeter-os-artigos-e-o-qualis-seminarios-da-eic-2020\/\"><img decoding=\"async\" class=\"alignnone wp-image-3273\" src=\"https:\/\/eic.cefet-rj.br\/ppcic\/wp-content\/uploads\/2018\/05\/download-logo2.png\" alt=\"\" width=\"16\" height=\"15\" srcset=\"https:\/\/eic.cefet-rj.br\/ppcic\/wp-content\/uploads\/2018\/05\/download-logo2.png 222w, https:\/\/eic.cefet-rj.br\/ppcic\/wp-content\/uploads\/2018\/05\/download-logo2-150x150.png 150w\" sizes=\"(max-width: 16px) 100vw, 16px\" \/><\/a><\/li>\n<li>13\/08\/2020 &#8211; Semin\u00e1rio <em><strong>&#8220;Combatendo pl\u00e1gio e fake news com m\u00e9todos cient\u00edficos&#8221;<\/strong><\/em> apresentado pelo Prof. <strong>Fellipe Duarte <\/strong>(UFRRJ) <a href=\"https:\/\/eic.cefet-rj.br\/ppcic\/wp-content\/uploads\/2020\/08\/SEIC_Fellipe_Duarte_13-08-20.pdf\"><img decoding=\"async\" class=\"alignnone wp-image-3273\" src=\"https:\/\/eic.cefet-rj.br\/ppcic\/wp-content\/uploads\/2018\/05\/download-logo2.png\" alt=\"\" width=\"16\" height=\"15\" srcset=\"https:\/\/eic.cefet-rj.br\/ppcic\/wp-content\/uploads\/2018\/05\/download-logo2.png 222w, https:\/\/eic.cefet-rj.br\/ppcic\/wp-content\/uploads\/2018\/05\/download-logo2-150x150.png 150w\" sizes=\"(max-width: 16px) 100vw, 16px\" \/><\/a><\/li>\n<\/ul>\n<p>&nbsp;<\/p>\n","protected":false},"excerpt":{"rendered":"<p>Semin\u00e1rios da EIC &#8211; SEIC 2020 06\/08\/2020 &#8211; Semin\u00e1rio &#8220;Onde submeter os artigos? E o Qualis?&#8221; apresentado pelo Prof. Eduardo Ogasawara (PPCIC)\u00a0 13\/08\/2020 &#8211; Semin\u00e1rio &#8220;Combatendo pl\u00e1gio e fake news com m\u00e9todos cient\u00edficos&#8221; apresentado pelo Prof. Fellipe Duarte (UFRRJ) &nbsp;<\/p>\n","protected":false},"author":4,"featured_media":0,"parent":0,"menu_order":0,"comment_status":"closed","ping_status":"closed","template":"","meta":{"_monsterinsights_skip_tracking":false,"_monsterinsights_sitenote_active":false,"_monsterinsights_sitenote_note":"","_monsterinsights_sitenote_category":0,"footnotes":""},"class_list":["post-3431","page","type-page","status-publish","hentry"],"_links":{"self":[{"href":"https:\/\/eic.cefet-rj.br\/ppcic\/wp-json\/wp\/v2\/pages\/3431","targetHints":{"allow":["GET"]}}],"collection":[{"href":"https:\/\/eic.cefet-rj.br\/ppcic\/wp-json\/wp\/v2\/pages"}],"about":[{"href":"https:\/\/eic.cefet-rj.br\/ppcic\/wp-json\/wp\/v2\/types\/page"}],"author":[{"embeddable":true,"href":"https:\/\/eic.cefet-rj.br\/ppcic\/wp-json\/wp\/v2\/users\/4"}],"replies":[{"embeddable":true,"href":"https:\/\/eic.cefet-rj.br\/ppcic\/wp-json\/wp\/v2\/comments?post=3431"}],"version-history":[{"count":6,"href":"https:\/\/eic.cefet-rj.br\/ppcic\/wp-json\/wp\/v2\/pages\/3431\/revisions"}],"predecessor-version":[{"id":5471,"href":"https:\/\/eic.cefet-rj.br\/ppcic\/wp-json\/wp\/v2\/pages\/3431\/revisions\/5471"}],"wp:attachment":[{"href":"https:\/\/eic.cefet-rj.br\/ppcic\/wp-json\/wp\/v2\/media?parent=3431"}],"curies":[{"name":"wp","href":"https:\/\/api.w.org\/{rel}","templated":true}]}}