{"id":32,"date":"2016-05-08T01:55:37","date_gmt":"2016-05-08T04:55:37","guid":{"rendered":"http:\/\/eic.cefet-rj.br\/ppgcc\/?page_id=32"},"modified":"2021-03-30T11:54:17","modified_gmt":"2021-03-30T14:54:17","slug":"infraestrutura","status":"publish","type":"page","link":"https:\/\/eic.cefet-rj.br\/ppcic\/infraestrutura\/","title":{"rendered":"Infraestrutura"},"content":{"rendered":"<blockquote>\n<h3><b>I &#8211; Laborat\u00f3rios<\/b><\/h3>\n<\/blockquote>\n<p><span style=\"font-weight: 400;\">Os alunos do PPCIC disp\u00f5em da seguinte estrutura de laborat\u00f3rios: (i) dois laborat\u00f3rios de Pesquisa (LEIC e LP); (ii) cinco laborat\u00f3rios de ensino, (iii) sala de servidores; (iv) salas de estudo com wifi. Cada um dos laborat\u00f3rios indicados em (i) e (ii) tem aproximadamente 20 computadores.<\/span><\/p>\n<p><span style=\"font-weight: 400;\">Os laborat\u00f3rios indicados em (ii) s\u00e3o multiuso para alunos da Computa\u00e7\u00e3o com espa\u00e7o para proje\u00e7\u00e3o multim\u00eddia e uso de quadro branco. Os computadores dos laborat\u00f3rios indicados em (i) possuem diversos ambientes de programa\u00e7\u00e3o (Python, R, Scala, Java), Banco de Dados (PostgreSQL, MySQL e NoSQL), ferramentas livres como Libre Office, LaTeX e softwares espec\u00edficos para apoiar disciplinas ou pesquisas. Os computadores presentes no laborat\u00f3rio LP t\u00eam infraestrutura de software para torn\u00e1-los cluster Beoulful com 20 n\u00f3s.<\/span><\/p>\n<p><span style=\"font-weight: 400;\">A sala de servidores cont\u00e9m dezesseis servidores dedicados \u00e0 pesquisa e um cluster para processamento de alto desempenho com seis n\u00f3s b\u00e1sicos. Os n\u00f3s b\u00e1sicos s\u00e3o complementados pelo cluster Beoulful, totalizando 30 n\u00f3s. Os servidores servem de backend (servidores de banco de dados e de aplica\u00e7\u00f5es) para as m\u00e1quinas presentes nos laborat\u00f3rios e s\u00e3o 100% dedicados \u00e0s atividades de ensino e pesquisa. Os cinco laborat\u00f3rios indicados em (ii) s\u00e3o de uso compartilhado entre o PPCIC, a gradua\u00e7\u00e3o em Ci\u00eancia da Computa\u00e7\u00e3o e o ensino m\u00e9dio-t\u00e9cnico em Inform\u00e1tica. Dois destes laborat\u00f3rios contam com quadros interativos (quadros inteligentes), possibilitando a utiliza\u00e7\u00e3o de recursos did\u00e1ticos mais sofisticados.<\/span><\/p>\n<p><span style=\"font-weight: 400;\">Esses laborat\u00f3rios t\u00eam recebido, ao longo dos \u00faltimos anos, investimentos que permitiram a aquisi\u00e7\u00e3o de servidor de alto desempenho e de novos equipamentos de multim\u00eddia, a atualiza\u00e7\u00e3o dos computadores e a troca do mobili\u00e1rio e dos condicionadores de ar (splits). A atualiza\u00e7\u00e3o da infraestrutura dos laborat\u00f3rios do CEFET\/RJ tem sido feita com recursos pr\u00f3prios do CEFET\/RJ (seja por pedido direto do CEFET\/RJ, seja por pedido via grupo de pesquisa) e com recursos advindos de projetos de pesquisa financiados por \u00f3rg\u00e3os de fomento como a FAPERJ e CNPq.<\/span><\/p>\n<p><span style=\"font-weight: 400;\">Para o desenvolvimento das atividades de pesquisa, os docentes e discentes do PPCIC podem ainda contar com recursos de um cluster computacional dispon\u00edvel no CEFET\/RJ que foi implantado a partir de um projeto envolvendo a Comunidade Europeia atrav\u00e9s dos Projeto GISELLA.<\/span><\/p>\n<blockquote>\n<h3><b>II &#8211; Recursos de Inform\u00e1tica<\/b><\/h3>\n<\/blockquote>\n<p><span style=\"font-weight: 400;\">Os docentes do Programa podem fazer uso da Plataforma Moodle como apoio \u00e0s disciplinas presenciais ofertadas pelo PPCIC. Esse recurso, que est\u00e1 instalado no servidor do Laborat\u00f3rio de Pesquisa, tamb\u00e9m j\u00e1 vinha sendo utilizado nas disciplinas de gradua\u00e7\u00e3o e de ensino m\u00e9dio-t\u00e9cnico e tem sido amplamente utilizado pelos docentes do PPCIC durante as disciplinas.<\/span><\/p>\n<p><span style=\"font-weight: 400;\">Vale mencionar que todas as salas de aula e audit\u00f3rio disponibilizados pela DIPPG e utilizados pelo Programa encontram-se equipados com recursos fixos de multim\u00eddia. A infraestrutura de inform\u00e1tica para apoio administrativo tamb\u00e9m foi melhorada com a aquisi\u00e7\u00e3o de m\u00e1quinas novas (computadores, scanner, impressoras multifuncionais). Os docentes do Programa contam com salas individuais e com computadores atualizados recentemente atrav\u00e9s de financiamento pr\u00f3prio do CEFET\/RJ.<\/span><\/p>\n<p><span style=\"font-weight: 400;\">Os alunos do PPCIC contam com um espa\u00e7o (Sala de Estudos) na DIPPG com v\u00e1rios computadores \u00e0 disposi\u00e7\u00e3o. Nesse ambiente, os alunos t\u00eam acesso \u00e0 Internet e ao Portal de Peri\u00f3dicos da CAPES. Recursos para impress\u00e3o de trabalhos acad\u00eamicos s\u00e3o tamb\u00e9m disponibilizados neste mesmo ambiente.<\/span><\/p>\n<p><span style=\"font-weight: 400;\">O PPCIC tem \u00e0 disposi\u00e7\u00e3o um sistema de teleconfer\u00eancia instalado na sala de reuni\u00f5es da Diretoria de Pesquisa e P\u00f3s-Gradua\u00e7\u00e3o \u2013 DIPPG. As teleconfer\u00eancias tamb\u00e9m t\u00eam servido como suporte \u00e0s atividades desenvolvidas no Laborat\u00f3rio de Trabalho Colaborativo, proporcionando maior autonomia \u00e0s pesquisas em andamento.<\/span><\/p>\n<p><span style=\"font-weight: 400;\">Tal infraestrutura \u00e9 importante, uma vez que desde 2017 foram aprovadas normas de defesas a dist\u00e2ncia de disserta\u00e7\u00f5es e teses. Tais normas entram em sintonia com as normas de apoio \u00e0 internacionaliza\u00e7\u00e3o para os Programas de P\u00f3s-gradua\u00e7\u00e3o que possibilitam textos e defesas em ingl\u00eas.<\/span><\/p>\n<blockquote>\n<h3><b>III &#8211; Bibliotecas<\/b><\/h3>\n<\/blockquote>\n<p><span style=\"font-weight: 400;\">A Biblioteca Central do CEFET\/RJ funciona no quarto andar do Bloco E. Al\u00e9m do espa\u00e7o individual de leitura, conta com sala de estudos, dois minis audit\u00f3rios, um audit\u00f3rio maior, um setor de multim\u00eddia, \u00e1udio e v\u00eddeo e um setor para consulta virtual. Desde 2010, quando foi implantado o Sistema Phoenix de Bibliotecas, encontra-se disponibilizada a consulta online ao acervo das bibliotecas que comp\u00f5em o sistema CEFET\/RJ (Biblioteca Central e bibliotecas dos Campi). Ao longo dos \u00faltimos anos, a Biblioteca vem contando com investimentos constantes para amplia\u00e7\u00e3o de seu acervo.<\/span><\/p>\n<p><span style=\"font-weight: 400;\">No que se refere especificamente \u00e0s demandas do PPCIC, os t\u00edtulos podem ser adquiridos a partir de pedidos feitos pelo Programa, pelas coordena\u00e7\u00f5es de gradua\u00e7\u00e3o e pelos grupos de pesquisa do CEFET\/RJ. H\u00e1 que se ressaltar que a verba destinada \u00e0 pesquisa no CEFET\/RJ \u00e9 distribu\u00edda entre os diversos grupos de pesquisa mediante crit\u00e9rios estabelecidos em edital, possibilitando aos grupos a aquisi\u00e7\u00e3o de bibliografia, equipamentos e servi\u00e7os necess\u00e1rios para a realiza\u00e7\u00e3o das atividades de pesquisa. H\u00e1 que se destacar o Portal de Peri\u00f3dicos da CAPES que tem suprido muitas das necessidades de pesquisa bibliogr\u00e1fica do curso, podendo ser acessado da sala dos alunos ou de qualquer outro computador da Institui\u00e7\u00e3o.<\/span><\/p>\n<p><span style=\"font-weight: 400;\">Ao todo, s\u00e3o mais de 18.052 t\u00edtulos, 64.123 exemplares, sendo 497 espec\u00edficos para computa\u00e7\u00e3o. Em termos de acesso aos peri\u00f3dicos e artigos de confer\u00eancia, todas as principais bases da Computa\u00e7\u00e3o, IEEE, ACM, Scopus, Science Direct, Springer e Wiley s\u00e3o acess\u00edveis a partir de qualquer computador dentro do CEFET\/RJ ou remotamente via rede CAFe a partir do portal CAPES.<\/span><\/p>\n<p><span style=\"font-weight: 400;\">A Biblioteca do CEFET\/RJ vem promovendo cursos e palestras sobre as bases do Portal de Peri\u00f3dicos da Capes visando uma melhor utiliza\u00e7\u00e3o e aproveitamento das ferramentas disponibilizadas.<\/span><\/p>\n<blockquote>\n<h3><b>IV &#8211; Outras informa\u00e7\u00f5es<\/b><\/h3>\n<\/blockquote>\n<p><span style=\"font-weight: 400;\">No que tange ao apoio administrativo, o PPCIC conta com uma Secretaria Administrativa com funcion\u00e1rios para atendimento aos discentes\/docentes e opera\u00e7\u00e3o do sistema acad\u00eamico do Programa. O espa\u00e7o administrativo possui sala de reuni\u00f5es.<\/span><\/p>\n<p><span style=\"font-weight: 400;\">Al\u00e9m de espa\u00e7o para sala de reuni\u00f5es, o Programa tamb\u00e9m conta com a infraestrutura de um Audit\u00f3rio amplo com capacidade para 80 pessoas e equipado para realiza\u00e7\u00e3o de videoconfer\u00eancias.<\/span><\/p>\n<p><span style=\"font-weight: 400;\">O CEFET\/RJ disponibiliza um Setor de Comunica\u00e7\u00e3o e a TV CEFET\/RJ cujos servi\u00e7os podem ser solicitados pelo PPCIC para dar apoio e fazer divulga\u00e7\u00e3o de eventos e a\u00e7\u00f5es promovidas pelo Programa.<\/span><\/p>\n<p><span style=\"font-weight: 400;\">O Programa ainda pode contar com a infraestrutura de institui\u00e7\u00f5es com as quais o PPCIC tem rela\u00e7\u00f5es de parceria (ver se\u00e7\u00e3o de interc\u00e2mbio e conv\u00eanio).<\/span><\/p>\n<p><span style=\"font-weight: 400;\">Cabe ressaltar que a estrutura laboratorial, recursos de inform\u00e1tica e bibliotecas atendem tanto ao cen\u00e1rio atual como tamb\u00e9m ao cen\u00e1rio de crescimento esperado pelo Programa para as metas de longo prazo previamente estabelecidas.<\/span><\/p>\n","protected":false},"excerpt":{"rendered":"<p>I &#8211; Laborat\u00f3rios Os alunos do PPCIC disp\u00f5em da seguinte estrutura de laborat\u00f3rios: (i) dois laborat\u00f3rios de Pesquisa (LEIC e LP); (ii) cinco laborat\u00f3rios de ensino, (iii) sala de servidores; (iv) salas de estudo com wifi. Cada um dos laborat\u00f3rios indicados em (i) e (ii) tem aproximadamente 20 computadores. Os laborat\u00f3rios indicados em (ii) s\u00e3o [&hellip;]<\/p>\n","protected":false},"author":3,"featured_media":0,"parent":0,"menu_order":0,"comment_status":"closed","ping_status":"closed","template":"","meta":{"_monsterinsights_skip_tracking":false,"_monsterinsights_sitenote_active":false,"_monsterinsights_sitenote_note":"","_monsterinsights_sitenote_category":0,"footnotes":""},"class_list":["post-32","page","type-page","status-publish","hentry"],"_links":{"self":[{"href":"https:\/\/eic.cefet-rj.br\/ppcic\/wp-json\/wp\/v2\/pages\/32","targetHints":{"allow":["GET"]}}],"collection":[{"href":"https:\/\/eic.cefet-rj.br\/ppcic\/wp-json\/wp\/v2\/pages"}],"about":[{"href":"https:\/\/eic.cefet-rj.br\/ppcic\/wp-json\/wp\/v2\/types\/page"}],"author":[{"embeddable":true,"href":"https:\/\/eic.cefet-rj.br\/ppcic\/wp-json\/wp\/v2\/users\/3"}],"replies":[{"embeddable":true,"href":"https:\/\/eic.cefet-rj.br\/ppcic\/wp-json\/wp\/v2\/comments?post=32"}],"version-history":[{"count":39,"href":"https:\/\/eic.cefet-rj.br\/ppcic\/wp-json\/wp\/v2\/pages\/32\/revisions"}],"predecessor-version":[{"id":4120,"href":"https:\/\/eic.cefet-rj.br\/ppcic\/wp-json\/wp\/v2\/pages\/32\/revisions\/4120"}],"wp:attachment":[{"href":"https:\/\/eic.cefet-rj.br\/ppcic\/wp-json\/wp\/v2\/media?parent=32"}],"curies":[{"name":"wp","href":"https:\/\/api.w.org\/{rel}","templated":true}]}}