{"id":3006,"date":"2020-02-04T20:48:33","date_gmt":"2020-02-04T23:48:33","guid":{"rendered":"https:\/\/eic.cefet-rj.br\/ppcic\/?page_id=3006"},"modified":"2021-03-30T12:12:51","modified_gmt":"2021-03-30T15:12:51","slug":"egressos","status":"publish","type":"page","link":"https:\/\/eic.cefet-rj.br\/ppcic\/egressos\/","title":{"rendered":"Egressos"},"content":{"rendered":"<p><span style=\"font-weight: 400;\">O Mestrado em Ci\u00eancia da Computa\u00e7\u00e3o (MCIC) visa formar egressos altamente qualificados no desenvolvimento de pesquisa b\u00e1sica e aplicada na fronteira do conhecimento em Ci\u00eancia da Computa\u00e7\u00e3o com \u00eanfase em Ci\u00eancia de Dados.\u00a0<\/span><\/p>\n<p><span style=\"font-weight: 400;\">Por conta disso, um dos pontos importantes \u00e9 o acompanhamento dos egressos do curso (importante no contexto de autoavalia\u00e7\u00e3o do Programa), de modo a perceber o potencial acad\u00eamico e profissional que o MCIC tem junto \u00e0 comunidade que o curso pretende atender. As a\u00e7\u00f5es de acompanhamento visam avaliar a inser\u00e7\u00e3o dos egressos do MCIC no mundo cient\u00edfico, acad\u00eamico e profissional de modo a diagnosticar as frequentes mudan\u00e7as e necessidades nesses eixos. Essa avalia\u00e7\u00e3o subsidia a revis\u00e3o e organiza\u00e7\u00e3o curricular do MCIC. Adicionalmente, como a forma\u00e7\u00e3o de egressos de Ci\u00eancia da Computa\u00e7\u00e3o com \u00eanfase em Ci\u00eancia de Dados \u00e9 bem recente no Brasil, o Programa constantemente verifica a ader\u00eancia dos egressos ao mercado de trabalho em suas diversas matizes.<\/span><\/p>\n<p><span style=\"font-weight: 400;\">Al\u00e9m disso, desde a concep\u00e7\u00e3o, o MCIC realiza a\u00e7\u00f5es no sentido de promover um bom acompanhamento de seus discentes e egressos. J\u00e1 na matr\u00edcula s\u00e3o solicitadas informa\u00e7\u00f5es socioecon\u00f4micas dos discentes. A partir das informa\u00e7\u00f5es coletadas constru\u00edmos o perfil dos discentes e o comparamos com o perfil dos egressos. A estrat\u00e9gia b\u00e1sica de monitoramento e acompanhamento de egresso se faz por meio de question\u00e1rios enviado aos mesmos, a cada fim de ano, assim como acompanhamento via Lattes, Linked-in e Research Gate. Tal an\u00e1lise \u00e9 feita anualmente para que seja poss\u00edvel ver o grau de empregabilidade, inser\u00e7\u00e3o no mercado e de desenvolvimento de carreira dos egressos do PPCIC. Al\u00e9m disso, \u00e9 plano desse curso que tal acompanhamento se consolide de forma organizacional, formando-se um grupo coeso e organizado de ex-estudantes que auxiliem na divulga\u00e7\u00e3o, apoio e assist\u00eancia aos futuros ingressos.<\/span><\/p>\n<p><span style=\"font-weight: 400;\">Como fruto do trabalho de acompanhamento dos egressos, j\u00e1 foram catalogadas v\u00e1rias informa\u00e7\u00f5es. O Programa j\u00e1 teve 14 egressos at\u00e9 2019. Em linhas gerais, todos os egressos j\u00e1 melhoraram seu posicionamento na carreira (contrata\u00e7\u00f5es, promo\u00e7\u00f5es, trocas de emprego). Aproximadamente 20% dos egressos decidem fazer o Doutorado na sequ\u00eancia. Como indica\u00e7\u00e3o da qualidade do trabalho desenvolvido pelos discentes do Programa, pode-se destacar o progresso desses outros egressos que aproveitaram de forma significativa seu aprendizado no MCIC, tais como:<\/span><\/p>\n<ul>\n<li style=\"font-weight: 400;\"><span style=\"font-weight: 400;\">Flavio Matias Damasceno de Carvalho publicou, durante o seu per\u00edodo de mestrado, mais de dez artigos cient\u00edficos com qualis, tendo apresentado parte deles em confer\u00eancias internacionais. Sua produ\u00e7\u00e3o t\u00e9cnica, fruto da disserta\u00e7\u00e3o de mestrado, se encontra publicada na p\u00e1gina do software produzido pelo psic\u00f3logo americano James W. Pennebaker<\/span><span style=\"font-weight: 400;\">;<\/span><\/li>\n<li style=\"font-weight: 400;\"><span style=\"font-weight: 400;\">Rafael Guimar\u00e3es Rodrigues defendeu sua disserta\u00e7\u00e3o de mestrado com 19 meses, sendo o primeiro aluno a defender o mestrado no PPCIC. Durante seu mestrado, obteve 12 artigos cient\u00edficos publicados em confer\u00eancias com qualis e um artigo aprovado para publica\u00e7\u00e3o no peri\u00f3dico IEEE Latin America Transactions. Al\u00e9m disso, obteve o pr\u00eamio de melhor artigo no KDMiLe 2017;<\/span><\/li>\n<li style=\"font-weight: 400;\"><span style=\"font-weight: 400;\">Raphael Silva de Abreu, que foi premiado como melhor disserta\u00e7\u00e3o do I Concurso de Teses e Disserta\u00e7\u00f5es do XXV Simp\u00f3sio Brasileiro de Sistemas Multim\u00eddia e Web. Relativo \u00e0s suas publica\u00e7\u00f5es nos \u00faltimos tr\u00eas anos possui sete artigos e h-index 2 no Scopus, o que mede o impacto imediato das suas publica\u00e7\u00f5es<\/span><span style=\"font-weight: 400;\">;<\/span><\/li>\n<li style=\"font-weight: 400;\"><span style=\"font-weight: 400;\">Rebecca Pontes Salles iniciou o seu doutorado no CEFET\/RJ no mesmo ano que defendeu sua disserta\u00e7\u00e3o (2019). Os seus principais artigos publicados no escopo do seu mestrado j\u00e1 alcan\u00e7aram h-index 3 no Scopus e Web of Science, o que mede o impacto imediato das suas publica\u00e7\u00f5es. Tamb\u00e9m disponibilizou o pacote em R para predi\u00e7\u00e3o de s\u00e9ries temporais (TSPred) que hoje tem mais 2000 downloads por m\u00eas;<\/span><\/li>\n<li style=\"font-weight: 400;\"><span style=\"font-weight: 400;\">Wellington Souza Amaral, que em seu \u00f3rg\u00e3o de trabalho (TCE), viabilizou a aprova\u00e7\u00e3o de um Projeto no Edital de Pesquisa da Escola de Contas e Gest\u00e3o\/TCE-RJ, Edital n\u00ba 01\/2019 no valor R$ 30.000,00 para pesquisas em Ci\u00eancia de Dados. Tal edital formou uma nova liga\u00e7\u00e3o entre o TCE-RJ e o CEFET\/RJ, tendo a participa\u00e7\u00e3o dos docentes Leonardo Lima e Eduardo Bezerra;<\/span><\/li>\n<\/ul>\n<p><span style=\"font-weight: 400;\">Dentre os 14 egressos, seis foram bolsistas do programa, seja com bolsa CAPES ou oriunda de recurso pr\u00f3prio do CEFET\/RJ. O tempo m\u00e9dio de forma\u00e7\u00e3o dos bolsistas \u00e9 de 28 meses e, desde seu ingresso no programa, produziram 21 artigos cient\u00edficos. Ao longo de 2020 \u00e9 esperada a forma\u00e7\u00e3o de outros seis bolsistas. H\u00e1 uma expectativa de mais de dez formandos ao longo de 2020, totalizando cerca de 24 egressos at\u00e9 o final de 2020. Cabe ressaltar que o MCIC (criado no final de 2016) passou a entrar em fluxo em 2019, i.e., novos alunos entrando no Programa, alunos no meio da pesquisa e alunos em conclus\u00e3o. Desta forma, considerando-se a m\u00e9dia de formandos nos anos de 2019 e 2020, o MCIC apresenta um n\u00famero de titulados compat\u00edvel com o tamanho do seu corpo docente e os demais Programas n\u00edvel 4.\u00a0<\/span><\/p>\n<p><span style=\"font-weight: 400;\">No que tange a produ\u00e7\u00e3o de conhecimento, o regulamento do Programa exige que os discentes de mestrado apenas possam marcar as suas bancas para defesa quando tiverem artigos cient\u00edficos qualificados ou, alternativamente, submetam os seus artigos potencialmente public\u00e1veis para avalia\u00e7\u00e3o pelo colegiado do Programa. Isso se traduz no alto percentual de egressos com publica\u00e7\u00e3o e no crescente n\u00famero de discentes com produ\u00e7\u00e3o qualificada.\u00a0<\/span><\/p>\n<p><span style=\"font-weight: 400;\">Finalmente, o interesse no Acompanhamento de Egressos tamb\u00e9m est\u00e1 contemplado na pol\u00edtica institucional. Desde 2017, a Diretoria de Gest\u00e3o Estrat\u00e9gica do CEFET\/RJ iniciou um programa de acompanhamento dos ex-alunos da Institui\u00e7\u00e3o, nos tr\u00eas n\u00edveis de ensino (p\u00f3s-gradua\u00e7\u00e3o, gradua\u00e7\u00e3o e m\u00e9dio\/t\u00e9cnico), visando coletar dados e gerar indicadores sobre o destino dos egressos e sua inser\u00e7\u00e3o e desempenho no mercado de trabalho. No escopo desse programa institucional, diversas outras a\u00e7\u00f5es est\u00e3o sendo planejadas de modo que as experi\u00eancias desses egressos possam ser compartilhadas com os atuais discentes.<\/span><\/p>\n<p><span style=\"font-weight: 400;\">Vale mencionar que esse programa de acompanhamento de egressos que est\u00e1 sendo implantado no CEFET\/RJ tamb\u00e9m foi objeto de uma proposta submetida \u00e0 Chamada P\u00fablica SETEC-MEC 01\/2017 \u2013 Capacita\u00e7\u00e3o em Gest\u00e3o da Inova\u00e7\u00e3o, tendo sido bem-avaliada e selecionada por um comit\u00ea composto por membros da <\/span><i><span style=\"font-weight: 400;\">Steinbeis University Berlin \u2013 School of International Business and Entrepreneurship<\/span><\/i><span style=\"font-weight: 400;\"> (Alemanha).<\/span><\/p>\n<p><span style=\"font-weight: 400;\">Outra iniciativa nesse sentido \u00e9 a participa\u00e7\u00e3o dos egressos nos workshops (WEIC) e semin\u00e1rios (SEIC) da Escola de Inform\u00e1tica e Computa\u00e7\u00e3o (EIC), organizados pelos docentes do PPCIC. A partir de 2020 \u00e9 separado um per\u00edodo no WEIC para comemora\u00e7\u00e3o do dia do egresso do MCIC. <\/span><\/p>\n<p>&nbsp;<\/p>\n<hr \/>\n<ul>\n<li><a href=\"https:\/\/eic.cefet-rj.br\/ppcic\/index.php\/lista-de-egressos\/\"><strong>Lista de Egressos<\/strong><\/a><\/li>\n<li><a href=\"https:\/\/eic.cefet-rj.br\/ppcic\/index.php\/category\/defesas\/\"><strong>Defesas<\/strong><\/a><\/li>\n<\/ul>\n","protected":false},"excerpt":{"rendered":"<p>O Mestrado em Ci\u00eancia da Computa\u00e7\u00e3o (MCIC) visa formar egressos altamente qualificados no desenvolvimento de pesquisa b\u00e1sica e aplicada na fronteira do conhecimento em Ci\u00eancia da Computa\u00e7\u00e3o com \u00eanfase em Ci\u00eancia de Dados.\u00a0 Por conta disso, um dos pontos importantes \u00e9 o acompanhamento dos egressos do curso (importante no contexto de autoavalia\u00e7\u00e3o do Programa), de [&hellip;]<\/p>\n","protected":false},"author":4,"featured_media":0,"parent":0,"menu_order":0,"comment_status":"closed","ping_status":"closed","template":"","meta":{"_monsterinsights_skip_tracking":false,"_monsterinsights_sitenote_active":false,"_monsterinsights_sitenote_note":"","_monsterinsights_sitenote_category":0,"footnotes":""},"class_list":["post-3006","page","type-page","status-publish","hentry"],"_links":{"self":[{"href":"https:\/\/eic.cefet-rj.br\/ppcic\/wp-json\/wp\/v2\/pages\/3006","targetHints":{"allow":["GET"]}}],"collection":[{"href":"https:\/\/eic.cefet-rj.br\/ppcic\/wp-json\/wp\/v2\/pages"}],"about":[{"href":"https:\/\/eic.cefet-rj.br\/ppcic\/wp-json\/wp\/v2\/types\/page"}],"author":[{"embeddable":true,"href":"https:\/\/eic.cefet-rj.br\/ppcic\/wp-json\/wp\/v2\/users\/4"}],"replies":[{"embeddable":true,"href":"https:\/\/eic.cefet-rj.br\/ppcic\/wp-json\/wp\/v2\/comments?post=3006"}],"version-history":[{"count":9,"href":"https:\/\/eic.cefet-rj.br\/ppcic\/wp-json\/wp\/v2\/pages\/3006\/revisions"}],"predecessor-version":[{"id":4125,"href":"https:\/\/eic.cefet-rj.br\/ppcic\/wp-json\/wp\/v2\/pages\/3006\/revisions\/4125"}],"wp:attachment":[{"href":"https:\/\/eic.cefet-rj.br\/ppcic\/wp-json\/wp\/v2\/media?parent=3006"}],"curies":[{"name":"wp","href":"https:\/\/api.w.org\/{rel}","templated":true}]}}