{"id":280,"date":"2016-06-18T11:39:51","date_gmt":"2016-06-18T14:39:51","guid":{"rendered":"http:\/\/eic.cefet-rj.br\/ppgcc\/?page_id=280"},"modified":"2026-01-07T17:26:48","modified_gmt":"2026-01-07T20:26:48","slug":"documentos","status":"publish","type":"page","link":"https:\/\/eic.cefet-rj.br\/ppcic\/documentos\/","title":{"rendered":"Documentos"},"content":{"rendered":"<blockquote>\n<h3><strong>CAPES &#8211; Documento de \u00c1rea e Avalia\u00e7\u00e3o<\/strong><\/h3>\n<\/blockquote>\n<ul>\n<li><a href=\"http:\/\/www.capes.gov.br\/images\/documentos\/Documentos_de_area_2017\/COMP_docarea_2016.pdf\">Documento de \u00c1rea da Ci\u00eancia da Computa\u00e7\u00e3o<\/a><\/li>\n<li><a href=\"http:\/\/www.capes.gov.br\/images\/documentos\/Relatorios_quadrienal_2017\/RELATORIO_QUADRIENAL_COMPUTACAO.pdf\">Relat\u00f3rio de Avalia\u00e7\u00e3o<\/a><\/li>\n<li><a href=\"https:\/\/www.capes.gov.br\/avaliacao\/sobre-as-areas-de-avaliacao\/75-dav\/caa3\/4656-ciencia-da-computacao\">CAPES &#8211; Ci\u00eancia da Computa\u00e7\u00e3o<\/a><\/li>\n<\/ul>\n<blockquote>\n<h3><strong>CAPES &#8211; Regulamentos, Portarias e Of\u00edcios<\/strong><\/h3>\n<\/blockquote>\n<ul>\n<li><a href=\"https:\/\/capes.gov.br\/avaliacao\/sobre-a-avaliacao\/legislacao-especifica\">Legisla\u00e7\u00e3o espec\u00edfica<\/a><\/li>\n<\/ul>\n<blockquote>\n<h3><strong>CEFET\/RJ &#8211; Resolu\u00e7\u00f5es do Conselho Diretor<\/strong><\/h3>\n<\/blockquote>\n<ul>\n<li><a href=\"http:\/\/www.cefet-rj.br\/arquivos_download\/instituicao\/codir\/resolucoes\/2014\/Resolucao_32_2014.pdf\">Resolu\u00e7\u00e3o CODIR 32\/2014<\/a><\/li>\n<li><a href=\"http:\/\/www.cefet-rj.br\/arquivos_download\/instituicao\/codir\/resolucoes\/2016\/Resolucao%2004_2016_CODIR.pdf\">Resolu\u00e7\u00e3o CODIR 04\/2016<\/a><\/li>\n<\/ul>\n<blockquote>\n<h3><strong>CEFET\/RJ &#8211; Normais Gerais da Diretoria de Pesquisa (DIPPG)<\/strong><\/h3>\n<\/blockquote>\n<ul>\n<li><a href=\"http:\/\/dippg.cefet-rj.br\/index.php\/pt\/documentos\">Regulamento Geral da P\u00f3s-Gradua\u00e7\u00e3o<\/a><\/li>\n<li><a href=\"http:\/\/dippg.cefet-rj.br\/index.php\/pt\/documentos\">Normas para Concess\u00e3o de Bolsas<\/a><\/li>\n<li><a href=\"http:\/\/dippg.cefet-rj.br\/index.php\/pt\/documentos\">Normas de Est\u00e1gio em Doc\u00eancia<\/a><\/li>\n<li><a href=\"http:\/\/dippg.cefet-rj.br\/index.php\/pt\/documentos-depog\">Defesa via videoconfer\u00eancia<\/a><\/li>\n<li><a href=\"http:\/\/eic.cefet-rj.br\/ppcic\/wp-content\/uploads\/2016\/06\/RepresentacaoDiscenteCOPEP.pdf\">Regulamento para elei\u00e7\u00e3o de representante discente do COPEP<\/a><\/li>\n<li><a href=\"http:\/\/dippg.cefet-rj.br\/index.php\/pt\/documentos\">Regulamento para elei\u00e7\u00e3o de representante discente<\/a><\/li>\n<\/ul>\n<blockquote>\n<h3><strong>CEFET\/RJ &#8211;\u00a0Normais Espec\u00edficas do Programa (PPCIC)<\/strong><\/h3>\n<\/blockquote>\n<ul>\n<li><a href=\"https:\/\/suap.cefet-rj.br\/djtools\/process_progress\/1\/19288dd1-c00d-4192-af37-96aaa8fcd2e3\/\">Regulamento Espec\u00edfico do Programa<\/a> <a href=\"https:\/\/eic.cefet-rj.br\/ppcic\/wp-content\/uploads\/2026\/01\/regulamento_especifico_PPCIC.pdf\"><img decoding=\"async\" class=\"\" src=\"https:\/\/media.istockphoto.com\/id\/844294300\/vector\/download-icon-isolated-vector.jpg?s=612x612&amp;w=0&amp;k=20&amp;c=VCmvy8uEoTQnt9W0kZzjEBplN_opDkGKF_eQTLfkivs=\" alt=\"278,800+ Downloading Stock Illustrations, Royalty-Free Vector Graphics &amp;  Clip Art - iStock | Upload icon, Upload photo, File upload\" width=\"19\" height=\"19\" \/><\/a><br \/>\n<em>(Aprovado na 5\u00aa reuni\u00e3o ordin\u00e1ria de 2023 do programa e homologado pelo <a href=\"https:\/\/suap.cefet-rj.br\/djtools\/process_progress\/1\/13a6411b-1824-444a-ad63-1d1dc943e4ad\/\">Ato 76\/2023 &#8211; COPEP\/DIPPG\/CEFET\/RJ<\/a> <\/em><em>)<\/em><\/li>\n<li><a href=\"https:\/\/suap.cefet-rj.br\/djtools\/process_progress\/1\/4de3a149-ca99-404a-8fe3-6f0256755058\/\">Normativa Espec\u00edfica para Credenciamento\/Recredenciamento de Docente<\/a>\u00a0<a href=\"https:\/\/eic.cefet-rj.br\/ppcic\/wp-content\/uploads\/2026\/01\/instrucao_normativa_de_credenciamento_e_recredenciamento_docente_PPCIC.pdf\"><img decoding=\"async\" class=\"\" src=\"https:\/\/media.istockphoto.com\/id\/844294300\/vector\/download-icon-isolated-vector.jpg?s=612x612&amp;w=0&amp;k=20&amp;c=VCmvy8uEoTQnt9W0kZzjEBplN_opDkGKF_eQTLfkivs=\" alt=\"278,800+ Downloading Stock Illustrations, Royalty-Free Vector Graphics &amp;  Clip Art - iStock | Upload icon, Upload photo, File upload\" width=\"19\" height=\"19\" \/><\/a><br \/>\n<em>(Instru\u00e7\u00e3o Normativa N\u00ba 1\/2024 &#8211; PPCIC\/DEPOG\/DIPPG\/CEFET\/RJ, de 12 de dezembro de 2024, homologada pelo\u00a0<a href=\"https:\/\/suap.cefet-rj.br\/djtools\/process_progress\/1\/6b9760a1-07d6-4fa4-9d03-c1d2e480a2e1\/\">Ato 30\/2024 &#8211; COPEP\/DIPPG\/CEFET\/RJ<\/a> <\/em><em>)<\/em><\/li>\n<li><a href=\"https:\/\/suap.cefet-rj.br\/djtools\/process_progress\/1\/5ea62c29-653f-4172-92c2-7b68bde5c6c3\/\">Normativa Espec\u00edfica de Produ\u00e7\u00e3o Intelectual Discente<\/a>\u00a0<a href=\"https:\/\/eic.cefet-rj.br\/ppcic\/wp-content\/uploads\/2026\/01\/instrucao_normativa_de_producao_intelectual_discente_PPCIC.pdf\"><img decoding=\"async\" class=\"\" src=\"https:\/\/media.istockphoto.com\/id\/844294300\/vector\/download-icon-isolated-vector.jpg?s=612x612&amp;w=0&amp;k=20&amp;c=VCmvy8uEoTQnt9W0kZzjEBplN_opDkGKF_eQTLfkivs=\" alt=\"278,800+ Downloading Stock Illustrations, Royalty-Free Vector Graphics &amp;  Clip Art - iStock | Upload icon, Upload photo, File upload\" width=\"19\" height=\"19\" \/><\/a><br \/>\n<em>(Instru\u00e7\u00e3o Normativa N\u00ba 2\/2024 &#8211; PPCIC\/DEPOG\/DIPPG\/CEFET\/RJ, de 12 de dezembro de 2024, homologada pelo\u00a0<a href=\"https:\/\/suap.cefet-rj.br\/djtools\/process_progress\/1\/6b9760a1-07d6-4fa4-9d03-c1d2e480a2e1\/\">Ato 30\/2024 &#8211; COPEP\/DIPPG\/CEFET\/RJ<\/a>)<\/em><\/li>\n<li><a href=\"https:\/\/suap.cefet-rj.br\/djtools\/process_progress\/1\/cbd9baa8-21e9-4aeb-bee1-e8e6883b92f6\/\">Normativa Espec\u00edfica de Comprova\u00e7\u00e3o de Profici\u00eancia em Ingl\u00eas<\/a>\u00a0<a href=\"https:\/\/eic.cefet-rj.br\/ppcic\/wp-content\/uploads\/2026\/01\/instrucao_normativa_de_comprovacao_proficiencia_ingles_PPCIC.pdf\"><img decoding=\"async\" class=\"\" src=\"https:\/\/media.istockphoto.com\/id\/844294300\/vector\/download-icon-isolated-vector.jpg?s=612x612&amp;w=0&amp;k=20&amp;c=VCmvy8uEoTQnt9W0kZzjEBplN_opDkGKF_eQTLfkivs=\" alt=\"278,800+ Downloading Stock Illustrations, Royalty-Free Vector Graphics &amp;  Clip Art - iStock | Upload icon, Upload photo, File upload\" width=\"19\" height=\"19\" \/><\/a><br \/>\n<em>(Instru\u00e7\u00e3o Normativa N\u00ba 3\/2024 &#8211; PPCIC\/DEPOG\/DIPPG\/CEFET\/RJ, de 12 de dezembro de 2024, homologada pelo\u00a0<a href=\"https:\/\/suap.cefet-rj.br\/djtools\/process_progress\/1\/6b9760a1-07d6-4fa4-9d03-c1d2e480a2e1\/\">Ato 30\/2024 &#8211; COPEP\/DIPPG\/CEFET\/RJ<\/a>)<\/em><\/li>\n<li><a href=\"https:\/\/suap.cefet-rj.br\/djtools\/process_progress\/1\/ccaff875-c3a0-4161-ac18-502a34fc4624\/\">Normativa Espec\u00edfica para Concess\u00e3o de Bolsas<\/a>\u00a0<a href=\"https:\/\/eic.cefet-rj.br\/ppcic\/wp-content\/uploads\/2026\/01\/instrucao_normativa_para_concessao_de_bolsas_PPCIC.pdf\"><img decoding=\"async\" class=\"\" src=\"https:\/\/media.istockphoto.com\/id\/844294300\/vector\/download-icon-isolated-vector.jpg?s=612x612&amp;w=0&amp;k=20&amp;c=VCmvy8uEoTQnt9W0kZzjEBplN_opDkGKF_eQTLfkivs=\" alt=\"278,800+ Downloading Stock Illustrations, Royalty-Free Vector Graphics &amp;  Clip Art - iStock | Upload icon, Upload photo, File upload\" width=\"19\" height=\"19\" \/><\/a><br \/>\n<em>(Instru\u00e7\u00e3o Normativa No 4\/2024 &#8211; PPCIC\/DEPOG\/DIPPG\/CEFET\/RJ, de 12 de dezembro de 2024, homologada pelo\u00a0<a href=\"https:\/\/suap.cefet-rj.br\/djtools\/process_progress\/1\/6b9760a1-07d6-4fa4-9d03-c1d2e480a2e1\/\">Ato 30\/2024 &#8211; COPEP\/DIPPG\/CEFET\/RJ<\/a>)<\/em><\/li>\n<\/ul>\n<blockquote>\n<h3><strong>Modelos para Disserta\u00e7\u00f5es eTeses<\/strong><\/h3>\n<\/blockquote>\n<ul>\n<li><a href=\"http:\/\/dippg.cefet-rj.br\/index.php\/pt\/documentos-depog\">Normas para Elabora\u00e7\u00e3o de Teses e Disserta\u00e7\u00f5es<\/a><\/li>\n<li><a href=\"https:\/\/www.overleaf.com\/gallery?q=CEFET%2FRJ\">Templates para Disserta\u00e7\u00f5es, Teses e Artigos da SBC em LaTeX<\/a><\/li>\n<\/ul>\n<blockquote>\n<h3><strong>Regras Gerais das\u00a0Disciplinas de Mestrado<\/strong><\/h3>\n<\/blockquote>\n<p>O(A) aluno(a) do Mestrado dever\u00e1 cursar um conjunto de disciplinas, entre as do n\u00facleo b\u00e1sico e do n\u00facleo espec\u00edfico, escolhidas com a concord\u00e2ncia do Professor-Orientador. O(A) aluno(a) deve integralizar um total de cr\u00e9ditos igual ou superior a 24 cr\u00e9ditos, assim distribu\u00eddos:<\/p>\n<ul>\n<li>3 (tr\u00eas) cr\u00e9ditos na disciplina obrigat\u00f3ria de An\u00e1lise e Projeto de Algoritmos<\/li>\n<li>m\u00ednimo de 6 (seis) cr\u00e9ditos em disciplinas do n\u00facleo b\u00e1sico;<\/li>\n<li>demais cr\u00e9ditos podem ser complementados com disciplinas do n\u00facleo espec\u00edfico.<\/li>\n<\/ul>\n<p>O(A) aluno(a) do Mestrado dever\u00e1 elaborar e defender a <em>Proposta de Disserta\u00e7\u00e3o de Mestrado<\/em>. A defesa da <em>Proposta de Disserta\u00e7\u00e3o de Mestrado <\/em>fica condicionada ao cumprimento das seguintes condi\u00e7\u00f5es:<\/p>\n<ul>\n<li>De prazo: m\u00ednimo de 06 (seis) meses contados a partir do seu ingresso no MCIC e m\u00e1ximo de 2 (dois) meses antes da<em> Defesa da Disserta\u00e7\u00e3o<\/em>;<\/li>\n<li>De cr\u00e9ditos: ter integralizado os cr\u00e9ditos de disciplinas do n\u00facleo b\u00e1sico, a disciplina obrigat\u00f3ria de An\u00e1lise e Projeto<br \/>\nde Algoritmos, e obtido, no m\u00ednimo, 15 (quinze) cr\u00e9ditos em disciplinas;<\/li>\n<\/ul>\n<p>O(A) aluno(a) do Mestrado tamb\u00e9m poder\u00e1 se inscrever na disciplina <em>Estudo Orientado. <\/em>A disciplina \u00e9 destinada ao desenvolvimento de tarefas espec\u00edficas focadas no tema de pesquisa dos(as) discentes do Programa. A inscri\u00e7\u00e3o nesta disciplina dever\u00e1 ser feita com o docente respons\u00e1vel pela orienta\u00e7\u00e3o e poder\u00e1 ser renovada em per\u00edodos letivos subsequentes ou n\u00e3o at\u00e9 a defesa de <em>Proposta de Disserta\u00e7\u00e3o de Mestrado<\/em>. Ser\u00e1 permitido a obten\u00e7\u00e3o de, no m\u00e1ximo, 6 cr\u00e9ditos com a disciplina Estudo Orientado.<\/p>\n<p>O(A) aluno(a), ap\u00f3s ter integralizado os 24 cr\u00e9ditos, dever\u00e1 inscrever-se na disciplina <em>Pesquisa para Disserta\u00e7\u00e3o de Mestrado<\/em>, em todos os per\u00edodos letivos subsequentes at\u00e9 a realiza\u00e7\u00e3o da Defesa.<\/p>\n<p>O(A) aluno(a) do Mestrado dever\u00e1 elaborar e defender a <em>Disserta\u00e7\u00e3o de Mestrado<\/em>. A defesa da <em>Disserta\u00e7\u00e3o de Mestrado <\/em>fica condicionada ao cumprimento das seguintes condi\u00e7\u00f5es:<\/p>\n<ul>\n<li>Estar inscrito(a) na disciplina <em>Pesquisa para Disserta\u00e7\u00e3o de Mestrado<\/em>;<\/li>\n<li>Ter defendido a <em>Proposta de Disserta\u00e7\u00e3o de Mestrado <\/em>at\u00e9 2 (dois) meses antes;<\/li>\n<li>Cumprir a pontua\u00e7\u00e3o m\u00ednima referente \u00e0 produ\u00e7\u00e3o intelectual exigida pelo PPCIC conforme estabelecido em normativa espec\u00edfica do programa para este fim;<\/li>\n<li>Apresentar a comprova\u00e7\u00e3o de profici\u00eancia em l\u00edngua inglesa, conforme estabelecido em normativa espec\u00edfica do programa para este fim.<\/li>\n<\/ul>\n","protected":false},"excerpt":{"rendered":"<p>CAPES &#8211; Documento de \u00c1rea e Avalia\u00e7\u00e3o Documento de \u00c1rea da Ci\u00eancia da Computa\u00e7\u00e3o Relat\u00f3rio de Avalia\u00e7\u00e3o CAPES &#8211; Ci\u00eancia da Computa\u00e7\u00e3o CAPES &#8211; Regulamentos, Portarias e Of\u00edcios Legisla\u00e7\u00e3o espec\u00edfica CEFET\/RJ &#8211; Resolu\u00e7\u00f5es do Conselho Diretor Resolu\u00e7\u00e3o CODIR 32\/2014 Resolu\u00e7\u00e3o CODIR 04\/2016 CEFET\/RJ &#8211; Normais Gerais da Diretoria de Pesquisa (DIPPG) Regulamento Geral da P\u00f3s-Gradua\u00e7\u00e3o [&hellip;]<\/p>\n","protected":false},"author":2,"featured_media":0,"parent":0,"menu_order":0,"comment_status":"closed","ping_status":"closed","template":"","meta":{"_monsterinsights_skip_tracking":false,"_monsterinsights_sitenote_active":false,"_monsterinsights_sitenote_note":"","_monsterinsights_sitenote_category":0,"footnotes":""},"class_list":["post-280","page","type-page","status-publish","hentry"],"_links":{"self":[{"href":"https:\/\/eic.cefet-rj.br\/ppcic\/wp-json\/wp\/v2\/pages\/280","targetHints":{"allow":["GET"]}}],"collection":[{"href":"https:\/\/eic.cefet-rj.br\/ppcic\/wp-json\/wp\/v2\/pages"}],"about":[{"href":"https:\/\/eic.cefet-rj.br\/ppcic\/wp-json\/wp\/v2\/types\/page"}],"author":[{"embeddable":true,"href":"https:\/\/eic.cefet-rj.br\/ppcic\/wp-json\/wp\/v2\/users\/2"}],"replies":[{"embeddable":true,"href":"https:\/\/eic.cefet-rj.br\/ppcic\/wp-json\/wp\/v2\/comments?post=280"}],"version-history":[{"count":85,"href":"https:\/\/eic.cefet-rj.br\/ppcic\/wp-json\/wp\/v2\/pages\/280\/revisions"}],"predecessor-version":[{"id":6456,"href":"https:\/\/eic.cefet-rj.br\/ppcic\/wp-json\/wp\/v2\/pages\/280\/revisions\/6456"}],"wp:attachment":[{"href":"https:\/\/eic.cefet-rj.br\/ppcic\/wp-json\/wp\/v2\/media?parent=280"}],"curies":[{"name":"wp","href":"https:\/\/api.w.org\/{rel}","templated":true}]}}