{"id":267,"date":"2016-06-14T12:01:44","date_gmt":"2016-06-14T15:01:44","guid":{"rendered":"http:\/\/eic.cefet-rj.br\/ppgcc\/?page_id=267"},"modified":"2023-12-09T00:37:23","modified_gmt":"2023-12-09T03:37:23","slug":"comissoes","status":"publish","type":"page","link":"https:\/\/eic.cefet-rj.br\/ppcic\/comissoes\/","title":{"rendered":"Comiss\u00f5es"},"content":{"rendered":"<blockquote>\n<h3><strong>Comiss\u00e3o de Sele\u00e7\u00e3o do Programa<\/strong><\/h3>\n<\/blockquote>\n<ul>\n<li>Diogo Silveira Mendon\u00e7a (presidente)<\/li>\n<li>Eduardo Bezerra da Silva<\/li>\n<li>Helga Dolorico Balbi<\/li>\n<\/ul>\n<blockquote>\n<h3><strong>Comiss\u00e3o de Bolsas do Programa<\/strong><\/h3>\n<\/blockquote>\n<ul>\n<li>Kele Teixeira Belloze (presidente)<\/li>\n<li>Joel Andr\u00e9 Ferreira dos Santos<\/li>\n<li>Laura Silva de Assis<\/li>\n<\/ul>\n<blockquote>\n<h3><strong>Comiss\u00e3o\u00a0 de Autoavalia\u00e7\u00e3o e Acompanhamento Docente\u00a0<\/strong><\/h3>\n<\/blockquote>\n<ul>\n<li>Diego Nunes Brand\u00e3o (presidente)<\/li>\n<li>Eduardo Soares Ogasawara<\/li>\n<li>Joel Andr\u00e9 Ferreira dos Santos<\/li>\n<li>Kele Teixeira Belloze<\/li>\n<\/ul>\n<blockquote>\n<h3><strong>Comiss\u00e3o de Divulga\u00e7\u00e3o<\/strong><\/h3>\n<\/blockquote>\n<ul>\n<li>Rafaelli de Carvalho Coutinho (presidente)<\/li>\n<li>Glauco Fiorott Amorim<\/li>\n<li>Pedro Henrique Gonzalez Silva<\/li>\n<\/ul>\n","protected":false},"excerpt":{"rendered":"<p>Comiss\u00e3o de Sele\u00e7\u00e3o do Programa Diogo Silveira Mendon\u00e7a (presidente) Eduardo Bezerra da Silva Helga Dolorico Balbi Comiss\u00e3o de Bolsas do Programa Kele Teixeira Belloze (presidente) Joel Andr\u00e9 Ferreira dos Santos Laura Silva de Assis Comiss\u00e3o\u00a0 de Autoavalia\u00e7\u00e3o e Acompanhamento Docente\u00a0 Diego Nunes Brand\u00e3o (presidente) Eduardo Soares Ogasawara Joel Andr\u00e9 Ferreira dos Santos Kele Teixeira Belloze [&hellip;]<\/p>\n","protected":false},"author":2,"featured_media":0,"parent":0,"menu_order":0,"comment_status":"closed","ping_status":"closed","template":"","meta":{"_monsterinsights_skip_tracking":false,"_monsterinsights_sitenote_active":false,"_monsterinsights_sitenote_note":"","_monsterinsights_sitenote_category":0,"footnotes":""},"class_list":["post-267","page","type-page","status-publish","hentry"],"_links":{"self":[{"href":"https:\/\/eic.cefet-rj.br\/ppcic\/wp-json\/wp\/v2\/pages\/267","targetHints":{"allow":["GET"]}}],"collection":[{"href":"https:\/\/eic.cefet-rj.br\/ppcic\/wp-json\/wp\/v2\/pages"}],"about":[{"href":"https:\/\/eic.cefet-rj.br\/ppcic\/wp-json\/wp\/v2\/types\/page"}],"author":[{"embeddable":true,"href":"https:\/\/eic.cefet-rj.br\/ppcic\/wp-json\/wp\/v2\/users\/2"}],"replies":[{"embeddable":true,"href":"https:\/\/eic.cefet-rj.br\/ppcic\/wp-json\/wp\/v2\/comments?post=267"}],"version-history":[{"count":17,"href":"https:\/\/eic.cefet-rj.br\/ppcic\/wp-json\/wp\/v2\/pages\/267\/revisions"}],"predecessor-version":[{"id":5453,"href":"https:\/\/eic.cefet-rj.br\/ppcic\/wp-json\/wp\/v2\/pages\/267\/revisions\/5453"}],"wp:attachment":[{"href":"https:\/\/eic.cefet-rj.br\/ppcic\/wp-json\/wp\/v2\/media?parent=267"}],"curies":[{"name":"wp","href":"https:\/\/api.w.org\/{rel}","templated":true}]}}