{"id":2644,"date":"2020-01-18T12:00:09","date_gmt":"2020-01-18T15:00:09","guid":{"rendered":"https:\/\/eic.cefet-rj.br\/ppcic\/?page_id=2644"},"modified":"2026-02-20T00:27:53","modified_gmt":"2026-02-20T03:27:53","slug":"alunos-ouvintes","status":"publish","type":"page","link":"https:\/\/eic.cefet-rj.br\/ppcic\/alunos-ouvintes\/","title":{"rendered":"Alunos Ouvintes"},"content":{"rendered":"<p>O PPCIC disponibiliza um quantitativo de vagas para\u00a0candidatos interessados em cursar disciplinas isoladas do PPCIC como aluno ouvinte.<\/p>\n<p>A oferta de vagas \u00e9 feita em regime de fluxo cont\u00ednuo de acordo com o Edital DIPPG 001\/2021 e anexo do PPCIC com a oferta de vagas e os crit\u00e9rios espec\u00edficos de sele\u00e7\u00e3o.<\/p>\n<p><a href=\"http:\/\/dippg.cefet-rj.br\/attachments\/article\/399\/EditalDIPPGOuvintes2021.pdf\">Edital DIPPG 001\/2021 de sele\u00e7\u00e3o para alunos ouvintes<\/a><\/p>\n<p><a href=\"https:\/\/eic.cefet-rj.br\/ppcic\/wp-content\/uploads\/2019\/08\/DIPPG-DEPOG-Requerimento_disciplina-isolada.pdf\">Requerimento para inscri\u00e7\u00e3o<\/a><br \/>\n<!--\n\n\n<blockquote>Terceiro Trimestre de 2019<\/blockquote>\n\n\n\n\n<ul>\n \t\n\n<li><a href=\"https:\/\/eic.cefet-rj.br\/ppcic\/wp-content\/uploads\/2019\/08\/DIPPG-DEPOG-Anexo-PPCIC-1.pdf\">Anexo PPCIC - Vagas e Crit\u00e9rios para sele\u00e7\u00e3o<\/a><\/li>\n\n\n \t\n\n<li><a href=\"https:\/\/eic.cefet-rj.br\/ppcic\/wp-content\/uploads\/2019\/08\/Resultado-Ouvinte-2019.3.pdf\">Resultado Parcial<\/a><\/li>\n\n\n<\/ul>\n\n\n--><\/p>\n<p>Os documentos devem ser enviados para: <em>ppcic.selecao@eic.cefet-rj.br<\/em> com c\u00f3pia para <em>secpg@cefet-rj.br.<\/em><\/p>\n<p>&nbsp;<\/p>\n<blockquote>\n<h3><\/h3>\n<h3><strong>Primeiro Trimestre de 2026<\/strong><\/h3>\n<\/blockquote>\n<p><em>Prazo para envio dos documentos: 11 e 12 de fevereiro de 2026 (at\u00e9 \u00e0s 23:59h).<\/em><br \/>\n<em>Resultado preliminar: 19 de fevereiro de 2026.<\/em><br \/>\n<em>Per\u00edodo para interposi\u00e7\u00e3o de recursos: 20 de fevereiro de 2026 (at\u00e9 \u00e0s 23:59h).<\/em><br \/>\n<em>Resultado final: 23 de fevereiro de 2026.<\/em><\/p>\n<ul>\n<li style=\"list-style-type: none;\">\n<ul>\n<li><a href=\"https:\/\/eic.cefet-rj.br\/ppcic\/wp-content\/uploads\/2026\/02\/DIPPG-DEPOG-Anexo-PPCIC-2026-1-1.pdf\">Anexo PPCIC &#8211; Vagas e Crit\u00e9rios para sele\u00e7\u00e3o 2026-1<\/a><\/li>\n<li><a href=\"https:\/\/eic.cefet-rj.br\/ppcic\/wp-content\/uploads\/2026\/02\/PPCIC_Resultado_Selecaoo_Alunos_Ouvintes.pdf\">Resultado Preliminar<\/a><\/li>\n<\/ul>\n<\/li>\n<\/ul>\n<p>&nbsp;<\/p>\n","protected":false},"excerpt":{"rendered":"<p>O PPCIC disponibiliza um quantitativo de vagas para\u00a0candidatos interessados em cursar disciplinas isoladas do PPCIC como aluno ouvinte. A oferta de vagas \u00e9 feita em regime de fluxo cont\u00ednuo de acordo com o Edital DIPPG 001\/2021 e anexo do PPCIC com a oferta de vagas e os crit\u00e9rios espec\u00edficos de sele\u00e7\u00e3o. Edital DIPPG 001\/2021 de [&hellip;]<\/p>\n","protected":false},"author":2,"featured_media":0,"parent":0,"menu_order":0,"comment_status":"closed","ping_status":"closed","template":"","meta":{"_monsterinsights_skip_tracking":false,"_monsterinsights_sitenote_active":false,"_monsterinsights_sitenote_note":"","_monsterinsights_sitenote_category":0,"footnotes":""},"class_list":["post-2644","page","type-page","status-publish","hentry"],"_links":{"self":[{"href":"https:\/\/eic.cefet-rj.br\/ppcic\/wp-json\/wp\/v2\/pages\/2644","targetHints":{"allow":["GET"]}}],"collection":[{"href":"https:\/\/eic.cefet-rj.br\/ppcic\/wp-json\/wp\/v2\/pages"}],"about":[{"href":"https:\/\/eic.cefet-rj.br\/ppcic\/wp-json\/wp\/v2\/types\/page"}],"author":[{"embeddable":true,"href":"https:\/\/eic.cefet-rj.br\/ppcic\/wp-json\/wp\/v2\/users\/2"}],"replies":[{"embeddable":true,"href":"https:\/\/eic.cefet-rj.br\/ppcic\/wp-json\/wp\/v2\/comments?post=2644"}],"version-history":[{"count":53,"href":"https:\/\/eic.cefet-rj.br\/ppcic\/wp-json\/wp\/v2\/pages\/2644\/revisions"}],"predecessor-version":[{"id":6557,"href":"https:\/\/eic.cefet-rj.br\/ppcic\/wp-json\/wp\/v2\/pages\/2644\/revisions\/6557"}],"wp:attachment":[{"href":"https:\/\/eic.cefet-rj.br\/ppcic\/wp-json\/wp\/v2\/media?parent=2644"}],"curies":[{"name":"wp","href":"https:\/\/api.w.org\/{rel}","templated":true}]}}