{"id":22,"date":"2020-01-28T01:54:15","date_gmt":"2020-01-28T04:54:15","guid":{"rendered":"http:\/\/eic.cefet-rj.br\/ppgcc\/?page_id=22"},"modified":"2021-03-30T11:14:34","modified_gmt":"2021-03-30T14:14:34","slug":"area-de-concentracao","status":"publish","type":"page","link":"https:\/\/eic.cefet-rj.br\/ppcic\/area-de-concentracao\/","title":{"rendered":"\u00c1rea de Concentra\u00e7\u00e3o"},"content":{"rendered":"<blockquote>\n<h3><strong>Ci\u00eancia da Computa\u00e7\u00e3o<\/strong><\/h3>\n<\/blockquote>\n<p><span style=\"font-weight: 400;\">A Computa\u00e7\u00e3o est\u00e1 presente nos principais avan\u00e7os em todas as \u00e1reas do conhecimento. Novas formas de intera\u00e7\u00e3o entre as ci\u00eancias, em v\u00e1rios n\u00edveis e escalas, s\u00e3o mediadas pela Tecnologia da Informa\u00e7\u00e3o, que \u00e9 a simbiose da Ci\u00eancia da Computa\u00e7\u00e3o com diferentes dom\u00ednios do conhecimento. De fato, muitas das grandes descobertas cient\u00edficas recentes s\u00e3o resultados do trabalho de equipes multidisciplinares que envolvem cientistas da Computa\u00e7\u00e3o. A Computa\u00e7\u00e3o permeia muitas outras \u00e1reas nas suas v\u00e1rias formas de investiga\u00e7\u00e3o cient\u00edfica, tais como, simula\u00e7\u00e3o, modelagem, monitoramento e mensura\u00e7\u00e3o. Pode-se dizer que a Computa\u00e7\u00e3o revolucionou a pesquisa cient\u00edfica, sendo hoje reconhecida como o \u201cterceiro pilar\u201d a sustentar a pesquisa, junto com os pilares da teoria e da experimenta\u00e7\u00e3o.<\/span><\/p>\n<p><span style=\"font-weight: 400;\">Nesse contexto, a chamada Ci\u00eancia da Computa\u00e7\u00e3o se reveste de caracter\u00edsticas multidisciplinares, pois incorpora elementos variados e se fundamenta em t\u00e9cnicas e teorias oriundas de muitos campos b\u00e1sicos, seja das engenharias, seja das ci\u00eancias b\u00e1sicas. Dessa forma, associado a este esp\u00edrito de aplica\u00e7\u00e3o multidisciplinar, a Ci\u00eancia da Computa\u00e7\u00e3o se apresenta cada vez mais presente nas mais diversas \u00e1reas relacionadas, tais como sa\u00fade, petr\u00f3leo, energia, finan\u00e7as, esporte, astronomia, bioinform\u00e1tica, Internet, mobilidade urbana, defesa cibern\u00e9tica, comunica\u00e7\u00e3o m\u00f3vel e biodiversidade.<\/span><\/p>\n<p><span style=\"font-weight: 400;\">Em um ambiente altamente multidisciplinar com aplica\u00e7\u00f5es em \u00e1reas t\u00e3o distintas, emerge o grande desafio quando se prop\u00f5em solu\u00e7\u00f5es para problemas aplicados a \u00e1reas t\u00e3o diversas. Este \u00e9 o de identificar os princ\u00edpios, m\u00e9todos e t\u00e9cnicas fundamentais para o gerenciamento de dados, processos e sistemas.<\/span><\/p>\n","protected":false},"excerpt":{"rendered":"<p>Ci\u00eancia da Computa\u00e7\u00e3o A Computa\u00e7\u00e3o est\u00e1 presente nos principais avan\u00e7os em todas as \u00e1reas do conhecimento. Novas formas de intera\u00e7\u00e3o entre as ci\u00eancias, em v\u00e1rios n\u00edveis e escalas, s\u00e3o mediadas pela Tecnologia da Informa\u00e7\u00e3o, que \u00e9 a simbiose da Ci\u00eancia da Computa\u00e7\u00e3o com diferentes dom\u00ednios do conhecimento. De fato, muitas das grandes descobertas cient\u00edficas recentes [&hellip;]<\/p>\n","protected":false},"author":3,"featured_media":0,"parent":0,"menu_order":0,"comment_status":"closed","ping_status":"closed","template":"","meta":{"_monsterinsights_skip_tracking":false,"_monsterinsights_sitenote_active":false,"_monsterinsights_sitenote_note":"","_monsterinsights_sitenote_category":0,"footnotes":""},"class_list":["post-22","page","type-page","status-publish","hentry"],"_links":{"self":[{"href":"https:\/\/eic.cefet-rj.br\/ppcic\/wp-json\/wp\/v2\/pages\/22","targetHints":{"allow":["GET"]}}],"collection":[{"href":"https:\/\/eic.cefet-rj.br\/ppcic\/wp-json\/wp\/v2\/pages"}],"about":[{"href":"https:\/\/eic.cefet-rj.br\/ppcic\/wp-json\/wp\/v2\/types\/page"}],"author":[{"embeddable":true,"href":"https:\/\/eic.cefet-rj.br\/ppcic\/wp-json\/wp\/v2\/users\/3"}],"replies":[{"embeddable":true,"href":"https:\/\/eic.cefet-rj.br\/ppcic\/wp-json\/wp\/v2\/comments?post=22"}],"version-history":[{"count":13,"href":"https:\/\/eic.cefet-rj.br\/ppcic\/wp-json\/wp\/v2\/pages\/22\/revisions"}],"predecessor-version":[{"id":4094,"href":"https:\/\/eic.cefet-rj.br\/ppcic\/wp-json\/wp\/v2\/pages\/22\/revisions\/4094"}],"wp:attachment":[{"href":"https:\/\/eic.cefet-rj.br\/ppcic\/wp-json\/wp\/v2\/media?parent=22"}],"curies":[{"name":"wp","href":"https:\/\/api.w.org\/{rel}","templated":true}]}}