{"id":1364,"date":"2018-03-19T14:10:26","date_gmt":"2018-03-19T17:10:26","guid":{"rendered":"http:\/\/eic.cefet-rj.br\/ppcic\/?page_id=1364"},"modified":"2019-02-03T22:34:30","modified_gmt":"2019-02-04T00:34:30","slug":"publicacoes-mais-relevantes","status":"publish","type":"page","link":"https:\/\/eic.cefet-rj.br\/ppcic\/publicacoes-mais-relevantes\/","title":{"rendered":"Publica\u00e7\u00f5es Mais Relevantes"},"content":{"rendered":"<blockquote>\n<h3>2013-2016<\/h3>\n<\/blockquote>\n<p>Destacamos que dada a rec\u00e9m cria\u00e7\u00e3o do Programa, apenas as publica\u00e7\u00f5es de 2016 puderam ser cadastradas na plataforma Sucupira. A lista abaixo apresenta as 48 publica\u00e7\u00f5es mais relevantes. A lista considerou o JCR para peri\u00f3dicos e o Qualis para artigos de confer\u00eancias, principalmente as produ\u00e7\u00f5es no \u00edndice restrito (41, sendo 11 no extrato A1, 15 no extrato A2, 15 no extrato B1), mas n\u00e3o se limitando a eles. Tamb\u00e9m foram indicados artigos nacionais importantes, papers que foram classificados como <em>best papers<\/em> ou <em>men\u00e7\u00e3o honrosa<\/em>. Procurou-se tamb\u00e9m manter um balan\u00e7o na produ\u00e7\u00e3o docente e inclus\u00e3o de produ\u00e7\u00e3o discente.<\/p>\n<ol>\n<li>Guedes, G.; Ogasawara, E.; Bezerra, E.; Xex\u00e9o, G. B.. Discovering top-k Non-Redundant Clusterings in Attributed Graphs. Neurocomputing (Amsterdam). v. 2016, p. 1-10, issn: 09252312, 2016.<\/li>\n<li>Haddad, D.B.; Martins, W.A.; da Costa, M.V.M.; Biscainho, L.W.P.; Nunes, L.O.; Lee, B.. Robust Acoustic Self-Localization of Mobile Devices. IEEE Transactions on Mobile Computing, v. 15, p. 982-995, 2016<\/li>\n<li>Mac\u00eado Filho, H.B.; Machado, R.C.S.; de Figueiredo, C.M.H.. Hierarchical complexity of 2-clique-colouring weakly chordal graphs and perfect graphs having cliques of size at least 3. Theoretical Computer Science. v. 618, p. 122-134, issn: 03043975, 2016.<\/li>\n<li>Olinto, K.S.; Haddad, D.B.; Petraglia, M.R.. Transient analysis of l0-LMS and l0-NLMS algorithms. Signal Processing (Print). v. 127, p. 217-226, issn: 01651684, 2016.<\/li>\n<li>Guedes, G.; Bezerra, E.; Ogasawara, E.; Xex\u00e9o, G. Exploring multiple clusterings in attributed graphs. Em: ACM Symposium on Applied Computing, 2015.<\/li>\n<li>Silva, A.B.C.; Serique, S.P.; Preuss, L.S.; Ogasawara, A.; Quadros J.R.T.; Bezerra, E.; Souza, U.; Ogasawara, E.. Am\u00ea: An Environment to Learn and Analyze Adversarial Search Algorithms Using Stochastic Card Games. Em: ACM Symposium on Applied Computing, p. 208-221, 2015.<\/li>\n<li>da Fonseca, Guilherme D.; de Figueiredo, C.M.H.; de S\u00e1, V.G.P.; Machado, R.C.S.. Efficient sub-5 approximations for minimum dominating sets in unit disk graphs. Theoretical Computer Science. v. 540-541, p. 70-81, issn: 03043975, 2014.<\/li>\n<li>Boccardo, D.; Ribeiro, L.; Canaan, R.; Carmo, L.; Pirmez, L.; Machado, R.; Prado, C.; Nascimento, T.. Energy footprint framework: A pathway toward smart grid sustainability. IEEE Communications Magazine (Print). v. 51, p. 50-56, issn: 01636804, 2013.<\/li>\n<li>da Silva, P.H.; Machado, R.; Dantas, S.; Braga, M.Dv.. DCJ-indel and DCJ-substitution distances with distinct operation costs. Algorithms for Molecular Biology. v. 8, p. 21, issn: 17487188, 2013.<\/li>\n<li>Ruas, V.; Brand\u00e3o, D.; Kischinhevsky, M.. Hermite finite elements for diffusion phenomena. Journal of Computational Physics (Print). v. 235, p. 542-564, issn: 00219991, 2013.<\/li>\n<li>de Assis, L.S.; Franca, P.M.; Usberti, F.. A redistricting problem applied to meter reading in power distribution networks. Computers &amp; Operations Research. v. 41, p. 65-75, issn: 03050548, 2013.<\/li>\n<li>Amaro, B.; de Lima, L.; Oliveira, C.; Lavor, C.; Abreu, N.. A note on the sum of the largest signless Laplacian eigenvalues. Electronic Notes in Discrete Mathematics. v. 54, p. 175-180, issn: 15710653, 2016.<\/li>\n<li>de Lima, L.; Nikiforov, V.; Oliveira, C. The clique number and the smallest. Discrete Mathematics. v. 339, p. 1744-1752, issn: 0012365X, 2016.<\/li>\n<li>Filho, H.B.M.; Machado, R.C.S.; de Figueiredo, C.M.H.. Efficient Algorithms for Clique-Colouring and Biclique-Colouring Unichord-Free Graphs. Algorithmica. v. 1, p. 1-29, issn: 01784617, 2016.<\/li>\n<li>Hannah, P.H.; Machado, R.; Dantas, S.; Braga, M.. Genomic distance with high indel costs. IEEE\/ACM Transactions on Computational Biology and Bioinformatics (Print). v. 1, p. 1-1, issn: 15455963, 2016.<\/li>\n<li>Machado, E.; Serqueira, M.; Ogasawara, E.; Ogando, R.; Maia, M.A.G.; da Costa, L.N.; Campisano, R.; Guedes, G.; Bezerra, E.. Exploring machine learning methods for the Star\/Galaxy Separation Problem. Em: 2016 International Joint Conference on Neural Networks (IJCNN), p. 123-130, 2016.<\/li>\n<li>Petraglia, M.R.; Haddad, D. B.; Marques, E.L. . Affine Projection Subband Adaptive Filter with Low Computational Complexity. IEEE Transactions on Circuits and Systems. II, Express Briefs, v. 1, p. 1-1, 2016.<\/li>\n<li>Carvalho, G.R. N.; Brandao, D.N.; Haddad, D.B.; do Forte, V.L.; Ceddia, M.B.. A RBF Neural Network applied to predict soil Field Capacity and Permanent Wilting Point at Brazilian coast. Em: 2015 International Joint Conference on Neural Networks (IJCNN), p. 1, 2015.<\/li>\n<li>Mac\u00eado Filho, H.B.; Dantas, S.; Machado, R.C.S.; Figueiredo, C.M.H.. Biclique-colouring verification complexity and biclique-colouring power graphs. Discrete Applied Mathematics. v. 192, p. 65-76, issn: 0166218X, 2015.<\/li>\n<li>Petraglia, M.R.; Haddad, D.B.; Lawrence, E. M.. Normalized Subband Adaptive Filtering Algorithm with Reduced Computational Complexity. IEEE Transactions on Circuits and Systems. II, Express Briefs, p. 1-1, 2015.<\/li>\n<li>da Fonseca, G.D.; de S\u00e1, V.G.P.; Machado, R.C.S.; de Figueiredo, C.M.H.. On the recognition of unit disk graphs and the Distance Geometry Problem with Ranges. Discrete Applied Mathematics. v. 1, p. 1, issn: 0166218X, 2014.<\/li>\n<li>Mattoso, M.; Dias, J.; Oca\u00f1a, K.A.C.S.; Ogasawara, E.; Costa, F.; Horta, F.; Silva, V.; de Oliveira, D.. Dynamic steering of HPC scientific workflows: A survey. Future Generation Computer Systems. v. 46, p. 100-113, issn: 0167739X, 2014.<\/li>\n<li>Machado, R.C.S.; Figueiredo, C. M. H.; Trotignon, N.. Edge-colouring and total-colouring chordless graphs. Discrete Mathematics. v. 313, p. 1547-1552, issn: 0012365X, 2013.<\/li>\n<li>Ocana, K.; Oliveira, D.; Dias, J.; Ogasawara, E.; Mattoso, M.L.Q.. Designing a parallel cloud based comparative genomics workflow to improve phylogenetic analyses. Future Generation Computer Systems. v. 30, p. 005, issn: 0167739X, 2013.<\/li>\n<li>Ogasawara, E.; Dias, J.; Silva, V.; Chirigati, F.; de Oliveira, D.; Porto, F.; Valduriez, P.; Mattoso, M.. Chiron: a parallel engine for algebraic scientific workflows. Concurrency and Computation. v. 25, p. 2327-2341, issn: 15320626, 2013.<\/li>\n<li>Oliveira, D.; Ocana, K.; Ogasawara, E.; Dias, J.; Gon\u00e7alves, J.; Bai\u00e3o, F.; Mattoso, M.L.Q.. Performance evaluation of parallel strategies in public clouds: A study with phylogenomic workflows. Future Generation Computer Systems. v. 29, p. 1816-1825, issn: 0167739X, 2013.<\/li>\n<li>Amorim, G. F.; Dos Santos, J. A. F.; Muchaluat-Saade, Debora C.. XTemplate 4.0: Providing Adaptive Layouts and Nested Templates for Hypermedia Documents. Em: International Conference on Multimedia Modeling, p. 642-653, 2016.<\/li>\n<li>Goldschmidt, R.R.; Fernandes, I.; Norris, M.; Passos, C.; Ferlin, C.; Cavalcanti, M.C.; Soares, J. A.. MEMORE: an Environment for Data Collection and Analysis on the Use of Computers in Education. INFORMATICS IN EDUCATION. v. 15, p. 63-84, issn: 23358971, 2016.<\/li>\n<li>Haddad, D.B.; Petraglia, M.R.; Petraglia, A.. A Unified Approach for Sparsity-Aware and Maximum Correntropy Adaptive Filters. Em: 2016 24th European Signal Processing Conference (EUSIPCO), p. 170-174, 2016.<\/li>\n<li>Salles, R.; Mattos, P.; Iorgulescu, A.D.; Bezerra, E.; Lima, L.; Ogasawara, E.. Evaluating Temporal Aggregation for Predicting the Sea Surface Temperature of the Atlantic Ocean. Ecological Informatics (Print). v. 36, p. 94-105, issn: 15749541, 2016.<\/li>\n<li>dos Santos, J. A. F.; Braga, C.; Muchaluat-Saade, D.C.; Roisin, C.; Laya\u00efda, N.. Spatio-temporal Validation of Multimedia Documents. Em: ACM Symposium on Document Engineering, p. 133-142, 2015.<\/li>\n<li>dos Santos, J.; Braga, C.; Muchaluat-Saade, D.C.. A Rewriting Logic Semantics for NCL. Science of Computer Programming (Print). v. 107-108, p. 64-92, issn: 01676423, 2015.<\/li>\n<li>Machado, R.C.S.; Boccardo, D.; de S\u00e1 V.G.P.; Szwarcfiter, J.. Fair fingerprinting protocol for attesting software misuses. Em: International Conference on Availability, 2015.<\/li>\n<li>Pavan, C.; de Lima, L.S.; Paiva, M.H.M.; Segatto, M.. How Reliable Are the Real-World Optical Transport Networks?. Journal of Optical Communications and Networking (Print). v. 7, p. 578-585, issn: 19430620, 2015.<\/li>\n<li>Cabral, F.L.; Osthoff, C.; Kischinhevsky, M.; Brandao, D.. Hybrid MPI\/ OpenMP\/OpenACC Implementations for the Solution of Convection-Diffusion Equations with the HOPMOC Method. Em: 2014 14th International Conference on Computational Science and Its Applications (ICCSA), p. 196, 2014.<\/li>\n<li>de Assis, L.S.; Gonzalez, J.F.V.; Usberti, F.L.; Lyra, C.; Cavellucci, C.; Von Zuben, F.J.. Switch Allocation Problems in Power Distribution Systems. IEEE Transactions on Power Systems. v. PP, p. 1-8, issn: 08858950, 2014.<\/li>\n<li>Macedo Filho, H.; Machado, R.C.S.; Figueiredo, C. M. H.. Hierarchical Complexity of 2-Clique-Colouring Weakly Chordal Graphs and Perfect Graphs Having Cliques of Size at Least 3. Em: Latin American Theoretical INformatics Symposium, v. 8392, p. 13-23, 2014.<\/li>\n<li>Sabino, T.L.R.; Brand\u00e3o, D.; Zamith, M.; Gonzales, E.C.; Montenegro, A.; Kischinhevsky, M.; Bulcao, A.. Implementation Aspects of the 3D Wave Propagation in Semi-Infinite Domains Using the Finite Difference Method on a GPU based Cluster. Em: International Conference on Computational Science and its Applications, v. 8584, p. 426-439, 2014.<\/li>\n<li>Silva, M.A.A.; Belloze, K. T.; Silva-Jr, F.P.; Cavalcanti, M.C.R.. Agile Semantic Annotation of Scientific Texts at the Biomedical Scenario. Em: IEEE International Conference on EScience (eScience), v. 1, 2014.<\/li>\n<li>Bento, L.; Boccardo, D.; Machado, R.C.S.; de S\u00e1, V.G.P.; Szwarcfiter, J.. Towards a provably resilient scheme for graph-based watermarking. Em: 39th International Workshop on Graph-Theoretic Concepts in Computer Science (WG 2013), 2013.<\/li>\n<li>Silva, E.O.; dos Santos, J.A.F.; Muchaluat-Saade, D.C.. NCL4WEB: Translating NCL Applications to HTML5 Web Pages. Em: ACM Symposium on Document Engineering, p. 253-262, 2013.<\/li>\n<li>Honorato, E.; Schocair, C.; Quadros, J. R. T.; Castaneda, R.; Soares, J.; Ogasawara, E.. Explorando uma Aplica\u00e7\u00e3o m-learning para Ensino de Vetores na F\u00edsica do Ensino M\u00e9dio. Em: : Simp\u00f3sio Brasileiro de Inform\u00e1tica na Educa\u00e7\u00e3o, v. AL, 2015.<\/li>\n<li>Gomes, W.; Castro, P.; Cardoso, E.; Malheiro, M.; Ribeiro, R. C.; Guedes, G. P.; Mauro, R. C.; Ogasawara, E.. Provendo um Servi\u00e7o Web para Intera\u00e7\u00e3o e Coleta de Dados de Aplicativos Educacionais. Em: Simp\u00f3sio Brasileiro de Inform\u00e1tica na Educa\u00e7\u00e3o, 2015.<\/li>\n<li>Alves, G.; Warley, P.; Quadros, J.R.T.; Lignani, L.; Ogasawara, E.. ControlHarvest: Ensino de Ecologia por Meio de Gamifica\u00e7\u00e3o do Controle Biol\u00f3gico. Em: 25 Simp\u00f3sio Brasileiro de Inform\u00e1tica na Educa\u00e7\u00e3o, 2014.<\/li>\n<li>Ogasawara, E.; Oliveira, D. C. M.; Silva, E. B.; Paschoal Junior, F.; Soares, J. A.; Amorim, M. C. S.; Mauro, R. C.; Quadros, J. R. T.. A Forecasting Method for Fertilizers Consumption in Brazil. International Journal of Agricultural and Environmental Information Systems. v. 4, p. 23-36, issn: 19473192, 2013.<\/li>\n<li>Campisano, R.; Porto, F.; Pacitti, E.; Massaglia, F.; Ogasawara, E.. Spatial Sequential Pattern Mining for Seismic Data. Em: SBBD, 2016.<\/li>\n<li>Silva, E.C.O.; dos Santos, Joel A. F.; Muchaluat-Saade, D\u00e9bora C.. JNS: An Alternative Authoring Language for Specifying NCL Multimedia Documents. Em: IEEE International Conference on Multimedia and Expo Workshops, p. 1-6, 2013.<\/li>\n<li>Belloze, K. T.; Menna-Barreto, R. F. S.; Perales, J.; Silva-Jr, F. P.. Proteomic and Bioinformatic Analysis of Trypanosoma cruzi Chemotherapy and Potential Drug Targets: New Pieces for an Old Puzzle. Current Drug Targets (Print). v. 15, p. 255, issn: 13894501, 2014.<\/li>\n<\/ol>\n","protected":false},"excerpt":{"rendered":"<p>2013-2016 Destacamos que dada a rec\u00e9m cria\u00e7\u00e3o do Programa, apenas as publica\u00e7\u00f5es de 2016 puderam ser cadastradas na plataforma Sucupira. A lista abaixo apresenta as 48 publica\u00e7\u00f5es mais relevantes. A lista considerou o JCR para peri\u00f3dicos e o Qualis para artigos de confer\u00eancias, principalmente as produ\u00e7\u00f5es no \u00edndice restrito (41, sendo 11 no extrato A1, [&hellip;]<\/p>\n","protected":false},"author":3,"featured_media":0,"parent":0,"menu_order":0,"comment_status":"closed","ping_status":"closed","template":"","meta":{"_monsterinsights_skip_tracking":false,"_monsterinsights_sitenote_active":false,"_monsterinsights_sitenote_note":"","_monsterinsights_sitenote_category":0,"footnotes":""},"class_list":["post-1364","page","type-page","status-publish","hentry"],"_links":{"self":[{"href":"https:\/\/eic.cefet-rj.br\/ppcic\/wp-json\/wp\/v2\/pages\/1364","targetHints":{"allow":["GET"]}}],"collection":[{"href":"https:\/\/eic.cefet-rj.br\/ppcic\/wp-json\/wp\/v2\/pages"}],"about":[{"href":"https:\/\/eic.cefet-rj.br\/ppcic\/wp-json\/wp\/v2\/types\/page"}],"author":[{"embeddable":true,"href":"https:\/\/eic.cefet-rj.br\/ppcic\/wp-json\/wp\/v2\/users\/3"}],"replies":[{"embeddable":true,"href":"https:\/\/eic.cefet-rj.br\/ppcic\/wp-json\/wp\/v2\/comments?post=1364"}],"version-history":[{"count":2,"href":"https:\/\/eic.cefet-rj.br\/ppcic\/wp-json\/wp\/v2\/pages\/1364\/revisions"}],"predecessor-version":[{"id":2160,"href":"https:\/\/eic.cefet-rj.br\/ppcic\/wp-json\/wp\/v2\/pages\/1364\/revisions\/2160"}],"wp:attachment":[{"href":"https:\/\/eic.cefet-rj.br\/ppcic\/wp-json\/wp\/v2\/media?parent=1364"}],"curies":[{"name":"wp","href":"https:\/\/api.w.org\/{rel}","templated":true}]}}