{"id":90,"date":"2014-11-14T11:00:00","date_gmt":"2014-11-14T13:00:00","guid":{"rendered":"http:\/\/coinfocefetrj.wordpress.com\/?page_id=90"},"modified":"2025-04-22T14:34:30","modified_gmt":"2025-04-22T17:34:30","slug":"sobre","status":"publish","type":"page","link":"https:\/\/eic.cefet-rj.br\/portal\/","title":{"rendered":"Escola de Inform\u00e1tica &#038; Computa\u00e7\u00e3o"},"content":{"rendered":"<p><a href=\"http:\/\/eic.cefet-rj.br\/portal\/wp-content\/uploads\/2015\/10\/EIC.png\"><img loading=\"lazy\" decoding=\"async\" class=\"wp-image-1446 alignleft\" src=\"http:\/\/eic.cefet-rj.br\/portal\/wp-content\/uploads\/2015\/10\/EIC-300x199.png\" alt=\"EIC\" width=\"120\" height=\"82\" \/><\/a>O mundo atual vive a era da Sociedade da Informa\u00e7\u00e3o e do Conhecimento, na qual assumem papel de relev\u00e2ncia empresas e pessoas capazes de agir baseadas na percep\u00e7\u00e3o e na rela\u00e7\u00e3o de fatos globais. Valoriza-se o capital intelectual, ativo das empresas, nem sempre materializado de maneira concreta, mas que envolve o conhecimento sobre como realizar processos e tomar boas decis\u00f5es nos diversos n\u00edveis corporativos.<\/p>\n<p>Neste cen\u00e1rio, o ensino de Computa\u00e7\u00e3o e Inform\u00e1tica assume um papel de grande import\u00e2ncia social, devendo formar profissionais que, al\u00e9m de uma boa base t\u00e9cnico-cient\u00edfica, possuam a capacidade de refletir, analisar, discernir e influir sobre as mais diversas quest\u00f5es do mundo contempor\u00e2neo, em particular \u00e0quelas relacionadas com as implica\u00e7\u00f5es da tecnologia computacional na sociedade. Afinal, a Inform\u00e1tica tomou-se uma realidade concreta e irrevers\u00edvel, cujo est\u00e1gio tecnol\u00f3gico imp\u00f5e uma presen\u00e7a que j\u00e1 n\u00e3o pode ser ignorada pela sociedade. A formula\u00e7\u00e3o de modelos que explicitem, incorporem e processem conhecimento tamb\u00e9m \u00e9 uma caracter\u00edstica atual desej\u00e1vel ao profissional da Computa\u00e7\u00e3o.<\/p>\n<p>Al\u00e9m de diversos <strong><a href=\"http:\/\/eic.cefet-rj.br\/portal\/index.php\/ensino\/\">cursos regulares<\/a><\/strong>, a <strong>Escola de Inform\u00e1tica e Computa\u00e7\u00e3o<\/strong> (EIC) da unidade Maracan\u00e3 do CEFET\/RJ tamb\u00e9m realiza v\u00e1rios servi\u00e7os de <a href=\"http:\/\/eic.cefet-rj.br\/portal\/index.php\/extensao\/\">extens\u00e3o acad\u00eamica<\/a> (tais como palestras, organiza\u00e7\u00e3o de eventos, minicursos, etc), que est\u00e3o dispon\u00edveis para as comunidades externa e interna, todos com o apoio da DIREX (Diretoria de Extens\u00e3o). Em particular, o\u00a0<a href=\"http:\/\/eic.cefet-rj.br\/portal\/index.php\/category\/extensao\/workshops\/\">Workshop da Escola de Inform\u00e1tica &amp; Computa\u00e7\u00e3o (WEIC)<\/a>, j\u00e1 na sua quarta edi\u00e7\u00e3o anual, re\u00fane pesquisadores e profissionais em Computa\u00e7\u00e3o do Rio Janeiro para um ciclo de palestras.<\/p>\n<p>Os professores da EIC tamb\u00e9m trabalham em atividades de pesquisa na \u00e1rea de computa\u00e7\u00e3o, por meio do <strong><a href=\"http:\/\/eic.cefet-rj.br\/portal\/index.php\/pesquisa\/\">grupos de pesquisa<\/a><\/strong> associados \u00e0 Diretoria de Pesquisa e P\u00f3s-Gradua\u00e7\u00e3o (DIPPG). Al\u00e9m disso, parte do professores do BCC s\u00e3o pesquisadores permanentes do rec\u00e9m-criado <a href=\"http:\/\/eic.cefet-rj.br\/ppcic\/\">Programa de P\u00f3s-Gradua\u00e7\u00e3o em Ci\u00eancia da Computa\u00e7\u00e3o (PPCIC)<\/a>.<\/p>\n<p>Esse portal fornece informa\u00e7\u00f5es sobre a EIC como um todo, com seus cursos, atividades de extens\u00e3o e grupo de pesquisa. Nele tamb\u00e9m est\u00e1 hospedado o ambiente de Ensino a Dist\u00e2ncia (EaD), baseado no <a href=\"http:\/\/eic.cefet-rj.br\/moodle\/\">Moodle<\/a>, contendo material das disciplinas presenciais e semipresenciais dos cursos vinculados \u00e0 EIC.<\/p>\n","protected":false},"excerpt":{"rendered":"<p>O mundo atual vive a era da Sociedade da Informa\u00e7\u00e3o e do Conhecimento, na qual assumem papel de relev\u00e2ncia empresas e pessoas capazes de agir baseadas na percep\u00e7\u00e3o e na rela\u00e7\u00e3o de fatos globais. Valoriza-se o capital intelectual, ativo das empresas, nem sempre materializado de maneira concreta, mas que envolve o conhecimento sobre como realizar [&hellip;]<\/p>\n","protected":false},"author":3,"featured_media":0,"parent":0,"menu_order":0,"comment_status":"closed","ping_status":"open","template":"","meta":{"footnotes":""},"class_list":["post-90","page","type-page","status-publish","hentry","entry"],"_links":{"self":[{"href":"https:\/\/eic.cefet-rj.br\/portal\/wp-json\/wp\/v2\/pages\/90","targetHints":{"allow":["GET"]}}],"collection":[{"href":"https:\/\/eic.cefet-rj.br\/portal\/wp-json\/wp\/v2\/pages"}],"about":[{"href":"https:\/\/eic.cefet-rj.br\/portal\/wp-json\/wp\/v2\/types\/page"}],"author":[{"embeddable":true,"href":"https:\/\/eic.cefet-rj.br\/portal\/wp-json\/wp\/v2\/users\/3"}],"replies":[{"embeddable":true,"href":"https:\/\/eic.cefet-rj.br\/portal\/wp-json\/wp\/v2\/comments?post=90"}],"version-history":[{"count":9,"href":"https:\/\/eic.cefet-rj.br\/portal\/wp-json\/wp\/v2\/pages\/90\/revisions"}],"predecessor-version":[{"id":4596,"href":"https:\/\/eic.cefet-rj.br\/portal\/wp-json\/wp\/v2\/pages\/90\/revisions\/4596"}],"wp:attachment":[{"href":"https:\/\/eic.cefet-rj.br\/portal\/wp-json\/wp\/v2\/media?parent=90"}],"curies":[{"name":"wp","href":"https:\/\/api.w.org\/{rel}","templated":true}]}}