{"id":890,"date":"2015-03-12T16:24:56","date_gmt":"2015-03-12T13:24:56","guid":{"rendered":"http:\/\/eic.cefet-rj.br\/portal\/?page_id=890"},"modified":"2015-03-12T16:24:56","modified_gmt":"2015-03-12T13:24:56","slug":"tsmi","status":"publish","type":"page","link":"https:\/\/eic.cefet-rj.br\/portal\/ensino\/tsmi\/","title":{"rendered":"T\u00e9cnico em Suporte e Manuten\u00e7\u00e3o em Inform\u00e1tica"},"content":{"rendered":"<p><strong> Identifica\u00e7\u00e3o e dados Gerais do Curso<\/strong><\/p>\n<ul>\n<li><strong>Nome: <\/strong>T\u00e9cnico de Suporte e Manuten\u00e7\u00e3o em Inform\u00e1tica<\/li>\n<li><strong>Coordenador:<\/strong> Renato Campos Mauro<\/li>\n<li><strong>Carga hor\u00e1ria:<\/strong> 1008 + 400 horas de est\u00e1gio.<\/li>\n<li><strong>Modelo:<\/strong> Subseq<strong>u<\/strong>ente<\/li>\n<li><strong>Per\u00edodo:<\/strong> semestral, com dura\u00e7\u00e3o de tr\u00eas semestres letivos.<\/li>\n<li><strong>Turno: <\/strong> vespertino (\u00e0 tarde)<\/li>\n<li><strong>Local:<\/strong> Campus I (Unidade Maracan\u00e3) pavilh\u00e3o 1.<\/li>\n<li><strong>Hor\u00e1rio das aulas:<\/strong> entre 12h50 e 18h10<\/li>\n<li><strong>Entrada prevista por semestre letivo:<\/strong> 20 alunos<\/li>\n<\/ul>\n<p><strong>Objetivos<\/strong><\/p>\n<p>Formar profissionais empreendedores promovendo a constru\u00e7\u00e3o de compet\u00eancias que contemplem habilidades, conhecimentos e comportamentos que atendam \u00e0s demandas do setor produtivo e das rela\u00e7\u00f5es sociais. Este curso busca principalmente, o aprendizado de novas t\u00e9cnicas, atualiza\u00e7\u00e3o tecnol\u00f3gica, gest\u00e3o de pessoas e problemas, tendo em vista uma resposta \u00e0 demanda quantitativa da regi\u00e3o e um significativo aumento da melhoria qualitativa em manuten\u00e7\u00e3o e opera\u00e7\u00e3o de computadores, como tamb\u00e9m, suporte em redes de computadores e em programas de apoio \u00e0s atividades empresariais, industriais, de comercializa\u00e7\u00e3o e presta\u00e7\u00e3o de servi\u00e7o.<\/p>\n<p><strong>Justificativa<\/strong><\/p>\n<p>O mundo atual vive a era da Sociedade da Informa\u00e7\u00e3o e do conhecimento, na qual assumem papel de relev\u00e2ncia empresas e pessoas capazes de agirem baseadas na percep\u00e7\u00e3o e na rela\u00e7\u00e3o de fatos globais. Valoriza-se o capital intelectual, ativo das empresas, nem sempre materializado de maneira concreta, mas que envolve o conhecimento sobre como realizar processos e tomar boas decis\u00f5es nos diversos n\u00edveis corporativos.<\/p>\n<p>Neste cen\u00e1rio, o ensino de Inform\u00e1tica assume um papel de grande import\u00e2ncia social, devendo formar profissionais que, al\u00e9m de uma boa base t\u00e9cnico-cient\u00edfica, possuam a capacidade de refletir, analisar, discernir e influir sobre as mais diversas quest\u00f5es do mundo contempor\u00e2neo, em particular \u00e0quelas relacionadas com as implica\u00e7\u00f5es da tecnologia computacional na sociedade. Afinal, a Inform\u00e1tica tomou-se uma realidade concreta e irrevers\u00edvel, cujo est\u00e1gio tecnol\u00f3gico imp\u00f5e uma presen\u00e7a que j\u00e1 n\u00e3o pode ser ignorada pela sociedade. A formula\u00e7\u00e3o de modelos que explicitem, incorporem e processem conhecimento tamb\u00e9m \u00e9 uma caracter\u00edstica desej\u00e1vel ao profissional de Inform\u00e1tica.<\/p>\n<p>Esse curso de suporte e montagem em inform\u00e1tica visa atender uma parcela importante da \u00e1rea de servi\u00e7os em Tecnologia de Informa\u00e7\u00e3o (TI) que trabalha com infraestrutura geral de TI.\u00a0 \u00c9 um mercado sempre ativo e carente de m\u00e3o de obra. O curso se destina a formar pessoas para esse mercado.<\/p>\n<p><strong>Perfil Profissional de Conclus\u00e3o<\/strong><\/p>\n<p>Ao concluir o curso, o egresso dever\u00e1 ter condi\u00e7\u00f5es:<\/p>\n<ul>\n<li>Selecionar programas de aplica\u00e7\u00e3o a partir da avalia\u00e7\u00e3o das necessidades dos usu\u00e1rios;<\/li>\n<li>Avaliar necessidades de treinamento e de suporte t\u00e9cnico aos usu\u00e1rios;<\/li>\n<li>Selecionar equipamentos de inform\u00e1tica de forma a atender a demandas dos mais diversos processos de trabalho;<\/li>\n<li>Conhecer computadores, perif\u00e9ricos, softwares b\u00e1sicos, utilit\u00e1rios e aplicativos, isolados ou em redes, bem como oferecer suporte aos usu\u00e1rios;<\/li>\n<li>Orientar usu\u00e1rios na utiliza\u00e7\u00e3o de softwares;<\/li>\n<li>Realizar procedimentos de backup e recupera\u00e7\u00e3o de dados;<\/li>\n<li>Compreender as arquiteturas de redes de computadores;<\/li>\n<li>Descrever componentes e suas fun\u00e7\u00f5es dentro de uma rede de computadores;<\/li>\n<li>Elaborar conhecimentos de manuten\u00e7\u00e3o em redes locais de computadores;<\/li>\n<li>Conhecer dispositivos de rede, meios f\u00edsicos, softwares b\u00e1sicos e aplicativos em rede.<\/li>\n<\/ul>\n","protected":false},"excerpt":{"rendered":"<p>Identifica\u00e7\u00e3o e dados Gerais do Curso Nome: T\u00e9cnico de Suporte e Manuten\u00e7\u00e3o em Inform\u00e1tica Coordenador: Renato Campos Mauro Carga hor\u00e1ria: 1008 + 400 horas de est\u00e1gio. Modelo: Subsequente Per\u00edodo: semestral, com dura\u00e7\u00e3o de tr\u00eas semestres letivos. Turno: vespertino (\u00e0 tarde) Local: Campus I (Unidade Maracan\u00e3) pavilh\u00e3o 1. Hor\u00e1rio das aulas: entre 12h50 e 18h10 Entrada [&hellip;]<\/p>\n","protected":false},"author":3,"featured_media":0,"parent":774,"menu_order":0,"comment_status":"closed","ping_status":"open","template":"","meta":{"footnotes":""},"class_list":["post-890","page","type-page","status-publish","hentry","entry"],"_links":{"self":[{"href":"https:\/\/eic.cefet-rj.br\/portal\/wp-json\/wp\/v2\/pages\/890","targetHints":{"allow":["GET"]}}],"collection":[{"href":"https:\/\/eic.cefet-rj.br\/portal\/wp-json\/wp\/v2\/pages"}],"about":[{"href":"https:\/\/eic.cefet-rj.br\/portal\/wp-json\/wp\/v2\/types\/page"}],"author":[{"embeddable":true,"href":"https:\/\/eic.cefet-rj.br\/portal\/wp-json\/wp\/v2\/users\/3"}],"replies":[{"embeddable":true,"href":"https:\/\/eic.cefet-rj.br\/portal\/wp-json\/wp\/v2\/comments?post=890"}],"version-history":[{"count":0,"href":"https:\/\/eic.cefet-rj.br\/portal\/wp-json\/wp\/v2\/pages\/890\/revisions"}],"up":[{"embeddable":true,"href":"https:\/\/eic.cefet-rj.br\/portal\/wp-json\/wp\/v2\/pages\/774"}],"wp:attachment":[{"href":"https:\/\/eic.cefet-rj.br\/portal\/wp-json\/wp\/v2\/media?parent=890"}],"curies":[{"name":"wp","href":"https:\/\/api.w.org\/{rel}","templated":true}]}}