{"id":774,"date":"2015-03-02T17:09:21","date_gmt":"2015-03-02T14:09:21","guid":{"rendered":"http:\/\/eic.cefet-rj.br\/portal\/?page_id=774"},"modified":"2018-01-11T13:13:06","modified_gmt":"2018-01-11T16:13:06","slug":"ensino","status":"publish","type":"page","link":"https:\/\/eic.cefet-rj.br\/portal\/ensino\/","title":{"rendered":"EIC :: Ensino"},"content":{"rendered":"<p>A <strong>Escola de Inform\u00e1tica e Computa\u00e7\u00e3o<\/strong> da unidade Maracan\u00e3 do CEFET\/RJ, por meio\u00a0da Coordena\u00e7\u00e3o de Inform\u00e1tica (COINFO\/DEMET) e do Departamento de Inform\u00e1tica (DEPIN\/DEPES), oferece regularmente \u00e0 comunidade os seguintes cursos:<\/p>\n<p><strong>Cursos T\u00e9cnicos<\/strong><\/p>\n<ul>\n<li><a href=\"http:\/\/eic.cefet-rj.br\/portal\/index.php\/curso-tecnico\/\">Curso T\u00e9cnico de Inform\u00e1tica (CTINFO)<\/a><\/li>\n<li>Curso T\u00e9cnico em Suporte e Manuten\u00e7\u00e3o de Inform\u00e1tica<\/li>\n<\/ul>\n<p><strong>Cursos Superiores (Gradua\u00e7\u00f5es)<\/strong><\/p>\n<ul>\n<li><a href=\"http:\/\/eic.cefet-rj.br\/portal\/index.php\/sistemas-para-internet\/\">Curso Superior de Tecnologia em Sistemas para Internet (CST-SI)<\/a><\/li>\n<li><a href=\"http:\/\/eic.cefet-rj.br\/portal\/index.php\/ciencia-da-computacao\/\">Curso de Bacharelado em Ci\u00eancia da Computa\u00e7\u00e3o (BCC)<\/a>.<\/li>\n<\/ul>\n<p>&nbsp;<\/p>\n<p>&nbsp;<\/p>\n","protected":false},"excerpt":{"rendered":"<p>A Escola de Inform\u00e1tica e Computa\u00e7\u00e3o da unidade Maracan\u00e3 do CEFET\/RJ, por meio\u00a0da Coordena\u00e7\u00e3o de Inform\u00e1tica (COINFO\/DEMET) e do Departamento de Inform\u00e1tica (DEPIN\/DEPES), oferece regularmente \u00e0 comunidade os seguintes cursos: Cursos T\u00e9cnicos Curso T\u00e9cnico de Inform\u00e1tica (CTINFO) Curso T\u00e9cnico em Suporte e Manuten\u00e7\u00e3o de Inform\u00e1tica Cursos Superiores (Gradua\u00e7\u00f5es) Curso Superior de Tecnologia em Sistemas para [&hellip;]<\/p>\n","protected":false},"author":3,"featured_media":0,"parent":0,"menu_order":0,"comment_status":"closed","ping_status":"open","template":"","meta":{"footnotes":""},"class_list":["post-774","page","type-page","status-publish","hentry","entry"],"_links":{"self":[{"href":"https:\/\/eic.cefet-rj.br\/portal\/wp-json\/wp\/v2\/pages\/774","targetHints":{"allow":["GET"]}}],"collection":[{"href":"https:\/\/eic.cefet-rj.br\/portal\/wp-json\/wp\/v2\/pages"}],"about":[{"href":"https:\/\/eic.cefet-rj.br\/portal\/wp-json\/wp\/v2\/types\/page"}],"author":[{"embeddable":true,"href":"https:\/\/eic.cefet-rj.br\/portal\/wp-json\/wp\/v2\/users\/3"}],"replies":[{"embeddable":true,"href":"https:\/\/eic.cefet-rj.br\/portal\/wp-json\/wp\/v2\/comments?post=774"}],"version-history":[{"count":1,"href":"https:\/\/eic.cefet-rj.br\/portal\/wp-json\/wp\/v2\/pages\/774\/revisions"}],"predecessor-version":[{"id":3071,"href":"https:\/\/eic.cefet-rj.br\/portal\/wp-json\/wp\/v2\/pages\/774\/revisions\/3071"}],"wp:attachment":[{"href":"https:\/\/eic.cefet-rj.br\/portal\/wp-json\/wp\/v2\/media?parent=774"}],"curies":[{"name":"wp","href":"https:\/\/api.w.org\/{rel}","templated":true}]}}