{"id":74,"date":"2014-11-14T11:00:00","date_gmt":"2014-11-14T13:00:00","guid":{"rendered":"http:\/\/coinfocefetrj.wordpress.com\/?page_id=74"},"modified":"2025-09-09T07:32:18","modified_gmt":"2025-09-09T10:32:18","slug":"grupos","status":"publish","type":"page","link":"https:\/\/eic.cefet-rj.br\/portal\/pesquisa\/grupos\/","title":{"rendered":"Grupos de Pesquisa"},"content":{"rendered":"<p>A pesquisa na EIC \u00e9 centrada a partir dos grupos de pesquisas registrados junto ao CNPq.<\/p>\n<p>Inicialmente os pesquisadores estavam alocados ao Grupo de Pesquisa em Computa\u00e7\u00e3o Aplicada (GPCA).<\/p>\n<p>Com o crescimento da pesquisa, em 2014 foi realizada a decomposi\u00e7\u00e3o do GPCA em novos grupos para potencializar novas lideran\u00e7as nas principais \u00e1reas estudadas.<\/p>\n<p>Atualmente a EIC apresenta oito grupos de pesquisas:<\/p>\n<p><span class=\"il\">[1] <\/span><strong><a href=\"https:\/\/eic.cefet-rj.br\/dal\" target=\"_blank\" rel=\"noopener noreferrer\">Data Analytics Lab<\/a><\/strong> (<a href=\"http:\/\/dgp.cnpq.br\/dgp\/espelhogrupo\/1023814540343507\">diret\u00f3rio do CNPq<\/a>)<br \/>\nL\u00edder: Eduardo Ogasawara (principal)<strong><br \/>\n<\/strong><\/p>\n<p><span class=\"il\">[2] <\/span><strong><a href=\"https:\/\/eic.cefet-rj.br\/mallab\/\" target=\"_blank\" rel=\"noopener noreferrer\">Aprendizado de M\u00e1quina<\/a> (<\/strong><a href=\"http:\/\/dgp.cnpq.br\/dgp\/espelhogrupo\/3809977238684873\">diret\u00f3rio do CNPq<\/a><strong>)<\/strong><br \/>\nL\u00edder: Eduardo Bezerra (principal)<\/p>\n<p><span class=\"il\">[3] <\/span><strong><a href=\"https:\/\/eic.cefet-rj.br\/~gpmm\/\" target=\"_blank\" rel=\"noopener noreferrer\">Grupo de Pesquisa em Multim\u00eddia<\/a> (<\/strong><a href=\"http:\/\/dgp.cnpq.br\/dgp\/espelhogrupo\/9414066856045376\">diret\u00f3rio do CNPq<\/a><strong>)<\/strong><br \/>\nL\u00edder: Joel Andr\u00e9 Ferreira dos Santos (principal)<strong><br \/>\n<\/strong><\/p>\n<p><span class=\"il\">[4] <strong><a href=\"https:\/\/eic.cefet-rj.br\/lacafe\">Laborat\u00f3rio de Computa\u00e7\u00e3o Afetiva &#8211; LaCAfe<\/a><\/strong> (<a href=\"http:\/\/dgp.cnpq.br\/dgp\/espelhogrupo\/2756836391689533\">diret\u00f3rio do CNPq<\/a>)<\/span><br \/>\nL\u00edder: Gustavo Guedes (principal)\u00a0<strong><br \/>\n<\/strong><\/p>\n<p><span class=\"il\">[5] <a href=\"https:\/\/eic.cefet-rj.br\/oca\/\"><strong>Otimiza\u00e7\u00e3o Combinat\u00f3ria e Aplica\u00e7\u00f5es <\/strong><\/a> (<a href=\"http:\/\/dgp.cnpq.br\/dgp\/espelhogrupo\/0371040302882398\">diret\u00f3rio do CNPq<\/a>)<\/span><br \/>\nL\u00edderes: Pedro Gonzalez (principal) &amp; <span class=\"\">Vanessa de Almeida Guimar\u00e3es <\/span><strong><br \/>\n<\/strong><\/p>\n<p><span class=\"il\">[6] <\/span><strong>Algoritmos, Complexidade e Modelagem Computacional (<\/strong><a href=\"http:\/\/dgp.cnpq.br\/dgp\/espelhogrupo\/0597928915958784\">diret\u00f3rio do CNPq<\/a><strong>)<\/strong><br \/>\nL\u00edderes: Diego Nunes Brand\u00e3o (principal) &amp; <span class=\"\">Ana Lu\u00edsa Carvalho Furtado <\/span><strong><br \/>\n<\/strong><\/p>\n<p><span class=\"il\">[7] <\/span><strong><span class=\"il\">Inform\u00e1tica<\/span> <span class=\"il\">na<\/span> <span class=\"il\">Educa\u00e7\u00e3o<\/span> (<\/strong><a href=\"http:\/\/dgp.cnpq.br\/dgp\/espelhogrupo\/5476207398629330\">diret\u00f3rio do CNPq<\/a><strong>)<\/strong><br \/>\nL\u00edderes: Carlos Schocair (principal) &amp; Jo\u00e3o Quadros<strong><br \/>\n<\/strong><\/p>\n<p>[8] <strong>Engenharia de Software Baseada em Evid\u00eancias (<\/strong><a href=\"http:\/\/dgp.cnpq.br\/dgp\/espelhogrupo\/9443165704786958\">diret\u00f3rio do CNPq<\/a><strong>)<br \/>\n<\/strong>L\u00edder: <span class=\"\">Rafael Maiani de Mello <\/span> (principal)<\/p>\n<p>&nbsp;<\/p>\n<p>&nbsp;<\/p>\n","protected":false},"excerpt":{"rendered":"<p>A pesquisa na EIC \u00e9 centrada a partir dos grupos de pesquisas registrados junto ao CNPq. Inicialmente os pesquisadores estavam alocados ao Grupo de Pesquisa em Computa\u00e7\u00e3o Aplicada (GPCA). Com o crescimento da pesquisa, em 2014 foi realizada a decomposi\u00e7\u00e3o do GPCA em novos grupos para potencializar novas lideran\u00e7as nas principais \u00e1reas estudadas. Atualmente a [&hellip;]<\/p>\n","protected":false},"author":3,"featured_media":0,"parent":14,"menu_order":0,"comment_status":"closed","ping_status":"open","template":"","meta":{"footnotes":""},"class_list":["post-74","page","type-page","status-publish","hentry","entry"],"_links":{"self":[{"href":"https:\/\/eic.cefet-rj.br\/portal\/wp-json\/wp\/v2\/pages\/74","targetHints":{"allow":["GET"]}}],"collection":[{"href":"https:\/\/eic.cefet-rj.br\/portal\/wp-json\/wp\/v2\/pages"}],"about":[{"href":"https:\/\/eic.cefet-rj.br\/portal\/wp-json\/wp\/v2\/types\/page"}],"author":[{"embeddable":true,"href":"https:\/\/eic.cefet-rj.br\/portal\/wp-json\/wp\/v2\/users\/3"}],"replies":[{"embeddable":true,"href":"https:\/\/eic.cefet-rj.br\/portal\/wp-json\/wp\/v2\/comments?post=74"}],"version-history":[{"count":19,"href":"https:\/\/eic.cefet-rj.br\/portal\/wp-json\/wp\/v2\/pages\/74\/revisions"}],"predecessor-version":[{"id":4654,"href":"https:\/\/eic.cefet-rj.br\/portal\/wp-json\/wp\/v2\/pages\/74\/revisions\/4654"}],"up":[{"embeddable":true,"href":"https:\/\/eic.cefet-rj.br\/portal\/wp-json\/wp\/v2\/pages\/14"}],"wp:attachment":[{"href":"https:\/\/eic.cefet-rj.br\/portal\/wp-json\/wp\/v2\/media?parent=74"}],"curies":[{"name":"wp","href":"https:\/\/api.w.org\/{rel}","templated":true}]}}