{"id":60,"date":"2014-11-14T11:00:00","date_gmt":"2014-11-14T13:00:00","guid":{"rendered":"http:\/\/coinfocefetrj.wordpress.com\/?page_id=60"},"modified":"2017-10-10T17:00:15","modified_gmt":"2017-10-10T20:00:15","slug":"equivalencias","status":"publish","type":"page","link":"https:\/\/eic.cefet-rj.br\/portal\/sistemas-para-internet\/equivalencias\/","title":{"rendered":"Sistemas para Internet :: Grade de Equival\u00eancias"},"content":{"rendered":"<p>&nbsp;<\/p>\n<h1><a name=\"equivalencias\"><\/a>Grade de equival\u00eancias 2007, 2012 e 2014<\/h1>\n<p><a href=\"\/portal\/wp-content\/uploads\/2014\/11\/equivalenciastsi.pdf\">Baixar vers\u00e3o PDF da\u00a0grade de equival\u00eancias.<\/a><\/p>\n<table width=\"728\">\n<tbody>\n<tr>\n<th>C\u00f3d.2014<\/th>\n<th>C\u00f3d.2012<\/th>\n<th>C\u00f3d.2007<\/th>\n<th>Grade curricular 2014.1 e 2012.1<\/th>\n<th>Grade curricular 2007.1 *<\/th>\n<\/tr>\n<tr>\n<td>GTSI1255<\/td>\n<td>GTSI1255<\/td>\n<td>GTSI7415<\/td>\n<td>Administrac\u0327\u00e3o de Banco de Dados<\/td>\n<td><\/td>\n<\/tr>\n<tr>\n<td>GTSI1246<\/td>\n<td>GTSI1246<\/td>\n<td>GTSI7312<\/td>\n<td>Ana\u0301lise e Projeto de Sistemas<\/td>\n<td>Modelagem de Projeto de Sistemas<\/td>\n<\/tr>\n<tr>\n<td>GTSI1294<\/td>\n<td>GTSI1294<\/td>\n<td>GTSI7702<\/td>\n<td>Aplicac\u0327\u00f5es na Internet Para TV Digital Interativa<\/td>\n<td><\/td>\n<\/tr>\n<tr>\n<td>GTSI1272<\/td>\n<td>GTSI1272<\/td>\n<td>GTSI7043<\/td>\n<td>Aplicac\u0327\u00f5es Para Dispositivos Mo\u0301veis<\/td>\n<td><\/td>\n<\/tr>\n<tr>\n<td>GTSI1411<\/td>\n<td>GTSI1211<\/td>\n<td>GTSI7101<\/td>\n<td>Arquitetura de Computadores<\/td>\n<td><\/td>\n<\/tr>\n<tr>\n<td>GTSI1252<\/td>\n<td>GTSI1252<\/td>\n<td>GTSI7520<\/td>\n<td>Arquitetura e Padro\u0303es de Software<\/td>\n<td>Padro\u0303es de Software<\/td>\n<\/tr>\n<tr>\n<td>GTSI1301<\/td>\n<td>GTSI1301<\/td>\n<td>GTSI7004<\/td>\n<td>Arquiteturas Avanc\u0327adas de Computadores<\/td>\n<td><\/td>\n<\/tr>\n<tr>\n<td>GTSI1309<\/td>\n<td>GTSI1309<\/td>\n<td>GTSI7074<\/td>\n<td>Arquiteturas de Linguagens de Programac\u0327\u00e3o<\/td>\n<td><\/td>\n<\/tr>\n<tr>\n<td>GTSI1311<\/td>\n<td>GTSI1311<\/td>\n<td>GTSI7070<\/td>\n<td>Ca\u0301lculo de Uma Varia\u0301vel<\/td>\n<td><\/td>\n<\/tr>\n<tr>\n<td>GTSI1308<\/td>\n<td>GTSI1308<\/td>\n<td>GTSI7077<\/td>\n<td>Computac\u0327\u00e3o Gra\u0301fica<\/td>\n<td><\/td>\n<\/tr>\n<tr>\n<td>GTSI1256<\/td>\n<td>GTSI1256<\/td>\n<td>GTSI7523<\/td>\n<td>Concepc\u0327\u00e3o e Elaborac\u0327\u00e3o de Projeto Final<\/td>\n<td>Projeto Final I<\/td>\n<\/tr>\n<tr>\n<td>GTSI1312<\/td>\n<td>GTSI1312<\/td>\n<td>GTSI7033<\/td>\n<td colspan=\"2\">Desenvolvimento de Aplicac\u0327\u00f5es Ricas Para a Internet<\/td>\n<\/tr>\n<tr>\n<td>GTSI1280<\/td>\n<td>GTSI1280<\/td>\n<td>GFSQ1701<\/td>\n<td>Ecologia e Meio Ambiente<\/td>\n<td><\/td>\n<\/tr>\n<tr>\n<td>GTSI1274<\/td>\n<td>GTSI1274<\/td>\n<td>GTSI7045<\/td>\n<td>Economia<\/td>\n<td><\/td>\n<\/tr>\n<tr>\n<td>GTSI1282<\/td>\n<td>GTSI1282<\/td>\n<td>GTSI7091<\/td>\n<td>Economia Brasileira<\/td>\n<td><\/td>\n<\/tr>\n<tr>\n<td>GTSI1265<\/td>\n<td>GTSI1265<\/td>\n<td>GTSI7628<\/td>\n<td>Elaborac\u0327\u00e3o e Construc\u0327\u00e3o de Projeto Final<\/td>\n<td>Projeto Final II<\/td>\n<\/tr>\n<tr>\n<td>GTSI1434<\/td>\n<td>GTSI1234<\/td>\n<td>GTSI7417<\/td>\n<td>Empreendedorismo<\/td>\n<td><\/td>\n<\/tr>\n<tr>\n<td>GTSI1431<\/td>\n<td>GTSI1231<\/td>\n<td>GTSI7207<\/td>\n<td>Engenharia de Requisitos<\/td>\n<td><\/td>\n<\/tr>\n<tr>\n<td>GTSI1253<\/td>\n<td>GTSI1253<\/td>\n<td>GTSI7521<\/td>\n<td>Engenharia de Software<\/td>\n<td><\/td>\n<\/tr>\n<tr>\n<td>GTSI1268<\/td>\n<td>GTSI1268<\/td>\n<td>GTSI7629<\/td>\n<td>Esta\u0301gio Supervisionado<\/td>\n<td>Esta\u0301gio Supervisionado (Tecno\u0301logo em Web)<\/td>\n<\/tr>\n<tr>\n<td>GTSI1435<\/td>\n<td>GTSI1235<\/td>\n<td>GTSI7416<\/td>\n<td>Estati\u0301Stica e Probabilidade<\/td>\n<td><\/td>\n<\/tr>\n<tr>\n<td>GTSI1422<\/td>\n<td>GTSI1222<\/td>\n<td>GTSI7206<\/td>\n<td>Estruturas de Dados<\/td>\n<td>Estrutura de Dados<\/td>\n<\/tr>\n<tr>\n<td>GTSI1273<\/td>\n<td>GTSI1273<\/td>\n<td>GTSI7044<\/td>\n<td>Expressa\u0303o Oral e Escrita<\/td>\n<td><\/td>\n<\/tr>\n<tr>\n<td>GTSI1432<\/td>\n<td>GTSI1232<\/td>\n<td>GTSI7309<\/td>\n<td>Fundamentos de Redes de Computadores<\/td>\n<td><\/td>\n<\/tr>\n<tr>\n<td>GTSI1244<\/td>\n<td>GTSI1244<\/td>\n<td>GTSI7064<\/td>\n<td>Gere\u0302ncia de Projetos de Tecnologia da Informac\u0327\u00e3o<\/td>\n<td>Gere\u0302ncia de Projeto em TI<\/td>\n<\/tr>\n<tr>\n<td>GTSI1241<\/td>\n<td>GTSI1241<\/td>\n<td>GTSI7414<\/td>\n<td>Gerenciamento de Dados Semiestruturados<\/td>\n<td>Ger\u00eancia de Dados Semi Estruturados<\/td>\n<\/tr>\n<tr>\n<td>GTSI1275<\/td>\n<td>GTSI1275<\/td>\n<td>GTSI7065<\/td>\n<td>Gesta\u0303o de Tecnologia da Informac\u0327\u00e3o<\/td>\n<td><\/td>\n<\/tr>\n<tr>\n<td>GTSI1281<\/td>\n<td>GTSI1281<\/td>\n<td>GADM7741<\/td>\n<td>Gesta\u0303o Estrate\u0301gica<\/td>\n<td><\/td>\n<\/tr>\n<tr>\n<td>GTSI1300<\/td>\n<td>GTSI1300<\/td>\n<td>GTSI7073<\/td>\n<td>Grafos e Algoritmos<\/td>\n<td><\/td>\n<\/tr>\n<tr>\n<td>GTSI1264<\/td>\n<td>GTSI1264<\/td>\n<td>GTSI7627<\/td>\n<td>Informa\u0301tica e Sociedade<\/td>\n<td><\/td>\n<\/tr>\n<tr>\n<td>GTSI1293<\/td>\n<td>GTSI1293<\/td>\n<td>GTSI7075<\/td>\n<td>Inovac\u0327\u00f5es Tecnolo\u0301gicas<\/td>\n<td>Arquiteturas Avanc\u0327adas<\/td>\n<\/tr>\n<tr>\n<td>GTSI1293<\/td>\n<td>GTSI1293<\/td>\n<td>GTSI7105<\/td>\n<td>Inovac\u0327\u00f5es Tecnolo\u0301gicas<\/td>\n<td>Inovac\u0327\u00f5es Tecnolo\u0301gicas<\/td>\n<\/tr>\n<tr>\n<td>GTSI1278<\/td>\n<td>GTSI1278<\/td>\n<td>GTSI7087<\/td>\n<td>Instituic\u0327\u00f5es de Direito<\/td>\n<td>Instituic\u0327\u00f5es do Direito<\/td>\n<\/tr>\n<tr>\n<td>GTSI1306<\/td>\n<td>GTSI1306<\/td>\n<td>GTSI7032<\/td>\n<td>Intelige\u0302ncia Artificial<\/td>\n<td><\/td>\n<\/tr>\n<tr>\n<td>GTSI1276<\/td>\n<td>GTSI1276<\/td>\n<td>GTSI7058<\/td>\n<td>Intelige\u0302ncia de Nego\u0301cios<\/td>\n<td>Intelige\u0302ncia Competitiva<\/td>\n<\/tr>\n<tr>\n<td>GTSI1261<\/td>\n<td>GTSI1261<\/td>\n<td>GTSI7519<\/td>\n<td>Interac\u0327\u00e3o Humano-Computador<\/td>\n<td>Projeto de Interfaces<\/td>\n<\/tr>\n<tr>\n<td>GTSI1415<\/td>\n<td>GTSI1215<\/td>\n<td>GTSI7313<\/td>\n<td>Introduc\u0327\u00e3o \u00e0 Administrac\u0327\u00e3o<\/td>\n<td><\/td>\n<\/tr>\n<tr>\n<td>GTSI1279<\/td>\n<td>GTSI1279<\/td>\n<td>GTSI7088<\/td>\n<td>Introduc\u0327\u00e3o \u00e0 Psicologia<\/td>\n<td><\/td>\n<\/tr>\n<tr>\n<td>GTSI1266<\/td>\n<td>GTSI1266<\/td>\n<td>GTSI7708<\/td>\n<td>Legislac\u0327\u00e3o e Informa\u0301tica<\/td>\n<td><\/td>\n<\/tr>\n<tr>\n<td>GTSI1296<\/td>\n<td>GTSI1296<\/td>\n<td>GTSI7705<\/td>\n<td>Libras-Li\u0301ngua Brasileira de Sinais<\/td>\n<td><\/td>\n<\/tr>\n<tr>\n<td>GTSI1414<\/td>\n<td>GTSI1214<\/td>\n<td>GTSI7104<\/td>\n<td>Lo\u0301gica Matema\u0301tica<\/td>\n<td><\/td>\n<\/tr>\n<tr>\n<td>GTSI1423<\/td>\n<td>GTSI1223<\/td>\n<td>GTSI7208<\/td>\n<td>Matema\u0301tica Discreta<\/td>\n<td><\/td>\n<\/tr>\n<tr>\n<td>GTSI1424<\/td>\n<td>GTSI1224<\/td>\n<td>GTSI7522<\/td>\n<td>Metodologia Cienti\u0301fica<\/td>\n<td>Te\u0301cnicas de Estudo e Pesquisa<\/td>\n<\/tr>\n<tr>\n<td>GTSI1284<\/td>\n<td>GTSI1284<\/td>\n<td>GADM7708<\/td>\n<td>Microeconomia<\/td>\n<td><\/td>\n<\/tr>\n<tr>\n<td>GTSI1298<\/td>\n<td>GTSI1298<\/td>\n<td>GTSI7036<\/td>\n<td>Minerac\u0327\u00e3o de Dados<\/td>\n<td><\/td>\n<\/tr>\n<tr>\n<td>GTSI1262<\/td>\n<td>GTSI1262<\/td>\n<td>GTSI7625<\/td>\n<td>Nego\u0301cios na Internet<\/td>\n<td><\/td>\n<\/tr>\n<tr>\n<td>GTSI1243<\/td>\n<td>GTSI1243<\/td>\n<td>GTSI7084<\/td>\n<td>Organizac\u0327\u00e3o de Estruturas de Arquivos<\/td>\n<td>Organizac\u0327\u00e3o de Dados em Memo\u0301ria Secunda\u0301ria<\/td>\n<\/tr>\n<tr>\n<td>GTSI1295<\/td>\n<td>GTSI1295<\/td>\n<td>GTSI7704<\/td>\n<td>Pra\u0301ticas em Responsabilidade Socioambiental<\/td>\n<td><\/td>\n<\/tr>\n<tr>\n<td>GTSI1412<\/td>\n<td>GTSI1212<\/td>\n<td>GTSI7102<\/td>\n<td>Programac\u0327\u00e3o de Cliente Web<\/td>\n<td><\/td>\n<\/tr>\n<tr>\n<td>GTSI1271<\/td>\n<td>GTSI1271<\/td>\n<td>GTSI7039<\/td>\n<td>Programac\u0327\u00e3o de Jogos<\/td>\n<td><\/td>\n<\/tr>\n<tr>\n<td>GTSI1251<\/td>\n<td>GTSI1251<\/td>\n<td>GTSI7518<\/td>\n<td>Programac\u0327\u00e3o de Servidores Web<\/td>\n<td><\/td>\n<\/tr>\n<tr>\n<td>GTSI1242<\/td>\n<td>GTSI1242<\/td>\n<td>GTSI7418<\/td>\n<td>Programac\u0327\u00e3o de Software Para Web<\/td>\n<td>Projeto de Software Orientados a Objetos<\/td>\n<\/tr>\n<tr>\n<td>GTSI1286<\/td>\n<td>GTSI1286<\/td>\n<td>GTSI7095<\/td>\n<td>Programac\u0327\u00e3o em Lo\u0301gica<\/td>\n<td><\/td>\n<\/tr>\n<tr>\n<td>GTSI1433<\/td>\n<td>GTSI1233<\/td>\n<td>GTSI7310<\/td>\n<td>Programac\u0327\u00e3o Orientada a Objetos<\/td>\n<td><\/td>\n<\/tr>\n<tr>\n<td>GTSI1413<\/td>\n<td>GTSI1213<\/td>\n<td>GTSI7103<\/td>\n<td>Projeto de Algoritmos Computacionais<\/td>\n<td><\/td>\n<\/tr>\n<tr>\n<td>GTSI1245<\/td>\n<td>GTSI1245<\/td>\n<td>GTSI7311<\/td>\n<td>Projeto de Banco de Dados<\/td>\n<td><\/td>\n<\/tr>\n<tr>\n<td>GTSI1254<\/td>\n<td>GTSI1254<\/td>\n<td>GTSI7068<\/td>\n<td>Projeto e Construc\u0327\u00e3o de Sistemas<\/td>\n<td><\/td>\n<\/tr>\n<tr>\n<td>GTSI1277<\/td>\n<td>GTSI1277<\/td>\n<td>GTSI7086<\/td>\n<td>Responsabilidade Social<\/td>\n<td><\/td>\n<\/tr>\n<tr>\n<td>GTSI1263<\/td>\n<td>GTSI1263<\/td>\n<td>GTSI7626<\/td>\n<td>Seguranc\u0327a da Informac\u0327\u00e3o<\/td>\n<td><\/td>\n<\/tr>\n<tr>\n<td>GTSI1287<\/td>\n<td>GTSI1287<\/td>\n<td>GTSI7096<\/td>\n<td>Simulac\u0327\u00f5es Computacionais<\/td>\n<td><\/td>\n<\/tr>\n<tr>\n<td>GTSI1283<\/td>\n<td>GTSI1283<\/td>\n<td>GADM7731<\/td>\n<td>Simulac\u0327\u00f5es Empresariais<\/td>\n<td><\/td>\n<\/tr>\n<tr>\n<td>GTSI1292<\/td>\n<td>GTSI1292<\/td>\n<td>GTSI7100<\/td>\n<td>Simulac\u0327\u00f5es Empresariais<\/td>\n<td><\/td>\n<\/tr>\n<tr>\n<td>GTSI1304<\/td>\n<td>GTSI1304<\/td>\n<td>GTSI7041<\/td>\n<td>Sistemas Concorrentes e Distribui\u0301dos<\/td>\n<td>Programac\u0327\u00e3o Distribui\u0301da<\/td>\n<\/tr>\n<tr>\n<td>GTSI1302<\/td>\n<td>GTSI1302<\/td>\n<td>GTSI7709<\/td>\n<td>Sistemas Digitais<\/td>\n<td><\/td>\n<\/tr>\n<tr>\n<td>GTSI1421<\/td>\n<td>GTSI1221<\/td>\n<td>GTSI7205<\/td>\n<td>Sistemas Operacionais<\/td>\n<td><\/td>\n<\/tr>\n<tr>\n<td>GTSI1305<\/td>\n<td>GTSI1305<\/td>\n<td>GTSI7072<\/td>\n<td>Teoria da Computac\u0327\u00e3o<\/td>\n<td><\/td>\n<\/tr>\n<tr>\n<td>GTSI1285<\/td>\n<td>GTSI1285<\/td>\n<td>GTSI7706<\/td>\n<td>To\u0301picos Especiais em Intelige\u0302ncia Computacional<\/td>\n<td><\/td>\n<\/tr>\n<tr>\n<td>GTSI1288<\/td>\n<td>GTSI1288<\/td>\n<td>GTSI7097<\/td>\n<td>To\u0301picos Especiais em Programac\u0327\u00e3o I<\/td>\n<td><\/td>\n<\/tr>\n<tr>\n<td>GTSI1289<\/td>\n<td>GTSI1289<\/td>\n<td>GTSI7098<\/td>\n<td>To\u0301picos Especiais em Programac\u0327\u00e3o II<\/td>\n<td><\/td>\n<\/tr>\n<tr>\n<td>GTSI1297<\/td>\n<td>GTSI1297<\/td>\n<td>GTSI7099<\/td>\n<td>To\u0301picos Especiais em Programac\u0327\u00e3o III<\/td>\n<td><\/td>\n<\/tr>\n<tr>\n<td>GTSI1291<\/td>\n<td>GTSI1291<\/td>\n<td>GTSI7703<\/td>\n<td>To\u0301picos Especiais em Programac\u0327\u00e3o IV<\/td>\n<td><\/td>\n<\/tr>\n<\/tbody>\n<\/table>\n<p>* Indica apenas disciplinas que tiveram\u00a0altera\u00e7\u00e3o no nome entre 2007.1 e 2012.1<\/p>\n","protected":false},"excerpt":{"rendered":"<p>&nbsp; Grade de equival\u00eancias 2007, 2012 e 2014 Baixar vers\u00e3o PDF da\u00a0grade de equival\u00eancias. C\u00f3d.2014 C\u00f3d.2012 C\u00f3d.2007 Grade curricular 2014.1 e 2012.1 Grade curricular 2007.1 * GTSI1255 GTSI1255 GTSI7415 Administrac\u0327\u00e3o de Banco de Dados GTSI1246 GTSI1246 GTSI7312 Ana\u0301lise e Projeto de Sistemas Modelagem de Projeto de Sistemas GTSI1294 GTSI1294 GTSI7702 Aplicac\u0327\u00f5es na Internet Para TV [&hellip;]<\/p>\n","protected":false},"author":3,"featured_media":0,"parent":9,"menu_order":0,"comment_status":"closed","ping_status":"open","template":"","meta":{"footnotes":""},"class_list":["post-60","page","type-page","status-publish","hentry","entry"],"_links":{"self":[{"href":"https:\/\/eic.cefet-rj.br\/portal\/wp-json\/wp\/v2\/pages\/60","targetHints":{"allow":["GET"]}}],"collection":[{"href":"https:\/\/eic.cefet-rj.br\/portal\/wp-json\/wp\/v2\/pages"}],"about":[{"href":"https:\/\/eic.cefet-rj.br\/portal\/wp-json\/wp\/v2\/types\/page"}],"author":[{"embeddable":true,"href":"https:\/\/eic.cefet-rj.br\/portal\/wp-json\/wp\/v2\/users\/3"}],"replies":[{"embeddable":true,"href":"https:\/\/eic.cefet-rj.br\/portal\/wp-json\/wp\/v2\/comments?post=60"}],"version-history":[{"count":1,"href":"https:\/\/eic.cefet-rj.br\/portal\/wp-json\/wp\/v2\/pages\/60\/revisions"}],"predecessor-version":[{"id":2605,"href":"https:\/\/eic.cefet-rj.br\/portal\/wp-json\/wp\/v2\/pages\/60\/revisions\/2605"}],"up":[{"embeddable":true,"href":"https:\/\/eic.cefet-rj.br\/portal\/wp-json\/wp\/v2\/pages\/9"}],"wp:attachment":[{"href":"https:\/\/eic.cefet-rj.br\/portal\/wp-json\/wp\/v2\/media?parent=60"}],"curies":[{"name":"wp","href":"https:\/\/api.w.org\/{rel}","templated":true}]}}