{"id":56,"date":"2014-11-14T11:00:00","date_gmt":"2014-11-14T13:00:00","guid":{"rendered":"http:\/\/coinfocefetrj.wordpress.com\/?page_id=56"},"modified":"2021-11-15T14:36:49","modified_gmt":"2021-11-15T17:36:49","slug":"documentos","status":"publish","type":"page","link":"https:\/\/eic.cefet-rj.br\/portal\/sistemas-para-internet\/documentos\/","title":{"rendered":"Sistemas para Internet :: Documentos e Normas"},"content":{"rendered":"<h3>Orienta\u00e7\u00f5es ao Aluno<\/h3>\n<p>O <a href=\"http:\/\/www.cefet-rj.br\/attachments\/article\/2413\/graduacao_2014.pdf\">Regimento Interno do Aluno de Gradua\u00e7\u00e3o<\/a> define as normas, direitos e deveres aos quais est\u00e3o subordinados os alunos dos cursos de gradua\u00e7\u00e3o do CEFET\/RJ.\u00a0Com o prop\u00f3sito de orientar os alunos, a coordena\u00e7\u00e3o do curso mant\u00e9m ainda uma lista de <a href=\"http:\/\/eic.cefet-rj.br\/portal\/index.php\/ensino\/faq-graduacoes\/\">perguntas frequentes<\/a>.<\/p>\n<h3>Projeto Pedag\u00f3gico do Curso (PPC)<\/h3>\n<ul>\n<li><a href=\"http:\/\/eic.cefet-rj.br\/portal\/wp-content\/uploads\/PPC-CST-SI-2014.1.pdf\" target=\"_blank\" rel=\"noopener noreferrer\">PPC Vers\u00e3o Curricular 2014.1<\/a><\/li>\n<li><a href=\"http:\/\/eic.cefet-rj.br\/portal\/wp-content\/uploads\/PPC-CST-SI-2012.2.pdf\">PPC Vers\u00e3o Curricular 2012.2<\/a><\/li>\n<\/ul>\n<h3>Curr\u00edculos do Curso<\/h3>\n<p><strong>Organiza\u00e7\u00e3o\u00a0Curricular (vers\u00e3o 2014.1)<\/strong><\/p>\n<ul>\n<li><a href=\"http:\/\/eic.cefet-rj.br\/portal\/wp-content\/uploads\/estrutura-curricular-CST-SI-2014-1.pdf\">Estrutura Curricular\u00a0(vers\u00e3o 2014.1)<\/a><\/li>\n<li><a href=\"http:\/\/eic.cefet-rj.br\/portal\/wp-content\/uploads\/fluxograma-CST-SI-2014-1.png\">Fluxograma do CST-SI (vers\u00e3o 2014.1)<\/a><\/li>\n<li><a href=\"http:\/\/eic.cefet-rj.br\/portal\/index.php\/sistemas-para-internet\/planos-ensino-2014-1\/\">Planos de Ensino (vers\u00e3o 2014.1)<\/a><\/li>\n<\/ul>\n<p><strong>Organiza\u00e7\u00e3o\u00a0Curricular (vers\u00e3o 2012.2)<\/strong><\/p>\n<ul>\n<li><a href=\"http:\/\/eic.cefet-rj.br\/portal\/wp-content\/uploads\/estrutura-curricular-CST-SI-2012-2.pdf\">Estrutura Curricular\u00a0(vers\u00e3o 2012.2)<\/a><\/li>\n<li><a href=\"http:\/\/eic.cefet-rj.br\/portal\/wp-content\/uploads\/fluxograma-CST-SI-2012-2.pdf\">Fluxograma do CST-SI (vers\u00e3o 2012.2)<\/a><\/li>\n<li><a href=\"http:\/\/eic.cefet-rj.br\/portal\/index.php\/sistemas-para-internet\/planos-ensino-2012-2\/\">Planos de Ensino (vers\u00e3o 2012.1)<\/a><\/li>\n<\/ul>\n<p><strong>\u00a0Organiza\u00e7\u00e3o\u00a0Curricular (vers\u00e3o 2007.1)<\/strong><\/p>\n<ul>\n<li><a href=\"http:\/\/eic.cefet-rj.br\/portal\/wp-content\/uploads\/estrutura-curricular-CST-SI-2007-1.pdf\">Estrutura Curricular (vers\u00e3o 2007.1)<\/a><\/li>\n<li><a href=\"http:\/\/eic.cefet-rj.br\/portal\/wp-content\/uploads\/fluxograma-CST-SI-2007-1.pdf\">Fluxograma do CST-SI (vers\u00e3o 2007.1)<\/a><\/li>\n<li>Planos de Ensino (vers\u00e3o 2007.1)<\/li>\n<\/ul>\n<p><strong>\u00a0Organiza\u00e7\u00e3o\u00a0Curricular (vers\u00e3o 2002.1)<\/strong><\/p>\n<ul>\n<li><a href=\"http:\/\/eic.cefet-rj.br\/portal\/wp-content\/uploads\/estrutura-curricular-CST-SI-2002-1.pdf\">Estrutura Curricular (vers\u00e3o 2002.1)<\/a><\/li>\n<li><a href=\"http:\/\/eic.cefet-rj.br\/portal\/wp-content\/uploads\/fluxograma-CST-SI-2002-1.pdf\">Fluxograma do CST-SI (vers\u00e3o 2002.1)<\/a><\/li>\n<li><a href=\"http:\/\/eic.cefet-rj.br\/portal\/index.php\/sistemas-para-internet\/planos-ensino-2002\/\">Planos de Ensino (vers\u00e3o 2002.1)<\/a><\/li>\n<\/ul>\n<p><strong>Grade de Equival\u00eancias (2007.1 &#8211; 2012.2 &#8211; 2014.1)<\/strong><\/p>\n<ul>\n<li><a href=\"http:\/\/eic.cefet-rj.br\/portal\/wp-content\/uploads\/equivalencias-CST-SI.pdf\">Grade de equival\u00eancias<\/a><\/li>\n<\/ul>\n<h3>Normas de Projeto Final de Curso<\/h3>\n<ul>\n<li><a href=\"http:\/\/www.cefet-rj.br\/depes#regulamentos-normas\">Normas para Elabora\u00e7\u00e3o de Projeto Final dos Cursos de Gradua\u00e7\u00e3o do DEPES<\/a><\/li>\n<li><a href=\"https:\/\/eic.cefet-rj.br\/portal\/wp-content\/uploads\/Manual-de-orientacoes-para-o-TCC-6a-edicao-Moodle.pdf\">Normas para Elabora\u00e7\u00e3o de Projeto Final no CST-SI e no BCC (6\u00aa Edi\u00e7\u00e3o &#8211; Fev\/2020)<\/a><\/li>\n<\/ul>\n<h3>Normas de Est\u00e1gio Supervisionado<\/h3>\n<p>O conjunto de atividades para a forma\u00e7\u00e3o do bacharel em Ci\u00eancia da Computa\u00e7\u00e3o do CEFET\/RJ \u00e9 constitu\u00eddo por diversas Componentes Curriculares, dentre as quais encontramos o <strong>Est\u00e1gio Supervisionado<\/strong>. Consulte o folheto de instru\u00e7\u00f5es para\u00a0<a href=\"http:\/\/eic.cefet-rj.br\/portal\/wp-content\/uploads\/sesup-estagio-supervisionado.pdf\">Est\u00e1gio Supervisionado<\/a>\u00a0divulgado pela SESUP.<\/p>\n<h3>Normas de Atividades Complementares<\/h3>\n<ul>\n<li><a href=\"https:\/\/eic.cefet-rj.br\/portal\/wp-content\/uploads\/Atividades-Complementares-BCC-CST-2021.11.pdf\">Regulamento de Atividades Complementares (atualizado em 2018.2 e corrigido em 2021.1)<\/a><\/li>\n<li><a href=\"https:\/\/eic.cefet-rj.br\/portal\/wp-content\/uploads\/Declarac\u0327a\u0303o-AC-Monitoria.docx\">Declara\u00e7\u00e3o de Atividades Complementares &#8211; Monitoria<\/a><\/li>\n<li><a href=\"https:\/\/eic.cefet-rj.br\/portal\/wp-content\/uploads\/Declarac\u0327a\u0303o-AC-Participac\u0327a\u0303o-em-Eventos.docx\">Declara\u00e7\u00e3o de Atividades Complementares &#8211; Participa\u00e7\u00e3o em Eventos<\/a><\/li>\n<li><a href=\"https:\/\/eic.cefet-rj.br\/portal\/wp-content\/uploads\/Declarac\u0327a\u0303o-AC-Atuac\u0327a\u0303o-em-Projetos-de-Pesquisa.docx\">Declara\u00e7\u00e3o de Atividades Complementares &#8211; Atua\u00e7\u00e3o em Projetos de Pesquisa<\/a><\/li>\n<li><a href=\"https:\/\/eic.cefet-rj.br\/portal\/wp-content\/uploads\/Declarac\u0327a\u0303o-AC-Assiste\u0302ncia-Assessoria-Consultoria-Extensa\u0303o.docx\">Declara\u00e7\u00e3o de Atividades Complementares &#8211; Assist\u00eancia &#8211; Assessoria &#8211; Consultoria (Extens\u00e3o)<\/a><\/li>\n<\/ul>\n<h3>Arquivos de Acesso P\u00fablico<\/h3>\n<h4>Atas de Reuni\u00e3o<\/h4>\n<ul>\n<li><a href=\"http:\/\/eic.cefet-rj.br\/portal\/index.php\/atas-depin\/\">Atas de Reuni\u00e3o &#8211; Colegiado<\/a><\/li>\n<li><a href=\"http:\/\/eic.cefet-rj.br\/portal\/index.php\/atas-nde\/\">Atas de Reuni\u00e3o<\/a><a href=\"http:\/\/eic.cefet-rj.br\/portal\/index.php\/atas-nde\/\">\u00a0&#8211;\u00a0N\u00facleo Docente\u00a0Estruturante (NDE)<\/a><\/li>\n<\/ul>\n<h4>Relat\u00f3rios da Comiss\u00e3o Pr\u00f3pria de Avalia\u00e7\u00e3o<\/h4>\n<ul>\n<li><a href=\"http:\/\/eic.cefet-rj.br\/portal\/index.php\/sistemas-para-internet\/cpa\/\">Relat\u00f3rios da Comiss\u00e3o Pr\u00f3pria de Avalia\u00e7\u00e3o<\/a><\/li>\n<\/ul>\n<h4>Outros<\/h4>\n<ul>\n<li><a href=\"http:\/\/eic.cefet-rj.br\/portal\/index.php\/sistemas-para-internet\/atos-curso\/\">Atos de Regulamenta\u00e7\u00e3o do Curso<\/a><\/li>\n<li><a href=\"http:\/\/eic.cefet-rj.br\/portal\/index.php\/sistemas-para-internet\/tcc\/\">Trabalhos de Conclus\u00e3o de Curso (TCC&#8217;s) Aprovados<\/a><\/li>\n<\/ul>\n","protected":false},"excerpt":{"rendered":"<p>Orienta\u00e7\u00f5es ao Aluno O Regimento Interno do Aluno de Gradua\u00e7\u00e3o define as normas, direitos e deveres aos quais est\u00e3o subordinados os alunos dos cursos de gradua\u00e7\u00e3o do CEFET\/RJ.\u00a0Com o prop\u00f3sito de orientar os alunos, a coordena\u00e7\u00e3o do curso mant\u00e9m ainda uma lista de perguntas frequentes. Projeto Pedag\u00f3gico do Curso (PPC) PPC Vers\u00e3o Curricular 2014.1 PPC [&hellip;]<\/p>\n","protected":false},"author":3,"featured_media":0,"parent":9,"menu_order":0,"comment_status":"closed","ping_status":"open","template":"","meta":{"footnotes":""},"class_list":["post-56","page","type-page","status-publish","hentry","entry"],"_links":{"self":[{"href":"https:\/\/eic.cefet-rj.br\/portal\/wp-json\/wp\/v2\/pages\/56","targetHints":{"allow":["GET"]}}],"collection":[{"href":"https:\/\/eic.cefet-rj.br\/portal\/wp-json\/wp\/v2\/pages"}],"about":[{"href":"https:\/\/eic.cefet-rj.br\/portal\/wp-json\/wp\/v2\/types\/page"}],"author":[{"embeddable":true,"href":"https:\/\/eic.cefet-rj.br\/portal\/wp-json\/wp\/v2\/users\/3"}],"replies":[{"embeddable":true,"href":"https:\/\/eic.cefet-rj.br\/portal\/wp-json\/wp\/v2\/comments?post=56"}],"version-history":[{"count":53,"href":"https:\/\/eic.cefet-rj.br\/portal\/wp-json\/wp\/v2\/pages\/56\/revisions"}],"predecessor-version":[{"id":4101,"href":"https:\/\/eic.cefet-rj.br\/portal\/wp-json\/wp\/v2\/pages\/56\/revisions\/4101"}],"up":[{"embeddable":true,"href":"https:\/\/eic.cefet-rj.br\/portal\/wp-json\/wp\/v2\/pages\/9"}],"wp:attachment":[{"href":"https:\/\/eic.cefet-rj.br\/portal\/wp-json\/wp\/v2\/media?parent=56"}],"curies":[{"name":"wp","href":"https:\/\/api.w.org\/{rel}","templated":true}]}}