{"id":54,"date":"2014-11-14T11:00:00","date_gmt":"2014-11-14T13:00:00","guid":{"rendered":"http:\/\/coinfocefetrj.wordpress.com\/?page_id=54"},"modified":"2014-11-14T11:00:00","modified_gmt":"2014-11-14T13:00:00","slug":"documentos","status":"publish","type":"page","link":"https:\/\/eic.cefet-rj.br\/portal\/curso-tecnico\/documentos\/","title":{"rendered":"Curso T\u00e9cnico :: Documentos"},"content":{"rendered":"<ul>\n<li><a href=\"http:\/\/noticias.cefet-rj.br\/wp-content\/uploads\/2014\/01\/Cal_2014_Maracana-Tec_Integrado.pdf\">Calend\u00e1rio 2014 Maracan\u00e3 &#8211; T\u00e9cnico Integrado<\/a><\/li>\n<li><a href=\"http:\/\/noticias.cefet-rj.br\/wp-content\/uploads\/2014\/01\/Cal_2014_Maracana_Tec_Semestral.pdf\">Calend\u00e1rio 2014 Maracan\u00e3\u00a0&#8211;\u00a0T\u00e9cnico Semestral<\/a><\/li>\n<\/ul>\n","protected":false},"excerpt":{"rendered":"<p>Calend\u00e1rio 2014 Maracan\u00e3 &#8211; T\u00e9cnico Integrado Calend\u00e1rio 2014 Maracan\u00e3\u00a0&#8211;\u00a0T\u00e9cnico Semestral<\/p>\n","protected":false},"author":3,"featured_media":0,"parent":7,"menu_order":0,"comment_status":"closed","ping_status":"closed","template":"","meta":{"footnotes":""},"class_list":["post-54","page","type-page","status-publish","hentry","entry"],"_links":{"self":[{"href":"https:\/\/eic.cefet-rj.br\/portal\/wp-json\/wp\/v2\/pages\/54","targetHints":{"allow":["GET"]}}],"collection":[{"href":"https:\/\/eic.cefet-rj.br\/portal\/wp-json\/wp\/v2\/pages"}],"about":[{"href":"https:\/\/eic.cefet-rj.br\/portal\/wp-json\/wp\/v2\/types\/page"}],"author":[{"embeddable":true,"href":"https:\/\/eic.cefet-rj.br\/portal\/wp-json\/wp\/v2\/users\/3"}],"replies":[{"embeddable":true,"href":"https:\/\/eic.cefet-rj.br\/portal\/wp-json\/wp\/v2\/comments?post=54"}],"version-history":[{"count":0,"href":"https:\/\/eic.cefet-rj.br\/portal\/wp-json\/wp\/v2\/pages\/54\/revisions"}],"up":[{"embeddable":true,"href":"https:\/\/eic.cefet-rj.br\/portal\/wp-json\/wp\/v2\/pages\/7"}],"wp:attachment":[{"href":"https:\/\/eic.cefet-rj.br\/portal\/wp-json\/wp\/v2\/media?parent=54"}],"curies":[{"name":"wp","href":"https:\/\/api.w.org\/{rel}","templated":true}]}}