{"id":52,"date":"2014-11-14T11:00:00","date_gmt":"2014-11-14T13:00:00","guid":{"rendered":"http:\/\/coinfocefetrj.wordpress.com\/?page_id=52"},"modified":"2025-09-01T09:08:10","modified_gmt":"2025-09-01T12:08:10","slug":"documentos","status":"publish","type":"page","link":"https:\/\/eic.cefet-rj.br\/portal\/ciencia-da-computacao\/documentos\/","title":{"rendered":"Ci\u00eancia da Computa\u00e7\u00e3o :: Documentos e Normas"},"content":{"rendered":"<h3>Orienta\u00e7\u00f5es ao Aluno<\/h3>\n<p>O <a href=\"http:\/\/www.cefet-rj.br\/attachments\/article\/2413\/graduacao_2014.pdf\">Regimento Interno do Aluno de Gradua\u00e7\u00e3o<\/a> define as normas, direitos e deveres aos quais est\u00e3o subordinados os alunos dos cursos de gradua\u00e7\u00e3o do CEFET\/RJ.\u00a0Com o prop\u00f3sito de orientar os alunos, a coordena\u00e7\u00e3o do curso mant\u00e9m ainda uma lista de\u00a0<a href=\"http:\/\/eic.cefet-rj.br\/portal\/index.php\/ensino\/faq-graduacoes\/\">perguntas frequentes<\/a>.<\/p>\n<h3>Projeto Pedag\u00f3gico do Curso (PPC)<\/h3>\n<ul>\n<li><a href=\"https:\/\/eic.cefet-rj.br\/portal\/wp-content\/uploads\/BCC-PPC-2016-Novembro-2023-05-09.pdf\">PPC (vers\u00e3o curricular 2012.2)<\/a><\/li>\n<li><a href=\"https:\/\/eic.cefet-rj.br\/portal\/wp-content\/uploads\/Bacharelado-em-Ciencia-da-Computacao-CEFET-RJ-versao-curricular-2026.1.pdf\">Apresenta\u00e7\u00e3o sobre o novo PPC (vers\u00e3o curricular 2026.1)<\/a><\/li>\n<\/ul>\n<h3>Curr\u00edculos do Curso<\/h3>\n<p><strong>Organiza\u00e7\u00e3o\u00a0Curricular (vers\u00e3o 2012.2)<\/strong><\/p>\n<ul>\n<li><a href=\"http:\/\/eic.cefet-rj.br\/portal\/wp-content\/uploads\/estrutura-curricular-BCC-2012-2.pdf\">Estrutura Curricular (vers\u00e3o 2012.2)<\/a><\/li>\n<li><a href=\"http:\/\/eic.cefet-rj.br\/portal\/wp-content\/uploads\/fluxograma-BCC-2012-2.pdf\">Fluxograma (vers\u00e3o 2012.2)<\/a><\/li>\n<li><a href=\"http:\/\/eic.cefet-rj.br\/portal\/index.php\/ciencia-da-computacao\/planos-ensino\/\">Planos de Ensin (vers\u00e3o 2012.2)<\/a><\/li>\n<\/ul>\n<h3>Normas de Projeto Final de Curso<\/h3>\n<ul>\n<li><a href=\"http:\/\/www.cefet-rj.br\/depes#regulamentos-normas\">Normas para Elabora\u00e7\u00e3o de Projeto Final dos Cursos de Gradua\u00e7\u00e3o do DEPES<\/a><\/li>\n<li><a href=\"https:\/\/eic.cefet-rj.br\/portal\/wp-content\/uploads\/Manual-de-orientacoes-para-o-TCC-6a-edicao-Moodle.pdf\">Normas para Elabora\u00e7\u00e3o de Projeto Final no CST-SI e no BCC (6\u00aa Edi\u00e7\u00e3o &#8211; Fev\/2020)<\/a><\/li>\n<\/ul>\n<h3>Normas de Est\u00e1gio Supervisionado<\/h3>\n<p>O conjunto de atividades para a forma\u00e7\u00e3o do bacharel em Ci\u00eancia da Computa\u00e7\u00e3o do CEFET\/RJ \u00e9 constitu\u00eddo por diversas Componentes Curriculares, dentre as quais encontramos o <strong>Est\u00e1gio Supervisionado<\/strong>. Consulte o folheto de instru\u00e7\u00f5es para\u00a0<a href=\"http:\/\/eic.cefet-rj.br\/portal\/wp-content\/uploads\/sesup-estagio-supervisionado.pdf\">Est\u00e1gio Supervisionado<\/a>\u00a0divulgado pela SESUP.<\/p>\n<h3>Normas de Atividades Complementares<\/h3>\n<ul>\n<li><a href=\"https:\/\/eic.cefet-rj.br\/portal\/wp-content\/uploads\/Atividades-Complementares-BCC-CST-2021.11.pdf\">Regulamento de Atividades Complementares (atualizado em 2018.2 e corrigido em 2021.1)<\/a><\/li>\n<li><a href=\"https:\/\/eic.cefet-rj.br\/portal\/wp-content\/uploads\/Declarac\u0327a\u0303o-AC-Monitoria.docx\">Declara\u00e7\u00e3o de Atividades Complementares &#8211; Monitoria<\/a><\/li>\n<li><a href=\"https:\/\/eic.cefet-rj.br\/portal\/wp-content\/uploads\/Declarac\u0327a\u0303o-AC-Participac\u0327a\u0303o-em-Eventos.docx\">Declara\u00e7\u00e3o de Atividades Complementares &#8211; Participa\u00e7\u00e3o em Eventos<\/a><\/li>\n<li><a href=\"https:\/\/eic.cefet-rj.br\/portal\/wp-content\/uploads\/Declarac\u0327a\u0303o-AC-Atuac\u0327a\u0303o-em-Projetos-de-Pesquisa.docx\">Declara\u00e7\u00e3o de Atividades Complementares &#8211; Atua\u00e7\u00e3o em Projetos de Pesquisa<\/a><\/li>\n<li><a href=\"https:\/\/eic.cefet-rj.br\/portal\/wp-content\/uploads\/Declarac\u0327a\u0303o-AC-Assiste\u0302ncia-Assessoria-Consultoria-Extensa\u0303o.docx\">Declara\u00e7\u00e3o de Atividades Complementares &#8211; Assist\u00eancia &#8211; Assessoria &#8211; Consultoria (Extens\u00e3o)<\/a><\/li>\n<\/ul>\n<h3>Avalia\u00e7\u00e3o de Professores<\/h3>\n<p>Desde 2015.2, cada aluno do BCC pode realizar avalia\u00e7\u00f5es das turmas que cursou e de seus respectivos professores. Se voc\u00ea \u00e9 aluno do BCC, fa\u00e7a acesso ao <a href=\"http:\/\/eic.cefet-rj.br\/sca\">M\u00f3dulo de Avalia\u00e7\u00e3o Docente<\/a>\u00a0do SCA e realize a sua avalia\u00e7\u00e3o. Utilize as mesma credenciais que voc\u00ea usa para acesso ao <a href=\"https:\/\/aluno.cefet-rj.br\/\">Portal do Aluno<\/a>.<\/p>\n<h3>Arquivos de Acesso P\u00fablico<\/h3>\n<h4>Atas de Reuni\u00e3o<\/h4>\n<ul>\n<li><a href=\"http:\/\/eic.cefet-rj.br\/portal\/index.php\/atas-depin\/\">Atas de Reuni\u00e3o &#8211; Colegiado<\/a><\/li>\n<li><a href=\"http:\/\/eic.cefet-rj.br\/portal\/index.php\/atas-nde\/\">Atas de Reuni\u00e3o<\/a><a href=\"http:\/\/eic.cefet-rj.br\/portal\/index.php\/atas-nde\/\">\u00a0&#8211;\u00a0N\u00facleo Docente\u00a0Estruturante (NDE)<\/a><\/li>\n<\/ul>\n<h4>Dignidade Acad\u00eamica<\/h4>\n<ul>\n<li><a href=\"https:\/\/eic.cefet-rj.br\/portal\/wp-content\/uploads\/Resoluc\u0327a\u0303o-01-2017-Excele\u0302ncia-Acade\u0302mica.pdf\">Resolu\u00e7\u00e3o no. 001\/2017\/CONEN\/CEFET-RJ, de 6 de fevereiro de 2017<\/a>.<\/li>\n<\/ul>\n<h4>Relat\u00f3rios da Comiss\u00e3o Pr\u00f3pria de Avalia\u00e7\u00e3o<\/h4>\n<ul>\n<li><a href=\"http:\/\/eic.cefet-rj.br\/portal\/index.php\/ciencia-da-computacao\/cpa\">Relat\u00f3rios da Comiss\u00e3o Pr\u00f3pria de Avalia\u00e7\u00e3o<\/a><\/li>\n<\/ul>\n<h4>Planos Diretores Institucionais<\/h4>\n<ul>\n<li><a href=\"http:\/\/www.cefet-rj.br\/arquivos_download\/desenvolvimento\/pdi\/pdi_2005_2009.pdf\" target=\"_blank\" rel=\"alternate noopener noreferrer\">PDI (2005-2009)<\/a><\/li>\n<li><a href=\"http:\/\/www.cefet-rj.br\/arquivos_download\/desenvolvimento\/pdi\/2010_2014\/pdi_edicaoPublicada.pdf\" target=\"_blank\" rel=\"alternate noopener noreferrer\">PDI (2010-2014)<\/a><\/li>\n<li><a href=\"http:\/\/www.cefet-rj.br\/arquivos_download\/instituicao\/documentos\/ppi_completo.pdf\" target=\"_blank\" rel=\"alternate noopener noreferrer\">PPI (2010-2014)<\/a><\/li>\n<li title=\"PPC\"><a href=\"http:\/\/www.cefet-rj.br\/attachments\/article\/98\/projeto_abril_2009.pdf\" rel=\"alternate\">Projeto de Transforma\u00e7\u00e3o do CEFET\/RJ em Universidade Tecnol\u00f3gica<\/a><\/li>\n<\/ul>\n","protected":false},"excerpt":{"rendered":"<p>Orienta\u00e7\u00f5es ao Aluno O Regimento Interno do Aluno de Gradua\u00e7\u00e3o define as normas, direitos e deveres aos quais est\u00e3o subordinados os alunos dos cursos de gradua\u00e7\u00e3o do CEFET\/RJ.\u00a0Com o prop\u00f3sito de orientar os alunos, a coordena\u00e7\u00e3o do curso mant\u00e9m ainda uma lista de\u00a0perguntas frequentes. Projeto Pedag\u00f3gico do Curso (PPC) PPC (vers\u00e3o curricular 2012.2) Apresenta\u00e7\u00e3o sobre [&hellip;]<\/p>\n","protected":false},"author":3,"featured_media":0,"parent":12,"menu_order":0,"comment_status":"closed","ping_status":"closed","template":"","meta":{"footnotes":""},"class_list":["post-52","page","type-page","status-publish","hentry","entry"],"_links":{"self":[{"href":"https:\/\/eic.cefet-rj.br\/portal\/wp-json\/wp\/v2\/pages\/52","targetHints":{"allow":["GET"]}}],"collection":[{"href":"https:\/\/eic.cefet-rj.br\/portal\/wp-json\/wp\/v2\/pages"}],"about":[{"href":"https:\/\/eic.cefet-rj.br\/portal\/wp-json\/wp\/v2\/types\/page"}],"author":[{"embeddable":true,"href":"https:\/\/eic.cefet-rj.br\/portal\/wp-json\/wp\/v2\/users\/3"}],"replies":[{"embeddable":true,"href":"https:\/\/eic.cefet-rj.br\/portal\/wp-json\/wp\/v2\/comments?post=52"}],"version-history":[{"count":75,"href":"https:\/\/eic.cefet-rj.br\/portal\/wp-json\/wp\/v2\/pages\/52\/revisions"}],"predecessor-version":[{"id":4653,"href":"https:\/\/eic.cefet-rj.br\/portal\/wp-json\/wp\/v2\/pages\/52\/revisions\/4653"}],"up":[{"embeddable":true,"href":"https:\/\/eic.cefet-rj.br\/portal\/wp-json\/wp\/v2\/pages\/12"}],"wp:attachment":[{"href":"https:\/\/eic.cefet-rj.br\/portal\/wp-json\/wp\/v2\/media?parent=52"}],"curies":[{"name":"wp","href":"https:\/\/api.w.org\/{rel}","templated":true}]}}