{"id":42,"date":"2014-11-14T11:00:00","date_gmt":"2014-11-14T13:00:00","guid":{"rendered":"http:\/\/coinfocefetrj.wordpress.com\/?page_id=42"},"modified":"2014-11-14T11:00:00","modified_gmt":"2014-11-14T13:00:00","slug":"organizacao-curricular","status":"publish","type":"page","link":"https:\/\/eic.cefet-rj.br\/portal\/curso-tecnico\/organizacao-curricular\/","title":{"rendered":"Curso T\u00e9cnico :: Organiza\u00e7\u00e3o curricular"},"content":{"rendered":"<p>O curso de Inform\u00e1tica est\u00e1 organizado na forma modular e re\u00fane as compet\u00eancias profissionais da \u00e1rea de Inform\u00e1tica (Compet\u00eancias Gerais) estabelecidas na Lei de Diretrizes e Bases da educa\u00e7\u00e3o (LDB), n\u00ba 9394\/97; Decreto 2208\/97; Parecer CNE\/CEB n\u00ba 16\/99 e a Resolu\u00e7\u00e3o CNECEB n\u00ba 04\/99.<\/p>\n","protected":false},"excerpt":{"rendered":"<p>O curso de Inform\u00e1tica est\u00e1 organizado na forma modular e re\u00fane as compet\u00eancias profissionais da \u00e1rea de Inform\u00e1tica (Compet\u00eancias Gerais) estabelecidas na Lei de Diretrizes e Bases da educa\u00e7\u00e3o (LDB), n\u00ba 9394\/97; Decreto 2208\/97; Parecer CNE\/CEB n\u00ba 16\/99 e a Resolu\u00e7\u00e3o CNECEB n\u00ba 04\/99.<\/p>\n","protected":false},"author":3,"featured_media":0,"parent":7,"menu_order":0,"comment_status":"closed","ping_status":"closed","template":"","meta":{"footnotes":""},"class_list":["post-42","page","type-page","status-publish","hentry","entry"],"_links":{"self":[{"href":"https:\/\/eic.cefet-rj.br\/portal\/wp-json\/wp\/v2\/pages\/42","targetHints":{"allow":["GET"]}}],"collection":[{"href":"https:\/\/eic.cefet-rj.br\/portal\/wp-json\/wp\/v2\/pages"}],"about":[{"href":"https:\/\/eic.cefet-rj.br\/portal\/wp-json\/wp\/v2\/types\/page"}],"author":[{"embeddable":true,"href":"https:\/\/eic.cefet-rj.br\/portal\/wp-json\/wp\/v2\/users\/3"}],"replies":[{"embeddable":true,"href":"https:\/\/eic.cefet-rj.br\/portal\/wp-json\/wp\/v2\/comments?post=42"}],"version-history":[{"count":0,"href":"https:\/\/eic.cefet-rj.br\/portal\/wp-json\/wp\/v2\/pages\/42\/revisions"}],"up":[{"embeddable":true,"href":"https:\/\/eic.cefet-rj.br\/portal\/wp-json\/wp\/v2\/pages\/7"}],"wp:attachment":[{"href":"https:\/\/eic.cefet-rj.br\/portal\/wp-json\/wp\/v2\/media?parent=42"}],"curies":[{"name":"wp","href":"https:\/\/api.w.org\/{rel}","templated":true}]}}