{"id":38,"date":"2014-11-14T11:00:00","date_gmt":"2014-11-14T13:00:00","guid":{"rendered":"http:\/\/coinfocefetrj.wordpress.com\/?page_id=38"},"modified":"2014-11-14T11:00:00","modified_gmt":"2014-11-14T13:00:00","slug":"forma-de-ingresso","status":"publish","type":"page","link":"https:\/\/eic.cefet-rj.br\/portal\/curso-tecnico\/forma-de-ingresso\/","title":{"rendered":"Curso T\u00e9cnico :: Forma de Ingresso"},"content":{"rendered":"<p>O ingresso no Curso de Educa\u00e7\u00e3o Profissional T\u00e9cnica de N\u00edvel M\u00e9dio \u00e9 feito atrav\u00e9s de concurso de sele\u00e7\u00e3o, cujas normas e procedimentos s\u00e3o tornados p\u00fablicos em Edital divulgado pela imprensa escrita \u00e0 \u00e9poca pr\u00f3pria, como tamb\u00e9m por meio de conv\u00eanios com institui\u00e7\u00f5es p\u00fablicas.<\/p>\n<p>Poder\u00e3o freq\u00fcentar o curso de Educa\u00e7\u00e3o Profissional de N\u00edvel T\u00e9cnico proposto pelo Centro os alunos que j\u00e1 tenham conclu\u00eddo ou estejam matriculados no Ensino M\u00e9dio.<\/p>\n","protected":false},"excerpt":{"rendered":"<p>O ingresso no Curso de Educa\u00e7\u00e3o Profissional T\u00e9cnica de N\u00edvel M\u00e9dio \u00e9 feito atrav\u00e9s de concurso de sele\u00e7\u00e3o, cujas normas e procedimentos s\u00e3o tornados p\u00fablicos em Edital divulgado pela imprensa escrita \u00e0 \u00e9poca pr\u00f3pria, como tamb\u00e9m por meio de conv\u00eanios com institui\u00e7\u00f5es p\u00fablicas. Poder\u00e3o freq\u00fcentar o curso de Educa\u00e7\u00e3o Profissional de N\u00edvel T\u00e9cnico proposto pelo [&hellip;]<\/p>\n","protected":false},"author":3,"featured_media":0,"parent":7,"menu_order":0,"comment_status":"closed","ping_status":"closed","template":"","meta":{"footnotes":""},"class_list":["post-38","page","type-page","status-publish","hentry","entry"],"_links":{"self":[{"href":"https:\/\/eic.cefet-rj.br\/portal\/wp-json\/wp\/v2\/pages\/38","targetHints":{"allow":["GET"]}}],"collection":[{"href":"https:\/\/eic.cefet-rj.br\/portal\/wp-json\/wp\/v2\/pages"}],"about":[{"href":"https:\/\/eic.cefet-rj.br\/portal\/wp-json\/wp\/v2\/types\/page"}],"author":[{"embeddable":true,"href":"https:\/\/eic.cefet-rj.br\/portal\/wp-json\/wp\/v2\/users\/3"}],"replies":[{"embeddable":true,"href":"https:\/\/eic.cefet-rj.br\/portal\/wp-json\/wp\/v2\/comments?post=38"}],"version-history":[{"count":0,"href":"https:\/\/eic.cefet-rj.br\/portal\/wp-json\/wp\/v2\/pages\/38\/revisions"}],"up":[{"embeddable":true,"href":"https:\/\/eic.cefet-rj.br\/portal\/wp-json\/wp\/v2\/pages\/7"}],"wp:attachment":[{"href":"https:\/\/eic.cefet-rj.br\/portal\/wp-json\/wp\/v2\/media?parent=38"}],"curies":[{"name":"wp","href":"https:\/\/api.w.org\/{rel}","templated":true}]}}