{"id":3604,"date":"2018-10-30T12:08:52","date_gmt":"2018-10-30T15:08:52","guid":{"rendered":"http:\/\/eic.cefet-rj.br\/portal\/?page_id=3604"},"modified":"2019-03-30T17:59:06","modified_gmt":"2019-03-30T20:59:06","slug":"planos-de-ensino-2007","status":"publish","type":"page","link":"https:\/\/eic.cefet-rj.br\/portal\/sistemas-para-internet\/planos-de-ensino-2007\/","title":{"rendered":"Sistemas para Internet :: Planos de Ensino (Vers\u00e3o 2007)"},"content":{"rendered":"<p>Selecione uma disciplina espec\u00edfica na tabela a seguir para obter acesso ao seu plano de ensino. Voc\u00ea tamb\u00e9m pode consultar o acervo das bibliotecas do CEFET\/RJ por meio do <a href=\"http:\/\/biblioteca.cefet-rj.br\/\" target=\"_blank\" rel=\"noopener noreferrer\">portal da biblioteca<\/a>.<br \/>\n<!-- ================ 1\u00ba Per\u00edodo ===================== --><\/p>\n<table style=\"width: 80%;\" border=\"1\">\n<tbody>\n<tr>\n<th style=\"text-align: center;\" colspan=\"2\">1\u00ba Per\u00edodo<\/th>\n<\/tr>\n<tr>\n<th style=\"text-align: center;\">C\u00f3digo<\/th>\n<th>Disciplina<\/th>\n<\/tr>\n<tr>\n<td style=\"text-align: center; width: 100px;\">GTSI7101<\/td>\n<td style=\"padding-left: 8px;\"><a href=\"http:\/\/eic.cefet-rj.br\/portal\/wp-content\/uploads\/GTSI7101.pdf\" target=\"_blank\" rel=\"noopener noreferrer\">Arquitetura de Computadores<\/a><\/td>\n<\/tr>\n<tr>\n<td style=\"text-align: center; width: 100px;\">GTSI7104<\/td>\n<td style=\"padding-left: 8px;\"><a href=\"http:\/\/eic.cefet-rj.br\/portal\/wp-content\/uploads\/GTSI7104.pdf\" target=\"_blank\" rel=\"noopener noreferrer\">Lo\u0301gica Matema\u0301tica<\/a><\/td>\n<\/tr>\n<tr>\n<td style=\"text-align: center; width: 100px;\">GTSI7102<\/td>\n<td style=\"padding-left: 8px;\"><a href=\"http:\/\/eic.cefet-rj.br\/portal\/wp-content\/uploads\/GTSI7102.pdf\" target=\"_blank\" rel=\"noopener noreferrer\">Programac\u0327a\u0303o de Clientes WEB<\/a><\/td>\n<\/tr>\n<tr>\n<td style=\"text-align: center; width: 100px;\">GTSI7103<\/td>\n<td style=\"padding-left: 8px;\"><a href=\"http:\/\/eic.cefet-rj.br\/portal\/wp-content\/uploads\/GTSI7103.pdf\" target=\"_blank\" rel=\"noopener noreferrer\">Projeto de Algoritmos Computacionais<\/a><\/td>\n<\/tr>\n<\/tbody>\n<\/table>\n<p><!-- ================ 2\u00ba Per\u00edodo ===================== --><\/p>\n<table style=\"width: 80%;\" border=\"1\">\n<tbody>\n<tr>\n<th style=\"text-align: center;\" colspan=\"2\">2\u00ba Per\u00edodo<\/th>\n<\/tr>\n<tr>\n<th style=\"text-align: center;\">C\u00f3digo<\/th>\n<th>Disciplina<\/th>\n<\/tr>\n<tr>\n<td style=\"text-align: center; width: 100px;\">GTSI7207<\/td>\n<td style=\"padding-left: 8px;\"><a href=\"http:\/\/eic.cefet-rj.br\/portal\/wp-content\/uploads\/GTSI7207.pdf\" target=\"_blank\" rel=\"noopener noreferrer\">Engenharia de Requisitos<\/a><\/td>\n<\/tr>\n<tr>\n<td style=\"text-align: center; width: 100px;\">GTSI7206<\/td>\n<td style=\"padding-left: 8px;\"><a href=\"http:\/\/eic.cefet-rj.br\/portal\/wp-content\/uploads\/GTSI7206.pdf\" target=\"_blank\" rel=\"noopener noreferrer\">Estruturas de Dados<\/a><\/td>\n<\/tr>\n<tr>\n<td style=\"text-align: center; width: 100px;\">GTSI7208<\/td>\n<td style=\"padding-left: 8px;\"><a href=\"http:\/\/eic.cefet-rj.br\/portal\/wp-content\/uploads\/GTSI7208.pdf\" target=\"_blank\" rel=\"noopener noreferrer\">Matem\u00e1tica Discreta<\/a><\/td>\n<\/tr>\n<tr>\n<td style=\"text-align: center; width: 100px;\">GTSI7205<\/td>\n<td style=\"padding-left: 8px;\"><a href=\"http:\/\/eic.cefet-rj.br\/portal\/wp-content\/uploads\/GTSI7205.pdf\" target=\"_blank\" rel=\"noopener noreferrer\">Sistemas Operacionais<\/a><\/td>\n<\/tr>\n<\/tbody>\n<\/table>\n<p><!-- ================ 3\u00ba Per\u00edodo ===================== --><\/p>\n<table style=\"width: 80%;\" border=\"1\">\n<tbody>\n<tr>\n<th style=\"text-align: center;\" colspan=\"2\">3\u00ba Per\u00edodo<\/th>\n<\/tr>\n<tr>\n<th style=\"text-align: center;\">C\u00f3digo<\/th>\n<th>Disciplina<\/th>\n<\/tr>\n<tr>\n<td style=\"text-align: center; width: 100px;\">GTSI7309<\/td>\n<td style=\"padding-left: 8px;\"><a href=\"http:\/\/eic.cefet-rj.br\/portal\/wp-content\/uploads\/GTSI7309.pdf\" target=\"_blank\" rel=\"noopener noreferrer\">Fundamentos de Redes de Computadores<\/a><\/td>\n<\/tr>\n<tr>\n<td style=\"text-align: center; width: 100px;\">GTSI7313<\/td>\n<td style=\"padding-left: 8px;\"><a href=\"http:\/\/eic.cefet-rj.br\/portal\/wp-content\/uploads\/GTSI7313.pdf\" target=\"_blank\" rel=\"noopener noreferrer\">Introdu\u00e7\u00e3o \u00e0 Administra\u00e7\u00e3o<\/a><\/td>\n<\/tr>\n<tr>\n<td style=\"text-align: center; width: 100px;\">GTSI7312<\/td>\n<td style=\"padding-left: 8px;\"><a href=\"http:\/\/eic.cefet-rj.br\/portal\/wp-content\/uploads\/GTSI7312.pdf\" target=\"_blank\" rel=\"noopener noreferrer\">Modelagem e Projeto de Sistemas<\/a><\/td>\n<\/tr>\n<tr>\n<td style=\"text-align: center; width: 100px;\">GTSI7310<\/td>\n<td style=\"padding-left: 8px;\"><a href=\"http:\/\/eic.cefet-rj.br\/portal\/wp-content\/uploads\/GTSI7310.pdf\" target=\"_blank\" rel=\"noopener noreferrer\">Programac\u0327a\u0303o Orientada a Objetos<\/a><\/td>\n<\/tr>\n<tr>\n<td style=\"text-align: center; width: 100px;\">GTSI7311<\/td>\n<td style=\"padding-left: 8px;\"><a href=\"http:\/\/eic.cefet-rj.br\/portal\/wp-content\/uploads\/GTSI7311.pdf\" target=\"_blank\" rel=\"noopener noreferrer\">Projeto de Banco de Dados<\/a><\/td>\n<\/tr>\n<\/tbody>\n<\/table>\n<p><!-- ================ 4\u00ba Per\u00edodo ===================== --><\/p>\n<table style=\"width: 80%;\" border=\"1\">\n<tbody>\n<tr>\n<th style=\"text-align: center;\" colspan=\"2\">4\u00ba Per\u00edodo<\/th>\n<\/tr>\n<tr>\n<th style=\"text-align: center;\">C\u00f3digo<\/th>\n<th>Disciplina<\/th>\n<\/tr>\n<tr>\n<td style=\"text-align: center; width: 100px;\">GTSI7415<\/td>\n<td style=\"padding-left: 8px;\"><a href=\"http:\/\/eic.cefet-rj.br\/portal\/wp-content\/uploads\/GTSI7415.pdf\" target=\"_blank\" rel=\"noopener noreferrer\">Administra\u00e7\u00e3o de Banco de Dados<\/a><\/td>\n<\/tr>\n<tr>\n<td style=\"text-align: center; width: 100px;\">GTSI7417<\/td>\n<td style=\"padding-left: 8px;\"><a href=\"http:\/\/eic.cefet-rj.br\/portal\/wp-content\/uploads\/GTSI7417.pdf\" target=\"_blank\" rel=\"noopener noreferrer\">Empreendedorismo<\/a><\/td>\n<\/tr>\n<tr>\n<td style=\"text-align: center; width: 100px;\">GTSI7416<\/td>\n<td style=\"padding-left: 8px;\"><a href=\"http:\/\/eic.cefet-rj.br\/portal\/wp-content\/uploads\/GTSI7416.pdf\" target=\"_blank\" rel=\"noopener noreferrer\">Estat\u00edstica e Probabilidade<\/a><\/td>\n<\/tr>\n<tr>\n<td style=\"text-align: center; width: 100px;\">GTSI7414<\/td>\n<td style=\"padding-left: 8px;\"><a href=\"http:\/\/eic.cefet-rj.br\/portal\/wp-content\/uploads\/GTSI7414.pdf\" target=\"_blank\" rel=\"noopener noreferrer\">Gerenciamento de Dados Semiestruturados<\/a><\/td>\n<\/tr>\n<tr>\n<td style=\"text-align: center; width: 100px;\">GTSI7418<\/td>\n<td style=\"padding-left: 8px;\"><a href=\"http:\/\/eic.cefet-rj.br\/portal\/wp-content\/uploads\/GTSI7418.pdf\" target=\"_blank\" rel=\"noopener noreferrer\">Projeto de Software Orientado a Objetos<\/a><\/td>\n<\/tr>\n<\/tbody>\n<\/table>\n<p><!-- ================ 5\u00ba Per\u00edodo ===================== --><\/p>\n<table style=\"width: 80%;\" border=\"1\">\n<tbody>\n<tr>\n<th style=\"text-align: center;\" colspan=\"2\">5\u00ba Per\u00edodo<\/th>\n<\/tr>\n<tr>\n<th style=\"text-align: center;\">C\u00f3digo<\/th>\n<th>Disciplina<\/th>\n<\/tr>\n<tr>\n<td style=\"text-align: center; width: 100px;\">GTSI7521<\/td>\n<td style=\"padding-left: 8px;\"><a href=\"http:\/\/eic.cefet-rj.br\/portal\/wp-content\/uploads\/GTSI7521.pdf\" target=\"_blank\" rel=\"noopener noreferrer\">Engenharia de Software<\/a><\/td>\n<\/tr>\n<tr>\n<td style=\"text-align: center; width: 100px;\">GTSI7520<\/td>\n<td style=\"padding-left: 8px;\"><a href=\"http:\/\/eic.cefet-rj.br\/portal\/wp-content\/uploads\/GTSI7520.pdf\" target=\"_blank\" rel=\"noopener noreferrer\">Padr\u00f5es de Software<\/a><\/td>\n<\/tr>\n<tr>\n<td style=\"text-align: center; width: 100px;\">GTSI7518<\/td>\n<td style=\"padding-left: 8px;\"><a href=\"http:\/\/eic.cefet-rj.br\/portal\/wp-content\/uploads\/GTSI7518.pdf\" target=\"_blank\" rel=\"noopener noreferrer\">Programac\u0327a\u0303o de Servidores Web<\/a><\/td>\n<\/tr>\n<tr>\n<td style=\"text-align: center; width: 100px;\">GTSI7519<\/td>\n<td style=\"padding-left: 8px;\"><a href=\"http:\/\/eic.cefet-rj.br\/portal\/wp-content\/uploads\/GTSI7519.pdf\" target=\"_blank\" rel=\"noopener noreferrer\">Projeto de Interfaces<\/a><\/td>\n<\/tr>\n<tr>\n<td style=\"text-align: center; width: 100px;\">GTSI7523<\/td>\n<td style=\"padding-left: 8px;\"><a href=\"http:\/\/eic.cefet-rj.br\/portal\/wp-content\/uploads\/GTSI7523.pdf\" target=\"_blank\" rel=\"noopener noreferrer\">Projeto Final I<\/a><\/td>\n<\/tr>\n<tr>\n<td style=\"text-align: center; width: 100px;\">GTSI7522<\/td>\n<td style=\"padding-left: 8px;\"><a href=\"http:\/\/eic.cefet-rj.br\/portal\/wp-content\/uploads\/GTSI7522.pdf\" target=\"_blank\" rel=\"noopener noreferrer\">T\u00e9cnicas de Estudo e Pesquisa<\/a><\/td>\n<\/tr>\n<\/tbody>\n<\/table>\n<p><!-- ================ 6\u00ba Per\u00edodo ===================== --><\/p>\n<table style=\"width: 80%;\" border=\"1\">\n<tbody>\n<tr>\n<th style=\"text-align: center;\" colspan=\"2\">6\u00ba Per\u00edodo<\/th>\n<\/tr>\n<tr>\n<th style=\"text-align: center;\">C\u00f3digo<\/th>\n<th>Disciplina<\/th>\n<\/tr>\n<tr>\n<td style=\"text-align: center; width: 100px;\">GTSI7629<\/td>\n<td style=\"padding-left: 8px;\"><a href=\"http:\/\/eic.cefet-rj.br\/portal\/wp-content\/uploads\/GTSI7629.pdf\" target=\"_blank\" rel=\"noopener noreferrer\">Est\u00e1gio Supervisionado<\/a><\/td>\n<\/tr>\n<tr>\n<td style=\"text-align: center; width: 100px;\">GTSI7627<\/td>\n<td style=\"padding-left: 8px;\"><a href=\"http:\/\/eic.cefet-rj.br\/portal\/wp-content\/uploads\/GTSI7627.pdf\" target=\"_blank\" rel=\"noopener noreferrer\">Inform\u00e1tica e Sociedade<\/a><\/td>\n<\/tr>\n<tr>\n<td style=\"text-align: center; width: 100px;\">GTSI7625<\/td>\n<td style=\"padding-left: 8px;\"><a href=\"http:\/\/eic.cefet-rj.br\/portal\/wp-content\/uploads\/GTSI7625.pdf\" target=\"_blank\" rel=\"noopener noreferrer\">Nego\u0301cios na Internet<\/a><\/td>\n<\/tr>\n<tr>\n<td style=\"text-align: center; width: 100px;\">GTSI7628<\/td>\n<td style=\"padding-left: 8px;\"><a href=\"http:\/\/eic.cefet-rj.br\/portal\/wp-content\/uploads\/GTSI7628.pdf\" target=\"_blank\" rel=\"noopener noreferrer\">Projeto Final II<\/a><\/td>\n<\/tr>\n<tr>\n<td style=\"text-align: center; width: 100px;\">GTSI7626<\/td>\n<td style=\"padding-left: 8px;\"><a href=\"http:\/\/eic.cefet-rj.br\/portal\/wp-content\/uploads\/GTSI7626.pdf\" target=\"_blank\" rel=\"noopener noreferrer\">Seguran\u00e7a da Informa\u00e7\u00e3o<\/a><\/td>\n<\/tr>\n<tr>\n<td style=\"text-align: center; width: 100px;\">GTSI7624<\/td>\n<td style=\"padding-left: 8px;\"><a href=\"http:\/\/eic.cefet-rj.br\/portal\/wp-content\/uploads\/GTSI7624.pdf\" target=\"_blank\" rel=\"noopener noreferrer\">T\u00f3picos Avan\u00e7ados em Inform\u00e1tica<\/a><\/td>\n<\/tr>\n<\/tbody>\n<\/table>\n<p><!-- ================ Optativas ===================== --><\/p>\n<table style=\"width: 80%;\" border=\"1\">\n<tbody>\n<tr>\n<th style=\"text-align: center;\" colspan=\"2\">Optativas<\/th>\n<\/tr>\n<tr>\n<th style=\"text-align: center;\">C\u00f3digo<\/th>\n<th>Disciplina<\/th>\n<\/tr>\n<tr>\n<td style=\"text-align: center; width: 100px;\">GTSI7069<\/td>\n<td style=\"padding-left: 8px;\"><a href=\"http:\/\/eic.cefet-rj.br\/portal\/wp-content\/uploads\/GTSI7069.pdf\" target=\"_blank\" rel=\"noopener noreferrer\">\u00c1lgebra Linear<\/a><\/td>\n<\/tr>\n<tr>\n<td style=\"text-align: center; width: 100px;\">GTSI7043<\/td>\n<td style=\"padding-left: 8px;\"><a href=\"http:\/\/eic.cefet-rj.br\/portal\/wp-content\/uploads\/GTSI7043.pdf\" target=\"_blank\" rel=\"noopener noreferrer\">Aplica\u00e7\u00f5es para Dispositivos M\u00f3veis<\/a><\/td>\n<\/tr>\n<tr>\n<td style=\"text-align: center; width: 100px;\">GTSI7070<\/td>\n<td style=\"padding-left: 8px;\"><a href=\"http:\/\/eic.cefet-rj.br\/portal\/wp-content\/uploads\/GTSI7070.pdf\" target=\"_blank\" rel=\"noopener noreferrer\">C\u00e1lculo&nbsp;de uma Vari\u00e1vel<\/a><\/td>\n<\/tr>\n<tr>\n<td style=\"text-align: center; width: 100px;\">GTSI7064<\/td>\n<td style=\"padding-left: 8px;\"><a href=\"http:\/\/eic.cefet-rj.br\/portal\/wp-content\/uploads\/GTSI7064.pdf\" target=\"_blank\" rel=\"noopener noreferrer\">Ger\u00eancia de Projeto em TI<\/a><\/td>\n<\/tr>\n<tr>\n<td style=\"text-align: center; width: 100px;\">GTSI7065<\/td>\n<td style=\"padding-left: 8px;\"><a href=\"http:\/\/eic.cefet-rj.br\/portal\/wp-content\/uploads\/GTSI7065.pdf\" target=\"_blank\" rel=\"noopener noreferrer\">Gest\u00e3o de Tecnologia da Informa\u00e7\u00e3o<\/a><\/td>\n<\/tr>\n<tr>\n<td style=\"text-align: center; width: 100px;\">GTSI7032<\/td>\n<td style=\"padding-left: 8px;\"><a href=\"http:\/\/eic.cefet-rj.br\/portal\/wp-content\/uploads\/GTSI7032.pdf\" target=\"_blank\" rel=\"noopener noreferrer\">Intelig\u00eancial Artificial<\/a><\/td>\n<\/tr>\n<tr>\n<td style=\"text-align: center; width: 100px;\">GTSI7705<\/td>\n<td style=\"padding-left: 8px;\"><a href=\"http:\/\/eic.cefet-rj.br\/portal\/wp-content\/uploads\/GTSI7705.pdf\" target=\"_blank\" rel=\"noopener noreferrer\">LIBRAS &#8211; L\u00edngua Brasileira de Sinais<\/a><\/td>\n<\/tr>\n<tr>\n<td style=\"text-align: center; width: 100px;\">GTSI7039<\/td>\n<td style=\"padding-left: 8px;\"><a href=\"http:\/\/eic.cefet-rj.br\/portal\/wp-content\/uploads\/GTSI7039.pdf\" target=\"_blank\" rel=\"noopener noreferrer\">Programa\u00e7\u00e3o de Jogos<\/a><\/td>\n<\/tr>\n<tr>\n<td style=\"text-align: center; width: 100px;\">GTSI7095<\/td>\n<td style=\"padding-left: 8px;\"><a href=\"http:\/\/eic.cefet-rj.br\/portal\/wp-content\/uploads\/GTSI7095.pdf\" target=\"_blank\" rel=\"noopener noreferrer\">Programa\u00e7\u00e3o em L\u00f3gica<\/a><\/td>\n<\/tr>\n<tr>\n<td style=\"text-align: center; width: 100px;\">GTSI7086<\/td>\n<td style=\"padding-left: 8px;\"><a href=\"http:\/\/eic.cefet-rj.br\/portal\/wp-content\/uploads\/GTSI7086.pdf\" target=\"_blank\" rel=\"noopener noreferrer\">Responsabilidade Social<\/a><\/td>\n<\/tr>\n<tr>\n<td style=\"text-align: center; width: 100px;\">GTSI7706<\/td>\n<td style=\"padding-left: 8px;\"><a href=\"http:\/\/eic.cefet-rj.br\/portal\/wp-content\/uploads\/GTSI7706.pdf\" target=\"_blank\" rel=\"noopener noreferrer\">T\u00f3picos Especiais em Intelig\u00eancia Computacional<\/a><\/td>\n<\/tr>\n<tr>\n<td style=\"text-align: center; width: 100px;\">GTSI7097<\/td>\n<td style=\"padding-left: 8px;\"><a href=\"http:\/\/eic.cefet-rj.br\/portal\/wp-content\/uploads\/GTSI7097.pdf\" target=\"_blank\" rel=\"noopener noreferrer\">T\u00f3picos Especiais em Programa\u00e7\u00e3o I<\/a><\/td>\n<\/tr>\n<tr>\n<td style=\"text-align: center; width: 100px;\">GTSI7098<\/td>\n<td style=\"padding-left: 8px;\"><a href=\"http:\/\/eic.cefet-rj.br\/portal\/wp-content\/uploads\/GTSI7098.pdf\" target=\"_blank\" rel=\"noopener noreferrer\">T\u00f3picos Especiais em Programa\u00e7\u00e3o II<\/a><\/td>\n<\/tr>\n<tr>\n<td style=\"text-align: center; width: 100px;\">GTSI7099<\/td>\n<td style=\"padding-left: 8px;\"><a href=\"http:\/\/eic.cefet-rj.br\/portal\/wp-content\/uploads\/GTSI7099.pdf\" target=\"_blank\" rel=\"noopener noreferrer\">T\u00f3picos Especiais em Programa\u00e7\u00e3o III<\/a><\/td>\n<\/tr>\n<tr>\n<td style=\"text-align: center; width: 100px;\">GTSI7703<\/td>\n<td style=\"padding-left: 8px;\"><a href=\"http:\/\/eic.cefet-rj.br\/portal\/wp-content\/uploads\/GTSI7703.pdf\" target=\"_blank\" rel=\"noopener noreferrer\">T\u00f3picos Especiais em Programa\u00e7\u00e3o IV<\/a><\/td>\n<\/tr>\n<\/tbody>\n<\/table>\n","protected":false},"excerpt":{"rendered":"<p>Selecione uma disciplina espec\u00edfica na tabela a seguir para obter acesso ao seu plano de ensino. Voc\u00ea tamb\u00e9m pode consultar o acervo das bibliotecas do CEFET\/RJ por meio do portal da biblioteca. 1\u00ba Per\u00edodo C\u00f3digo Disciplina GTSI7101 Arquitetura de Computadores GTSI7104 Lo\u0301gica Matema\u0301tica GTSI7102 Programac\u0327a\u0303o de Clientes WEB GTSI7103 Projeto de Algoritmos Computacionais 2\u00ba Per\u00edodo [&hellip;]<\/p>\n","protected":false},"author":3,"featured_media":0,"parent":9,"menu_order":0,"comment_status":"closed","ping_status":"closed","template":"","meta":{"footnotes":""},"class_list":["post-3604","page","type-page","status-publish","hentry","entry"],"_links":{"self":[{"href":"https:\/\/eic.cefet-rj.br\/portal\/wp-json\/wp\/v2\/pages\/3604","targetHints":{"allow":["GET"]}}],"collection":[{"href":"https:\/\/eic.cefet-rj.br\/portal\/wp-json\/wp\/v2\/pages"}],"about":[{"href":"https:\/\/eic.cefet-rj.br\/portal\/wp-json\/wp\/v2\/types\/page"}],"author":[{"embeddable":true,"href":"https:\/\/eic.cefet-rj.br\/portal\/wp-json\/wp\/v2\/users\/3"}],"replies":[{"embeddable":true,"href":"https:\/\/eic.cefet-rj.br\/portal\/wp-json\/wp\/v2\/comments?post=3604"}],"version-history":[{"count":6,"href":"https:\/\/eic.cefet-rj.br\/portal\/wp-json\/wp\/v2\/pages\/3604\/revisions"}],"predecessor-version":[{"id":3740,"href":"https:\/\/eic.cefet-rj.br\/portal\/wp-json\/wp\/v2\/pages\/3604\/revisions\/3740"}],"up":[{"embeddable":true,"href":"https:\/\/eic.cefet-rj.br\/portal\/wp-json\/wp\/v2\/pages\/9"}],"wp:attachment":[{"href":"https:\/\/eic.cefet-rj.br\/portal\/wp-json\/wp\/v2\/media?parent=3604"}],"curies":[{"name":"wp","href":"https:\/\/api.w.org\/{rel}","templated":true}]}}