{"id":3481,"date":"2018-08-09T11:35:33","date_gmt":"2018-08-09T14:35:33","guid":{"rendered":"http:\/\/eic.cefet-rj.br\/portal\/?page_id=3481"},"modified":"2018-08-09T11:47:16","modified_gmt":"2018-08-09T14:47:16","slug":"planos-ensino-2002","status":"publish","type":"page","link":"https:\/\/eic.cefet-rj.br\/portal\/sistemas-para-internet\/planos-ensino-2002\/","title":{"rendered":"Sistemas para Internet :: Planos de Ensino (Vers\u00e3o 2002)"},"content":{"rendered":"<p>Selecione uma disciplina espec\u00edfica na tabela a seguir para obter acesso ao seu plano de ensino. Voc\u00ea tamb\u00e9m pode consultar o acervo das bibliotecas do CEFET\/RJ por meio do <a href=\"http:\/\/biblioteca.cefet-rj.br\/\" target=\"_blank\" rel=\"noopener noreferrer\">portal da biblioteca<\/a>.<br \/>\n<!-- ================ 1\u00ba Per\u00edodo ===================== --><\/p>\n<table style=\"width: 80%;\" border=\"1\">\n<tbody>\n<tr>\n<th style=\"text-align: center;\" colspan=\"2\">1\u00ba Per\u00edodo<\/th>\n<\/tr>\n<tr>\n<th style=\"text-align: center;\">C\u00f3digo<\/th>\n<th>Disciplina<\/th>\n<\/tr>\n<tr>\n<td style=\"text-align: center; width: 100px;\">MAD5206<\/td>\n<td style=\"padding-left: 8px;\"><a href=\"http:\/\/eic.cefet-rj.br\/portal\/wp-content\/uploads\/MAD5206.pdf\" target=\"_blank\" rel=\"noopener noreferrer\">Estat\u00edstica 1<\/a><\/td>\n<\/tr>\n<tr>\n<td style=\"text-align: center; width: 100px;\">EDA5202<\/td>\n<td style=\"padding-left: 8px;\"><a href=\"http:\/\/eic.cefet-rj.br\/portal\/wp-content\/uploads\/EDA5202.pdf\" target=\"_blank\" rel=\"noopener noreferrer\">Ingl\u00eas T\u00e9cnico<\/a><\/td>\n<\/tr>\n<tr>\n<td style=\"text-align: center; width: 100px;\">MAD5202<\/td>\n<td style=\"padding-left: 8px;\"><a href=\"http:\/\/eic.cefet-rj.br\/portal\/wp-content\/uploads\/MAD5202.pdf\" target=\"_blank\" rel=\"noopener noreferrer\">Matema\u0301tica I<\/a><\/td>\n<\/tr>\n<tr>\n<td style=\"text-align: center; width: 100px;\">ELE5201<\/td>\n<td style=\"padding-left: 8px;\"><a href=\"http:\/\/eic.cefet-rj.br\/portal\/wp-content\/uploads\/ELE5201.pdf\" target=\"_blank\" rel=\"noopener noreferrer\">Projeto e An\u00e1lise de Algoritmos<\/a><\/td>\n<\/tr>\n<tr>\n<td style=\"text-align: center; width: 100px;\">ELE5202<\/td>\n<td style=\"padding-left: 8px;\"><a href=\"http:\/\/eic.cefet-rj.br\/portal\/wp-content\/uploads\/ELE5202.pdf\" target=\"_blank\" rel=\"noopener noreferrer\">Sistemas de Computa\u00e7\u00e3o I<\/a><\/td>\n<\/tr>\n<tr>\n<td style=\"text-align: center; width: 100px;\">ELE5203<\/td>\n<td style=\"padding-left: 8px;\"><a href=\"http:\/\/eic.cefet-rj.br\/portal\/wp-content\/uploads\/ELE5203.pdf\" target=\"_blank\" rel=\"noopener noreferrer\">Tecnologia Web I<\/a><\/td>\n<\/tr>\n<\/tbody>\n<\/table>\n<p><!-- ================ 2\u00ba Per\u00edodo ===================== --><\/p>\n<table style=\"width: 80%;\" border=\"1\">\n<tbody>\n<tr>\n<th style=\"text-align: center;\" colspan=\"2\">2\u00ba Per\u00edodo<\/th>\n<\/tr>\n<tr>\n<th style=\"text-align: center;\">C\u00f3digo<\/th>\n<th>Disciplina<\/th>\n<\/tr>\n<tr>\n<td style=\"text-align: center; width: 100px;\">ELE5209<\/td>\n<td style=\"padding-left: 8px;\"><a href=\"http:\/\/eic.cefet-rj.br\/portal\/wp-content\/uploads\/ELE5209.pdf\" target=\"_blank\" rel=\"noopener noreferrer\">Banco de Dados I<\/a><\/td>\n<\/tr>\n<tr>\n<td style=\"text-align: center; width: 100px;\">MAD5208<\/td>\n<td style=\"padding-left: 8px;\"><a href=\"http:\/\/eic.cefet-rj.br\/portal\/wp-content\/uploads\/MAD5208.pdf\" target=\"_blank\" rel=\"noopener noreferrer\">Estat\u00edstica II<\/a><\/td>\n<\/tr>\n<tr>\n<td style=\"text-align: center; width: 100px;\">ELE5204<\/td>\n<td style=\"padding-left: 8px;\"><a href=\"http:\/\/eic.cefet-rj.br\/portal\/wp-content\/uploads\/ELE5204.pdf\" target=\"_blank\" rel=\"noopener noreferrer\">Linguagem de Programa\u00e7\u00e3o I<\/a><\/td>\n<\/tr>\n<tr>\n<td style=\"text-align: center; width: 100px;\">MAD5207<\/td>\n<td style=\"padding-left: 8px;\"><a href=\"http:\/\/eic.cefet-rj.br\/portal\/wp-content\/uploads\/MAD5207.pdf\" target=\"_blank\" rel=\"noopener noreferrer\">Matem\u00e1tica II<\/a><\/td>\n<\/tr>\n<tr>\n<td style=\"text-align: center; width: 100px;\">ELE5205<\/td>\n<td style=\"padding-left: 8px;\"><a href=\"http:\/\/eic.cefet-rj.br\/portal\/wp-content\/uploads\/ELE5205.pdf\" target=\"_blank\" rel=\"noopener noreferrer\">Projeto e An\u00e1lise de Algoritmos II<\/a><\/td>\n<\/tr>\n<tr>\n<td style=\"text-align: center; width: 100px;\">ELE5206<\/td>\n<td style=\"padding-left: 8px;\"><a href=\"http:\/\/eic.cefet-rj.br\/portal\/wp-content\/uploads\/ELE5206.pdf\" target=\"_blank\" rel=\"noopener noreferrer\">Sistemas de Computa\u00e7\u00e3o II<\/a><\/td>\n<\/tr>\n<tr>\n<td style=\"text-align: center; width: 100px;\">ELE5207<\/td>\n<td style=\"padding-left: 8px;\"><a href=\"http:\/\/eic.cefet-rj.br\/portal\/wp-content\/uploads\/ELE5207.pdf\" target=\"_blank\" rel=\"noopener noreferrer\">Tecnologia Web II<\/a><\/td>\n<\/tr>\n<\/tbody>\n<\/table>\n<p><!-- ================ 3\u00ba Per\u00edodo ===================== --><\/p>\n<table style=\"width: 80%;\" border=\"1\">\n<tbody>\n<tr>\n<th style=\"text-align: center;\" colspan=\"2\">3\u00ba Per\u00edodo<\/th>\n<\/tr>\n<tr>\n<th style=\"text-align: center;\">C\u00f3digo<\/th>\n<th>Disciplina<\/th>\n<\/tr>\n<tr>\n<td style=\"text-align: center; width: 100px;\">ELE5213<\/td>\n<td style=\"padding-left: 8px;\"><a href=\"http:\/\/eic.cefet-rj.br\/portal\/wp-content\/uploads\/ELE5213.pdf\" target=\"_blank\" rel=\"noopener noreferrer\">Banco de Dados II<\/a><\/td>\n<\/tr>\n<tr>\n<td style=\"text-align: center; width: 100px;\">ELE5208<\/td>\n<td style=\"padding-left: 8px;\"><a href=\"http:\/\/eic.cefet-rj.br\/portal\/wp-content\/uploads\/ELE5208.pdf\" target=\"_blank\" rel=\"noopener noreferrer\">Lingugagem de Programa\u00e7\u00e3o II<\/a><\/td>\n<\/tr>\n<tr>\n<td style=\"text-align: center; width: 100px;\">ELE5210<\/td>\n<td style=\"padding-left: 8px;\"><a href=\"http:\/\/eic.cefet-rj.br\/portal\/wp-content\/uploads\/ELE5210.pdf\" target=\"_blank\" rel=\"noopener noreferrer\">Redes de Computadores I<\/a><\/td>\n<\/tr>\n<tr>\n<td style=\"text-align: center; width: 100px;\">ELE5211<\/td>\n<td style=\"padding-left: 8px;\"><a href=\"http:\/\/eic.cefet-rj.br\/portal\/wp-content\/uploads\/ELE5211.pdf\" target=\"_blank\" rel=\"noopener noreferrer\">Tecnologia Web III<\/a><\/td>\n<\/tr>\n<\/tbody>\n<\/table>\n<p><!-- ================ 4\u00ba Per\u00edodo ===================== --><\/p>\n<table style=\"width: 80%;\" border=\"1\">\n<tbody>\n<tr>\n<th style=\"text-align: center;\" colspan=\"2\">4\u00ba Per\u00edodo<\/th>\n<\/tr>\n<tr>\n<th style=\"text-align: center;\">C\u00f3digo<\/th>\n<th>Disciplina<\/th>\n<\/tr>\n<tr>\n<td style=\"text-align: center; width: 100px;\">ELE5215<\/td>\n<td style=\"padding-left: 8px;\"><a href=\"http:\/\/eic.cefet-rj.br\/portal\/wp-content\/uploads\/ELE5215.pdf\" target=\"_blank\" rel=\"noopener noreferrer\">Ana\u0301lise e Projeto de Sistemas I<\/a><\/td>\n<\/tr>\n<tr>\n<td style=\"text-align: center; width: 100px;\">ELE5226<\/td>\n<td style=\"padding-left: 8px;\"><a href=\"http:\/\/eic.cefet-rj.br\/portal\/wp-content\/uploads\/ELE5226.pdf\" target=\"_blank\" rel=\"noopener noreferrer\">Banco de Dados III<\/a><\/td>\n<\/tr>\n<tr>\n<td style=\"text-align: center; width: 100px;\">ELE5212<\/td>\n<td style=\"padding-left: 8px;\"><a href=\"http:\/\/eic.cefet-rj.br\/portal\/wp-content\/uploads\/ELE5212.pdf\" target=\"_blank\" rel=\"noopener noreferrer\">Linguagem de Programa\u00e7\u00e3o III<\/a><\/td>\n<\/tr>\n<tr>\n<td style=\"text-align: center; width: 100px;\">ELE5214<\/td>\n<td style=\"padding-left: 8px;\"><a href=\"http:\/\/eic.cefet-rj.br\/portal\/wp-content\/uploads\/ELE5214.pdf\" target=\"_blank\" rel=\"noopener noreferrer\">Redes de Computadores II<\/a><\/td>\n<\/tr>\n<tr>\n<td style=\"text-align: center; width: 100px;\">ELE5216<\/td>\n<td style=\"padding-left: 8px;\"><a href=\"http:\/\/eic.cefet-rj.br\/portal\/wp-content\/uploads\/ELE5216.pdf\" target=\"_blank\" rel=\"noopener noreferrer\">Tecnologia Web IV<\/a><\/td>\n<\/tr>\n<\/tbody>\n<\/table>\n<p><!-- ================ 5\u00ba Per\u00edodo ===================== --><\/p>\n<table style=\"width: 80%;\" border=\"1\">\n<tbody>\n<tr>\n<th style=\"text-align: center;\" colspan=\"2\">5\u00ba Per\u00edodo<\/th>\n<\/tr>\n<tr>\n<th style=\"text-align: center;\">C\u00f3digo<\/th>\n<th>Disciplina<\/th>\n<\/tr>\n<tr>\n<td style=\"text-align: center; width: 100px;\">EDA5206<\/td>\n<td style=\"padding-left: 8px;\"><a href=\"http:\/\/eic.cefet-rj.br\/portal\/wp-content\/uploads\/EDA5206.pdf\" target=\"_blank\" rel=\"noopener noreferrer\">Administra\u00e7\u00e3o<\/a><\/td>\n<\/tr>\n<tr>\n<td style=\"text-align: center; width: 100px;\">ELE5218<\/td>\n<td style=\"padding-left: 8px;\"><a href=\"http:\/\/eic.cefet-rj.br\/portal\/wp-content\/uploads\/ELE5218.pdf\" target=\"_blank\" rel=\"noopener noreferrer\">An\u00e1lise e Projeto de Sistemas II<\/a><\/td>\n<\/tr>\n<tr>\n<td style=\"text-align: center; width: 100px;\">EDA5205<\/td>\n<td style=\"padding-left: 8px;\"><a href=\"http:\/\/eic.cefet-rj.br\/portal\/wp-content\/uploads\/EDA5205.pdf\" target=\"_blank\" rel=\"noopener noreferrer\">Economia<\/a><\/td>\n<\/tr>\n<tr>\n<td style=\"text-align: center; width: 100px;\">ELE5217<\/td>\n<td style=\"padding-left: 8px;\"><a href=\"http:\/\/eic.cefet-rj.br\/portal\/wp-content\/uploads\/ELE5217.pdf\" target=\"_blank\" rel=\"noopener noreferrer\">Redes de Computadores III<\/a><\/td>\n<\/tr>\n<tr>\n<td style=\"text-align: center; width: 100px;\">EDA5207<\/td>\n<td style=\"padding-left: 8px;\"><a href=\"http:\/\/eic.cefet-rj.br\/portal\/wp-content\/uploads\/EDA5207.pdf\" target=\"_blank\" rel=\"noopener noreferrer\">T\u00e9cnicas de Estudo e Pesquisa<\/a><\/td>\n<\/tr>\n<tr>\n<td style=\"text-align: center; width: 100px;\">ELE5219<\/td>\n<td style=\"padding-left: 8px;\"><a href=\"http:\/\/eic.cefet-rj.br\/portal\/wp-content\/uploads\/ELE5219.pdf\" target=\"_blank\" rel=\"noopener noreferrer\">Tecnologia Web V<\/a><\/td>\n<\/tr>\n<\/tbody>\n<\/table>\n<p><!-- ================ 6\u00ba Per\u00edodo ===================== --><\/p>\n<table style=\"width: 80%;\" border=\"1\">\n<tbody>\n<tr>\n<th style=\"text-align: center;\" colspan=\"2\">6\u00ba Per\u00edodo<\/th>\n<\/tr>\n<tr>\n<th style=\"text-align: center;\">C\u00f3digo<\/th>\n<th>Disciplina<\/th>\n<\/tr>\n<tr>\n<td style=\"text-align: center; width: 100px;\">ELE5227<\/td>\n<td style=\"padding-left: 8px;\"><a href=\"http:\/\/eic.cefet-rj.br\/portal\/wp-content\/uploads\/ELE5227.pdf\" target=\"_blank\" rel=\"noopener noreferrer\">An\u00e1lise e Projeto de Sistemas III<\/a><\/td>\n<\/tr>\n<tr>\n<td style=\"text-align: center; width: 100px;\">ELE5301<\/td>\n<td style=\"padding-left: 8px;\"><a href=\"http:\/\/eic.cefet-rj.br\/portal\/wp-content\/uploads\/ELE5301.pdf\" target=\"_blank\" rel=\"noopener noreferrer\">Aspectos de Seguran\u00e7a na Internet<\/a><\/td>\n<\/tr>\n<tr>\n<td style=\"text-align: center; width: 100px;\">ELE5300<\/td>\n<td style=\"padding-left: 8px;\"><a href=\"http:\/\/eic.cefet-rj.br\/portal\/wp-content\/uploads\/ELE5300.pdf\" target=\"_blank\" rel=\"noopener noreferrer\">Com\u00e9rcio Eletr\u00f4nico<\/a><\/td>\n<\/tr>\n<tr>\n<td style=\"text-align: center; width: 100px;\">EDA5223<\/td>\n<td style=\"padding-left: 8px;\"><a href=\"http:\/\/eic.cefet-rj.br\/portal\/wp-content\/uploads\/EDA5223.pdf\" target=\"_blank\" rel=\"noopener noreferrer\">Est\u00e1gio Supervisionado<\/a><\/td>\n<\/tr>\n<tr>\n<td style=\"text-align: center; width: 100px;\">ELE5220<\/td>\n<td style=\"padding-left: 8px;\"><a href=\"http:\/\/eic.cefet-rj.br\/portal\/wp-content\/uploads\/ELE5220.pdf\" target=\"_blank\" rel=\"noopener noreferrer\">Tecnologia Web VI<\/a><\/td>\n<\/tr>\n<tr>\n<td style=\"text-align: center; width: 100px;\">ELE5221<\/td>\n<td style=\"padding-left: 8px;\"><a href=\"http:\/\/eic.cefet-rj.br\/portal\/wp-content\/uploads\/ELE5221.pdf\" target=\"_blank\" rel=\"noopener noreferrer\">T\u00f3picos Avan\u00e7ados em Inform\u00e1tica<\/a><\/td>\n<\/tr>\n<tr>\n<td style=\"text-align: center; width: 100px;\">EDA5222<\/td>\n<td style=\"padding-left: 8px;\"><a href=\"http:\/\/eic.cefet-rj.br\/portal\/wp-content\/uploads\/EDA5222.pdf\" target=\"_blank\" rel=\"noopener noreferrer\">Trabalho de Conclus\u00e3o de Curso<\/a><\/td>\n<\/tr>\n<\/tbody>\n<\/table>\n","protected":false},"excerpt":{"rendered":"<p>Selecione uma disciplina espec\u00edfica na tabela a seguir para obter acesso ao seu plano de ensino. Voc\u00ea tamb\u00e9m pode consultar o acervo das bibliotecas do CEFET\/RJ por meio do portal da biblioteca. 1\u00ba Per\u00edodo C\u00f3digo Disciplina MAD5206 Estat\u00edstica 1 EDA5202 Ingl\u00eas T\u00e9cnico MAD5202 Matema\u0301tica I ELE5201 Projeto e An\u00e1lise de Algoritmos ELE5202 Sistemas de Computa\u00e7\u00e3o [&hellip;]<\/p>\n","protected":false},"author":3,"featured_media":0,"parent":9,"menu_order":0,"comment_status":"closed","ping_status":"closed","template":"","meta":{"footnotes":""},"class_list":["post-3481","page","type-page","status-publish","hentry","entry"],"_links":{"self":[{"href":"https:\/\/eic.cefet-rj.br\/portal\/wp-json\/wp\/v2\/pages\/3481","targetHints":{"allow":["GET"]}}],"collection":[{"href":"https:\/\/eic.cefet-rj.br\/portal\/wp-json\/wp\/v2\/pages"}],"about":[{"href":"https:\/\/eic.cefet-rj.br\/portal\/wp-json\/wp\/v2\/types\/page"}],"author":[{"embeddable":true,"href":"https:\/\/eic.cefet-rj.br\/portal\/wp-json\/wp\/v2\/users\/3"}],"replies":[{"embeddable":true,"href":"https:\/\/eic.cefet-rj.br\/portal\/wp-json\/wp\/v2\/comments?post=3481"}],"version-history":[{"count":3,"href":"https:\/\/eic.cefet-rj.br\/portal\/wp-json\/wp\/v2\/pages\/3481\/revisions"}],"predecessor-version":[{"id":3520,"href":"https:\/\/eic.cefet-rj.br\/portal\/wp-json\/wp\/v2\/pages\/3481\/revisions\/3520"}],"up":[{"embeddable":true,"href":"https:\/\/eic.cefet-rj.br\/portal\/wp-json\/wp\/v2\/pages\/9"}],"wp:attachment":[{"href":"https:\/\/eic.cefet-rj.br\/portal\/wp-json\/wp\/v2\/media?parent=3481"}],"curies":[{"name":"wp","href":"https:\/\/api.w.org\/{rel}","templated":true}]}}