{"id":3379,"date":"2018-03-05T17:10:07","date_gmt":"2018-03-05T20:10:07","guid":{"rendered":"http:\/\/eic.cefet-rj.br\/portal\/?page_id=3379"},"modified":"2018-08-11T14:27:29","modified_gmt":"2018-08-11T17:27:29","slug":"atos-do-curso","status":"publish","type":"page","link":"https:\/\/eic.cefet-rj.br\/portal\/ciencia-da-computacao\/atos-do-curso\/","title":{"rendered":"Ci\u00eancia da Computa\u00e7\u00e3o :: Atos do Curso"},"content":{"rendered":"<p>Aqui disponibilizamos\u00a0portarias e\u00a0resolu\u00e7\u00f5es oficiais que regulam o\u00a0funcionamento do curso:<\/p>\n<ul>\n<li><a href=\"http:\/\/eic.cefet-rj.br\/portal\/wp-content\/uploads\/BCC-Resolucao-CODIR-04_2012.pdf\">Aprova\u00e7\u00e3o de Projeto Pedag\u00f3gico\u00a0(2012)<\/a><\/li>\n<li><a href=\"http:\/\/eic.cefet-rj.br\/portal\/wp-content\/uploads\/BCC-Resolucao-CEPE-01.2012.pdf\">Homologa\u00e7\u00e3o do Curso\u00a0(2012)<\/a><\/li>\n<li><a href=\"http:\/\/eic.cefet-rj.br\/portal\/wp-content\/uploads\/Portaria-382_20170502-Reconhecimento-BCC.pdf\">Portaria de Reconhecimento (2017)<\/a><\/li>\n<\/ul>\n","protected":false},"excerpt":{"rendered":"<p>Aqui disponibilizamos\u00a0portarias e\u00a0resolu\u00e7\u00f5es oficiais que regulam o\u00a0funcionamento do curso: Aprova\u00e7\u00e3o de Projeto Pedag\u00f3gico\u00a0(2012) Homologa\u00e7\u00e3o do Curso\u00a0(2012) Portaria de Reconhecimento (2017)<\/p>\n","protected":false},"author":3,"featured_media":0,"parent":12,"menu_order":0,"comment_status":"closed","ping_status":"closed","template":"","meta":{"footnotes":""},"class_list":["post-3379","page","type-page","status-publish","hentry","entry"],"_links":{"self":[{"href":"https:\/\/eic.cefet-rj.br\/portal\/wp-json\/wp\/v2\/pages\/3379","targetHints":{"allow":["GET"]}}],"collection":[{"href":"https:\/\/eic.cefet-rj.br\/portal\/wp-json\/wp\/v2\/pages"}],"about":[{"href":"https:\/\/eic.cefet-rj.br\/portal\/wp-json\/wp\/v2\/types\/page"}],"author":[{"embeddable":true,"href":"https:\/\/eic.cefet-rj.br\/portal\/wp-json\/wp\/v2\/users\/3"}],"replies":[{"embeddable":true,"href":"https:\/\/eic.cefet-rj.br\/portal\/wp-json\/wp\/v2\/comments?post=3379"}],"version-history":[{"count":2,"href":"https:\/\/eic.cefet-rj.br\/portal\/wp-json\/wp\/v2\/pages\/3379\/revisions"}],"predecessor-version":[{"id":3548,"href":"https:\/\/eic.cefet-rj.br\/portal\/wp-json\/wp\/v2\/pages\/3379\/revisions\/3548"}],"up":[{"embeddable":true,"href":"https:\/\/eic.cefet-rj.br\/portal\/wp-json\/wp\/v2\/pages\/12"}],"wp:attachment":[{"href":"https:\/\/eic.cefet-rj.br\/portal\/wp-json\/wp\/v2\/media?parent=3379"}],"curies":[{"name":"wp","href":"https:\/\/api.w.org\/{rel}","templated":true}]}}