{"id":3323,"date":"2018-02-18T19:54:28","date_gmt":"2018-02-18T22:54:28","guid":{"rendered":"http:\/\/eic.cefet-rj.br\/portal\/?page_id=3323"},"modified":"2025-12-16T16:23:01","modified_gmt":"2025-12-16T19:23:01","slug":"atas-nde","status":"publish","type":"page","link":"https:\/\/eic.cefet-rj.br\/portal\/atas-nde\/","title":{"rendered":"EIC :: Atas NDE"},"content":{"rendered":"<p>Nesta p\u00e1gina disponibilizamos acesso \u00e0s atas de reuni\u00f5es e livros de atas do N\u00facleo Docente Estruturante do Bacharelado em Ci\u00eancia da Computa\u00e7\u00e3o e do Curso Superior de Tecnologia em Sistemas para Internet.<\/p>\n<h3>N\u00facleo Docente Estrutrante (NDE) do Bacharelado em Ci\u00eancia da Computa\u00e7\u00e3o<\/h3>\n<p><strong>Atas de Reuni\u00f5es<\/strong><\/p>\n<p><strong>2025<\/strong><\/p>\n<ul>\n<li><a href=\"https:\/\/eic.cefet-rj.br\/portal\/wp-content\/uploads\/Ata-1-reuniao-extraordinaria-NDE-2025-04-01_assinado.pdf\">01\/04\/2025 (1\u00aa reunia\u0303o extraordin\u00e1ria de 2025)<\/a><\/li>\n<li><a href=\"https:\/\/eic.cefet-rj.br\/portal\/wp-content\/uploads\/Ata-2-reuniao-extraordinaria-NDE-2025-04-15_assinado.pdf\">15\/04\/2025 (2\u00aa reunia\u0303o extraordin\u00e1ria de 2025)<\/a><\/li>\n<li><a href=\"https:\/\/eic.cefet-rj.br\/portal\/wp-content\/uploads\/Ata-3-reuniao-extraordinaria-NDE2025-05-05_assinado.pdf\">05\/05\/2025 (3\u00aa reunia\u0303o extraordin\u00e1ria de 2025)<\/a><\/li>\n<li><a href=\"https:\/\/eic.cefet-rj.br\/portal\/wp-content\/uploads\/Ata-4-reuniao-extraordinaria-NDE-2025-06-26.pdf\">26\/06\/2025 (4\u00aa reunia\u0303o extraordin\u00e1ria de 2025)<\/a><\/li>\n<li><a href=\"https:\/\/eic.cefet-rj.br\/portal\/wp-content\/uploads\/Ata-5-reuniao-extraordinaria-NDE-2025-08-28_assinado.pdf\">28\/08\/2025 (5\u00aa reunia\u0303o extraordin\u00e1ria de 2025)<\/a><\/li>\n<li><a href=\"https:\/\/eic.cefet-rj.br\/portal\/wp-content\/uploads\/Ata-6-reuniao-extraordinaria-NDE-2025-09-18_assinado.pdf\">18\/09\/2025 (6\u00aa reunia\u0303o extraordin\u00e1ria de 2025)<\/a><\/li>\n<li><a href=\"https:\/\/eic.cefet-rj.br\/portal\/wp-content\/uploads\/Ata-7-reuniao-extraordinaria-NDE-2025-10-10_assinado.pdf\">10\/10\/2025 (7\u00aa reunia\u0303o extraordin\u00e1ria de 2025)<\/a><\/li>\n<li><a href=\"https:\/\/eic.cefet-rj.br\/portal\/wp-content\/uploads\/Ata-8a-reuniao-extraordinaria-NDE-2025-11-27.pdf\">27\/11\/2025 (8\u00aa reunia\u0303o extraordin\u00e1ria de 2025)<\/a><\/li>\n<\/ul>\n<p><strong>2024<\/strong><\/p>\n<ul>\n<li><a href=\"https:\/\/eic.cefet-rj.br\/portal\/wp-content\/uploads\/Ata-1-reuniao-ordinaria-NDE-2024-03-06.pdf\">06\/03\/2024 (1\u00aa reunia\u0303o extraordin\u00e1ria de 2024)<\/a><\/li>\n<li><a href=\"https:\/\/eic.cefet-rj.br\/portal\/wp-content\/uploads\/Ata-2-reuniao-ordinaria-NDE-2024-10-09.pdf\">09\/10\/2024 (2\u00aa reunia\u0303o extraordin\u00e1ria de 2024)<\/a><\/li>\n<li><a href=\"https:\/\/eic.cefet-rj.br\/portal\/wp-content\/uploads\/Ata-3-reuniao-ordinaria-NDE-2024-11-13.pdf\">13\/11\/2024 (3\u00aa reunia\u0303o extraordin\u00e1ria de 2024)<\/a><\/li>\n<li><a href=\"https:\/\/eic.cefet-rj.br\/portal\/wp-content\/uploads\/Ata-4-reuniao-ordinaria-NDE-2024-12-04.pdf\">04\/12\/2024 (4\u00aa reunia\u0303o extraordin\u00e1ria de 2024)<\/a><\/li>\n<\/ul>\n<p><strong>2023<\/strong><\/p>\n<ul>\n<li><a href=\"https:\/\/eic.cefet-rj.br\/portal\/wp-content\/uploads\/Ata-1-reuniao-ordinaria-NDE-2023-03-29.pdf\">29\/03\/2023 (1\u00aa reunia\u0303o ordin\u00e1ria de 2023)<\/a><\/li>\n<li><a href=\"https:\/\/eic.cefet-rj.br\/portal\/wp-content\/uploads\/Ata-2-reuniao-ordinaria-NDE-2023-04-12.pdf\">12\/04\/2023 (2\u00aa reunia\u0303o ordin\u00e1ria de 2023)<\/a><\/li>\n<li><a href=\"https:\/\/eic.cefet-rj.br\/portal\/wp-content\/uploads\/Ata-3-reuniao-ordinaria-NDE-2023-05-10.pdf\">10\/05\/2023 (3\u00aa reunia\u0303o ordin\u00e1ria de 2023)<\/a><\/li>\n<li><a href=\"https:\/\/eic.cefet-rj.br\/portal\/wp-content\/uploads\/Ata-4-reuniao-ordinaria-NDE-2023-05-31.pdf\">31\/05\/2023 (4\u00aa reunia\u0303o ordin\u00e1ria de 2023)<\/a><\/li>\n<li><a href=\"https:\/\/eic.cefet-rj.br\/portal\/wp-content\/uploads\/Ata-5-reuniao-ordinaria-NDE-2023-06-28.pdf\">28\/06\/2023 (5\u00aa reunia\u0303o ordin\u00e1ria de 2023)<\/a><\/li>\n<li><a href=\"https:\/\/eic.cefet-rj.br\/portal\/wp-content\/uploads\/Ata-6-reuniao-ordinaria-NDE-2023-08-23.pdf\">23\/08\/2023 (6\u00aa reunia\u0303o ordin\u00e1ria de 2023)<\/a><\/li>\n<li><a href=\"https:\/\/eic.cefet-rj.br\/portal\/wp-content\/uploads\/Ata-7-reuniao-ordinaria-NDE-2023-08-30.pdf\">30\/08\/2023 (7\u00aa reunia\u0303o ordin\u00e1ria de 2023)<\/a><\/li>\n<li><a href=\"https:\/\/eic.cefet-rj.br\/portal\/wp-content\/uploads\/Ata-8-reuniao-ordinaria-NDE-2023-09-06.pdf\">06\/09\/2023 (8\u00aa reunia\u0303o ordin\u00e1ria de 2023)<\/a><\/li>\n<li><a href=\"https:\/\/eic.cefet-rj.br\/portal\/wp-content\/uploads\/Ata-9-reuniao-ordinaria-NDE-2023-09-13.pdf\">13\/09\/2023 (9\u00aa reunia\u0303o ordin\u00e1ria de 2023)<\/a><\/li>\n<li><a href=\"https:\/\/eic.cefet-rj.br\/portal\/wp-content\/uploads\/Ata-10-reuniao-ordinaria-NDE-2023-09-20.pdf\">20\/09\/2023 (10\u00aa reunia\u0303o ordin\u00e1ria de 2023)<\/a><\/li>\n<li><a href=\"https:\/\/eic.cefet-rj.br\/portal\/wp-content\/uploads\/Ata-11-reuniao-ordinaria-NDE-2023-09-27.pdf\">27\/09\/2023 (11\u00aa reunia\u0303o ordin\u00e1ria de 2023)<\/a><\/li>\n<\/ul>\n<ul>\n<li><a href=\"https:\/\/eic.cefet-rj.br\/portal\/wp-content\/uploads\/Ata-1-reunia\u0303o-extraordina\u0301ria-NDE-2023-01-11.pdf\">11\/01\/2023 (1\u00aa reunia\u0303o extraordina\u0301ria de 2023)<\/a><\/li>\n<li><a href=\"https:\/\/eic.cefet-rj.br\/portal\/wp-content\/uploads\/Ata-2-reunia\u0303o-extraordina\u0301ria-NDE-2023-01-19.pdf\">19\/01\/2023 (2\u00aa reunia\u0303o extraordina\u0301ria de 2023)<\/a><\/li>\n<li><a href=\"https:\/\/eic.cefet-rj.br\/portal\/wp-content\/uploads\/Ata-3a-reunia\u0303o-extraordina\u0301ria-NDE-2023-06-20.pdf\">20\/06\/2023 (3\u00aa reunia\u0303o extraordina\u0301ria de 2023)<\/a><\/li>\n<\/ul>\n<p><strong>2022<\/strong><\/p>\n<ul>\n<li><a href=\"https:\/\/eic.cefet-rj.br\/portal\/wp-content\/uploads\/Ata-1-reunia\u0303o-ordina\u0301ria-NDE-2022-02-16.pdf\">16\/02\/2022 (1\u00aa reunia\u0303o ordina\u0301ria de 2022)<\/a><\/li>\n<li><a href=\"https:\/\/eic.cefet-rj.br\/portal\/wp-content\/uploads\/Ata-2-reunia\u0303o-ordina\u0301ria-NDE-2022-03-9.pdf\">09\/03\/2022 (2\u00aa reunia\u0303o ordina\u0301ria de 2022)<\/a><\/li>\n<li><a href=\"https:\/\/eic.cefet-rj.br\/portal\/wp-content\/uploads\/Ata-3-reunia\u0303o-ordina\u0301ria-NDE-2022-08-10.pdf\">10\/08\/2022 (3\u00aa reunia\u0303o ordina\u0301ria de 2022)<\/a><\/li>\n<li><a href=\"https:\/\/eic.cefet-rj.br\/portal\/wp-content\/uploads\/Ata-4-reunia\u0303o-ordina\u0301ria-NDE-2022-10-05.pdf\">05\/10\/2022 (4\u00aa reuni\u00e3o ordin\u00e1ria de 2022)<\/a><\/li>\n<\/ul>\n<ul>\n<li><a href=\"https:\/\/eic.cefet-rj.br\/portal\/wp-content\/uploads\/Ata-1-reunia\u0303o-extraordina\u0301ria-NDE-2022-05-30-1.pdf\">30\/05\/2022 (1\u00aa reunia\u0303o extraordina\u0301ria de 2022)<\/a><\/li>\n<li><a href=\"https:\/\/eic.cefet-rj.br\/portal\/wp-content\/uploads\/Ata-2-reunia\u0303o-extraordina\u0301ria-NDE-2022-08-17-1.pdf\">17\/08\/2022 (2\u00aa reunia\u0303o extraordina\u0301ria de 2022)<\/a><\/li>\n<\/ul>\n<p><strong>2021<\/strong><\/p>\n<ul>\n<li><a href=\"https:\/\/eic.cefet-rj.br\/portal\/wp-content\/uploads\/Ata-1-reunia\u0303o-ordina\u0301ria-NDE-2021-02-24.pdf\">24\/02\/2021 (1\u00aa reunia\u0303o ordina\u0301ria de 2021)<\/a><\/li>\n<li><a href=\"https:\/\/eic.cefet-rj.br\/portal\/wp-content\/uploads\/Ata-2-reunia\u0303o-ordina\u0301ria-NDE-2021-03-03.pdf\">03\/03\/2021 (2\u00aa reunia\u0303o ordina\u0301ria de 2021)<\/a><\/li>\n<li><a href=\"https:\/\/eic.cefet-rj.br\/portal\/wp-content\/uploads\/Ata-3-reunia\u0303o-ordina\u0301ria-NDE-2021-03-10.pdf\">10\/03\/2021 (3\u00aa reunia\u0303o ordina\u0301ria de 2021)<\/a><\/li>\n<li><a href=\"https:\/\/eic.cefet-rj.br\/portal\/wp-content\/uploads\/Ata-4-reunia\u0303o-ordina\u0301ria-NDE-2021-04-14.pdf\">14\/04\/2021 (4\u00aa reunia\u0303o ordina\u0301ria de 2021)<\/a><\/li>\n<li><a href=\"https:\/\/eic.cefet-rj.br\/portal\/wp-content\/uploads\/Ata-5-reunia\u0303o-ordina\u0301ria-NDE-2021-04-21.pdf\">21\/04\/2021 (5\u00aa reunia\u0303o ordina\u0301ria de 2021)<\/a><\/li>\n<li><a href=\"https:\/\/eic.cefet-rj.br\/portal\/wp-content\/uploads\/Ata-6-reunia\u0303o-ordina\u0301ria-NDE-2021-04-28.pdf\">28\/04\/2021 (6\u00aa reunia\u0303o ordina\u0301ria de 2021)<\/a><\/li>\n<li><a href=\"https:\/\/eic.cefet-rj.br\/portal\/wp-content\/uploads\/Ata-7-reunia\u0303o-ordina\u0301ria-NDE-2021-05-05.pdf\">05\/05\/2021 (7\u00aa reunia\u0303o ordina\u0301ria de 2021)<\/a><\/li>\n<li><a href=\"https:\/\/eic.cefet-rj.br\/portal\/wp-content\/uploads\/Ata-8-reunia\u0303o-ordina\u0301ria-NDE-2021-05-19.pdf\">19\/05\/2021 (8\u00aa reunia\u0303o ordina\u0301ria de 2021)<\/a><\/li>\n<li><a href=\"https:\/\/eic.cefet-rj.br\/portal\/wp-content\/uploads\/Ata-9-reunia\u0303o-ordina\u0301ria-NDE-2021-06-02.pdf\">02\/06\/2021 (9\u00aa reunia\u0303o ordina\u0301ria de 2021)<\/a><\/li>\n<li><a href=\"https:\/\/eic.cefet-rj.br\/portal\/wp-content\/uploads\/Ata-10-reunia\u0303o-ordina\u0301ria-NDE-2021-09-22.pdf\">22\/09\/2021 (10\u00aa reunia\u0303o ordina\u0301ria de 2021)<\/a><\/li>\n<\/ul>\n<ul>\n<li><a href=\"https:\/\/eic.cefet-rj.br\/portal\/wp-content\/uploads\/Ata-1-reunia\u0303o-extraordina\u0301ria-NDE-2021-05-12.pdf\">12\/05\/2021 (1\u00aa reunia\u0303o extraordina\u0301ria de 2021)<\/a><\/li>\n<\/ul>\n<p><strong>2020<\/strong><\/p>\n<ul>\n<li><a href=\"https:\/\/eic.cefet-rj.br\/portal\/wp-content\/uploads\/Ata-1-reunia\u0303o-ordina\u0301ria-NDE-2020-02-12.pdf\">12\/02\/2020 (1\u00aa reunia\u0303o ordina\u0301ria de 2020)<\/a><\/li>\n<li><a href=\"https:\/\/eic.cefet-rj.br\/portal\/wp-content\/uploads\/Ata-2-reunia\u0303o-ordina\u0301ria-NDE-2020-04-15.pdf\">15\/04\/2020 (2\u00aa reunia\u0303o ordina\u0301ria de 2020)<\/a><\/li>\n<li><a href=\"https:\/\/eic.cefet-rj.br\/portal\/wp-content\/uploads\/Ata-3-reunia\u0303o-ordina\u0301ria-NDE-2020-04-29.pdf\">29\/04\/2020 (3\u00aa reunia\u0303o ordina\u0301ria de 2020)<\/a><\/li>\n<li><a href=\"https:\/\/eic.cefet-rj.br\/portal\/wp-content\/uploads\/Ata-4-reunia\u0303o-ordina\u0301ria-NDE-2020-05-06.pdf\">06\/05\/2020 (4\u00aa reunia\u0303o ordina\u0301ria de 2020)<\/a><\/li>\n<li><a href=\"https:\/\/eic.cefet-rj.br\/portal\/wp-content\/uploads\/Ata-5-reunia\u0303o-ordina\u0301ria-NDE-2020-05-20.pdf\">20\/05\/2020 (5\u00aa reunia\u0303o ordina\u0301ria de 2020)<\/a><\/li>\n<li><a href=\"https:\/\/eic.cefet-rj.br\/portal\/wp-content\/uploads\/Ata-6-reunia\u0303o-ordina\u0301ria-NDE-2020-05-27.pdf\">27\/05\/2020 (6\u00aa reunia\u0303o ordina\u0301ria de 2020)<\/a><\/li>\n<li><a href=\"https:\/\/eic.cefet-rj.br\/portal\/wp-content\/uploads\/Ata-7-reunia\u0303o-ordina\u0301ria-NDE-2020-06-17.pdf\">17\/06\/2020 (7\u00aa reunia\u0303o ordina\u0301ria de 2020)<\/a><\/li>\n<li><a href=\"https:\/\/eic.cefet-rj.br\/portal\/wp-content\/uploads\/Ata-8-reunia\u0303o-ordina\u0301ria-NDE-2020-06-24.pdf\">24\/06\/2020 (8\u00aa reunia\u0303o ordina\u0301ria de 2020)<\/a><\/li>\n<li><a href=\"https:\/\/eic.cefet-rj.br\/portal\/wp-content\/uploads\/Ata-9-reunia\u0303o-ordina\u0301ria-NDE-2020-08-05.pdf\">05\/08\/2020 (9\u00aa reunia\u0303o ordina\u0301ria de 2020)<\/a><\/li>\n<li><a href=\"https:\/\/eic.cefet-rj.br\/portal\/wp-content\/uploads\/Ata-10-reunia\u0303o-ordina\u0301ria-NDE-2020-09-03.pdf\">03\/09\/2020 (10\u00aa reunia\u0303o ordina\u0301ria de 2020)<\/a><\/li>\n<li><a href=\"https:\/\/eic.cefet-rj.br\/portal\/wp-content\/uploads\/Ata-11-reunia\u0303o-ordina\u0301ria-NDE-2020-09-10.pdf\">10\/09\/2020 (11\u00aa reunia\u0303o ordina\u0301ria de 2020)<\/a><\/li>\n<li><a href=\"https:\/\/eic.cefet-rj.br\/portal\/wp-content\/uploads\/Ata-12-reunia\u0303o-ordina\u0301ria-NDE-2020-10-13.pdf\">13\/10\/2020 (12\u00aa reunia\u0303o ordina\u0301ria de 2020)<\/a><\/li>\n<li><a href=\"https:\/\/eic.cefet-rj.br\/portal\/wp-content\/uploads\/Ata-13-reunia\u0303o-ordina\u0301ria-NDE-2020-12-16.pdf\">16\/12\/2020 (13\u00aa reunia\u0303o ordina\u0301ria de 2020)<\/a><\/li>\n<\/ul>\n<p><strong>2019<\/strong><\/p>\n<ul>\n<li><a href=\"http:\/\/eic.cefet-rj.br\/portal\/wp-content\/uploads\/Ata-2019-NDE-ORD01.pdf\" target=\"_blank\" rel=\"noopener noreferrer\">06\/02\/2019 (1\u00aa reuni\u00e3o ordin\u00e1ria de 2019)<\/a><\/li>\n<li><a href=\"http:\/\/eic.cefet-rj.br\/portal\/wp-content\/uploads\/Ata-2019-NDE-ORD02.pdf\" target=\"_blank\" rel=\"noopener noreferrer\">13\/03\/2019 (2\u00aa reuni\u00e3o ordin\u00e1ria de 2019)<\/a><\/li>\n<li><a href=\"https:\/\/eic.cefet-rj.br\/portal\/wp-content\/uploads\/Ata-3-reunia\u0303o-ordina\u0301ria-NDE-2019-03-27.pdf\">27\/03\/2019 (3\u00aa reunia\u0303o ordina\u0301ria de 2019)<\/a><\/li>\n<li><a href=\"https:\/\/eic.cefet-rj.br\/portal\/wp-content\/uploads\/Ata-4a-reunia\u0303o-ordina\u0301ria-NDE-2019-04-24.pdf\">24\/04\/2019 (4\u00aa reunia\u0303o ordina\u0301ria de 2019)<\/a><\/li>\n<li><a href=\"https:\/\/eic.cefet-rj.br\/portal\/wp-content\/uploads\/Ata-5-reunia\u0303o-ordina\u0301ria-NDE-2019-05-08.pdf\">08\/05\/2019 (5\u00aa reunia\u0303o ordina\u0301ria de 2019)<\/a><\/li>\n<li><a href=\"https:\/\/eic.cefet-rj.br\/portal\/wp-content\/uploads\/Ata-6-reunia\u0303o-ordina\u0301ria-NDE-2019-08-14.pdf\">14\/08\/2019 (6\u00aa reunia\u0303o ordina\u0301ria de 2019)<\/a><\/li>\n<li><a href=\"https:\/\/eic.cefet-rj.br\/portal\/wp-content\/uploads\/Ata-7-reunia\u0303o-ordina\u0301ria-NDE-2019-08-21.pdf\">21\/08\/2019 (7\u00aa reunia\u0303o ordina\u0301ria de 2019)<\/a><\/li>\n<li><a href=\"https:\/\/eic.cefet-rj.br\/portal\/wp-content\/uploads\/Ata-8-reunia\u0303o-ordina\u0301ria-NDE-2019-08-28.pdf\">28\/08\/2019 (8\u00aa reunia\u0303o ordina\u0301ria de 2019)<\/a><\/li>\n<li><a href=\"https:\/\/eic.cefet-rj.br\/portal\/wp-content\/uploads\/Ata-9-reunia\u0303o-ordina\u0301ria-NDE-2019-09-11.pdf\">11\/09\/2019 (9\u00aa reunia\u0303o ordina\u0301ria de 2019)<\/a><\/li>\n<li><a href=\"https:\/\/eic.cefet-rj.br\/portal\/wp-content\/uploads\/Ata-10-reunia\u0303o-ordina\u0301ria-NDE-2019-10-02.pdf\">02\/10\/2019 (10\u00aa reunia\u0303o ordina\u0301ria de 2019)<\/a><\/li>\n<li><a href=\"https:\/\/eic.cefet-rj.br\/portal\/wp-content\/uploads\/Ata-11a-reunia\u0303o-ordina\u0301ria-NDE-2019-10-16.pdf\">16\/10\/2019 (11\u00aa reunia\u0303o ordina\u0301ria de 2019)<\/a><\/li>\n<li><a href=\"https:\/\/eic.cefet-rj.br\/portal\/wp-content\/uploads\/Ata-12a-reunia\u0303o-ordina\u0301ria-NDE-2019-11-06.pdf\">06\/11\/2019 (12\u00aa reunia\u0303o ordina\u0301ria de 2019)<\/a><\/li>\n<li><a href=\"https:\/\/eic.cefet-rj.br\/portal\/wp-content\/uploads\/Ata-13-reunia\u0303o-ordina\u0301ria-NDE-2019-11-27.pdf\">27\/11\/2019 (13\u00aa reunia\u0303o ordina\u0301ria de 2019)<\/a><\/li>\n<\/ul>\n<p><strong>2018<\/strong><\/p>\n<ul>\n<li><a href=\"http:\/\/eic.cefet-rj.br\/portal\/wp-content\/uploads\/ATA-NDE-2018-ORD01.pdf\" target=\"_blank\" rel=\"noopener noreferrer\">07\/03\/2018 (1\u00aa reuni\u00e3o ordin\u00e1ria de 2018)<\/a><\/li>\n<li><a href=\"http:\/\/eic.cefet-rj.br\/portal\/wp-content\/uploads\/ATA-NDE-2018-ORD02.pdf\" target=\"_blank\" rel=\"noopener noreferrer\">18\/04\/2018 (2\u00aa reuni\u00e3o ordin\u00e1ria de 2018)<\/a><\/li>\n<li><a href=\"http:\/\/eic.cefet-rj.br\/portal\/wp-content\/uploads\/ATA-NDE-2018-ORD03.pdf\" target=\"_blank\" rel=\"noopener noreferrer\">13\/06\/2018 (3\u00aa reuni\u00e3o ordin\u00e1ria de 2018)<\/a><\/li>\n<li><a href=\"http:\/\/eic.cefet-rj.br\/portal\/wp-content\/uploads\/ATA-NDE-2018-ORD04.pdf\" target=\"_blank\" rel=\"noopener noreferrer\">12\/09\/2018 (4\u00aa reuni\u00e3o ordin\u00e1ria de 2018)<\/a><\/li>\n<li><a href=\"http:\/\/eic.cefet-rj.br\/portal\/wp-content\/uploads\/ATA-NDE-2018-ORD05.pdf\" target=\"_blank\" rel=\"noopener noreferrer\">26\/09\/2018 (5\u00aa reuni\u00e3o ordin\u00e1ria de 2018)<\/a><\/li>\n<li><a href=\"http:\/\/eic.cefet-rj.br\/portal\/wp-content\/uploads\/ATA-NDE-2018-ORD06.pdf\" target=\"_blank\" rel=\"noopener noreferrer\">10\/10\/2018 (6\u00aa reuni\u00e3o ordin\u00e1ria de 2018)<\/a><\/li>\n<li><a href=\"http:\/\/eic.cefet-rj.br\/portal\/wp-content\/uploads\/ATA-NDE-2018-ORD07.pdf\" target=\"_blank\" rel=\"noopener noreferrer\">17\/10\/2018 (7\u00aa reuni\u00e3o ordin\u00e1ria de 2018)<\/a><\/li>\n<li><a href=\"http:\/\/eic.cefet-rj.br\/portal\/wp-content\/uploads\/ATA-NDE-2018-ORD08.pdf\" target=\"_blank\" rel=\"noopener noreferrer\">31\/10\/2018 (8\u00aa reuni\u00e3o ordin\u00e1ria de 2018)<\/a><\/li>\n<li><a href=\"http:\/\/eic.cefet-rj.br\/portal\/wp-content\/uploads\/ATA-NDE-2018-ORD09.pdf\" target=\"_blank\" rel=\"noopener noreferrer\">14\/11\/2018 (9\u00aa reuni\u00e3o ordin\u00e1ria de 2018)<\/a><\/li>\n<li><a href=\"http:\/\/eic.cefet-rj.br\/portal\/wp-content\/uploads\/ATA-NDE-2018-ORD10.pdf\" target=\"_blank\" rel=\"noopener noreferrer\">05\/12\/2018 (10\u00aa reuni\u00e3o ordin\u00e1ria de 2018)<\/a><\/li>\n<\/ul>\n<ul>\n<li><a href=\"http:\/\/eic.cefet-rj.br\/portal\/wp-content\/uploads\/ATA-NDE-2018-EXT01.pdf\" target=\"_blank\" rel=\"noopener noreferrer\">02\/05\/2018 (1\u00aa reuni\u00e3o extraordin\u00e1ria de 2018)<\/a><\/li>\n<\/ul>\n<p><strong>2017<\/strong><\/p>\n<ul>\n<li><a href=\"http:\/\/eic.cefet-rj.br\/portal\/wp-content\/uploads\/ATA-NDE-2017-03-22_01_O.pdf\" target=\"_blank\" rel=\"noopener noreferrer\">22\/03\/2017 (1\u00aa reuni\u00e3o ordin\u00e1ria de 2017)<\/a><\/li>\n<li><a href=\"http:\/\/eic.cefet-rj.br\/portal\/wp-content\/uploads\/ATA-NDE-2017-06-14_02_O.pdf\" target=\"_blank\" rel=\"noopener noreferrer\">14\/06\/2017 (2\u00aa reuni\u00e3o ordin\u00e1ria de 2017)<\/a><\/li>\n<li><a href=\"http:\/\/eic.cefet-rj.br\/portal\/wp-content\/uploads\/ATA-NDE-2017-08-09_03_O.pdf\" target=\"_blank\" rel=\"noopener noreferrer\">09\/08\/2017 (3\u00aa reuni\u00e3o ordin\u00e1ria de 2017)<\/a><\/li>\n<li><a href=\"http:\/\/eic.cefet-rj.br\/portal\/wp-content\/uploads\/ATA-NDE-2017-08-23_04_O.pdf\" target=\"_blank\" rel=\"noopener noreferrer\">23\/08\/2017 (4\u00aa reuni\u00e3o ordin\u00e1ria de 2017)<\/a><\/li>\n<li><a href=\"http:\/\/eic.cefet-rj.br\/portal\/wp-content\/uploads\/ATA-NDE-2017-09-06_05_O.pdf\" target=\"_blank\" rel=\"noopener noreferrer\">06\/09\/2017 (5\u00aa reuni\u00e3o ordin\u00e1ria de 2017)<\/a><\/li>\n<li><a href=\"http:\/\/eic.cefet-rj.br\/portal\/wp-content\/uploads\/ATA-NDE-2017-09-20_06_O.pdf\" target=\"_blank\" rel=\"noopener noreferrer\">20\/09\/2017 (6\u00aa reuni\u00e3o ordin\u00e1ria de 2017)<\/a><\/li>\n<li><a href=\"http:\/\/eic.cefet-rj.br\/portal\/wp-content\/uploads\/ATA-NDE-2017-10-18_07_O.pdf\" target=\"_blank\" rel=\"noopener noreferrer\">18\/10\/2017 (7\u00aa reuni\u00e3o ordin\u00e1ria de 2017)<\/a><\/li>\n<\/ul>\n<ul>\n<li><a href=\"http:\/\/eic.cefet-rj.br\/portal\/wp-content\/uploads\/ATA-NDE-2017-05-15_01_E.pdf\" target=\"_blank\" rel=\"noopener noreferrer\">15\/05\/2017 (1\u00aa reuni\u00e3o extraordin\u00e1ria de 2017)<\/a><\/li>\n<\/ul>\n<p><strong>2016<\/strong><\/p>\n<ul>\n<li><a href=\"http:\/\/eic.cefet-rj.br\/portal\/wp-content\/uploads\/ATA-NDE-2016-05-11_01_O.pdf\" target=\"_blank\" rel=\"noopener noreferrer\">11\/05\/2016 (1\u00aa reuni\u00e3o ordin\u00e1ria de 2016)<\/a><\/li>\n<li><a href=\"http:\/\/eic.cefet-rj.br\/portal\/wp-content\/uploads\/ATA-NDE-2016-06-15_02_O.pdf\" target=\"_blank\" rel=\"noopener noreferrer\">15\/06\/2016 (2\u00aa reuni\u00e3o ordin\u00e1ria de 2016)<\/a><\/li>\n<li><a href=\"http:\/\/eic.cefet-rj.br\/portal\/wp-content\/uploads\/ATA-NDE-2016-07-21_03_O.pdf\" target=\"_blank\" rel=\"noopener noreferrer\">21\/07\/2016 (3\u00aa reuni\u00e3o ordin\u00e1ria de 2016)<\/a><\/li>\n<li><a href=\"http:\/\/eic.cefet-rj.br\/portal\/wp-content\/uploads\/ATA-NDE-2016-09-14_04_O.pdf\" target=\"_blank\" rel=\"noopener noreferrer\">14\/09\/2016 (4\u00aa reuni\u00e3o ordin\u00e1ria de 2016)<\/a><\/li>\n<li><a href=\"http:\/\/eic.cefet-rj.br\/portal\/wp-content\/uploads\/ATA-NDE-2016-09-28_05_O.pdf\" target=\"_blank\" rel=\"noopener noreferrer\">28\/09\/2016 (5\u00aa reuni\u00e3o ordin\u00e1ria de 2016)<\/a><\/li>\n<li><a href=\"http:\/\/eic.cefet-rj.br\/portal\/wp-content\/uploads\/ATA-NDE-2016-10-19_06_O.pdf\" target=\"_blank\" rel=\"noopener noreferrer\">19\/10\/2016 (6\u00aa reuni\u00e3o ordin\u00e1ria de 2016)<\/a><\/li>\n<\/ul>\n<p><strong>2015<\/strong><\/p>\n<ul>\n<li><a href=\"http:\/\/eic.cefet-rj.br\/portal\/wp-content\/uploads\/ATA-NDE-2015-04-06_01_O.pdf\" target=\"_blank\" rel=\"noopener noreferrer\">06\/04\/2015 (1\u00aa reuni\u00e3o ordin\u00e1ria de 2015)<\/a><\/li>\n<li><a href=\"http:\/\/eic.cefet-rj.br\/portal\/wp-content\/uploads\/ATA-NDE-2015-08-05_02_O.pdf\" target=\"_blank\" rel=\"noopener noreferrer\">05\/08\/2015 (2\u00aa reuni\u00e3o ordin\u00e1ria de 2015)<\/a><\/li>\n<\/ul>\n<p><strong>2014<\/strong><\/p>\n<ul>\n<li><a href=\"http:\/\/eic.cefet-rj.br\/portal\/wp-content\/uploads\/ATA-NDE-2014-01-13_01_O.pdf\" target=\"_blank\" rel=\"noopener noreferrer\">13\/01\/2014 (1\u00aa reuni\u00e3o ordin\u00e1ria de 2014)<\/a><\/li>\n<li><a href=\"http:\/\/eic.cefet-rj.br\/portal\/wp-content\/uploads\/ATA-NDE-2014-03-17_02_O.pdf\" target=\"_blank\" rel=\"noopener noreferrer\">17\/03\/2014 (2\u00aa reuni\u00e3o ordin\u00e1ria de 2014)<\/a><\/li>\n<li><a href=\"http:\/\/eic.cefet-rj.br\/portal\/wp-content\/uploads\/ATA-NDE-2014-05-12_03_O.pdf\" target=\"_blank\" rel=\"noopener noreferrer\">12\/05\/2014 (3\u00aa reuni\u00e3o ordin\u00e1ria de 2014)<\/a><\/li>\n<li><a href=\"http:\/\/eic.cefet-rj.br\/portal\/wp-content\/uploads\/ATA-NDE-2014-08-04_04_O.pdf\" target=\"_blank\" rel=\"noopener noreferrer\">04\/08\/2014 (4\u00aa reuni\u00e3o ordin\u00e1ria de 2014)<\/a><\/li>\n<li><a href=\"http:\/\/eic.cefet-rj.br\/portal\/wp-content\/uploads\/ATA-NDE-2014-09-29_05_O.pdf\" target=\"_blank\" rel=\"noopener noreferrer\">29\/09\/2014 (5\u00aa reuni\u00e3o ordin\u00e1ria de 2014)<\/a><\/li>\n<li><a href=\"http:\/\/eic.cefet-rj.br\/portal\/wp-content\/uploads\/ATA-NDE-2014-11-10_06_O.pdf\" target=\"_blank\" rel=\"noopener noreferrer\">10\/11\/2014 (6\u00aa reuni\u00e3o ordin\u00e1ria de 2014)<\/a><\/li>\n<\/ul>\n<p><strong>2013<\/strong><\/p>\n<ul>\n<li><a href=\"http:\/\/eic.cefet-rj.br\/portal\/wp-content\/uploads\/ATA-NDE-2013-03-18_01_O.pdf\" target=\"_blank\" rel=\"noopener noreferrer\">18\/03\/2013 (1\u00aa reuni\u00e3o ordin\u00e1ria de 2013)<\/a><\/li>\n<li><a href=\"http:\/\/eic.cefet-rj.br\/portal\/wp-content\/uploads\/ATA-NDE-2013-05-13_02_O.pdf\" target=\"_blank\" rel=\"noopener noreferrer\">13\/05\/2013 (2\u00aa reuni\u00e3o ordin\u00e1ria de 2013)<\/a><\/li>\n<li><a href=\"http:\/\/eic.cefet-rj.br\/portal\/wp-content\/uploads\/ATA-NDE-2013-07-08_03_O.pdf\" target=\"_blank\" rel=\"noopener noreferrer\">08\/07\/2013 (3\u00aa reuni\u00e3o ordin\u00e1ria de 2013)<\/a><\/li>\n<li><a href=\"http:\/\/eic.cefet-rj.br\/portal\/wp-content\/uploads\/ATA-NDE-2013-09-09_04_O.pdf\" target=\"_blank\" rel=\"noopener noreferrer\">09\/09\/2013 (4\u00aa reuni\u00e3o ordin\u00e1ria de 2013)<\/a><\/li>\n<li><a href=\"http:\/\/eic.cefet-rj.br\/portal\/wp-content\/uploads\/ATA-NDE-2013-11-11_05_O.pdf\" target=\"_blank\" rel=\"noopener noreferrer\">11\/11\/2013 (5\u00aa reuni\u00e3o ordin\u00e1ria de 2013)<\/a><\/li>\n<\/ul>\n<p><strong>2012<\/strong><\/p>\n<ul>\n<li><a href=\"http:\/\/eic.cefet-rj.br\/portal\/wp-content\/uploads\/ATA-NDE-2012-10-12_03_O.pdf\" target=\"_blank\" rel=\"noopener noreferrer\">12\/10\/2012 (3\u00aa reuni\u00e3o ordin\u00e1ria de 2012)<\/a><\/li>\n<li><a href=\"http:\/\/eic.cefet-rj.br\/portal\/wp-content\/uploads\/ATA-NDE-2012-12-18_04_O.pdf\" target=\"_blank\" rel=\"noopener noreferrer\">18\/12\/2012 (4\u00aa reuni\u00e3o ordin\u00e1ria de 2012)<\/a><\/li>\n<\/ul>\n<p><strong>2011<\/strong><\/p>\n<ul>\n<li><a href=\"http:\/\/eic.cefet-rj.br\/portal\/wp-content\/uploads\/ATA-NDE-2011-05-02_01_O.pdf\" target=\"_blank\" rel=\"noopener noreferrer\">02\/05\/2011 (1\u00aa reuni\u00e3o ordin\u00e1ria de 2011)<\/a><\/li>\n<li><a href=\"http:\/\/eic.cefet-rj.br\/portal\/wp-content\/uploads\/ATA-NDE-2011-10-03_02_O.pdf\" target=\"_blank\" rel=\"noopener noreferrer\">03\/10\/2011 (2\u00aa reuni\u00e3o ordin\u00e1ria de 2011)<\/a><\/li>\n<\/ul>\n<p>&nbsp;<\/p>\n<p><strong>Livros de Ata<\/strong><\/p>\n<ul>\n<li><a href=\"http:\/\/eic.cefet-rj.br\/portal\/wp-content\/uploads\/ATA-NDE-Livro-2017.pdf\" target=\"_blank\" rel=\"noopener noreferrer\">Livro de Ata 2017<\/a><\/li>\n<li><a href=\"http:\/\/eic.cefet-rj.br\/portal\/wp-content\/uploads\/ATA-NDE-Livro-2016.pdf\" target=\"_blank\" rel=\"noopener noreferrer\">Livro de Ata 2016<\/a><\/li>\n<li><a href=\"http:\/\/eic.cefet-rj.br\/portal\/wp-content\/uploads\/ATA-NDE-Livro-2015.pdf\" target=\"_blank\" rel=\"noopener noreferrer\">Livro de Ata 2015<\/a><\/li>\n<li><a href=\"http:\/\/eic.cefet-rj.br\/portal\/wp-content\/uploads\/ATA-NDE-Livro-2014.pdf\" target=\"_blank\" rel=\"noopener noreferrer\">Livro de Ata 2014<\/a><\/li>\n<li><a href=\"http:\/\/eic.cefet-rj.br\/portal\/wp-content\/uploads\/ATA-NDE-Livro-2013.pdf\" target=\"_blank\" rel=\"noopener noreferrer\">Livro de Ata 2013<\/a><\/li>\n<li><a href=\"http:\/\/eic.cefet-rj.br\/portal\/wp-content\/uploads\/ATA-NDE-Livro-2012.pdf\" target=\"_blank\" rel=\"noopener noreferrer\">Livro de Ata 2012<\/a><\/li>\n<\/ul>\n","protected":false},"excerpt":{"rendered":"<p>Nesta p\u00e1gina disponibilizamos acesso \u00e0s atas de reuni\u00f5es e livros de atas do N\u00facleo Docente Estruturante do Bacharelado em Ci\u00eancia da Computa\u00e7\u00e3o e do Curso Superior de Tecnologia em Sistemas para Internet. N\u00facleo Docente Estrutrante (NDE) do Bacharelado em Ci\u00eancia da Computa\u00e7\u00e3o Atas de Reuni\u00f5es 2025 01\/04\/2025 (1\u00aa reunia\u0303o extraordin\u00e1ria de 2025) 15\/04\/2025 (2\u00aa reunia\u0303o [&hellip;]<\/p>\n","protected":false},"author":3,"featured_media":0,"parent":0,"menu_order":0,"comment_status":"closed","ping_status":"closed","template":"","meta":{"footnotes":""},"class_list":["post-3323","page","type-page","status-publish","hentry","entry"],"_links":{"self":[{"href":"https:\/\/eic.cefet-rj.br\/portal\/wp-json\/wp\/v2\/pages\/3323","targetHints":{"allow":["GET"]}}],"collection":[{"href":"https:\/\/eic.cefet-rj.br\/portal\/wp-json\/wp\/v2\/pages"}],"about":[{"href":"https:\/\/eic.cefet-rj.br\/portal\/wp-json\/wp\/v2\/types\/page"}],"author":[{"embeddable":true,"href":"https:\/\/eic.cefet-rj.br\/portal\/wp-json\/wp\/v2\/users\/3"}],"replies":[{"embeddable":true,"href":"https:\/\/eic.cefet-rj.br\/portal\/wp-json\/wp\/v2\/comments?post=3323"}],"version-history":[{"count":32,"href":"https:\/\/eic.cefet-rj.br\/portal\/wp-json\/wp\/v2\/pages\/3323\/revisions"}],"predecessor-version":[{"id":4735,"href":"https:\/\/eic.cefet-rj.br\/portal\/wp-json\/wp\/v2\/pages\/3323\/revisions\/4735"}],"wp:attachment":[{"href":"https:\/\/eic.cefet-rj.br\/portal\/wp-json\/wp\/v2\/media?parent=3323"}],"curies":[{"name":"wp","href":"https:\/\/api.w.org\/{rel}","templated":true}]}}