{"id":3296,"date":"2018-02-18T14:06:24","date_gmt":"2018-02-18T17:06:24","guid":{"rendered":"http:\/\/eic.cefet-rj.br\/portal\/?page_id=3296"},"modified":"2018-02-18T14:08:10","modified_gmt":"2018-02-18T17:08:10","slug":"cpa","status":"publish","type":"page","link":"https:\/\/eic.cefet-rj.br\/portal\/ciencia-da-computacao\/cpa\/","title":{"rendered":"Bacharelado em Ci\u00eancia da Computa\u00e7\u00e3o :: Auto Avalia\u00e7\u00e3o"},"content":{"rendered":"<p>Nesta p\u00e1gina \u00e9 poss\u00edvel consultar todas as auto-avalia\u00e7\u00f5es do curso de Bacharelado em Ci\u00eancia da Computa\u00e7\u00e3o, conduzidas pela CPA (Comiss\u00e3o Pr\u00f3pria de\u00a0Avalia\u00e7\u00e3o):<\/p>\n<p>&#8211;\u00a0<a href=\"http:\/\/eic.cefet-rj.br\/portal\/wp-content\/uploads\/BCC-AUTOAVALIACAO-CPA-2016.pdf\">Auto Avalia\u00e7\u00e3o 2016<\/a><\/p>\n","protected":false},"excerpt":{"rendered":"<p>Nesta p\u00e1gina \u00e9 poss\u00edvel consultar todas as auto-avalia\u00e7\u00f5es do curso de Bacharelado em Ci\u00eancia da Computa\u00e7\u00e3o, conduzidas pela CPA (Comiss\u00e3o Pr\u00f3pria de\u00a0Avalia\u00e7\u00e3o): &#8211;\u00a0Auto Avalia\u00e7\u00e3o 2016<\/p>\n","protected":false},"author":3,"featured_media":0,"parent":12,"menu_order":0,"comment_status":"closed","ping_status":"closed","template":"","meta":{"footnotes":""},"class_list":["post-3296","page","type-page","status-publish","hentry","entry"],"_links":{"self":[{"href":"https:\/\/eic.cefet-rj.br\/portal\/wp-json\/wp\/v2\/pages\/3296","targetHints":{"allow":["GET"]}}],"collection":[{"href":"https:\/\/eic.cefet-rj.br\/portal\/wp-json\/wp\/v2\/pages"}],"about":[{"href":"https:\/\/eic.cefet-rj.br\/portal\/wp-json\/wp\/v2\/types\/page"}],"author":[{"embeddable":true,"href":"https:\/\/eic.cefet-rj.br\/portal\/wp-json\/wp\/v2\/users\/3"}],"replies":[{"embeddable":true,"href":"https:\/\/eic.cefet-rj.br\/portal\/wp-json\/wp\/v2\/comments?post=3296"}],"version-history":[{"count":5,"href":"https:\/\/eic.cefet-rj.br\/portal\/wp-json\/wp\/v2\/pages\/3296\/revisions"}],"predecessor-version":[{"id":3306,"href":"https:\/\/eic.cefet-rj.br\/portal\/wp-json\/wp\/v2\/pages\/3296\/revisions\/3306"}],"up":[{"embeddable":true,"href":"https:\/\/eic.cefet-rj.br\/portal\/wp-json\/wp\/v2\/pages\/12"}],"wp:attachment":[{"href":"https:\/\/eic.cefet-rj.br\/portal\/wp-json\/wp\/v2\/media?parent=3296"}],"curies":[{"name":"wp","href":"https:\/\/api.w.org\/{rel}","templated":true}]}}