{"id":3146,"date":"2018-02-11T16:47:04","date_gmt":"2018-02-11T19:47:04","guid":{"rendered":"http:\/\/eic.cefet-rj.br\/portal\/?page_id=3146"},"modified":"2018-02-11T16:47:04","modified_gmt":"2018-02-11T19:47:04","slug":"eic-anuarios","status":"publish","type":"page","link":"https:\/\/eic.cefet-rj.br\/portal\/eic-anuarios\/","title":{"rendered":"EIC :: Anu\u00e1rios"},"content":{"rendered":"<p>Disponibilizamos aqui os Anu\u00e1rios da EIC com resumos de todas as nossas atividades, projetos e pesquisas desenvolvidos nos \u00faltimos anos.<\/p>\n<ul>\n<li><a href=\"http:\/\/eic.cefet-rj.br\/portal\/wp-content\/uploads\/Anuario_DEPIN_2017.pdf\" target=\"_blank\" rel=\"noopener noreferrer\">Anu\u00e1rio DEPIN 2017<\/a><\/li>\n<li><a href=\"http:\/\/eic.cefet-rj.br\/portal\/wp-content\/uploads\/Anuario_DEPIN_2016.pdf\" target=\"_blank\" rel=\"noopener noreferrer\">Anu\u00e1rio DEPIN 2016<\/a><\/li>\n<li><a href=\"http:\/\/eic.cefet-rj.br\/portal\/wp-content\/uploads\/Anuario_DEPIN_2015.pdf\" target=\"_blank\" rel=\"noopener noreferrer\">Anu\u00e1rio DEPIN 2015<\/a><\/li>\n<\/ul>\n","protected":false},"excerpt":{"rendered":"<p>Disponibilizamos aqui os Anu\u00e1rios da EIC com resumos de todas as nossas atividades, projetos e pesquisas desenvolvidos nos \u00faltimos anos. Anu\u00e1rio DEPIN 2017 Anu\u00e1rio DEPIN 2016 Anu\u00e1rio DEPIN 2015<\/p>\n","protected":false},"author":3,"featured_media":0,"parent":0,"menu_order":0,"comment_status":"closed","ping_status":"closed","template":"","meta":{"footnotes":""},"class_list":["post-3146","page","type-page","status-publish","hentry","entry"],"_links":{"self":[{"href":"https:\/\/eic.cefet-rj.br\/portal\/wp-json\/wp\/v2\/pages\/3146","targetHints":{"allow":["GET"]}}],"collection":[{"href":"https:\/\/eic.cefet-rj.br\/portal\/wp-json\/wp\/v2\/pages"}],"about":[{"href":"https:\/\/eic.cefet-rj.br\/portal\/wp-json\/wp\/v2\/types\/page"}],"author":[{"embeddable":true,"href":"https:\/\/eic.cefet-rj.br\/portal\/wp-json\/wp\/v2\/users\/3"}],"replies":[{"embeddable":true,"href":"https:\/\/eic.cefet-rj.br\/portal\/wp-json\/wp\/v2\/comments?post=3146"}],"version-history":[{"count":1,"href":"https:\/\/eic.cefet-rj.br\/portal\/wp-json\/wp\/v2\/pages\/3146\/revisions"}],"predecessor-version":[{"id":3150,"href":"https:\/\/eic.cefet-rj.br\/portal\/wp-json\/wp\/v2\/pages\/3146\/revisions\/3150"}],"wp:attachment":[{"href":"https:\/\/eic.cefet-rj.br\/portal\/wp-json\/wp\/v2\/media?parent=3146"}],"curies":[{"name":"wp","href":"https:\/\/api.w.org\/{rel}","templated":true}]}}