{"id":2980,"date":"2018-01-11T12:51:17","date_gmt":"2018-01-11T15:51:17","guid":{"rendered":"http:\/\/eic.cefet-rj.br\/portal\/?page_id=2980"},"modified":"2019-03-30T18:02:04","modified_gmt":"2019-03-30T21:02:04","slug":"planos-ensino-2012-2","status":"publish","type":"page","link":"https:\/\/eic.cefet-rj.br\/portal\/sistemas-para-internet\/planos-ensino-2012-2\/","title":{"rendered":"Sistemas para Internet :: Planos de Ensino (Vers\u00e3o 2012.2)"},"content":{"rendered":"<p>Selecione uma disciplina espec\u00edfica na tabela a seguir para obter acesso ao seu plano de ensino. Voc\u00ea tamb\u00e9m pode consultar o acervo das bibliotecas do CEFET\/RJ por meio do <a href=\"http:\/\/biblioteca.cefet-rj.br\/\" target=\"_blank\" rel=\"noopener noreferrer\">portal da biblioteca<\/a>.<br \/>\n<!-- ================ 1\u00ba Per\u00edodo ===================== --><\/p>\n<table style=\"width: 80%;\" border=\"1\">\n<tbody>\n<tr>\n<th style=\"text-align: center;\" colspan=\"2\">1\u00ba Per\u00edodo<\/th>\n<\/tr>\n<tr>\n<th style=\"text-align: center;\">C\u00f3digo<\/th>\n<th>Disciplina<\/th>\n<\/tr>\n<tr>\n<td style=\"text-align: center; width: 100px;\">GTSI1211<\/td>\n<td style=\"padding-left: 8px;\"><a href=\"http:\/\/eic.cefet-rj.br\/portal\/wp-content\/uploads\/GTSI1211.pdf\" target=\"_blank\" rel=\"noopener noreferrer\">Arquitetura de Computadores<\/a><\/td>\n<\/tr>\n<tr>\n<td style=\"text-align: center; width: 100px;\">GTS1215<\/td>\n<td style=\"padding-left: 8px;\"><a href=\"http:\/\/eic.cefet-rj.br\/portal\/wp-content\/uploads\/GTSI1215.pdf\" target=\"_blank\" rel=\"noopener noreferrer\">Introduc\u0327a\u0303o a\u0300 Administrac\u0327a\u0303o<\/a><\/td>\n<\/tr>\n<tr>\n<td style=\"text-align: center; width: 100px;\">GTSI1214<\/td>\n<td style=\"padding-left: 8px;\"><a href=\"http:\/\/eic.cefet-rj.br\/portal\/wp-content\/uploads\/GTSI1214.pdf\" target=\"_blank\" rel=\"noopener noreferrer\">Lo\u0301gica Matema\u0301tica<\/a><\/td>\n<\/tr>\n<tr>\n<td style=\"text-align: center; width: 100px;\">GTSI1212<\/td>\n<td style=\"padding-left: 8px;\"><a href=\"http:\/\/eic.cefet-rj.br\/portal\/wp-content\/uploads\/GTSI1212.pdf\" target=\"_blank\" rel=\"noopener noreferrer\">Programac\u0327a\u0303o de Clientes WEB<\/a><\/td>\n<\/tr>\n<tr>\n<td style=\"text-align: center; width: 100px;\">GTSI1213<\/td>\n<td style=\"padding-left: 8px;\"><a href=\"http:\/\/eic.cefet-rj.br\/portal\/wp-content\/uploads\/GTSI1213.pdf\" target=\"_blank\" rel=\"noopener noreferrer\">Projeto de Algoritmos Computacionais<\/a><\/td>\n<\/tr>\n<\/tbody>\n<\/table>\n<p><!-- ================ 2\u00ba Per\u00edodo ===================== --><\/p>\n<table style=\"width: 80%;\" border=\"1\">\n<tbody>\n<tr>\n<th style=\"text-align: center;\" colspan=\"2\">2\u00ba Per\u00edodo<\/th>\n<\/tr>\n<tr>\n<th style=\"text-align: center;\">C\u00f3digo<\/th>\n<th>Disciplina<\/th>\n<\/tr>\n<tr>\n<td style=\"text-align: center; width: 100px;\">GTSI1222<\/td>\n<td style=\"padding-left: 8px;\"><a href=\"http:\/\/eic.cefet-rj.br\/portal\/wp-content\/uploads\/GTSI1222.pdf\" target=\"_blank\" rel=\"noopener noreferrer\">Estruturas de Dados<\/a><\/td>\n<\/tr>\n<tr>\n<td style=\"text-align: center; width: 100px;\">GTSI1223<\/td>\n<td style=\"padding-left: 8px;\"><a href=\"http:\/\/eic.cefet-rj.br\/portal\/wp-content\/uploads\/GTSI1223.pdf\" target=\"_blank\" rel=\"noopener noreferrer\">Matema\u0301tica Discreta<\/a><\/td>\n<\/tr>\n<tr>\n<td style=\"text-align: center; width: 100px;\">GTSI1224<\/td>\n<td style=\"padding-left: 8px;\"><a href=\"http:\/\/eic.cefet-rj.br\/portal\/wp-content\/uploads\/GTSI1224.pdf\" target=\"_blank\" rel=\"noopener noreferrer\">Metodologia Cienti\u0301fica<\/a><\/td>\n<\/tr>\n<tr>\n<td style=\"text-align: center; width: 100px;\">GTSI1221<\/td>\n<td style=\"padding-left: 8px;\"><a href=\"http:\/\/eic.cefet-rj.br\/portal\/wp-content\/uploads\/GTSI1221.pdf\" target=\"_blank\" rel=\"noopener noreferrer\">Sistemas Operacionais<\/a><\/td>\n<\/tr>\n<\/tbody>\n<\/table>\n<p><!-- ================ 3\u00ba Per\u00edodo ===================== --><\/p>\n<table style=\"width: 80%;\" border=\"1\">\n<tbody>\n<tr>\n<th style=\"text-align: center;\" colspan=\"2\">3\u00ba Per\u00edodo<\/th>\n<\/tr>\n<tr>\n<th style=\"text-align: center;\">C\u00f3digo<\/th>\n<th>Disciplina<\/th>\n<\/tr>\n<tr>\n<td style=\"text-align: center; width: 100px;\">GTSI1234<\/td>\n<td style=\"padding-left: 8px;\"><a href=\"http:\/\/eic.cefet-rj.br\/portal\/wp-content\/uploads\/GTSI1234.pdf\" target=\"_blank\" rel=\"noopener noreferrer\">Empreendedorismo<\/a><\/td>\n<\/tr>\n<tr>\n<td style=\"text-align: center; width: 100px;\">GTSI1231<\/td>\n<td style=\"padding-left: 8px;\"><a href=\"http:\/\/eic.cefet-rj.br\/portal\/wp-content\/uploads\/GTSI1231.pdf\" target=\"_blank\" rel=\"noopener noreferrer\">Engenharia de Requisitos<\/a><\/td>\n<\/tr>\n<tr>\n<td style=\"text-align: center; width: 100px;\">GTSI1235<\/td>\n<td style=\"padding-left: 8px;\"><a href=\"http:\/\/eic.cefet-rj.br\/portal\/wp-content\/uploads\/GTSI1235.pdf\" target=\"_blank\" rel=\"noopener noreferrer\">Estati\u0301stica e Probabilidade<\/a><\/td>\n<\/tr>\n<tr>\n<td style=\"text-align: center; width: 100px;\">GTSI1232<\/td>\n<td style=\"padding-left: 8px;\"><a href=\"http:\/\/eic.cefet-rj.br\/portal\/wp-content\/uploads\/GTSI1232.pdf\" target=\"_blank\" rel=\"noopener noreferrer\">Fundamentos de Redes de Computadores<\/a><\/td>\n<\/tr>\n<tr>\n<td style=\"text-align: center; width: 100px;\">GTSI1233<\/td>\n<td style=\"padding-left: 8px;\"><a href=\"http:\/\/eic.cefet-rj.br\/portal\/wp-content\/uploads\/GTSI1233.pdf\" target=\"_blank\" rel=\"noopener noreferrer\">Programac\u0327a\u0303o Orientada a Objetos<\/a><\/td>\n<\/tr>\n<\/tbody>\n<\/table>\n<p><!-- ================ 4\u00ba Per\u00edodo ===================== --><\/p>\n<table style=\"width: 80%;\" border=\"1\">\n<tbody>\n<tr>\n<th style=\"text-align: center;\" colspan=\"2\">4\u00ba Per\u00edodo<\/th>\n<\/tr>\n<tr>\n<th style=\"text-align: center;\">C\u00f3digo<\/th>\n<th>Disciplina<\/th>\n<\/tr>\n<tr>\n<td style=\"text-align: center; width: 100px;\">GTSI1246<\/td>\n<td style=\"padding-left: 8px;\"><a href=\"http:\/\/eic.cefet-rj.br\/portal\/wp-content\/uploads\/GTSI1246.pdf\" target=\"_blank\" rel=\"noopener noreferrer\">Ana\u0301lise e Projeto de Sistemas<\/a><\/td>\n<\/tr>\n<tr>\n<td style=\"text-align: center; width: 100px;\">GTSI1244<\/td>\n<td style=\"padding-left: 8px;\"><a href=\"http:\/\/eic.cefet-rj.br\/portal\/wp-content\/uploads\/GTSI1244.pdf\" target=\"_blank\" rel=\"noopener noreferrer\">Gere\u0302ncia de Projetos de Tecnologia da Informac\u0327a\u0303o<\/a><\/td>\n<\/tr>\n<tr>\n<td style=\"text-align: center; width: 100px;\">GTSI1241<\/td>\n<td style=\"padding-left: 8px;\"><a href=\"http:\/\/eic.cefet-rj.br\/portal\/wp-content\/uploads\/GTSI1241.pdf\" target=\"_blank\" rel=\"noopener noreferrer\">Gerenciamento de Dados Semiestruturados<\/a><\/td>\n<\/tr>\n<tr>\n<td style=\"text-align: center; width: 100px;\">GTSI1243<\/td>\n<td style=\"padding-left: 8px;\"><a href=\"http:\/\/eic.cefet-rj.br\/portal\/wp-content\/uploads\/GTSI1243.pdf\" target=\"_blank\" rel=\"noopener noreferrer\">Organizac\u0327a\u0303o de Estruturas de Arquivos<\/a><\/td>\n<\/tr>\n<tr>\n<td style=\"text-align: center; width: 100px;\">GTSI1242<\/td>\n<td style=\"padding-left: 8px;\"><a href=\"http:\/\/eic.cefet-rj.br\/portal\/wp-content\/uploads\/GTSI1242.pdf\" target=\"_blank\" rel=\"noopener noreferrer\">Programac\u0327a\u0303o de Software para Web<\/a><\/td>\n<\/tr>\n<tr>\n<td style=\"text-align: center; width: 100px;\">GTSI1245<\/td>\n<td style=\"padding-left: 8px;\"><a href=\"http:\/\/eic.cefet-rj.br\/portal\/wp-content\/uploads\/GTSI1245.pdf\" target=\"_blank\" rel=\"noopener noreferrer\">Projeto de Banco de Dados<\/a><\/td>\n<\/tr>\n<\/tbody>\n<\/table>\n<p><!-- ================ 5\u00ba Per\u00edodo ===================== --><\/p>\n<table style=\"width: 80%;\" border=\"1\">\n<tbody>\n<tr>\n<th style=\"text-align: center;\" colspan=\"2\">5\u00ba Per\u00edodo<\/th>\n<\/tr>\n<tr>\n<th style=\"text-align: center;\">C\u00f3digo<\/th>\n<th>Disciplina<\/th>\n<\/tr>\n<tr>\n<td style=\"text-align: center; width: 100px;\">GTSI1255<\/td>\n<td style=\"padding-left: 8px;\"><a href=\"http:\/\/eic.cefet-rj.br\/portal\/wp-content\/uploads\/GTSI1255.pdf\" target=\"_blank\" rel=\"noopener noreferrer\">Administrac\u0327a\u0303o de Banco de Dados<\/a><\/td>\n<\/tr>\n<tr>\n<td style=\"text-align: center; width: 100px;\">GTSI1252<\/td>\n<td style=\"padding-left: 8px;\"><a href=\"http:\/\/eic.cefet-rj.br\/portal\/wp-content\/uploads\/GTSI1252.pdf\" target=\"_blank\" rel=\"noopener noreferrer\">Arquitetura e Padro\u0303es de Software<\/a><\/td>\n<\/tr>\n<tr>\n<td style=\"text-align: center; width: 100px;\">GTSI1256<\/td>\n<td style=\"padding-left: 8px;\"><a href=\"http:\/\/eic.cefet-rj.br\/portal\/wp-content\/uploads\/GTSI1256.pdf\" target=\"_blank\" rel=\"noopener noreferrer\">Concepc\u0327a\u0303o e Elaborac\u0327a\u0303o de Projeto Final<\/a>\u00a0&#8211; <a href=\"http:\/\/eic.cefet-rj.br\/portal\/wp-content\/uploads\/GTSI1256_ANEXO1.pdf\" target=\"_blank\" rel=\"noopener noreferrer\">ANEXO1<\/a> &#8211; <a href=\"http:\/\/eic.cefet-rj.br\/portal\/wp-content\/uploads\/Manual-de-Orienta\u00e7\u00f5es-para-o-TCC-5a-edi\u00e7\u00e3o-Moodle.pdf\" target=\"_blank\" rel=\"noopener noreferrer\">ANEXO2<\/a><\/td>\n<\/tr>\n<tr>\n<td style=\"text-align: center; width: 100px;\">GTSI1253<\/td>\n<td style=\"padding-left: 8px;\"><a href=\"http:\/\/eic.cefet-rj.br\/portal\/wp-content\/uploads\/GTSI1253.pdf\" target=\"_blank\" rel=\"noopener noreferrer\">Engenharia de Software<\/a><\/td>\n<\/tr>\n<tr>\n<td style=\"text-align: center; width: 100px;\">GTSI1268<\/td>\n<td style=\"padding-left: 8px;\"><a href=\"http:\/\/eic.cefet-rj.br\/portal\/wp-content\/uploads\/GTSI1268.pdf\" target=\"_blank\" rel=\"noopener noreferrer\">Esta\u0301gio Supervisionado<\/a>\u00a0&#8211; <a href=\"http:\/\/eic.cefet-rj.br\/portal\/wp-content\/uploads\/GTSI1268_ANEXO1.pdf\" target=\"_blank\" rel=\"noopener noreferrer\">ANEXO1<\/a><\/td>\n<\/tr>\n<tr>\n<td style=\"text-align: center; width: 100px;\">GTSI1251<\/td>\n<td style=\"padding-left: 8px;\"><a href=\"http:\/\/eic.cefet-rj.br\/portal\/wp-content\/uploads\/GTSI1251.pdf\" target=\"_blank\" rel=\"noopener noreferrer\">Programac\u0327a\u0303o de Servidores WEB<\/a><\/td>\n<\/tr>\n<\/tbody>\n<\/table>\n<p><!-- ================ 6\u00ba Per\u00edodo ===================== --><\/p>\n<table style=\"width: 80%;\" border=\"1\">\n<tbody>\n<tr>\n<th style=\"text-align: center;\" colspan=\"2\">6\u00ba Per\u00edodo<\/th>\n<\/tr>\n<tr>\n<th style=\"text-align: center;\">C\u00f3digo<\/th>\n<th>Disciplina<\/th>\n<\/tr>\n<tr>\n<td style=\"text-align: center; width: 100px;\">GTSI1265<\/td>\n<td style=\"padding-left: 8px;\"><a href=\"http:\/\/eic.cefet-rj.br\/portal\/wp-content\/uploads\/GTSI1265.pdf\" target=\"_blank\" rel=\"noopener noreferrer\">Elabora\u00e7\u00e3o e Constru\u00e7\u00e3o de Projeto Final<\/a>\u00a0&#8211; <a href=\"http:\/\/eic.cefet-rj.br\/portal\/wp-content\/uploads\/GTSI1265_ANEXO1.pdf\" target=\"_blank\" rel=\"noopener noreferrer\">ANEXO1<\/a>\u00a0&#8211; <a href=\"http:\/\/eic.cefet-rj.br\/portal\/wp-content\/uploads\/Manual-de-Orienta\u00e7\u00f5es-para-o-TCC-5a-edi\u00e7\u00e3o-Moodle.pdf\" target=\"_blank\" rel=\"noopener noreferrer\">ANEXO2<\/a><\/td>\n<\/tr>\n<tr>\n<td style=\"text-align: center; width: 100px;\">GTSI1264<\/td>\n<td style=\"padding-left: 8px;\"><a href=\"http:\/\/eic.cefet-rj.br\/portal\/wp-content\/uploads\/GTSI1264.pdf\" target=\"_blank\" rel=\"noopener noreferrer\">Inform\u00e1tica e Sociedade<\/a><\/td>\n<\/tr>\n<tr>\n<td style=\"text-align: center; width: 100px;\">GTSI1261<\/td>\n<td style=\"padding-left: 8px;\"><a href=\"http:\/\/eic.cefet-rj.br\/portal\/wp-content\/uploads\/GTSI1261.pdf\" target=\"_blank\" rel=\"noopener noreferrer\">Interac\u0327a\u0303o Humano-Computador<\/a><\/td>\n<\/tr>\n<tr>\n<td style=\"text-align: center; width: 100px;\">GTSI1266<\/td>\n<td style=\"padding-left: 8px;\"><a href=\"http:\/\/eic.cefet-rj.br\/portal\/wp-content\/uploads\/GTSI1266.pdf\" target=\"_blank\" rel=\"noopener noreferrer\">Legisla\u00e7\u00e3o de Inform\u00e1tica<\/a><\/td>\n<\/tr>\n<tr>\n<td style=\"text-align: center; width: 100px;\">GTSI1262<\/td>\n<td style=\"padding-left: 8px;\"><a href=\"http:\/\/eic.cefet-rj.br\/portal\/wp-content\/uploads\/GTSI1262.pdf\" target=\"_blank\" rel=\"noopener noreferrer\">Nego\u0301cios na Internet<\/a><\/td>\n<\/tr>\n<tr>\n<td style=\"text-align: center; width: 100px;\">GTSI1267<\/td>\n<td style=\"padding-left: 8px;\"><a href=\"http:\/\/eic.cefet-rj.br\/portal\/wp-content\/uploads\/GTSI1267.pdf\" target=\"_blank\" rel=\"noopener noreferrer\">Projeto e Construc\u0327a\u0303o de Sistemas<\/a><\/td>\n<\/tr>\n<tr>\n<td style=\"text-align: center; width: 100px;\">GTSI1263<\/td>\n<td style=\"padding-left: 8px;\"><a href=\"http:\/\/eic.cefet-rj.br\/portal\/wp-content\/uploads\/GTSI1263.pdf\" target=\"_blank\" rel=\"noopener noreferrer\">Seguranc\u0327a da Informac\u0327a\u0303o<\/a><\/td>\n<\/tr>\n<\/tbody>\n<\/table>\n<p><!-- ================ Optativas ===================== --><\/p>\n<table style=\"width: 80%;\" border=\"1\">\n<tbody>\n<tr>\n<th style=\"text-align: center;\" colspan=\"2\">Optativas<\/th>\n<\/tr>\n<tr>\n<th style=\"text-align: center;\">C\u00f3digo<\/th>\n<th>Disciplina<\/th>\n<\/tr>\n<tr>\n<td style=\"text-align: center; width: 100px;\">GEXT7501<\/td>\n<td style=\"padding-left: 8px;\"><a href=\"http:\/\/eic.cefet-rj.br\/portal\/wp-content\/uploads\/GEXT7501.pdf\" target=\"_blank\" rel=\"noopener noreferrer\">\u00c1lgebra Linear\u00a0I<\/a><\/td>\n<\/tr>\n<tr>\n<td style=\"text-align: center; width: 100px;\">GEXT7502<\/td>\n<td style=\"padding-left: 8px;\"><a href=\"http:\/\/eic.cefet-rj.br\/portal\/wp-content\/uploads\/GEXT7502.pdf\" target=\"_blank\" rel=\"noopener noreferrer\">\u00c1lgebra Linear II<\/a><\/td>\n<\/tr>\n<tr>\n<td style=\"text-align: center; width: 100px;\">GTSI1300<\/td>\n<td style=\"padding-left: 8px;\"><a href=\"http:\/\/eic.cefet-rj.br\/portal\/wp-content\/uploads\/GTSI1300.pdf\" target=\"_blank\" rel=\"noopener noreferrer\">Algoritmos em Grafos<\/a><\/td>\n<\/tr>\n<tr>\n<td style=\"text-align: center; width: 100px;\">GTSI1294<\/td>\n<td style=\"padding-left: 8px;\"><a href=\"http:\/\/eic.cefet-rj.br\/portal\/wp-content\/uploads\/GTSI1294.pdf\" target=\"_blank\" rel=\"noopener noreferrer\">Aplica\u00e7\u00f5es na Internet para TV Digital Interativa<\/a><\/td>\n<\/tr>\n<tr>\n<td style=\"text-align: center; width: 100px;\">GTSI1272<\/td>\n<td style=\"padding-left: 8px;\"><a href=\"http:\/\/eic.cefet-rj.br\/portal\/wp-content\/uploads\/GTSI1272.pdf\" target=\"_blank\" rel=\"noopener noreferrer\">Aplica\u00e7\u00f5es para Dispositivos M\u00f3veis<\/a><\/td>\n<\/tr>\n<tr>\n<td style=\"text-align: center; width: 100px;\">GTSI1301<\/td>\n<td style=\"padding-left: 8px;\"><a href=\"http:\/\/eic.cefet-rj.br\/portal\/wp-content\/uploads\/GTSI1301.pdf\" target=\"_blank\" rel=\"noopener noreferrer\">Arquiteturas Avan\u00e7adas de Computadores<\/a><\/td>\n<\/tr>\n<tr>\n<td style=\"text-align: center; width: 100px;\">GTSI1309<\/td>\n<td style=\"padding-left: 8px;\"><a href=\"http:\/\/eic.cefet-rj.br\/portal\/wp-content\/uploads\/GTSI1309.pdf\" target=\"_blank\" rel=\"noopener noreferrer\">Arquitetura de Linguagens de Programa\u00e7\u00e3o<\/a><\/td>\n<\/tr>\n<tr>\n<td style=\"text-align: center; width: 100px;\">GEXT7301<\/td>\n<td style=\"padding-left: 8px;\"><a href=\"http:\/\/eic.cefet-rj.br\/portal\/wp-content\/uploads\/GEXT7301.pdf\" target=\"_blank\" rel=\"noopener noreferrer\">C\u00e1lculo\u00a0a Uma Vari\u00e1vel<\/a><\/td>\n<\/tr>\n<tr>\n<td style=\"text-align: center; width: 100px;\">GTSI1310<\/td>\n<td style=\"padding-left: 8px;\"><a href=\"http:\/\/eic.cefet-rj.br\/portal\/wp-content\/uploads\/GTSI1310.pdf\" target=\"_blank\" rel=\"noopener noreferrer\">Compiladores<\/a><\/td>\n<\/tr>\n<tr>\n<td style=\"text-align: center; width: 100px;\">GTSI1308<\/td>\n<td style=\"padding-left: 8px;\"><a href=\"http:\/\/eic.cefet-rj.br\/portal\/wp-content\/uploads\/GTSI1308.pdf\" target=\"_blank\" rel=\"noopener noreferrer\">Computa\u00e7\u00e3o Gr\u00e1fica<\/a><\/td>\n<\/tr>\n<tr>\n<td style=\"text-align: center; width: 100px;\">GTSI1312<\/td>\n<td style=\"padding-left: 8px;\"><a href=\"http:\/\/eic.cefet-rj.br\/portal\/wp-content\/uploads\/GTSI1312.pdf\" target=\"_blank\" rel=\"noopener noreferrer\">Desenvolvimento de Aplicac\u0327o\u0303es Ricas para Internet<\/a><\/td>\n<\/tr>\n<tr>\n<td style=\"text-align: center; width: 100px;\">GTSI1280<\/td>\n<td style=\"padding-left: 8px;\"><a href=\"http:\/\/eic.cefet-rj.br\/portal\/wp-content\/uploads\/GTSI1280.pdf\" target=\"_blank\" rel=\"noopener noreferrer\">Ecologia e Meio Ambiente<\/a><\/td>\n<\/tr>\n<tr>\n<td style=\"text-align: center; width: 100px;\">GTSI1274<\/td>\n<td style=\"padding-left: 8px;\"><a href=\"http:\/\/eic.cefet-rj.br\/portal\/wp-content\/uploads\/GTSI1274.pdf\" target=\"_blank\" rel=\"noopener noreferrer\">Economia<\/a><\/td>\n<\/tr>\n<tr>\n<td style=\"text-align: center; width: 100px;\">GTSI1282<\/td>\n<td style=\"padding-left: 8px;\"><a href=\"http:\/\/eic.cefet-rj.br\/portal\/wp-content\/uploads\/GTSI1282.pdf\" target=\"_blank\" rel=\"noopener noreferrer\">Economia Brasileira<\/a><\/td>\n<\/tr>\n<tr>\n<td style=\"text-align: center; width: 100px;\">GTSI1273<\/td>\n<td style=\"padding-left: 8px;\"><a href=\"http:\/\/eic.cefet-rj.br\/portal\/wp-content\/uploads\/GTSI1273.pdf\" target=\"_blank\" rel=\"noopener noreferrer\">Express\u00e3o Oral e Escrita<\/a><\/td>\n<\/tr>\n<tr>\n<td style=\"text-align: center; width: 100px;\">GTSI1275<\/td>\n<td style=\"padding-left: 8px;\"><a href=\"http:\/\/eic.cefet-rj.br\/portal\/wp-content\/uploads\/GTSI1275.pdf\" target=\"_blank\" rel=\"noopener noreferrer\">Gest\u00e3o de Tecnologia da Informa\u00e7\u00e3o<\/a><\/td>\n<\/tr>\n<tr>\n<td style=\"text-align: center; width: 100px;\">GTSI1281<\/td>\n<td style=\"padding-left: 8px;\"><a href=\"http:\/\/eic.cefet-rj.br\/portal\/wp-content\/uploads\/GTSI1281.pdf\" target=\"_blank\" rel=\"noopener noreferrer\">Gest\u00e3o Estrat\u00e9gica<\/a><\/td>\n<\/tr>\n<tr>\n<td style=\"text-align: center; width: 100px;\">GTSI1307<\/td>\n<td style=\"padding-left: 8px;\"><a href=\"http:\/\/eic.cefet-rj.br\/portal\/wp-content\/uploads\/GTSI1307.pdf\" target=\"_blank\" rel=\"noopener noreferrer\">Infer\u00eancia Estat\u00edstica<\/a><\/td>\n<\/tr>\n<tr>\n<td style=\"text-align: center; width: 100px;\">GTSI1293<\/td>\n<td style=\"padding-left: 8px;\"><a href=\"http:\/\/eic.cefet-rj.br\/portal\/wp-content\/uploads\/GTSI1293.pdf\" target=\"_blank\" rel=\"noopener noreferrer\">Inova\u00e7\u00f5es Tecnol\u00f3gicas<\/a><\/td>\n<\/tr>\n<tr>\n<td style=\"text-align: center; width: 100px;\">GTSI1278<\/td>\n<td style=\"padding-left: 8px;\"><a href=\"http:\/\/eic.cefet-rj.br\/portal\/wp-content\/uploads\/GTSI1278.pdf\" target=\"_blank\" rel=\"noopener noreferrer\">Institui\u00e7\u00f5es do Direito<\/a><\/td>\n<\/tr>\n<tr>\n<td style=\"text-align: center; width: 100px;\">GTSI1306<\/td>\n<td style=\"padding-left: 8px;\"><a href=\"http:\/\/eic.cefet-rj.br\/portal\/wp-content\/uploads\/GTSI1306.pdf\" target=\"_blank\" rel=\"noopener noreferrer\">Intelig\u00eancia Artificial<\/a><\/td>\n<\/tr>\n<tr>\n<td style=\"text-align: center; width: 100px;\">GTSI1299<\/td>\n<td style=\"padding-left: 8px;\"><a href=\"http:\/\/eic.cefet-rj.br\/portal\/wp-content\/uploads\/GTSI1299.pdf\" target=\"_blank\" rel=\"noopener noreferrer\">Intelig\u00eancia Computacional<\/a><\/td>\n<\/tr>\n<tr>\n<td style=\"text-align: center; width: 100px;\">GTSI1276<\/td>\n<td style=\"padding-left: 8px;\"><a href=\"http:\/\/eic.cefet-rj.br\/portal\/wp-content\/uploads\/GTSI1276.pdf\" target=\"_blank\" rel=\"noopener noreferrer\">Intelig\u00eancia de Neg\u00f3cios<\/a><\/td>\n<\/tr>\n<tr>\n<td style=\"text-align: center; width: 100px;\">GTSI1279<\/td>\n<td style=\"padding-left: 8px;\"><a href=\"http:\/\/eic.cefet-rj.br\/portal\/wp-content\/uploads\/GTSI1279.pdf\" target=\"_blank\" rel=\"noopener noreferrer\">Introdu\u00e7\u00e3o \u00e0 Psicologia<\/a><\/td>\n<\/tr>\n<tr>\n<td style=\"text-align: center; width: 100px;\">GTSI1296<\/td>\n<td style=\"padding-left: 8px;\"><a href=\"http:\/\/eic.cefet-rj.br\/portal\/wp-content\/uploads\/GTSI1296.pdf\" target=\"_blank\" rel=\"noopener noreferrer\">LIBRAS \u2013 L\u00edngua Brasileira de Sinais<\/a><\/td>\n<\/tr>\n<tr>\n<td style=\"text-align: center; width: 100px;\">GTSI1284<\/td>\n<td style=\"padding-left: 8px;\"><a href=\"http:\/\/eic.cefet-rj.br\/portal\/wp-content\/uploads\/GTSI1284.pdf\" target=\"_blank\" rel=\"noopener noreferrer\">Microeconomia<\/a><\/td>\n<\/tr>\n<tr>\n<td style=\"text-align: center; width: 100px;\">GTSI1298<\/td>\n<td style=\"padding-left: 8px;\"><a href=\"http:\/\/eic.cefet-rj.br\/portal\/wp-content\/uploads\/GTSI1298.pdf\" target=\"_blank\" rel=\"noopener noreferrer\">Minera\u00e7\u00e3o de Dados<\/a><\/td>\n<\/tr>\n<tr>\n<td style=\"text-align: center; width: 100px;\">GTSI1303<\/td>\n<td style=\"padding-left: 8px;\"><a href=\"http:\/\/eic.cefet-rj.br\/portal\/wp-content\/uploads\/GTSI1303.pdf\" target=\"_blank\" rel=\"noopener noreferrer\">Pr\u00e1tica em Pesquisa Aplicada<\/a><\/td>\n<\/tr>\n<tr>\n<td style=\"text-align: center; width: 100px;\">GTSI1295<\/td>\n<td style=\"padding-left: 8px;\"><a href=\"http:\/\/eic.cefet-rj.br\/portal\/wp-content\/uploads\/GTSI1295.pdf\" target=\"_blank\" rel=\"noopener noreferrer\">Pr\u00e1ticas em Responsabilidade Socioambiental<\/a><\/td>\n<\/tr>\n<tr>\n<td style=\"text-align: center; width: 100px;\">GTSI1271<\/td>\n<td style=\"padding-left: 8px;\"><a href=\"http:\/\/eic.cefet-rj.br\/portal\/wp-content\/uploads\/GTSI1271.pdf\" target=\"_blank\" rel=\"noopener noreferrer\">Programa\u00e7\u00e3o de Jogos<\/a><\/td>\n<\/tr>\n<tr>\n<td style=\"text-align: center; width: 100px;\">GTSI1286<\/td>\n<td style=\"padding-left: 8px;\"><a href=\"http:\/\/eic.cefet-rj.br\/portal\/wp-content\/uploads\/GTSI1286.pdf\" target=\"_blank\" rel=\"noopener noreferrer\">Programa\u00e7\u00e3o em L\u00f3gica<\/a><\/td>\n<\/tr>\n<tr>\n<td style=\"text-align: center; width: 100px;\">GTSI1277<\/td>\n<td style=\"padding-left: 8px;\"><a href=\"http:\/\/eic.cefet-rj.br\/portal\/wp-content\/uploads\/GTSI1277.pdf\" target=\"_blank\" rel=\"noopener noreferrer\">Responsabilidade Social<\/a><\/td>\n<\/tr>\n<tr>\n<td style=\"text-align: center; width: 100px;\">GTSI1287<\/td>\n<td style=\"padding-left: 8px;\"><a href=\"http:\/\/eic.cefet-rj.br\/portal\/wp-content\/uploads\/GTSI1287.pdf\" target=\"_blank\" rel=\"noopener noreferrer\">Simula\u00e7\u00f5es Computacionais<\/a><\/td>\n<\/tr>\n<tr>\n<td style=\"text-align: center; width: 100px;\">GTSI1283<\/td>\n<td style=\"padding-left: 8px;\"><a href=\"http:\/\/eic.cefet-rj.br\/portal\/wp-content\/uploads\/GTSI1283.pdf\" target=\"_blank\" rel=\"noopener noreferrer\">Simula\u00e7\u00f5es Empresariais<\/a><\/td>\n<\/tr>\n<tr>\n<td style=\"text-align: center; width: 100px;\">GTSI1304<\/td>\n<td style=\"padding-left: 8px;\"><a href=\"http:\/\/eic.cefet-rj.br\/portal\/wp-content\/uploads\/GTSI1304.pdf\" target=\"_blank\" rel=\"noopener noreferrer\">Sistemas Concorrentes e Distribu\u00eddos<\/a><\/td>\n<\/tr>\n<tr>\n<td style=\"text-align: center; width: 100px;\">GTSI1302<\/td>\n<td style=\"padding-left: 8px;\"><a href=\"http:\/\/eic.cefet-rj.br\/portal\/wp-content\/uploads\/GTSI1302.pdf\" target=\"_blank\" rel=\"noopener noreferrer\">Sistemas Digitais<\/a><\/td>\n<\/tr>\n<tr>\n<td style=\"text-align: center; width: 100px;\">GTSI1305<\/td>\n<td style=\"padding-left: 8px;\"><a href=\"http:\/\/eic.cefet-rj.br\/portal\/wp-content\/uploads\/GTSI1305.pdf\" target=\"_blank\" rel=\"noopener noreferrer\">Teoria da Computa\u00e7\u00e3o<\/a><\/td>\n<\/tr>\n<tr>\n<td style=\"text-align: center; width: 100px;\">GTSI1285<\/td>\n<td style=\"padding-left: 8px;\"><a href=\"http:\/\/eic.cefet-rj.br\/portal\/wp-content\/uploads\/GTSI1285.pdf\" target=\"_blank\" rel=\"noopener noreferrer\">T\u00f3picos Especiais em Intelig\u00eancia Computacional<\/a><\/td>\n<\/tr>\n<tr>\n<td style=\"text-align: center; width: 100px;\">GTSI1288<\/td>\n<td style=\"padding-left: 8px;\"><a href=\"http:\/\/eic.cefet-rj.br\/portal\/wp-content\/uploads\/GTSI1288.pdf\" target=\"_blank\" rel=\"noopener noreferrer\">T\u00f3picos Especiais em Programa\u00e7\u00e3o I<\/a><\/td>\n<\/tr>\n<tr>\n<td style=\"text-align: center; width: 100px;\">GTSI1289<\/td>\n<td style=\"padding-left: 8px;\"><a href=\"http:\/\/eic.cefet-rj.br\/portal\/wp-content\/uploads\/GTSI1289.pdf\" target=\"_blank\" rel=\"noopener noreferrer\">T\u00f3picos Especiais em Programa\u00e7\u00e3o II<\/a><\/td>\n<\/tr>\n<tr>\n<td style=\"text-align: center; width: 100px;\">GTSI1297<\/td>\n<td style=\"padding-left: 8px;\"><a href=\"http:\/\/eic.cefet-rj.br\/portal\/wp-content\/uploads\/GTSI1297.pdf\" target=\"_blank\" rel=\"noopener noreferrer\">T\u00f3picos Especiais em Programa\u00e7\u00e3o III<\/a><\/td>\n<\/tr>\n<tr>\n<td style=\"text-align: center; width: 100px;\">GTSI1291<\/td>\n<td style=\"padding-left: 8px;\"><a href=\"http:\/\/eic.cefet-rj.br\/portal\/wp-content\/uploads\/GTSI1291.pdf\" target=\"_blank\" rel=\"noopener noreferrer\">T\u00f3picos Especiais em Programa\u00e7\u00e3o IV<\/a><\/td>\n<\/tr>\n<\/tbody>\n<\/table>\n","protected":false},"excerpt":{"rendered":"<p>Selecione uma disciplina espec\u00edfica na tabela a seguir para obter acesso ao seu plano de ensino. Voc\u00ea tamb\u00e9m pode consultar o acervo das bibliotecas do CEFET\/RJ por meio do portal da biblioteca. 1\u00ba Per\u00edodo C\u00f3digo Disciplina GTSI1211 Arquitetura de Computadores GTS1215 Introduc\u0327a\u0303o a\u0300 Administrac\u0327a\u0303o GTSI1214 Lo\u0301gica Matema\u0301tica GTSI1212 Programac\u0327a\u0303o de Clientes WEB GTSI1213 Projeto de [&hellip;]<\/p>\n","protected":false},"author":3,"featured_media":0,"parent":9,"menu_order":0,"comment_status":"closed","ping_status":"closed","template":"","meta":{"footnotes":""},"class_list":["post-2980","page","type-page","status-publish","hentry","entry"],"_links":{"self":[{"href":"https:\/\/eic.cefet-rj.br\/portal\/wp-json\/wp\/v2\/pages\/2980","targetHints":{"allow":["GET"]}}],"collection":[{"href":"https:\/\/eic.cefet-rj.br\/portal\/wp-json\/wp\/v2\/pages"}],"about":[{"href":"https:\/\/eic.cefet-rj.br\/portal\/wp-json\/wp\/v2\/types\/page"}],"author":[{"embeddable":true,"href":"https:\/\/eic.cefet-rj.br\/portal\/wp-json\/wp\/v2\/users\/3"}],"replies":[{"embeddable":true,"href":"https:\/\/eic.cefet-rj.br\/portal\/wp-json\/wp\/v2\/comments?post=2980"}],"version-history":[{"count":5,"href":"https:\/\/eic.cefet-rj.br\/portal\/wp-json\/wp\/v2\/pages\/2980\/revisions"}],"predecessor-version":[{"id":3558,"href":"https:\/\/eic.cefet-rj.br\/portal\/wp-json\/wp\/v2\/pages\/2980\/revisions\/3558"}],"up":[{"embeddable":true,"href":"https:\/\/eic.cefet-rj.br\/portal\/wp-json\/wp\/v2\/pages\/9"}],"wp:attachment":[{"href":"https:\/\/eic.cefet-rj.br\/portal\/wp-json\/wp\/v2\/media?parent=2980"}],"curies":[{"name":"wp","href":"https:\/\/api.w.org\/{rel}","templated":true}]}}