{"id":2916,"date":"2017-12-03T22:34:30","date_gmt":"2017-12-04T01:34:30","guid":{"rendered":"http:\/\/eic.cefet-rj.br\/portal\/?page_id=2916"},"modified":"2017-12-03T22:40:45","modified_gmt":"2017-12-04T01:40:45","slug":"tcc","status":"publish","type":"page","link":"https:\/\/eic.cefet-rj.br\/portal\/sistemas-para-internet\/tcc\/","title":{"rendered":"Sistemas para Internet :: Trabalhos de Conclus\u00e3o (TCC)"},"content":{"rendered":"<p>Nesta p\u00e1gina disponibilizamos acesso\u00a0aos Trabalhos de Conclus\u00e3o de Curso (TCC)\u00a0do curso de Tecnologia em Sistemas para Internet.<\/p>\n<table border=\"1\">\n<tbody>\n<tr>\n<th>T\u00edtulo<\/th>\n<th>Autores(as)<\/th>\n<th>Orientador(es)<\/th>\n<th>Data da Banca<\/th>\n<\/tr>\n<tr>\n<td>\n<p style=\"padding-left: 10px;\"><a href=\"http:\/\/eic.cefet-rj.br\/portal\/wp-content\/uploads\/Monografia-026.pdf\" target=\"_blank\" rel=\"noopener noreferrer\">Cefet-Connections: Aplicando\u00a0uma Arquitetura\u00a0de Microservi\u00e7os em uma Rede Social<\/a><\/p>\n<\/td>\n<td>\n<ul>\n<li>Daniel Dante dos Santos Viana<\/li>\n<\/ul>\n<\/td>\n<td>\n<ul>\n<li>Renato Campos Mauro<\/li>\n<\/ul>\n<\/td>\n<td>30\/08\/2017<\/td>\n<\/tr>\n<tr>\n<td>\n<p style=\"padding-left: 10px;\"><a href=\"http:\/\/eic.cefet-rj.br\/portal\/wp-content\/uploads\/Monografia-025.pdf\" target=\"_blank\" rel=\"noopener noreferrer\">Visualiza\u00e7\u00e3o de Dados Institucionais<\/a><\/p>\n<\/td>\n<td>\n<ul>\n<li>Gabriel Guimar\u00e3es Garcia<\/li>\n<li>Luiz Antonio da Ponte Junior<\/li>\n<\/ul>\n<\/td>\n<td>\n<ul>\n<li>Renato Campos Mauro<\/li>\n<\/ul>\n<\/td>\n<td>29\/08\/2017<\/td>\n<\/tr>\n<tr>\n<td>\n<p style=\"padding-left: 10px;\"><a href=\"http:\/\/eic.cefet-rj.br\/portal\/wp-content\/uploads\/Monografia-024.pdf\" target=\"_blank\" rel=\"noopener noreferrer\">Elos do Esporte<\/a><\/p>\n<\/td>\n<td>\n<ul>\n<li>Cesar do Nascimento de Carvalho<\/li>\n<li>Viviane Pinto Marques Moussa<\/li>\n<\/ul>\n<\/td>\n<td>\n<ul>\n<li>F\u00e1bio Paschoal J\u00fanior<\/li>\n<\/ul>\n<\/td>\n<td>24\/08\/2017<\/td>\n<\/tr>\n<tr>\n<td>\n<p style=\"padding-left: 10px;\"><a href=\"http:\/\/eic.cefet-rj.br\/portal\/wp-content\/uploads\/Monografia-023.pdf\" target=\"_blank\" rel=\"noopener noreferrer\">Sistema de Gest\u00e3o de Escala de Trabalho<\/a><\/p>\n<\/td>\n<td>\n<ul>\n<li>Maria Camila Leite Pereira<\/li>\n<li>Priscila Patr\u00edcio de Lima<\/li>\n<\/ul>\n<\/td>\n<td>\n<ul>\n<li>F\u00e1bio Paschoal J\u00fanior<\/li>\n<\/ul>\n<\/td>\n<td>23\/08\/2017<\/td>\n<\/tr>\n<tr>\n<td>\n<p style=\"padding-left: 10px;\"><a href=\"http:\/\/eic.cefet-rj.br\/portal\/wp-content\/uploads\/Monografia-022.pdf\" target=\"_blank\" rel=\"noopener noreferrer\">Uma avalia\u00e7\u00e3o experimental de m\u00e9todos de pr\u00e9-processamento para identifica\u00e7\u00e3o de atrasos a\u00e9reos<\/a><\/p>\n<\/td>\n<td>\n<ul>\n<li>Christofer Marinho Raquel Dantas<\/li>\n<li>Leonardo Castelo Branco Oliveira<\/li>\n<\/ul>\n<\/td>\n<td>\n<ul>\n<li>Eduardo Soares Ogasawara<\/li>\n<\/ul>\n<\/td>\n<td>11\/08\/2017<\/td>\n<\/tr>\n<tr>\n<td>\n<p style=\"padding-left: 10px;\"><a href=\"http:\/\/eic.cefet-rj.br\/portal\/wp-content\/uploads\/Monografia-021.pdf\" target=\"_blank\" rel=\"noopener noreferrer\">FitRank: Uma abordagem para an\u00e1lise de socializa\u00e7\u00e3o atrav\u00e9s de aplicativos sociais no facebook<\/a><\/p>\n<\/td>\n<td>\n<ul>\n<li>Gabriel Vinicius Silva Ribeiro<\/li>\n<li>Leandro Moniz de Arag\u00e3o Daquer<\/li>\n<\/ul>\n<\/td>\n<td>\n<ul>\n<li>F\u00e1bio Paschoal J\u00fanior<\/li>\n<li>Renato Campos Mauro<\/li>\n<\/ul>\n<\/td>\n<td>09\/08\/2017<\/td>\n<\/tr>\n<tr>\n<td>\n<p style=\"padding-left: 10px;\"><a href=\"http:\/\/eic.cefet-rj.br\/portal\/wp-content\/uploads\/Monografia-020.pdf\" target=\"_blank\" rel=\"noopener noreferrer\">An\u00e1lise de desempenho de Banco de Dados NoSQL em consultas de trajet\u00f3ria<\/a><\/p>\n<\/td>\n<td>\n<ul>\n<li>Arthur Vinicius N. de S. Santa Rita<\/li>\n<li>Iuri Bloch Valladares<\/li>\n<\/ul>\n<\/td>\n<td>\n<ul>\n<li>Eduardo Soares Ogasawara<\/li>\n<\/ul>\n<\/td>\n<td>07\/08\/2017<\/td>\n<\/tr>\n<tr>\n<td>\n<p style=\"padding-left: 10px;\"><a href=\"http:\/\/eic.cefet-rj.br\/portal\/wp-content\/uploads\/Monografia-019.pdf\" target=\"_blank\" rel=\"noopener noreferrer\">SimEvolution: Uma Perspectiva de Apoio ao Ensino de Biologia em Sala de Aula atrav\u00e9s de Simulado Educativo<\/a><\/p>\n<\/td>\n<td>\n<ul>\n<li>Diego Vaz Caetano<\/li>\n<li>Josu\u00e9 Dias Cardoso<\/li>\n<li>Luana Guimar\u00e3es Piani Ferreira<\/li>\n<\/ul>\n<\/td>\n<td>\n<ul>\n<li>Eduardo Soares Ogasawara<\/li>\n<li>Leonardo de Bem Lignani<\/li>\n<\/ul>\n<\/td>\n<td>07\/07\/2017<\/td>\n<\/tr>\n<tr>\n<td>\n<p style=\"padding-left: 10px;\"><a href=\"http:\/\/eic.cefet-rj.br\/portal\/wp-content\/uploads\/Monografia-018.pdf\" target=\"_blank\" rel=\"noopener noreferrer\">MartList: Aplica\u00e7\u00e3o M\u00f3vel para cria\u00e7\u00e3o de listas de compras interativas<\/a><\/p>\n<\/td>\n<td>\n<ul>\n<li>Rafael Gurgel Policastro<\/li>\n<li>Uriel Merola Minage e Silva<\/li>\n<\/ul>\n<\/td>\n<td>\n<ul>\n<li>F\u00e1bio Paschoal J\u00fanior<\/li>\n<\/ul>\n<\/td>\n<td>20\/12\/2016<\/td>\n<\/tr>\n<tr>\n<td>\n<p style=\"padding-left: 10px;\"><a href=\"http:\/\/eic.cefet-rj.br\/portal\/wp-content\/uploads\/Monografia-017.pdf\" target=\"_blank\" rel=\"noopener noreferrer\">Sistema Web para Solicita\u00e7\u00e3o e Controle de Monitoria de Alunos<\/a><\/p>\n<\/td>\n<td>\n<ul>\n<li>Gustavo Prado da Silva<\/li>\n<\/ul>\n<\/td>\n<td>\n<ul>\n<li>Renato Campos Mauro<\/li>\n<\/ul>\n<\/td>\n<td>14\/12\/2016<\/td>\n<\/tr>\n<tr>\n<td>\n<p style=\"padding-left: 10px;\"><a href=\"http:\/\/eic.cefet-rj.br\/portal\/wp-content\/uploads\/Monografia-016.pdf\" target=\"_blank\" rel=\"noopener noreferrer\">An\u00e1lise de Propaga\u00e7\u00e3o de Atrasos na Malha A\u00e9rea Brasileira usando Padr\u00f5es Frequentes<\/a><\/p>\n<\/td>\n<td>\n<ul>\n<li>Lara Almeida Mello<\/li>\n<li>Luana da Silva Fragoso<\/li>\n<\/ul>\n<\/td>\n<td>\n<ul>\n<li>Eduardo Soares Ogasawara<\/li>\n<\/ul>\n<\/td>\n<td>02\/12\/2016<\/td>\n<\/tr>\n<tr>\n<td>\n<p style=\"padding-left: 10px;\"><a href=\"http:\/\/eic.cefet-rj.br\/portal\/wp-content\/uploads\/Monografia-015.pdf\" target=\"_blank\" rel=\"noopener noreferrer\">Sistema de Apoio de Gerenciamento de Monitores<\/a><\/p>\n<\/td>\n<td>\n<ul>\n<li>Jorge Rocha de Matos<\/li>\n<\/ul>\n<\/td>\n<td>\n<ul>\n<li>Renato Campos Mauro<\/li>\n<\/ul>\n<\/td>\n<td>19\/10\/2016<\/td>\n<\/tr>\n<tr>\n<td>\n<p style=\"padding-left: 10px;\"><a href=\"http:\/\/eic.cefet-rj.br\/portal\/wp-content\/uploads\/Monografia-014.pdf\" target=\"_blank\" rel=\"noopener noreferrer\">Rio4Special &#8211; Aplicativo para Avalia\u00e7\u00e3o de Acessibilidade<\/a><\/p>\n<\/td>\n<td>\n<ul>\n<li>Jonnas Berriel Carvalho J\u00fanior<\/li>\n<li>Pedro Vinicius de Assis Ferreira<\/li>\n<\/ul>\n<\/td>\n<td>\n<ul>\n<li>Eduardo Bezerra da Silva<\/li>\n<\/ul>\n<\/td>\n<td>23\/08\/2016<\/td>\n<\/tr>\n<tr>\n<td>\n<p style=\"padding-left: 10px;\"><a href=\"http:\/\/eic.cefet-rj.br\/portal\/wp-content\/uploads\/Monografia-013.pdf\" target=\"_blank\" rel=\"noopener noreferrer\">Avalia\u00e7\u00e3o de Agrega\u00e7\u00e3o Temporal na Previs\u00e3o da Temperatura de Superf\u00edcie do Mar do Oceano Atl\u00e2ntico<\/a><\/p>\n<\/td>\n<td>\n<ul>\n<li>Rebecca Pontes Salles<\/li>\n<\/ul>\n<\/td>\n<td>\n<ul>\n<li>Eduardo Soares Ogasawara<\/li>\n<\/ul>\n<\/td>\n<td>22\/06\/2016<\/td>\n<\/tr>\n<tr>\n<td>\n<p style=\"padding-left: 10px;\"><a href=\"http:\/\/eic.cefet-rj.br\/portal\/wp-content\/uploads\/Monografia-012.pdf\" target=\"_blank\" rel=\"noopener noreferrer\">Aplica\u00e7\u00e3o de M\u00e9todos de Aprendizado de M\u00e1quina ao Problema da Separa\u00e7\u00e3o Estrela\/Gal\u00e1xia<\/a><\/p>\n<\/td>\n<td>\n<ul>\n<li>Eduardo Augusto Novo Machado<\/li>\n<\/ul>\n<\/td>\n<td>\n<ul>\n<li>Eduardo Bezerra da Silva<\/li>\n<li>Ricardo Louren\u00e7o Correia Ogando<\/li>\n<\/ul>\n<\/td>\n<td>19\/05\/2016<\/td>\n<\/tr>\n<tr>\n<td>\n<p style=\"padding-left: 10px;\"><a href=\"http:\/\/eic.cefet-rj.br\/portal\/wp-content\/uploads\/Monografia-011.pdf\" target=\"_blank\" rel=\"noopener noreferrer\">Banco de Dados Recursos Minerais e Comunidade: Impactos Humanos, Socioambientais e Econ\u00f4micos<\/a><\/p>\n<\/td>\n<td>\n<ul>\n<li>Rodrigo Cabral Marques<\/li>\n<\/ul>\n<\/td>\n<td>\n<ul>\n<li>Eduardo Soares Ogasawara<\/li>\n<\/ul>\n<\/td>\n<td>07\/12\/2015<\/td>\n<\/tr>\n<tr>\n<td>\n<p style=\"padding-left: 10px;\"><a href=\"http:\/\/eic.cefet-rj.br\/portal\/wp-content\/uploads\/Monografia-001.pdf\" target=\"_blank\" rel=\"noopener noreferrer\">Sistema para Mapeamento de C\u00f3digos Infravermelho e Cria\u00e7\u00e3o de Controles Remotos Virtuais<\/a><\/p>\n<\/td>\n<td>\n<ul>\n<li>Calvin Martins de Oliveira<\/li>\n<\/ul>\n<\/td>\n<td>\n<ul>\n<li>Rafael Castaneda Ribeiro<\/li>\n<\/ul>\n<\/td>\n<td>19\/03\/2015<\/td>\n<\/tr>\n<tr>\n<td>\n<p style=\"padding-left: 10px;\"><a href=\"http:\/\/eic.cefet-rj.br\/portal\/wp-content\/uploads\/Monografia-010.pdf\" target=\"_blank\" rel=\"noopener noreferrer\">Sistema de Gerenciamento de Relat\u00f3rios de Turno de Centro de Controle Operacional<\/a><\/p>\n<\/td>\n<td>\n<ul>\n<li>Paulo Fernando Silva da Costa Junior<\/li>\n<\/ul>\n<\/td>\n<td>\n<ul>\n<li>Renato Campos Mauro<\/li>\n<\/ul>\n<\/td>\n<td>05\/03\/2015<\/td>\n<\/tr>\n<tr>\n<td>\n<p style=\"padding-left: 10px;\"><a href=\"http:\/\/eic.cefet-rj.br\/portal\/wp-content\/uploads\/Monografia-009.pdf\" target=\"_blank\" rel=\"noopener noreferrer\">Algoritmo de Autoriza\u00e7\u00e3o de Servi\u00e7os baseado em Aut\u00f4matos Finitos<\/a><\/p>\n<\/td>\n<td>\n<ul>\n<li>Rodrigo Vidal Ara\u00fajo<\/li>\n<\/ul>\n<\/td>\n<td>\n<ul>\n<li>Renato Campos Mauro<\/li>\n<\/ul>\n<\/td>\n<td>05\/03\/2015<\/td>\n<\/tr>\n<tr>\n<td>\n<p style=\"padding-left: 10px;\"><a href=\"http:\/\/eic.cefet-rj.br\/portal\/wp-content\/uploads\/Monografia-002.pdf\" target=\"_blank\" rel=\"noopener noreferrer\">M\u00e9todos de Agrupamento de Acessos Baseados em Fluxos de Requisi\u00e7\u00f5es de Servidores WEB<\/a><\/p>\n<\/td>\n<td>\n<ul>\n<li>Riccardo Campisano<\/li>\n<\/ul>\n<\/td>\n<td>\n<ul>\n<li>Eduardo Soares Ogasawara<\/li>\n<\/ul>\n<ul>\n<li>Raphael Carlos Santos Machado<\/li>\n<\/ul>\n<\/td>\n<td>15\/12\/2014<\/td>\n<\/tr>\n<tr>\n<td>\n<p style=\"padding-left: 10px;\"><a href=\"http:\/\/eic.cefet-rj.br\/portal\/wp-content\/uploads\/Monografia-003.pdf\" target=\"_blank\" rel=\"noopener noreferrer\">ControlHarvest: Aprendizado de Controle Biol\u00f3gico por meio de Gamefica\u00e7\u00e3o<\/a><\/p>\n<\/td>\n<td>\n<ul>\n<li>Gabriel Alves da Silva<\/li>\n<li>Patrick Warley Telles da Silva<\/li>\n<\/ul>\n<\/td>\n<td>\n<ul>\n<li>Leonardo de Bem Lignani<\/li>\n<\/ul>\n<ul>\n<li>Eduardo Soares Ogasawara<\/li>\n<\/ul>\n<\/td>\n<td>06\/08\/2014<\/td>\n<\/tr>\n<tr>\n<td>\n<p style=\"padding-left: 10px;\"><a href=\"http:\/\/eic.cefet-rj.br\/portal\/wp-content\/uploads\/Monografia-004.pdf\" target=\"_blank\" rel=\"noopener noreferrer\">Ferramenta web para visualiza\u00e7\u00e3o de dados estrelares<\/a><\/p>\n<\/td>\n<td>\n<ul>\n<li>Hugo Pinheiro de Aguiar<\/li>\n<\/ul>\n<\/td>\n<td>\n<ul>\n<li>Eduardo Bezerra da Silva<\/li>\n<li>Maysa Malfiza Garcia de Macedo<\/li>\n<\/ul>\n<\/td>\n<td>18\/03\/2014<\/td>\n<\/tr>\n<tr>\n<td>\n<p style=\"padding-left: 10px;\"><a href=\"http:\/\/eic.cefet-rj.br\/portal\/wp-content\/uploads\/Monografia-006.pdf\" target=\"_blank\" rel=\"noopener noreferrer\">Sistema Reposit\u00f3rio Wiki de Scripts<\/a><\/p>\n<\/td>\n<td>\n<ul>\n<li>Laureano Cavalcanti Bacellar J\u00fanior<\/li>\n<li>J\u00falio C\u00e9sar de Paulo Gomes<\/li>\n<\/ul>\n<\/td>\n<td>\n<ul>\n<li>Renato Campos Mauro<\/li>\n<\/ul>\n<\/td>\n<td>12\/12\/2013<\/td>\n<\/tr>\n<tr>\n<td>\n<p style=\"padding-left: 10px;\"><a href=\"http:\/\/eic.cefet-rj.br\/portal\/wp-content\/uploads\/Monografia-007.pdf\" target=\"_blank\" rel=\"noopener noreferrer\">Trumah &#8211; Sistema de Doa\u00e7\u00e3o de Bens<\/a><\/p>\n<\/td>\n<td>\n<ul>\n<li>Daniel Souza Brum<\/li>\n<li>Rodrigo Bezerra<\/li>\n<li>Raphael Quintanilha<\/li>\n<\/ul>\n<\/td>\n<td>\n<ul>\n<li>Rafael Castaneda Ribeiro<\/li>\n<\/ul>\n<\/td>\n<td>22\/08\/2013<\/td>\n<\/tr>\n<tr>\n<td>\n<p style=\"padding-left: 10px;\"><a href=\"http:\/\/eic.cefet-rj.br\/portal\/wp-content\/uploads\/Monografia-005.pdf\" target=\"_blank\" rel=\"noopener noreferrer\">Aplica\u00e7\u00e3o M-Learning em Android<\/a><\/p>\n<\/td>\n<td>\n<ul>\n<li>Ruan Soares Minto<\/li>\n<li>Vitor Fonseca Marques dos Santos<\/li>\n<\/ul>\n<\/td>\n<td>\n<ul>\n<li>F\u00e1bio Paschoal J\u00fanior<\/li>\n<\/ul>\n<\/td>\n<td>08\/08\/2013<\/td>\n<\/tr>\n<tr>\n<td>\n<p style=\"padding-left: 10px;\"><a href=\"http:\/\/eic.cefet-rj.br\/portal\/wp-content\/uploads\/Monografia-008.pdf\" target=\"_blank\" rel=\"noopener noreferrer\">Sistema de Banco de Curr\u00edculos<\/a><\/p>\n<\/td>\n<td>\n<ul>\n<li>Jos\u00e9 Carlos Marques Rebelo<\/li>\n<\/ul>\n<\/td>\n<td>\n<ul>\n<li>Eduardo Bezerra da Silva<\/li>\n<\/ul>\n<\/td>\n<td>02\/08\/2010<\/td>\n<\/tr>\n<\/tbody>\n<\/table>\n","protected":false},"excerpt":{"rendered":"<p>Nesta p\u00e1gina disponibilizamos acesso\u00a0aos Trabalhos de Conclus\u00e3o de Curso (TCC)\u00a0do curso de Tecnologia em Sistemas para Internet. T\u00edtulo Autores(as) Orientador(es) Data da Banca Cefet-Connections: Aplicando\u00a0uma Arquitetura\u00a0de Microservi\u00e7os em uma Rede Social Daniel Dante dos Santos Viana Renato Campos Mauro 30\/08\/2017 Visualiza\u00e7\u00e3o de Dados Institucionais Gabriel Guimar\u00e3es Garcia Luiz Antonio da Ponte Junior Renato Campos Mauro [&hellip;]<\/p>\n","protected":false},"author":3,"featured_media":0,"parent":9,"menu_order":0,"comment_status":"closed","ping_status":"closed","template":"","meta":{"footnotes":""},"class_list":["post-2916","page","type-page","status-publish","hentry","entry"],"_links":{"self":[{"href":"https:\/\/eic.cefet-rj.br\/portal\/wp-json\/wp\/v2\/pages\/2916","targetHints":{"allow":["GET"]}}],"collection":[{"href":"https:\/\/eic.cefet-rj.br\/portal\/wp-json\/wp\/v2\/pages"}],"about":[{"href":"https:\/\/eic.cefet-rj.br\/portal\/wp-json\/wp\/v2\/types\/page"}],"author":[{"embeddable":true,"href":"https:\/\/eic.cefet-rj.br\/portal\/wp-json\/wp\/v2\/users\/3"}],"replies":[{"embeddable":true,"href":"https:\/\/eic.cefet-rj.br\/portal\/wp-json\/wp\/v2\/comments?post=2916"}],"version-history":[{"count":4,"href":"https:\/\/eic.cefet-rj.br\/portal\/wp-json\/wp\/v2\/pages\/2916\/revisions"}],"predecessor-version":[{"id":2947,"href":"https:\/\/eic.cefet-rj.br\/portal\/wp-json\/wp\/v2\/pages\/2916\/revisions\/2947"}],"up":[{"embeddable":true,"href":"https:\/\/eic.cefet-rj.br\/portal\/wp-json\/wp\/v2\/pages\/9"}],"wp:attachment":[{"href":"https:\/\/eic.cefet-rj.br\/portal\/wp-json\/wp\/v2\/media?parent=2916"}],"curies":[{"name":"wp","href":"https:\/\/api.w.org\/{rel}","templated":true}]}}