{"id":2696,"date":"2017-11-27T21:33:39","date_gmt":"2017-11-28T00:33:39","guid":{"rendered":"http:\/\/eic.cefet-rj.br\/portal\/?page_id=2696"},"modified":"2018-08-09T12:19:41","modified_gmt":"2018-08-09T15:19:41","slug":"tsi-estruturas-curriculares","status":"publish","type":"page","link":"https:\/\/eic.cefet-rj.br\/portal\/sistemas-para-internet\/tsi-estruturas-curriculares\/","title":{"rendered":"Sistemas Para Internet :: Estruturas Curriculares"},"content":{"rendered":"<p>Nesta p\u00e1gina \u00e9 poss\u00edvel consultar todas as vers\u00f5es de Estrutura Curricular do curso de Tecnologia em Sistemas para Internet:<\/p>\n<p>&#8211;\u00a0<a href=\"http:\/\/eic.cefet-rj.br\/portal\/wp-content\/uploads\/estrutura-curricular-CST-SI-2014-1.pdf\">Estrutura Curricular\u00a0(vers\u00e3o 2014.1)<\/a><\/p>\n<p>&#8211;\u00a0<a href=\"http:\/\/eic.cefet-rj.br\/portal\/wp-content\/uploads\/estrutura-curricular-CST-SI-2012-2.pdf\">Estrutura Curricular\u00a0(vers\u00e3o 2012.2)<\/a><\/p>\n<p>&#8211;\u00a0<a href=\"http:\/\/eic.cefet-rj.br\/portal\/wp-content\/uploads\/estrutura-curricular-CST-SI-2007-1.pdf\">Estrutura Curricular (vers\u00e3o 2007.1)<\/a><\/p>\n<p>&#8211;\u00a0<a href=\"http:\/\/eic.cefet-rj.br\/portal\/wp-content\/uploads\/estrutura-curricular-CST-SI-2002-1.pdf\">Estrutura Curricular (vers\u00e3o 2002.1)<\/a><\/p>\n","protected":false},"excerpt":{"rendered":"<p>Nesta p\u00e1gina \u00e9 poss\u00edvel consultar todas as vers\u00f5es de Estrutura Curricular do curso de Tecnologia em Sistemas para Internet: &#8211;\u00a0Estrutura Curricular\u00a0(vers\u00e3o 2014.1) &#8211;\u00a0Estrutura Curricular\u00a0(vers\u00e3o 2012.2) &#8211;\u00a0Estrutura Curricular (vers\u00e3o 2007.1) &#8211;\u00a0Estrutura Curricular (vers\u00e3o 2002.1)<\/p>\n","protected":false},"author":3,"featured_media":0,"parent":9,"menu_order":0,"comment_status":"closed","ping_status":"closed","template":"","meta":{"footnotes":""},"class_list":["post-2696","page","type-page","status-publish","hentry","entry"],"_links":{"self":[{"href":"https:\/\/eic.cefet-rj.br\/portal\/wp-json\/wp\/v2\/pages\/2696","targetHints":{"allow":["GET"]}}],"collection":[{"href":"https:\/\/eic.cefet-rj.br\/portal\/wp-json\/wp\/v2\/pages"}],"about":[{"href":"https:\/\/eic.cefet-rj.br\/portal\/wp-json\/wp\/v2\/types\/page"}],"author":[{"embeddable":true,"href":"https:\/\/eic.cefet-rj.br\/portal\/wp-json\/wp\/v2\/users\/3"}],"replies":[{"embeddable":true,"href":"https:\/\/eic.cefet-rj.br\/portal\/wp-json\/wp\/v2\/comments?post=2696"}],"version-history":[{"count":6,"href":"https:\/\/eic.cefet-rj.br\/portal\/wp-json\/wp\/v2\/pages\/2696\/revisions"}],"predecessor-version":[{"id":3541,"href":"https:\/\/eic.cefet-rj.br\/portal\/wp-json\/wp\/v2\/pages\/2696\/revisions\/3541"}],"up":[{"embeddable":true,"href":"https:\/\/eic.cefet-rj.br\/portal\/wp-json\/wp\/v2\/pages\/9"}],"wp:attachment":[{"href":"https:\/\/eic.cefet-rj.br\/portal\/wp-json\/wp\/v2\/media?parent=2696"}],"curies":[{"name":"wp","href":"https:\/\/api.w.org\/{rel}","templated":true}]}}