{"id":2512,"date":"2017-08-01T23:51:23","date_gmt":"2017-08-02T02:51:23","guid":{"rendered":"http:\/\/eic.cefet-rj.br\/portal\/?page_id=2512"},"modified":"2025-06-18T11:09:15","modified_gmt":"2025-06-18T14:09:15","slug":"estruturas-curriculares","status":"publish","type":"page","link":"https:\/\/eic.cefet-rj.br\/portal\/ciencia-da-computacao\/estruturas-curriculares\/","title":{"rendered":"Ci\u00eancia da Computa\u00e7\u00e3o :: Estruturas Curriculares"},"content":{"rendered":"<p>Nesta p\u00e1gina \u00e9 poss\u00edvel consultar todas as vers\u00f5es de Estrutura Curricular do curso de Ci\u00eancia da Computa\u00e7\u00e3o:<\/p>\n<p>&#8211; <a href=\"https:\/\/eic.cefet-rj.br\/portal\/wp-content\/uploads\/BCC-Estrutura-curricular-BCC-2012-2-revisado-em-jun-2025.pdf\">BCC &#8211; Estrutura curricular 2012-2 (revisado em jun 2025)<\/a><\/p>\n","protected":false},"excerpt":{"rendered":"<p>Nesta p\u00e1gina \u00e9 poss\u00edvel consultar todas as vers\u00f5es de Estrutura Curricular do curso de Ci\u00eancia da Computa\u00e7\u00e3o: &#8211; BCC &#8211; Estrutura curricular 2012-2 (revisado em jun 2025)<\/p>\n","protected":false},"author":3,"featured_media":0,"parent":12,"menu_order":0,"comment_status":"closed","ping_status":"closed","template":"","meta":{"footnotes":""},"class_list":["post-2512","page","type-page","status-publish","hentry","entry"],"_links":{"self":[{"href":"https:\/\/eic.cefet-rj.br\/portal\/wp-json\/wp\/v2\/pages\/2512","targetHints":{"allow":["GET"]}}],"collection":[{"href":"https:\/\/eic.cefet-rj.br\/portal\/wp-json\/wp\/v2\/pages"}],"about":[{"href":"https:\/\/eic.cefet-rj.br\/portal\/wp-json\/wp\/v2\/types\/page"}],"author":[{"embeddable":true,"href":"https:\/\/eic.cefet-rj.br\/portal\/wp-json\/wp\/v2\/users\/3"}],"replies":[{"embeddable":true,"href":"https:\/\/eic.cefet-rj.br\/portal\/wp-json\/wp\/v2\/comments?post=2512"}],"version-history":[{"count":16,"href":"https:\/\/eic.cefet-rj.br\/portal\/wp-json\/wp\/v2\/pages\/2512\/revisions"}],"predecessor-version":[{"id":4614,"href":"https:\/\/eic.cefet-rj.br\/portal\/wp-json\/wp\/v2\/pages\/2512\/revisions\/4614"}],"up":[{"embeddable":true,"href":"https:\/\/eic.cefet-rj.br\/portal\/wp-json\/wp\/v2\/pages\/12"}],"wp:attachment":[{"href":"https:\/\/eic.cefet-rj.br\/portal\/wp-json\/wp\/v2\/media?parent=2512"}],"curies":[{"name":"wp","href":"https:\/\/api.w.org\/{rel}","templated":true}]}}