{"id":2504,"date":"2017-08-01T23:38:47","date_gmt":"2017-08-02T02:38:47","guid":{"rendered":"http:\/\/eic.cefet-rj.br\/portal\/?page_id=2504"},"modified":"2026-02-28T09:31:15","modified_gmt":"2026-02-28T12:31:15","slug":"horarios","status":"publish","type":"page","link":"https:\/\/eic.cefet-rj.br\/portal\/horarios\/","title":{"rendered":"EIC :: Grades de Hor\u00e1rios"},"content":{"rendered":"<p>Aqui voc\u00ea pode consultar as grades de hor\u00e1rios para o Bacharelado em Ci\u00eancia da Computa\u00e7\u00e3o e as turmas de servi\u00e7o da EIC.<\/p>\n<h4>Grades de Hor\u00e1rios 2026.1<\/h4>\n<p><a href=\"https:\/\/eic.cefet-rj.br\/portal\/wp-content\/uploads\/Horarios-BCC-20261-v4.pdf\">Grade de Hor\u00e1rios BCC<\/a><br \/>\n<a href=\"https:\/\/eic.cefet-rj.br\/portal\/wp-content\/uploads\/Horarios-GEXT7401-COMPUTACAO-20261-v1.pdf\">Grade de Hor\u00e1rios Computa\u00e7\u00e3o (Engenharias e F\u00edsica)<\/a><\/p>\n<h4>Grades de Hor\u00e1rios 2025.2<\/h4>\n<p><a href=\"https:\/\/eic.cefet-rj.br\/portal\/wp-content\/uploads\/Horarios-BCC-20252-v7.pdf\">Grade de Hor\u00e1rios BCC<\/a><br \/>\n<a href=\"https:\/\/eic.cefet-rj.br\/portal\/wp-content\/uploads\/Horarios-GEXT7401-COMPUTACAO-2025.2-v2.pdf\">Grade de Hor\u00e1rios Computa\u00e7\u00e3o (Engenharias e F\u00edsica)<\/a><\/p>\n<h4>Grades de Hor\u00e1rios 2025.1<\/h4>\n<p><a href=\"https:\/\/eic.cefet-rj.br\/portal\/wp-content\/uploads\/Horarios-BCC-2025.1-v4.pdf\">Grade de Hor\u00e1rios BCC<\/a><br \/>\n<a href=\"https:\/\/eic.cefet-rj.br\/portal\/wp-content\/uploads\/Horarios-GEXT7401-COMPUTACAO-2025.1-v1.pdf\">Grade de Hor\u00e1rios Computa\u00e7\u00e3o (Engenharias e F\u00edsica)<\/a><\/p>\n<h4>Grades de Hor\u00e1rios 2024.2<\/h4>\n<p><a href=\"https:\/\/eic.cefet-rj.br\/portal\/wp-content\/uploads\/Horario-BCC-2024-2-v4.pdf\">Grade de Hor\u00e1rios BCC<\/a><br \/>\n<a href=\"https:\/\/eic.cefet-rj.br\/portal\/wp-content\/uploads\/Horario-GEXT7401-2024-2-v2.pdf\">Grade de Hor\u00e1rios Computa\u00e7\u00e3o (Engenharias e F\u00edsica)<\/a><\/p>\n<h4><span style=\"font-size: 1.25em; -webkit-text-stroke: 0.15px;\">Grades de Hor\u00e1rios 2024.1<\/span><\/h4>\n<p><a href=\"https:\/\/eic.cefet-rj.br\/portal\/wp-content\/uploads\/Horarios-BCC-2024.1-v2.pdf\">Grade de Hor\u00e1rios BCC<\/a><br \/>\n<a href=\"https:\/\/eic.cefet-rj.br\/portal\/wp-content\/uploads\/Horarios-GEXT7401-COMPUTACAO-2024.1-v1-1.pdf\">Grade de Hor\u00e1rios Computa\u00e7\u00e3o (Engenharias e F\u00edsica)<\/a><\/p>\n<h4>Grades de Hor\u00e1rios 2023.2<\/h4>\n<p><a href=\"https:\/\/eic.cefet-rj.br\/portal\/wp-content\/uploads\/Horario-BCC-2023.2-v3.pdf\">Grade de Hor\u00e1rios BCC<\/a><br \/>\n<a href=\"https:\/\/eic.cefet-rj.br\/portal\/wp-content\/uploads\/Horario-GEXT7401-COMPUTACAO-2023.2-v2.pdf\">Grade de Hor\u00e1rios Computa\u00e7\u00e3o (Engenharias e F\u00edsica)<\/a><\/p>\n<h4>Grades de Hor\u00e1rios 2023.1<\/h4>\n<p><a href=\"https:\/\/eic.cefet-rj.br\/portal\/wp-content\/uploads\/CCGBCC-Hora\u0301rios-2023.1-BCC-v3.pdf\">Grade de Hor\u00e1rios BCC<\/a><br \/>\n<a href=\"https:\/\/eic.cefet-rj.br\/portal\/wp-content\/uploads\/CCGBCC-Hora\u0301rios-2023.1-COMPUTAC\u0327A\u0303O-v1.pdf\">Grade de Hor\u00e1rios Computa\u00e7\u00e3o (Engenharias e F\u00edsica)<\/a><\/p>\n<h4>Grades de Hor\u00e1rios 2022.2<\/h4>\n<p><a href=\"https:\/\/eic.cefet-rj.br\/portal\/wp-content\/uploads\/CCGBCC-Hora\u0301rios-2022.2-BCC-v3.pdf\">Grade de Hor\u00e1rios BCC<\/a><br \/>\n<a href=\"https:\/\/eic.cefet-rj.br\/portal\/wp-content\/uploads\/CCGBCC-Hora\u0301rios-2022.2-TSI-v1.pdf\">Grade de Hor\u00e1rios TSI<\/a><br \/>\n<a href=\"https:\/\/eic.cefet-rj.br\/portal\/wp-content\/uploads\/CCGBCC-Hora\u0301rios-2022.2-COMPUTAC\u0327A\u0303O-v1.pdf\">Grade de Hor\u00e1rios Computa\u00e7\u00e3o (Engenharias e F\u00edsica)<\/a><\/p>\n<h4>Grades de Hor\u00e1rios 2022.1<\/h4>\n<p><a href=\"https:\/\/eic.cefet-rj.br\/portal\/wp-content\/uploads\/DEPIN-Hora\u0301rios-2022.1-BCC-v7.pdf\">Grade de Hor\u00e1rios BCC<\/a><br \/>\n<a href=\"https:\/\/eic.cefet-rj.br\/portal\/wp-content\/uploads\/DEPIN-Hora\u0301rios-2022.1-TSI-v2.pdf\">Grade de Hor\u00e1rios TSI<\/a><br \/>\n<a href=\"https:\/\/eic.cefet-rj.br\/portal\/wp-content\/uploads\/DEPIN-Hora\u0301rios-2022.1-COMPUTAC\u0327A\u0303O-v2.pdf\">Grade de Hor\u00e1rios Computa\u00e7\u00e3o (Engenharias e F\u00edsica)<\/a><\/p>\n<h4>Grades de Hor\u00e1rios 2021.2<\/h4>\n<p><a href=\"https:\/\/eic.cefet-rj.br\/portal\/wp-content\/uploads\/DEPIN-Hora\u0301rios-2021.2-BCC-v4.pdf\">Grade de Hor\u00e1rios BCC<\/a><br \/>\n<a href=\"https:\/\/eic.cefet-rj.br\/portal\/wp-content\/uploads\/DEPIN-Hora\u0301rios-2021.2-TSI-v2.pdf\">Grade de Hor\u00e1rios TSI<\/a><br \/>\n<a href=\"https:\/\/eic.cefet-rj.br\/portal\/wp-content\/uploads\/DEPIN-Hora\u0301rios-2021.2-COMPUTAC\u0327A\u0303O-v1.pdf\">Grade de Hor\u00e1rios Computa\u00e7\u00e3o (Engenharias e F\u00edsica)<\/a><\/p>\n<h4>Grades de Hor\u00e1rios 2021.1<\/h4>\n<p><a href=\"https:\/\/eic.cefet-rj.br\/portal\/wp-content\/uploads\/DEPIN-Hora\u0301rios-2021.1-BCC-v1.pdf\">Grade de Hor\u00e1rios BCC<\/a><\/p>\n<p><a href=\"https:\/\/eic.cefet-rj.br\/portal\/wp-content\/uploads\/DEPIN-Hora\u0301rios-2021.1-TSI-v1.pdf\">Grade de Hor\u00e1rios TSI<\/a><br \/>\n<a href=\"https:\/\/eic.cefet-rj.br\/portal\/wp-content\/uploads\/DEPIN-Hora\u0301rios-2021.1-COMPUTAC\u0327A\u0303O-v1.pdf\">Grade de Hor\u00e1rios Computa\u00e7\u00e3o (Engenharias e F\u00edsica)<\/a><\/p>\n<h4>Grades de Hor\u00e1rios 2020.2<\/h4>\n<p><a href=\"https:\/\/eic.cefet-rj.br\/portal\/wp-content\/uploads\/DEPIN-Hora\u0301rios-2020.2-BCC-v1.pdf\">Grade de Hor\u00e1rios BCC<\/a><br \/>\n<a href=\"https:\/\/eic.cefet-rj.br\/portal\/wp-content\/uploads\/DEPIN-Hora\u0301rios-2020.2-TSI-v1.pdf\">Grade de Hor\u00e1rios TSI<\/a><br \/>\n<a href=\"https:\/\/eic.cefet-rj.br\/portal\/wp-content\/uploads\/DEPIN-Hora\u0301rios-2020.2-COMPUTAC\u0327A\u0303O-v1-1.pdf\">Grade de Hor\u00e1rios Computa\u00e7\u00e3o (Engenharias e F\u00edsica)<\/a><\/p>\n<h4>Grades de Hor\u00e1rios 2020.1<\/h4>\n<p><a href=\"http:\/\/eic.cefet-rj.br\/portal\/wp-content\/uploads\/Horarios-BCC-2020.1.pdf\" target=\"_blank\" rel=\"noopener noreferrer\">Grade de Hor\u00e1rios BCC<br \/>\n<\/a><a href=\"http:\/\/eic.cefet-rj.br\/portal\/wp-content\/uploads\/Horarios-TSI-2020.1.pdf\" target=\"_blank\" rel=\"noopener noreferrer\">Grade de Hor\u00e1rios TSI<\/a><br \/>\n<a href=\"http:\/\/eic.cefet-rj.br\/portal\/wp-content\/uploads\/Horarios-COMP-2020.1.pdf\" target=\"_blank\" rel=\"noopener noreferrer\">Grade de Hor\u00e1rios Computa\u00e7\u00e3o (Engenharias e F\u00edsica)<\/a><\/p>\n<h4>Grades de Hor\u00e1rios 2019.2<\/h4>\n<p><a href=\"http:\/\/eic.cefet-rj.br\/portal\/wp-content\/uploads\/Horarios-BCC-2019.2.pdf\" target=\"_blank\" rel=\"noopener noreferrer\">Grade de Hor\u00e1rios BCC<br \/>\n<\/a><a href=\"http:\/\/eic.cefet-rj.br\/portal\/wp-content\/uploads\/Horarios-TSI-2019.2.pdf\" target=\"_blank\" rel=\"noopener noreferrer\">Grade de Hor\u00e1rios TSI<\/a><br \/>\n<a href=\"http:\/\/eic.cefet-rj.br\/portal\/wp-content\/uploads\/Horarios-COMP-2019.2.pdf\" target=\"_blank\" rel=\"noopener noreferrer\">Grade de Hor\u00e1rios Computa\u00e7\u00e3o (Engenharias e F\u00edsica)<\/a><\/p>\n<h4>Grades de Hor\u00e1rios 2019.1<\/h4>\n<p><a href=\"http:\/\/eic.cefet-rj.br\/portal\/wp-content\/uploads\/Horarios-BCC-2019.1.pdf\" target=\"_blank\" rel=\"noopener noreferrer\">Grade de Hor\u00e1rios BCC<br \/>\n<\/a><a href=\"http:\/\/eic.cefet-rj.br\/portal\/wp-content\/uploads\/Horarios-TSI-2019.1.pdf\" target=\"_blank\" rel=\"noopener noreferrer\">Grade de Hor\u00e1rios TSI<\/a><br \/>\n<a href=\"https:\/\/eic.cefet-rj.br\/portal\/index.php\/2020\/11\/06\/viii-workshop-da-escola-de-informatica-computacao-weic\/\" target=\"_blank\" rel=\"noopener noreferrer\">Grade de Hor\u00e1rios Computa\u00e7\u00e3o (Engenharias e F\u00edsica)<\/a><\/p>\n<h4>Grades de Hor\u00e1rios 2018.2<\/h4>\n<p><a href=\"http:\/\/eic.cefet-rj.br\/portal\/wp-content\/uploads\/Horarios-BCC-2018.2.pdf\" target=\"_blank\" rel=\"noopener noreferrer\">Grade de Hor\u00e1rios BCC<\/a><br \/>\n<a href=\"http:\/\/eic.cefet-rj.br\/portal\/wp-content\/uploads\/Horarios-TSI-2018.2.pdf\" target=\"_blank\" rel=\"noopener noreferrer\">Grade de Hor\u00e1rios TSI<\/a><br \/>\n<a href=\"http:\/\/eic.cefet-rj.br\/portal\/wp-content\/uploads\/Hora\u0301rios-Computa\u00e7\u00e3o-Engenharias-2018.2.pdf\" target=\"_blank\" rel=\"noopener noreferrer\">Grade de Hor\u00e1rios Computa\u00e7\u00e3o (Engenharias)<\/a><\/p>\n<h4>Grades de Hor\u00e1rios 2018.1<\/h4>\n<p><a href=\"http:\/\/eic.cefet-rj.br\/portal\/wp-content\/uploads\/Hora\u0301rios-BCC-2018.1.pdf\" target=\"_blank\" rel=\"noopener noreferrer\">Grade de Hor\u00e1rios BCC<\/a><br \/>\n<a href=\"http:\/\/eic.cefet-rj.br\/portal\/wp-content\/uploads\/Hora\u0301rios-TSI-2018.1.pdf\" target=\"_blank\" rel=\"noopener noreferrer\">Grade de Hor\u00e1rios TSI<\/a><br \/>\n<a href=\"http:\/\/eic.cefet-rj.br\/portal\/wp-content\/uploads\/Hora\u0301rios-Computa\u00e7\u00e3o-Engenharias-2018.1.pdf\" target=\"_blank\" rel=\"noopener noreferrer\">Grade de Hor\u00e1rios Computa\u00e7\u00e3o (Engenharias)<\/a><\/p>\n<h4>Grades de Hor\u00e1rios 2017.2<\/h4>\n<p><a href=\"http:\/\/eic.cefet-rj.br\/portal\/wp-content\/uploads\/2017\/09\/Hora\u0301rios-BCC-2017.2.pdf\" target=\"_blank\" rel=\"noopener noreferrer\">Grade de Hor\u00e1rios BCC<\/a><br \/>\n<a href=\"http:\/\/eic.cefet-rj.br\/portal\/wp-content\/uploads\/2017\/09\/Hora\u0301rios-TSI-2017.2.pdf\" target=\"_blank\" rel=\"noopener noreferrer\">Grade de Hor\u00e1rios TSI<\/a><br \/>\n<a href=\"http:\/\/eic.cefet-rj.br\/portal\/wp-content\/uploads\/2017\/09\/Hora\u0301rios-Computac\u0327a\u0303o-Engenharias-2017.2.pdf\" target=\"_blank\" rel=\"noopener noreferrer\">Grade de Hor\u00e1rios Computa\u00e7\u00e3o (Engenharias)<\/a><\/p>\n","protected":false},"excerpt":{"rendered":"<p>Aqui voc\u00ea pode consultar as grades de hor\u00e1rios para o Bacharelado em Ci\u00eancia da Computa\u00e7\u00e3o e as turmas de servi\u00e7o da EIC. Grades de Hor\u00e1rios 2026.1 Grade de Hor\u00e1rios BCC Grade de Hor\u00e1rios Computa\u00e7\u00e3o (Engenharias e F\u00edsica) Grades de Hor\u00e1rios 2025.2 Grade de Hor\u00e1rios BCC Grade de Hor\u00e1rios Computa\u00e7\u00e3o (Engenharias e F\u00edsica) Grades de Hor\u00e1rios [&hellip;]<\/p>\n","protected":false},"author":3,"featured_media":0,"parent":0,"menu_order":0,"comment_status":"closed","ping_status":"closed","template":"","meta":{"footnotes":""},"class_list":["post-2504","page","type-page","status-publish","hentry","entry"],"_links":{"self":[{"href":"https:\/\/eic.cefet-rj.br\/portal\/wp-json\/wp\/v2\/pages\/2504","targetHints":{"allow":["GET"]}}],"collection":[{"href":"https:\/\/eic.cefet-rj.br\/portal\/wp-json\/wp\/v2\/pages"}],"about":[{"href":"https:\/\/eic.cefet-rj.br\/portal\/wp-json\/wp\/v2\/types\/page"}],"author":[{"embeddable":true,"href":"https:\/\/eic.cefet-rj.br\/portal\/wp-json\/wp\/v2\/users\/3"}],"replies":[{"embeddable":true,"href":"https:\/\/eic.cefet-rj.br\/portal\/wp-json\/wp\/v2\/comments?post=2504"}],"version-history":[{"count":97,"href":"https:\/\/eic.cefet-rj.br\/portal\/wp-json\/wp\/v2\/pages\/2504\/revisions"}],"predecessor-version":[{"id":4750,"href":"https:\/\/eic.cefet-rj.br\/portal\/wp-json\/wp\/v2\/pages\/2504\/revisions\/4750"}],"wp:attachment":[{"href":"https:\/\/eic.cefet-rj.br\/portal\/wp-json\/wp\/v2\/media?parent=2504"}],"curies":[{"name":"wp","href":"https:\/\/api.w.org\/{rel}","templated":true}]}}