{"id":16,"date":"2014-11-14T11:00:00","date_gmt":"2014-11-14T13:00:00","guid":{"rendered":"http:\/\/coinfocefetrj.wordpress.com\/?page_id=16"},"modified":"2016-12-05T08:07:44","modified_gmt":"2016-12-05T11:07:44","slug":"instalacoes","status":"publish","type":"page","link":"https:\/\/eic.cefet-rj.br\/portal\/sobre\/instalacoes\/","title":{"rendered":"Instala\u00e7\u00f5es e Equipamentos"},"content":{"rendered":"<h1>Instala\u00e7\u00f5es e Equipamentos<\/h1>\n<p>A\u00a0Escola de Inform\u00e1tica e Computa\u00e7\u00e3o est\u00e1\u00a0localizada no Pavilh\u00e3o I, Campus I do CEFET-RJ, Unidade Maracan\u00e3. Esse pavilh\u00e3o conta com laborat\u00f3rios de ensino e pesquisa, detalhados abaixo.<\/p>\n<h3>Regulamento Interno Para Uso dos Laborat\u00f3rios de Inform\u00e1tica<\/h3>\n<p>Consulte o <a href=\"http:\/\/eic.cefet-rj.br\/portal\/wp-content\/uploads\/2014\/11\/REGULAMENTO-INTERNO-DOS-LABORATORIOS-DA-EIC.pdf\">Regulamento Interno Para Uso dos Laborat\u00f3rios da Escola de Inform\u00e1tica e Computa\u00e7\u00e3o<\/a>.<\/p>\n<h3>Espa\u00e7o F\u00edsico<\/h3>\n<p>1\u00ba Andar<\/p>\n<ul>\n<li>Laborat\u00f3rio de Software I.<\/li>\n<li>Laborat\u00f3rio de Software II.<\/li>\n<li>Laborat\u00f3rio de Software III.<\/li>\n<li>Laborat\u00f3rio de Software IV.<\/li>\n<li>Sala de Coordenadoria.<\/li>\n<li>Sala de Suporte e Almoxarifado.<\/li>\n<\/ul>\n<p>2\u00ba Andar<\/p>\n<ul>\n<li>Laborat\u00f3rio de Redes (Lab 5).<\/li>\n<li>Laborat\u00f3rio de Apoio (Lab 6).<\/li>\n<li>Sala de Aula (1).<\/li>\n<li>Sala de Aula (2).<\/li>\n<li>Sala de Aula (3).<\/li>\n<li>Sala do Servidor.<\/li>\n<\/ul>\n<p>Em que:<\/p>\n<p>Laborat\u00f3rio de Rede (Lab 5):<br \/>\nCapacidade: 16 alunos<br \/>\nObjetivo: Capacitar o aluno para instala\u00e7\u00e3o e configura\u00e7\u00e3o de redes de computadores (setup, sistemas operacionais, etc) e mostrar o funcionamento dos componentes da mesma.<\/p>\n<p>Laborat\u00f3rio de Apoio (Lab 6):<br \/>\nCapacidade:16 alunos<br \/>\nObjetivo : Prover um ambiente de apoio de pr\u00e1ticas \u00e0s disciplinas do curso de inform\u00e1tica.<\/p>\n<p>Laborat\u00f3rio de Software I:<br \/>\nCapacidade: 36 alunos<br \/>\nObjetivo: Capacitar o aluno para uso de ferramentas que possibilitem o desenvolvimento de softwares.<\/p>\n<p>Laborat\u00f3rios de Software II:<br \/>\nCapacidade: 36 alunos<br \/>\nObjetivo: Capacitar o aluno para uso de ferramentas que possibilitem o desenvolvimento de softwares.<\/p>\n<p>Laborat\u00f3rios de Software III:<br \/>\nCapacidade: 36 alunos<br \/>\nObjetivo: Capacitar o aluno para uso de ferramentas que possibilitem o desenvolvimento de softwares.<\/p>\n<p>Laborat\u00f3rios de Software IV:<br \/>\nCapacidade: 36 alunos<br \/>\nObjetivo: Capacitar o aluno para uso de ferramentas que possibilitem o desenvolvimento de softwares.<\/p>\n<p>Sala de suporte e Almoxarifado:<br \/>\nObjetivo: Fornecer suporte \u00e0s atividades de manuten\u00e7\u00e3o dos demais laborat\u00f3rios e manter um almoxarifado de pe\u00e7as para reposi\u00e7\u00e3o. \u00c9 usado tamb\u00e9m para administrar os recursos disponibilizados para todos os laborat\u00f3rios, tais como, internet, impressora e scanner. Esta sala possui acesso restrito.<\/p>\n<p>Sala de Aula 1<br \/>\nObjetivo: Prover ambiente para aulas te\u00f3ricas do curso.<\/p>\n<p>Sala de Aula 2<br \/>\nObjetivo: Prover ambiente para aulas te\u00f3ricas do curso.<\/p>\n<p>Sala de Aula 3<br \/>\nObjetivo: Prover ambiente para aulas te\u00f3ricas do curso.<\/p>\n<p>Sala da Coordena\u00e7\u00e3o do curso<br \/>\nObjetivo: Fornecer recursos para as atividades administrativas da coordena\u00e7\u00e3o.<\/p>\n<p>Sala do Servidor\/Estagi\u00e1rio<br \/>\nObjetivo: Ambiente de localiza\u00e7\u00e3o do servidor, conex\u00e3o de fibra \u00f3tica. Nesta sala est\u00e3o os estagi\u00e1rios do curso e nela s\u00e3o feitos os consertos associados a problemas que possam ocorrer nos laborat\u00f3rios.<\/p>\n","protected":false},"excerpt":{"rendered":"<p>Instala\u00e7\u00f5es e Equipamentos A\u00a0Escola de Inform\u00e1tica e Computa\u00e7\u00e3o est\u00e1\u00a0localizada no Pavilh\u00e3o I, Campus I do CEFET-RJ, Unidade Maracan\u00e3. Esse pavilh\u00e3o conta com laborat\u00f3rios de ensino e pesquisa, detalhados abaixo. Regulamento Interno Para Uso dos Laborat\u00f3rios de Inform\u00e1tica Consulte o Regulamento Interno Para Uso dos Laborat\u00f3rios da Escola de Inform\u00e1tica e Computa\u00e7\u00e3o. Espa\u00e7o F\u00edsico 1\u00ba Andar [&hellip;]<\/p>\n","protected":false},"author":3,"featured_media":0,"parent":90,"menu_order":0,"comment_status":"closed","ping_status":"open","template":"","meta":{"footnotes":""},"class_list":["post-16","page","type-page","status-publish","hentry","entry"],"_links":{"self":[{"href":"https:\/\/eic.cefet-rj.br\/portal\/wp-json\/wp\/v2\/pages\/16","targetHints":{"allow":["GET"]}}],"collection":[{"href":"https:\/\/eic.cefet-rj.br\/portal\/wp-json\/wp\/v2\/pages"}],"about":[{"href":"https:\/\/eic.cefet-rj.br\/portal\/wp-json\/wp\/v2\/types\/page"}],"author":[{"embeddable":true,"href":"https:\/\/eic.cefet-rj.br\/portal\/wp-json\/wp\/v2\/users\/3"}],"replies":[{"embeddable":true,"href":"https:\/\/eic.cefet-rj.br\/portal\/wp-json\/wp\/v2\/comments?post=16"}],"version-history":[{"count":4,"href":"https:\/\/eic.cefet-rj.br\/portal\/wp-json\/wp\/v2\/pages\/16\/revisions"}],"predecessor-version":[{"id":2289,"href":"https:\/\/eic.cefet-rj.br\/portal\/wp-json\/wp\/v2\/pages\/16\/revisions\/2289"}],"up":[{"embeddable":true,"href":"https:\/\/eic.cefet-rj.br\/portal\/wp-json\/wp\/v2\/pages\/90"}],"wp:attachment":[{"href":"https:\/\/eic.cefet-rj.br\/portal\/wp-json\/wp\/v2\/media?parent=16"}],"curies":[{"name":"wp","href":"https:\/\/api.w.org\/{rel}","templated":true}]}}