{"id":1127,"date":"2015-07-15T04:39:47","date_gmt":"2015-07-15T01:39:47","guid":{"rendered":"http:\/\/eic.cefet-rj.br\/portal\/?page_id=1127"},"modified":"2021-01-26T15:46:13","modified_gmt":"2021-01-26T18:46:13","slug":"faq-graduacoes","status":"publish","type":"page","link":"https:\/\/eic.cefet-rj.br\/portal\/ensino\/faq-graduacoes\/","title":{"rendered":"FAQ &#8211; Gradua\u00e7\u00f5es"},"content":{"rendered":"<p>Este\u00a0FAQ fornece respostas para quest\u00f5es b\u00e1sicas acerca de procedimentos administrativos e acad\u00eamicos das gradua\u00e7\u00f5es da Escola de Inform\u00e1tica e Computa\u00e7\u00e3o\u00a0(BCC e CST-SI).<\/p>\n<div class=\"dev_page_nav_wrap\">\n<p><a href=\"#faq#general-questions\"><strong>Geral<\/strong><\/a><\/p>\n<ul>\n<li><a href=\"#faq#q-acesso-moodle\">Estou com problemas de acesso ao Moodle. A quem devo recorrer?<\/a><\/li>\n<li><a href=\"#faq#q-decls\">Onde devo solicitar declara\u00e7\u00f5es acad\u00eamicas?<\/a><\/li>\n<li><a href=\"#faq#q-proc-mat\">De que forma ocorre o processo de matr\u00edcula para um determinado per\u00edodo letivo?<\/a><\/li>\n<li><a href=\"#faq#q-info-coord\">De que forma a coordena\u00e7\u00e3o do curso envia informa\u00e7\u00f5es aos alunos?<\/a><\/li>\n<li><a href=\"#faq#q-esu\">Quando posso me inscrever na mat\u00e9ria de Est\u00e1gio Supervisionado?<\/a><\/li>\n<li><a href=\"#faq#q-cadd\">O que \u00e9 a CADD?<\/a><\/li>\n<li><a href=\"#faq#q-irreg\">O que \u00e9 estar irregular com rela\u00e7\u00e3o \u00e0 integraliza\u00e7\u00e3o do curso?<\/a><\/li>\n<li><a href=\"#faq#q-choques\">Choques de hor\u00e1rios s\u00e3o aceitos durante a matr\u00edcula em disciplinas?<\/a><\/li>\n<li><a href=\"#faq#q-prereqs\">Posso pedir quebra de pr\u00e9-requisitos durante a matr\u00edcula em disciplinas?<\/a><\/li>\n<li><a href=\"#faq#q-acesso-portal\">N\u00e3o consigo acesso ao portal do aluno. O que devo fazer?<\/a><\/li>\n<li><a href=\"#faq#q-opt\">De que forma devo cursar as disciplina optativas?<\/a><\/li>\n<\/ul>\n<p><strong><a href=\"#faq#cstsi\">CST-SI<\/a><\/strong><\/p>\n<ul>\n<li><a href=\"#faq#q-equiv\">O que s\u00e3o equival\u00eancias entre grades curriculares?<\/a><\/li>\n<li><a href=\"#faq#q-subst-grades\">De que forma ocorre a substitui\u00e7\u00e3o de uma grade curricular por outra?<\/a><\/li>\n<li><a href=\"#faq#q-gcp\">A que grade curricular eu perten\u00e7o?<\/a><\/li>\n<li><a href=\"#faq#q-cumprir\">Como saber quais disciplinas devo cumprir os cr\u00e9ditos quando h\u00e1 v\u00e1rias grades curriculares?<\/a><\/li>\n<\/ul>\n<p><strong><a href=\"#faq#bcc\">BCC<\/a><\/strong><\/p>\n<ul>\n<li><a href=\"#faq#q-demat\">O que \u00e9 o DEMAT?<\/a><\/li>\n<\/ul>\n<hr \/>\n<p><a name=\"faq#general-questions\"><\/a><\/p>\n<h3>Quest\u00f5es\u00a0Gerais<\/h3>\n<p><a name=\"faq#q-acesso-moodle\"><\/a><\/p>\n<h4>Q: Estou com problemas de acesso ao Moodle. A quem devo recorrer?<\/h4>\n<p>Se voc\u00ea n\u00e3o est\u00e1 conseguindo se autenticar no Moodle, entre em contato com a coordena\u00e7\u00e3o de EaD da EIC, por meio do email ead.depin@gmail.com. Por outro lado, se o problema \u00e9 ter acesso a alguma disciplina no Moodle, entre em contato com o professor respons\u00e1vel pela disciplina.<br \/>\n<a name=\"faq#q-decls\"><\/a><\/p>\n<h4>Q: Onde devo solicitar declara\u00e7\u00f5es acad\u00eamicas?<\/h4>\n<p>O DERAC (Departamento de Administra\u00e7\u00e3o e Registros Acad\u00eamicos) emite essas declara\u00e7\u00f5es acad\u00eamicas, tais. Esse setor fica localizado no 2o andar do Bloco C da sede do CEFET\/\/RJ.<br \/>\n<a name=\"faq#q-proc-mat\"><\/a><\/p>\n<h4>Q: De que forma ocorre o processo de matr\u00edcula para um determinado per\u00edodo letivo?<\/h4>\n<p>O processo de matr\u00edcula em disciplinas \u00e9 dividido em duas fases. Na primeira fase, cada aluno pode adicionar e remover disciplinas. J\u00e1 na segunda fase, cada aluno pode somente incluir disciplinas (i.e., n\u00e3o pode remover disciplinas escolhidas na primeira fase). Portanto, tente definir sua matr\u00edcula correta e completamente j\u00e1 na primeira fase. Isso evita que voc\u00ea perca a vaga em alguma disciplina importante. O aluno que n\u00e3o realiza a matr\u00edcula em um determinado per\u00edodo letivo tem sua situa\u00e7\u00e3o caracterizada como abandono de curso pelo sistema. Portanto sob hip\u00f3tese alguma deixe de fazer sua matr\u00edcula pelo portal do aluno. Aten\u00e7\u00e3o tamb\u00e9m \u00e0s regras que definem as prioridades de matr\u00edcula em turma de determinada disciplina. Mais detalhes <strong><a href=\"http:\/\/noticias.cefet-rj.br\/2014\/12\/12\/aviso-procedimentos-de-matricula-para-a-graduacao\/\" target=\"_blank\" rel=\"noopener noreferrer\">aqui<\/a><\/strong>.<br \/>\n<a name=\"faq#q-info-coord\"><\/a><\/p>\n<h4>Q: De que forma a coordena\u00e7\u00e3o do curso envia informa\u00e7\u00f5es aos alunos?<\/h4>\n<p>Existe uma lista de e-mails comum aos dois cursos (BCC e TSI) no link <a href=\"https:\/\/groups.google.com\/g\/cefetrj-eic-depin-alunos\">https:\/\/groups.google.com\/g\/cefetrj-eic-depin-alunos<\/a>. Para se inscrever, envie mensagem sem assunto ou conte\u00fado para <a href=\"mailto:cefetrj-eic-depin-alunos+subscribe@googlegroups.com\" target=\"_blank\" rel=\"noopener noreferrer\" data-auth=\"NotApplicable\">cefetrj-eic-depin-alunos+subscribe@googlegroups.com<\/a>.<\/p>\n<p><a name=\"faq#q-esu\"><\/a><\/p>\n<h4>Q: Quando posso me inscrever na mat\u00e9ria de Est\u00e1gio Supervisionado?<\/h4>\n<p>Essa \u00e9 uma disciplina comum ao BCC e ao CST-SI. Os pr\u00e9-requisitos para inscri\u00e7\u00e3o nessa disciplina s\u00e3o por quantidade de cr\u00e9ditos. Se voc\u00ea \u00e9 aluno do BCC, deve ter no m\u00ednimo 100 (cem) cr\u00e9ditos cursados. Se voc\u00ea \u00e9 aluno do CST-SI, deve ter no m\u00ednimo 70 (setenta) cr\u00e9ditos cursados.<br \/>\n<a class=\"anchor\" name=\"faq#q-cadd\"><\/a><i class=\"anchor-icon\"><\/i><\/p>\n<h4>Q: O que \u00e9 a CADD?<\/h4>\n<p>No fim de 2013, foi criada a <b>Comiss\u00e3o de Acompanhamento de Desempenho Discente<\/b> (<span class=\"il\">CADD<\/span>). Os componentes da <span class=\"il\">CADD<\/span> s\u00e3o professores da pr\u00f3pria EIC. Como o pr\u00f3prio nome diz, uma finalidade dessa comiss\u00e3o \u00e9 acompanhar alunos que t\u00eam apresentado baixo desempenho docente para orient\u00e1-los para a finaliza\u00e7\u00e3o do curso. Essa comiss\u00e3o tamb\u00e9m tem a fun\u00e7\u00e3o de avaliar os casos dos alunos que est\u00e3o em situa\u00e7\u00e3o irregular com rela\u00e7\u00e3o \u00e0 integraliza\u00e7\u00e3o do curso. <b>\u00c9 importante cada aluno estar ciente dos trabalhos dessa comiss\u00e3o, pois esporadicamente a <span class=\"il\">CADD<\/span> convoca discentes que estejam em situa\u00e7\u00e3o irregular (ou prestes a entrar nesta situa\u00e7\u00e3o) para conduzi-los \u00e0 finaliza\u00e7\u00e3o do curso.<\/b><br \/>\n<a class=\"anchor\" name=\"faq#q-irreg\"><\/a><i class=\"anchor-icon\"><\/i><\/p>\n<h4>Q: O que \u00e9 estar irregular com rela\u00e7\u00e3o \u00e0 integraliza\u00e7\u00e3o do curso?<\/h4>\n<p>Est\u00e3o em situa\u00e7\u00e3o irregular alunos que j\u00e1 cursaram mais de uma vez e meia a quantidade de per\u00edodos regular do seu curso. Por exemplo, para o BCC que tem dura\u00e7\u00e3o de 04 anos (08 per\u00edodos), a quantidade m\u00e1xima de per\u00edodos para integraliza\u00e7\u00e3o \u00e9 06 anos (12 per\u00edodos). Tamb\u00e9m est\u00e3o em situa\u00e7\u00e3o irregular alunos que possuem mais de tr\u00eas reprova\u00e7\u00f5es (seja por nota ou por frequ\u00eancia) na mesma disciplina. Repare que, pelo manual do aluno, alunos em situa\u00e7\u00e3o irregular est\u00e3o pass\u00edveis de ter sua matr\u00edcula cancelada no curso.<br \/>\n<a name=\"faq#q-choques\"><\/a><\/p>\n<h4>Q: Choques de hor\u00e1rios s\u00e3o aceitos durante a matr\u00edcula em disciplinas?<\/h4>\n<p>N\u00e3o. Obede\u00e7a estritamente aos hor\u00e1rios na escolha das turmas\/disciplinas. Ou seja, n\u00e3o escolha disciplinas para as quais haja choque de hor\u00e1rios, por menor que seja. Durante o processamento da matr\u00edcula, isso \u00e9 verificado automaticamente pelo sistema e, se houver choque de hor\u00e1rios entre duas turmas selecionadas por um aluno, a inscri\u00e7\u00e3o em pelo menos uma delas \u00e9 rejeitada pelo sistema.<br \/>\n<a name=\"faq#q-prereqs\"><\/a><\/p>\n<h4>Q: Posso pedir quebra de pr\u00e9-requisitos durante a matr\u00edcula em disciplinas?<\/h4>\n<p>Obede\u00e7a estritamente aos pr\u00e9-requisitos de cada disciplina. Mesmo que duas disciplinas, uma pr\u00e9-requisito da outra, estejam dispon\u00edveis para sele\u00e7\u00e3o no portal do aluno, isso n\u00e3o significa que a inscri\u00e7\u00e3o nas duas ser\u00e1 aceita pelo sistema. N\u00e3o ser\u00e1. Sendo assim, escolha apenas disciplinas para as quais voc\u00ea j\u00e1 cursou todos os pr\u00e9-requisitos. Como exemplo, um aluno n\u00e3o pode se inscrever em &#8220;Sistemas Operacionais&#8221; se n\u00e3o tiver os cr\u00e9ditos de &#8220;Arquitetura de Computadores&#8221;. Veja todos os pr\u00e9-requisitos da grade curricular no portal <a href=\"http:\/\/eic.cefet-rj.br\">http:\/\/eic.cefet-rj.br<\/a>.<br \/>\n<a name=\"faq#q-acesso-portal\"><\/a><\/p>\n<p><strong><span style=\"text-decoration: underline;\">OBS<\/span><\/strong>: N\u00e3o \u00e9 permitida sob nenhuma hip\u00f3tese a quebra de pr\u00e9-requisitos entre as disciplinas de trabalho de conclus\u00e3o de curso!<\/p>\n<h4>Q: N\u00e3o consigo acesso ao portal do aluno. O que devo fazer?<\/h4>\n<p>Problemas como indisponibilidade do sistema, (re)defini\u00e7\u00e3o de credenciais de acesso e similares devem ser revolvidos pelo pr\u00f3prio aluno com a equipe do DTINF (Departamento de Tecnologia da Informa\u00e7\u00e3o do CEFET\/RJ), setor que fica localizado no 1o andar do Bloco E.<br \/>\n<a name=\"faq#q-opt\"><\/a><\/p>\n<h4>Q: De que forma devo cursar as disciplina optativas?<\/h4>\n<p>Para cada curso (BCC e CST-SI), existe um m\u00ednimo de horas de optativas que devem ser cursadas. Verifique a estrutura curricular do seu curso para saber qual \u00e9 esse valor. De todo modo, n\u00e3o existe um per\u00edodo obrigat\u00f3rio para cursar uma determinada disciplina optativa. Cada aluno pode montar sua grade com optativas da forma mais adequada para ele, contanto que obede\u00e7a aos eventuais pr\u00e9-requisitos.<br \/>\n<a name=\"faq#cstsi\"><\/a><\/p>\n<h3>Quest\u00f5es sobre o CST-SI<\/h3>\n<p><a class=\"anchor\" name=\"faq#q-equiv\"><\/a><i class=\"anchor-icon\"><\/i><\/p>\n<h4>Q: O que s\u00e3o equival\u00eancias entre grades curriculares?<\/h4>\n<p>Eventualmente, para cumprir algum requisito legal, ou para acompanhar a evolu\u00e7\u00e3o do conhecimento na \u00e1rea, s\u00e3o realizadas reformas na grade curricular de um curso. Por exemplo, no fim de 2013, foi feita uma nova reforma curricular no CST-SI. Na vers\u00e3o grade da curricular resultante dessa reforma, foram adicionadas duas novas disciplinas obrigat\u00f3rias, &#8220;Ci\u00eancias Ambientais&#8221; e &#8220;Humanidades e Ci\u00eancias Sociais&#8221;, ambas de 36 horas (02 tempos semanais). Quando uma nova grade curricular \u00e9 definida, s\u00e3o criadas equival\u00eancias entre disciplinas dessa grade e das grades curriculares anteriores ainda ativas.<br \/>\n<a class=\"anchor\" name=\"faq#q-subst-grades\"><\/a><i class=\"anchor-icon\"><\/i><\/p>\n<h4>Q: De que forma ocorre a substitui\u00e7\u00e3o de uma grade curricular por outra?<\/h4>\n<p>A substitui\u00e7\u00e3o de uma vers\u00e3o de grade curricular por outra acontece de forma gradativa. Isso quer dizer que a cada semestre letivo, um per\u00edodo da vers\u00e3o de grade antiga \u00e9 substitu\u00eddo pelo correspondente na vers\u00e3o de grade posterior. \u00c9 por causa disso que, na grade de hor\u00e1rios de um determinado semestre letivo, existem ofertas de disciplinas de diversas grade. Isso ocorre at\u00e9 que a grade nova substitua completamente a grade antiga. Durante o processo de substitui\u00e7\u00e3o das vers\u00f5es de grades curriculares, alunos da grade antiga podem se inscrever em disciplinas da grade nova, pois existem equival\u00eancias (definidas no sistema) entre disciplinas das vers\u00f5es nova e antiga. Para saber quais s\u00e3o essas equival\u00eancias, veja os arquivos dispon\u00edveis na se\u00e7\u00e3o &#8220;Arquivos&#8221; de nosso grupo.<br \/>\n<a class=\"anchor\" name=\"faq#q-gcp\"><\/a><i class=\"anchor-icon\"><\/i><\/p>\n<h4>Q: A que grade curricular eu perten\u00e7o?<\/h4>\n<p>A partir de 2014, existem 3 vers\u00f5es da grade curricular do CST-SI em andamento. S\u00e3o elas as vers\u00f5es 2007.1 (para alunos que ingressaram entre 2007.1 e 2012.1), 2012.2 (para alunos que ingressaram entre 2012.2 e 2013.2) e 2014.1 (para alunos ingressantes a partir de 2014.1).<br \/>\n<a class=\"anchor\" name=\"faq#q-cumprir\"><\/a><i class=\"anchor-icon\"><\/i><\/p>\n<h4>Q: Como saber quais disciplinas devo cumprir os cr\u00e9ditos quando h\u00e1 v\u00e1rias grades curriculares?<\/h4>\n<p>Cada aluno deve cumprir os cr\u00e9ditos das disciplinas obrigat\u00f3rias de sua respectiva grade curricular, seja realizando matr\u00edcula na disciplina com c\u00f3digo de sua pr\u00f3pria grade, seja realizando matr\u00edcula na disciplina equivalente de outra grade. Para saber que disciplinas s\u00e3o as obrigat\u00f3rias em sua grade curricular, veja os arquivos cujos nomes s\u00e3o da forma &#8220;Estrutura curricular (vers\u00e3o XXXX.X)&#8221; na se\u00e7\u00e3o Arquivos do grupo do Yahoo, onde XXXX.X indica o per\u00edodos letivo em que a grade entrou em vigor.<br \/>\n<a name=\"faq#bcc\"><\/a><\/p>\n<h3>Quest\u00f5es sobre o BCC<\/h3>\n<p><a class=\"anchor\" name=\"faq#q-demat\"><\/a><i class=\"anchor-icon\"><\/i><\/p>\n<h4>Q: O que \u00e9 o DEMAT?<\/h4>\n<p>O Departamento de Matem\u00e1tica do campus Maracan\u00e3 do CEFET\/RJ (cuja sigla \u00e9 DEMAT) \u00e9 o departamento que oferece as disciplinas de base matem\u00e1tica gerais para o BCC (e.g., C\u00e1lculo a Uma Vari\u00e1vel, C\u00e1lculo a V\u00e1rias Vari\u00e1veis, C\u00e1lculo Num\u00e9rico, etc).<\/p>\n<\/div>\n","protected":false},"excerpt":{"rendered":"<p>Este\u00a0FAQ fornece respostas para quest\u00f5es b\u00e1sicas acerca de procedimentos administrativos e acad\u00eamicos das gradua\u00e7\u00f5es da Escola de Inform\u00e1tica e Computa\u00e7\u00e3o\u00a0(BCC e CST-SI). Geral Estou com problemas de acesso ao Moodle. A quem devo recorrer? Onde devo solicitar declara\u00e7\u00f5es acad\u00eamicas? De que forma ocorre o processo de matr\u00edcula para um determinado per\u00edodo letivo? De que forma [&hellip;]<\/p>\n","protected":false},"author":3,"featured_media":1159,"parent":774,"menu_order":0,"comment_status":"closed","ping_status":"closed","template":"","meta":{"footnotes":""},"class_list":["post-1127","page","type-page","status-publish","has-post-thumbnail","hentry","entry","has-media"],"_links":{"self":[{"href":"https:\/\/eic.cefet-rj.br\/portal\/wp-json\/wp\/v2\/pages\/1127","targetHints":{"allow":["GET"]}}],"collection":[{"href":"https:\/\/eic.cefet-rj.br\/portal\/wp-json\/wp\/v2\/pages"}],"about":[{"href":"https:\/\/eic.cefet-rj.br\/portal\/wp-json\/wp\/v2\/types\/page"}],"author":[{"embeddable":true,"href":"https:\/\/eic.cefet-rj.br\/portal\/wp-json\/wp\/v2\/users\/3"}],"replies":[{"embeddable":true,"href":"https:\/\/eic.cefet-rj.br\/portal\/wp-json\/wp\/v2\/comments?post=1127"}],"version-history":[{"count":2,"href":"https:\/\/eic.cefet-rj.br\/portal\/wp-json\/wp\/v2\/pages\/1127\/revisions"}],"predecessor-version":[{"id":3981,"href":"https:\/\/eic.cefet-rj.br\/portal\/wp-json\/wp\/v2\/pages\/1127\/revisions\/3981"}],"up":[{"embeddable":true,"href":"https:\/\/eic.cefet-rj.br\/portal\/wp-json\/wp\/v2\/pages\/774"}],"wp:featuredmedia":[{"embeddable":true,"href":"https:\/\/eic.cefet-rj.br\/portal\/wp-json\/wp\/v2\/media\/1159"}],"wp:attachment":[{"href":"https:\/\/eic.cefet-rj.br\/portal\/wp-json\/wp\/v2\/media?parent=1127"}],"curies":[{"name":"wp","href":"https:\/\/api.w.org\/{rel}","templated":true}]}}