{"id":1043,"date":"2015-05-23T04:40:22","date_gmt":"2015-05-23T01:40:22","guid":{"rendered":"http:\/\/eic.cefet-rj.br\/portal\/?page_id=1043"},"modified":"2015-05-23T04:40:22","modified_gmt":"2015-05-23T01:40:22","slug":"olimpiada-brasileira-de-informatica","status":"publish","type":"page","link":"https:\/\/eic.cefet-rj.br\/portal\/olimpiada-brasileira-de-informatica\/","title":{"rendered":"Olimp\u00edada Brasileira de inform\u00e1tica"},"content":{"rendered":"<p><img decoding=\"async\" src=\"http:\/\/olimpiada.ic.unicamp.br\/images\/FirstPageTop.jpg\" alt=\"\" \/><\/p>\n<p>&nbsp;<\/p>\n<p>No dia 19\/09\/2015 acontecer\u00e1 o evento da segunda fase da Olimp\u00edada Brasileira de Inform\u00e1tica para alunos do 7o, 8o e 9o ano do fundamental, nas modalidades de Inicia\u00e7\u00e3o 1 e 2.<\/p>\n<p>A EIC\/RJ estar\u00e1 recebendo mais de 100 alunos de diversas escolas para participar dessa competi\u00e7\u00e3o.<\/p>\n<p>O CEFET\/RJ tem sido sede regional desse tipo de evento desde 2009.<\/p>\n<p>&nbsp;<\/p>\n","protected":false},"excerpt":{"rendered":"<p>&nbsp; No dia 19\/09\/2015 acontecer\u00e1 o evento da segunda fase da Olimp\u00edada Brasileira de Inform\u00e1tica para alunos do 7o, 8o e 9o ano do fundamental, nas modalidades de Inicia\u00e7\u00e3o 1 e 2. A EIC\/RJ estar\u00e1 recebendo mais de 100 alunos de diversas escolas para participar dessa competi\u00e7\u00e3o. O CEFET\/RJ tem sido sede regional desse tipo [&hellip;]<\/p>\n","protected":false},"author":3,"featured_media":0,"parent":0,"menu_order":0,"comment_status":"closed","ping_status":"open","template":"","meta":{"footnotes":""},"class_list":["post-1043","page","type-page","status-publish","hentry","entry"],"_links":{"self":[{"href":"https:\/\/eic.cefet-rj.br\/portal\/wp-json\/wp\/v2\/pages\/1043","targetHints":{"allow":["GET"]}}],"collection":[{"href":"https:\/\/eic.cefet-rj.br\/portal\/wp-json\/wp\/v2\/pages"}],"about":[{"href":"https:\/\/eic.cefet-rj.br\/portal\/wp-json\/wp\/v2\/types\/page"}],"author":[{"embeddable":true,"href":"https:\/\/eic.cefet-rj.br\/portal\/wp-json\/wp\/v2\/users\/3"}],"replies":[{"embeddable":true,"href":"https:\/\/eic.cefet-rj.br\/portal\/wp-json\/wp\/v2\/comments?post=1043"}],"version-history":[{"count":0,"href":"https:\/\/eic.cefet-rj.br\/portal\/wp-json\/wp\/v2\/pages\/1043\/revisions"}],"wp:attachment":[{"href":"https:\/\/eic.cefet-rj.br\/portal\/wp-json\/wp\/v2\/media?parent=1043"}],"curies":[{"name":"wp","href":"https:\/\/api.w.org\/{rel}","templated":true}]}}