{"id":1026,"date":"2015-05-21T16:09:34","date_gmt":"2015-05-21T13:09:34","guid":{"rendered":"http:\/\/eic.cefet-rj.br\/portal\/?page_id=1026"},"modified":"2015-05-21T16:09:34","modified_gmt":"2015-05-21T13:09:34","slug":"sbc-2015-maratona","status":"publish","type":"page","link":"https:\/\/eic.cefet-rj.br\/portal\/sbc-2015-maratona\/","title":{"rendered":"Maratona de Programa\u00e7\u00e3o"},"content":{"rendered":"<p><a href=\"http:\/\/icpc.baylor.edu\/\" target=\"_blank\"><img loading=\"lazy\" decoding=\"async\" class=\"size-full wp-image-1077 aligncenter\" src=\"http:\/\/eic.cefet-rj.br\/portal\/wp-content\/uploads\/2015\/05\/logomdp.jpg\" alt=\"logomdp\" width=\"243\" height=\"235\" \/><\/a>\u00a0 \u00a0 \u00a0 \u00a0 \u00a0 \u00a0<img decoding=\"async\" class=\"aligncenter\" src=\"http:\/\/maratona.ime.usp.br\/icpc.jpg\" alt=\"\" \/>\u00a0 \u00a0 \u00a0 \u00a0 \u00a0 \u00a0 \u00a0 \u00a0 \u00a0 \u00a0 \u00a0 \u00a0 \u00a0 \u00a0 \u00a0 \u00a0 \u00a0 \u00a0 \u00a0 \u00a0 \u00a0 \u00a0 \u00a0 \u00a0 \u00a0 \u00a0 \u00a0 \u00a0 \u00a0 \u00a0 \u00a0 \u00a0 \u00a0 \u00a0 \u00a0 \u00a0<a href=\"http:\/\/www.sbc.org.br\/\" target=\"_blank\"><img decoding=\"async\" src=\"http:\/\/maratona.ime.usp.br\/sbc.jpg\" alt=\"\" \/><\/a><\/p>\n<p>&nbsp;<\/p>\n<p>Nesse s\u00e1bado dia 12\/09\/2015 a Escola de Computa\u00e7\u00e3o e Inform\u00e1tica do CEFET\/RJ sediou a Regional do Rio de Janeiro da XX Maratona de Programa\u00e7\u00e3o do Brasil<\/p>\n<p>Foram mais de 120 alunos e professores, al\u00e9m do pessoal de apoio que abrilhantaram esse evento com sua civilidade, organiza\u00e7\u00e3o, esp\u00edrito de equipe, intelig\u00eancia, educa\u00e7\u00e3o e paci\u00eancia. O evento durou de 8:30h at\u00e9 as 20:00h.<\/p>\n<p>As equipes premiadas foram:<\/p>\n<p><strong>Primeiro Lugar<\/strong>:\u00a0Equipe\u00a0<em>=\/\\\\ nerds \\\\\/\u00a0noobs<\/em>, \u00a0Da Universidade Federal do Rio de Janeiro. Formada pelos alunos Ian Miranda, Eduardo Ferreira e Tiago Montalv\u00e3o, tendo a professora M\u00e1rcia Cerioli como coach.<\/p>\n<p><strong>Segundo Lugar<\/strong>: equipe\u00a0<em>Sudo Reboo<\/em>t, do Instituto Militar de Engenharia. Formada pelos alunos Athos Coutp, Naum Barreira e Andre Mesquita, tendo como coach o professor Geraldo Avelino.<\/p>\n<p><strong>Terceiro Lugar:<\/strong> \u00a0equipe\u00a0<em>Bits don&#8217;t kill my vibe<\/em>, do Instituto Militar de Engenharia . Formada pelos alunos Thiago Vasconcelos, Matheus Assun\u00e7\u00e3o e Vinicius Pereira, tamb\u00e9m tendo o professor Geraldo Avelino como coach.<\/p>\n<p>A equipe de organiza\u00e7\u00e3o da EIC, que permitiu que o evento ocorresse sem problemas e fosse muito bem sucedido foi formada pelos: professores Jo\u00e3o Quadros (diretor da sede), Luis Amaral (supervisor administrativo) e Glauco Amorim (supervisor t\u00e9cnico); funcion\u00e1ria Fernanda Matos (suporte t\u00e9cnico); alunos Raphael Melo, Lawrence Fernandes, Barbara Castro, Lucas Caik, Jonatas Miranda e Mateus Pereira e os estagi\u00e1rios da DEAC, Luiz, Eva\u00a0e Patr\u00edcia.<\/p>\n<p>A seguir algumas fotos do evento:<\/p>\n<p><a href=\"http:\/\/eic.cefet-rj.br\/portal\/wp-content\/uploads\/2015\/09\/11990667_10153539004880690_9004061639594582696_n.jpg\"><img loading=\"lazy\" decoding=\"async\" class=\"alignnone size-medium wp-image-1318\" src=\"http:\/\/eic.cefet-rj.br\/portal\/wp-content\/uploads\/2015\/09\/11990667_10153539004880690_9004061639594582696_n-300x169.jpg\" alt=\"11990667_10153539004880690_9004061639594582696_n\" width=\"300\" height=\"169\" srcset=\"https:\/\/eic.cefet-rj.br\/portal\/wp-content\/uploads\/2015\/09\/11990667_10153539004880690_9004061639594582696_n-300x169.jpg 300w, https:\/\/eic.cefet-rj.br\/portal\/wp-content\/uploads\/2015\/09\/11990667_10153539004880690_9004061639594582696_n.jpg 960w\" sizes=\"auto, (max-width: 300px) 100vw, 300px\" \/><\/a> <a href=\"http:\/\/eic.cefet-rj.br\/portal\/wp-content\/uploads\/2015\/09\/11219234_10153539004885690_3785761884134894286_n.jpg\"><img loading=\"lazy\" decoding=\"async\" class=\"alignnone size-medium wp-image-1319\" src=\"http:\/\/eic.cefet-rj.br\/portal\/wp-content\/uploads\/2015\/09\/11219234_10153539004885690_3785761884134894286_n-300x169.jpg\" alt=\"11219234_10153539004885690_3785761884134894286_n\" width=\"300\" height=\"169\" srcset=\"https:\/\/eic.cefet-rj.br\/portal\/wp-content\/uploads\/2015\/09\/11219234_10153539004885690_3785761884134894286_n-300x169.jpg 300w, https:\/\/eic.cefet-rj.br\/portal\/wp-content\/uploads\/2015\/09\/11219234_10153539004885690_3785761884134894286_n.jpg 960w\" sizes=\"auto, (max-width: 300px) 100vw, 300px\" \/><\/a> <a href=\"http:\/\/eic.cefet-rj.br\/portal\/wp-content\/uploads\/2015\/09\/11990494_10153539092245690_2114725105044219593_n.jpg\"><img loading=\"lazy\" decoding=\"async\" class=\"alignnone size-medium wp-image-1320\" src=\"http:\/\/eic.cefet-rj.br\/portal\/wp-content\/uploads\/2015\/09\/11990494_10153539092245690_2114725105044219593_n-300x169.jpg\" alt=\"11990494_10153539092245690_2114725105044219593_n\" width=\"300\" height=\"169\" srcset=\"https:\/\/eic.cefet-rj.br\/portal\/wp-content\/uploads\/2015\/09\/11990494_10153539092245690_2114725105044219593_n-300x169.jpg 300w, https:\/\/eic.cefet-rj.br\/portal\/wp-content\/uploads\/2015\/09\/11990494_10153539092245690_2114725105044219593_n.jpg 960w\" sizes=\"auto, (max-width: 300px) 100vw, 300px\" \/><\/a> <a href=\"http:\/\/eic.cefet-rj.br\/portal\/wp-content\/uploads\/2015\/09\/12003420_10153539093215690_8552984230143425924_n.jpg\"><img loading=\"lazy\" decoding=\"async\" class=\"alignnone size-medium wp-image-1321\" src=\"http:\/\/eic.cefet-rj.br\/portal\/wp-content\/uploads\/2015\/09\/12003420_10153539093215690_8552984230143425924_n-300x169.jpg\" alt=\"12003420_10153539093215690_8552984230143425924_n\" width=\"300\" height=\"169\" srcset=\"https:\/\/eic.cefet-rj.br\/portal\/wp-content\/uploads\/2015\/09\/12003420_10153539093215690_8552984230143425924_n-300x169.jpg 300w, https:\/\/eic.cefet-rj.br\/portal\/wp-content\/uploads\/2015\/09\/12003420_10153539093215690_8552984230143425924_n.jpg 960w\" sizes=\"auto, (max-width: 300px) 100vw, 300px\" \/><\/a> <a href=\"http:\/\/eic.cefet-rj.br\/portal\/wp-content\/uploads\/2015\/09\/11062711_10153539093160690_772172982385826048_n.jpg\"><img loading=\"lazy\" decoding=\"async\" class=\"alignnone size-medium wp-image-1322\" src=\"http:\/\/eic.cefet-rj.br\/portal\/wp-content\/uploads\/2015\/09\/11062711_10153539093160690_772172982385826048_n-300x169.jpg\" alt=\"11062711_10153539093160690_772172982385826048_n\" width=\"300\" height=\"169\" srcset=\"https:\/\/eic.cefet-rj.br\/portal\/wp-content\/uploads\/2015\/09\/11062711_10153539093160690_772172982385826048_n-300x169.jpg 300w, https:\/\/eic.cefet-rj.br\/portal\/wp-content\/uploads\/2015\/09\/11062711_10153539093160690_772172982385826048_n.jpg 960w\" sizes=\"auto, (max-width: 300px) 100vw, 300px\" \/><\/a> <a href=\"http:\/\/eic.cefet-rj.br\/portal\/wp-content\/uploads\/2015\/09\/12011348_10153539093020690_6179348871614161368_n.jpg\"><img loading=\"lazy\" decoding=\"async\" class=\"alignnone size-medium wp-image-1323\" src=\"http:\/\/eic.cefet-rj.br\/portal\/wp-content\/uploads\/2015\/09\/12011348_10153539093020690_6179348871614161368_n-300x169.jpg\" alt=\"12011348_10153539093020690_6179348871614161368_n\" width=\"300\" height=\"169\" srcset=\"https:\/\/eic.cefet-rj.br\/portal\/wp-content\/uploads\/2015\/09\/12011348_10153539093020690_6179348871614161368_n-300x169.jpg 300w, https:\/\/eic.cefet-rj.br\/portal\/wp-content\/uploads\/2015\/09\/12011348_10153539093020690_6179348871614161368_n.jpg 960w\" sizes=\"auto, (max-width: 300px) 100vw, 300px\" \/><\/a> <a href=\"http:\/\/eic.cefet-rj.br\/portal\/wp-content\/uploads\/2015\/09\/20150912_164154.jpg\"><img loading=\"lazy\" decoding=\"async\" class=\"alignnone size-medium wp-image-1324\" src=\"http:\/\/eic.cefet-rj.br\/portal\/wp-content\/uploads\/2015\/09\/20150912_164154-300x169.jpg\" alt=\"20150912_164154\" width=\"300\" height=\"169\" srcset=\"https:\/\/eic.cefet-rj.br\/portal\/wp-content\/uploads\/2015\/09\/20150912_164154-300x169.jpg 300w, https:\/\/eic.cefet-rj.br\/portal\/wp-content\/uploads\/2015\/09\/20150912_164154-1024x576.jpg 1024w\" sizes=\"auto, (max-width: 300px) 100vw, 300px\" \/><\/a> <a href=\"http:\/\/eic.cefet-rj.br\/portal\/wp-content\/uploads\/2015\/09\/20150912_164206.jpg\"><img loading=\"lazy\" decoding=\"async\" class=\"alignnone size-medium wp-image-1325\" src=\"http:\/\/eic.cefet-rj.br\/portal\/wp-content\/uploads\/2015\/09\/20150912_164206-300x169.jpg\" alt=\"20150912_164206\" width=\"300\" height=\"169\" srcset=\"https:\/\/eic.cefet-rj.br\/portal\/wp-content\/uploads\/2015\/09\/20150912_164206-300x169.jpg 300w, https:\/\/eic.cefet-rj.br\/portal\/wp-content\/uploads\/2015\/09\/20150912_164206-1024x576.jpg 1024w\" sizes=\"auto, (max-width: 300px) 100vw, 300px\" \/><\/a> <a href=\"http:\/\/eic.cefet-rj.br\/portal\/wp-content\/uploads\/2015\/09\/20150912_164237.jpg\"><img loading=\"lazy\" decoding=\"async\" class=\"alignnone size-medium wp-image-1326\" src=\"http:\/\/eic.cefet-rj.br\/portal\/wp-content\/uploads\/2015\/09\/20150912_164237-300x169.jpg\" alt=\"20150912_164237\" width=\"300\" height=\"169\" srcset=\"https:\/\/eic.cefet-rj.br\/portal\/wp-content\/uploads\/2015\/09\/20150912_164237-300x169.jpg 300w, https:\/\/eic.cefet-rj.br\/portal\/wp-content\/uploads\/2015\/09\/20150912_164237-1024x576.jpg 1024w\" sizes=\"auto, (max-width: 300px) 100vw, 300px\" \/><\/a> <a href=\"http:\/\/eic.cefet-rj.br\/portal\/wp-content\/uploads\/2015\/09\/20150912_194103.jpg\"><img loading=\"lazy\" decoding=\"async\" class=\"alignnone size-medium wp-image-1328\" src=\"http:\/\/eic.cefet-rj.br\/portal\/wp-content\/uploads\/2015\/09\/20150912_194103-300x169.jpg\" alt=\"20150912_194103\" width=\"300\" height=\"169\" srcset=\"https:\/\/eic.cefet-rj.br\/portal\/wp-content\/uploads\/2015\/09\/20150912_194103-300x169.jpg 300w, https:\/\/eic.cefet-rj.br\/portal\/wp-content\/uploads\/2015\/09\/20150912_194103-1024x576.jpg 1024w\" sizes=\"auto, (max-width: 300px) 100vw, 300px\" \/><\/a> <a href=\"http:\/\/eic.cefet-rj.br\/portal\/wp-content\/uploads\/2015\/09\/20150912_194107.jpg\"><img loading=\"lazy\" decoding=\"async\" class=\"alignnone size-medium wp-image-1329\" src=\"http:\/\/eic.cefet-rj.br\/portal\/wp-content\/uploads\/2015\/09\/20150912_194107-300x169.jpg\" alt=\"20150912_194107\" width=\"300\" height=\"169\" srcset=\"https:\/\/eic.cefet-rj.br\/portal\/wp-content\/uploads\/2015\/09\/20150912_194107-300x169.jpg 300w, https:\/\/eic.cefet-rj.br\/portal\/wp-content\/uploads\/2015\/09\/20150912_194107-1024x576.jpg 1024w\" sizes=\"auto, (max-width: 300px) 100vw, 300px\" \/><\/a> <a href=\"http:\/\/eic.cefet-rj.br\/portal\/wp-content\/uploads\/2015\/09\/20150912_194217.jpg\"><img loading=\"lazy\" decoding=\"async\" class=\"alignnone size-medium wp-image-1330\" src=\"http:\/\/eic.cefet-rj.br\/portal\/wp-content\/uploads\/2015\/09\/20150912_194217-300x169.jpg\" alt=\"20150912_194217\" width=\"300\" height=\"169\" srcset=\"https:\/\/eic.cefet-rj.br\/portal\/wp-content\/uploads\/2015\/09\/20150912_194217-300x169.jpg 300w, https:\/\/eic.cefet-rj.br\/portal\/wp-content\/uploads\/2015\/09\/20150912_194217-1024x576.jpg 1024w\" sizes=\"auto, (max-width: 300px) 100vw, 300px\" \/><\/a> <a href=\"http:\/\/eic.cefet-rj.br\/portal\/wp-content\/uploads\/2015\/09\/20150912_194220.jpg\"><img loading=\"lazy\" decoding=\"async\" class=\"alignnone size-medium wp-image-1331\" src=\"http:\/\/eic.cefet-rj.br\/portal\/wp-content\/uploads\/2015\/09\/20150912_194220-300x169.jpg\" alt=\"20150912_194220\" width=\"300\" height=\"169\" srcset=\"https:\/\/eic.cefet-rj.br\/portal\/wp-content\/uploads\/2015\/09\/20150912_194220-300x169.jpg 300w, https:\/\/eic.cefet-rj.br\/portal\/wp-content\/uploads\/2015\/09\/20150912_194220-1024x576.jpg 1024w\" sizes=\"auto, (max-width: 300px) 100vw, 300px\" \/><\/a> <a href=\"http:\/\/eic.cefet-rj.br\/portal\/wp-content\/uploads\/2015\/09\/20150912_194224.jpg\"><img loading=\"lazy\" decoding=\"async\" class=\"alignnone size-medium wp-image-1332\" src=\"http:\/\/eic.cefet-rj.br\/portal\/wp-content\/uploads\/2015\/09\/20150912_194224-300x169.jpg\" alt=\"20150912_194224\" width=\"300\" height=\"169\" srcset=\"https:\/\/eic.cefet-rj.br\/portal\/wp-content\/uploads\/2015\/09\/20150912_194224-300x169.jpg 300w, https:\/\/eic.cefet-rj.br\/portal\/wp-content\/uploads\/2015\/09\/20150912_194224-1024x576.jpg 1024w\" sizes=\"auto, (max-width: 300px) 100vw, 300px\" \/><\/a> <a href=\"http:\/\/eic.cefet-rj.br\/portal\/wp-content\/uploads\/2015\/09\/20150912_200623.jpg\"><img loading=\"lazy\" decoding=\"async\" class=\"alignnone size-medium wp-image-1333\" src=\"http:\/\/eic.cefet-rj.br\/portal\/wp-content\/uploads\/2015\/09\/20150912_200623-300x169.jpg\" alt=\"20150912_200623\" width=\"300\" height=\"169\" srcset=\"https:\/\/eic.cefet-rj.br\/portal\/wp-content\/uploads\/2015\/09\/20150912_200623-300x169.jpg 300w, https:\/\/eic.cefet-rj.br\/portal\/wp-content\/uploads\/2015\/09\/20150912_200623-1024x576.jpg 1024w\" sizes=\"auto, (max-width: 300px) 100vw, 300px\" \/><\/a><\/p>\n<p>&nbsp;<\/p>\n","protected":false},"excerpt":{"rendered":"<p>\u00a0 \u00a0 \u00a0 \u00a0 \u00a0 \u00a0\u00a0 \u00a0 \u00a0 \u00a0 \u00a0 \u00a0 \u00a0 \u00a0 \u00a0 \u00a0 \u00a0 \u00a0 \u00a0 \u00a0 \u00a0 \u00a0 \u00a0 \u00a0 \u00a0 \u00a0 \u00a0 \u00a0 \u00a0 \u00a0 \u00a0 \u00a0 \u00a0 \u00a0 \u00a0 \u00a0 \u00a0 \u00a0 \u00a0 \u00a0 \u00a0 \u00a0 &nbsp; Nesse s\u00e1bado dia 12\/09\/2015 a Escola de Computa\u00e7\u00e3o e Inform\u00e1tica do CEFET\/RJ sediou [&hellip;]<\/p>\n","protected":false},"author":3,"featured_media":0,"parent":0,"menu_order":0,"comment_status":"closed","ping_status":"open","template":"","meta":{"footnotes":""},"class_list":["post-1026","page","type-page","status-publish","hentry","entry"],"_links":{"self":[{"href":"https:\/\/eic.cefet-rj.br\/portal\/wp-json\/wp\/v2\/pages\/1026","targetHints":{"allow":["GET"]}}],"collection":[{"href":"https:\/\/eic.cefet-rj.br\/portal\/wp-json\/wp\/v2\/pages"}],"about":[{"href":"https:\/\/eic.cefet-rj.br\/portal\/wp-json\/wp\/v2\/types\/page"}],"author":[{"embeddable":true,"href":"https:\/\/eic.cefet-rj.br\/portal\/wp-json\/wp\/v2\/users\/3"}],"replies":[{"embeddable":true,"href":"https:\/\/eic.cefet-rj.br\/portal\/wp-json\/wp\/v2\/comments?post=1026"}],"version-history":[{"count":0,"href":"https:\/\/eic.cefet-rj.br\/portal\/wp-json\/wp\/v2\/pages\/1026\/revisions"}],"wp:attachment":[{"href":"https:\/\/eic.cefet-rj.br\/portal\/wp-json\/wp\/v2\/media?parent=1026"}],"curies":[{"name":"wp","href":"https:\/\/api.w.org\/{rel}","templated":true}]}}