{"id":5,"date":"2023-05-25T22:36:21","date_gmt":"2023-05-25T22:36:21","guid":{"rendered":"https:\/\/eic.cefet-rj.br\/mmcomp\/?page_id=5"},"modified":"2024-05-27T13:37:42","modified_gmt":"2024-05-27T13:37:42","slug":"csbc2018-2022","status":"publish","type":"page","link":"https:\/\/eic.cefet-rj.br\/mmcomp\/csbc2018-2022\/","title":{"rendered":"CSBC2018-2022"},"content":{"rendered":"\n<p>Conjunto de dados de g\u00eanero dos autores dos trabalhos publicados nos eventos do CSBC de 2018 a 2022. Foram considerados apenas os eventos que ocorreram em todos os anos de 2018 a 2022. Caso o evento n\u00e3o tenha ocorrido em algum desses anos, foi desconsiderado.<\/p>\n\n\n\n<p>Acesse o conjunto de dados em: <a href=\"https:\/\/github.com\/MMComp-CEFET\/CSBC2018-2022\">https:\/\/github.com\/MMComp-CEFET\/CSBC2018-2022<\/a><\/p>\n\n\n\n<p>Caso utilize o conjunto de dados. por favor cite o artigo abaixo, publicado no  WIT &#8211; 2023.<\/p>\n\n\n\n<p><\/p>\n\n\n\n<p>SOARES, M. L.; SILVA, A. P.; CARNEIRO, E.; VARJOLO, L.;&nbsp;GUEDES, G. <strong>An\u00e1lise do g\u00eanero de pesquisadores em eventos do Congresso da Sociedade Brasileira de Computa\u00e7\u00e3o<\/strong>. In: Women in Information Technology, 2023, Jo\u00e3o Pessoa. &nbsp;Women in Information Technology. , 2023.<\/p>\n","protected":false},"excerpt":{"rendered":"<p>Conjunto de dados de g\u00eanero dos autores dos trabalhos publicados nos eventos do CSBC de 2018 a 2022. Foram considerados apenas os eventos que ocorreram em todos os anos de 2018 a 2022. Caso o evento n\u00e3o tenha ocorrido em algum desses anos, foi desconsiderado. Acesse o conjunto de dados em: https:\/\/github.com\/MMComp-CEFET\/CSBC2018-2022 Caso utilize o [&hellip;]<\/p>\n","protected":false},"author":1,"featured_media":0,"parent":0,"menu_order":0,"comment_status":"closed","ping_status":"closed","template":"","meta":{"ocean_post_layout":"","ocean_both_sidebars_style":"","ocean_both_sidebars_content_width":0,"ocean_both_sidebars_sidebars_width":0,"ocean_sidebar":"","ocean_second_sidebar":"","ocean_disable_margins":"enable","ocean_add_body_class":"","ocean_shortcode_before_top_bar":"","ocean_shortcode_after_top_bar":"","ocean_shortcode_before_header":"","ocean_shortcode_after_header":"","ocean_has_shortcode":"","ocean_shortcode_after_title":"","ocean_shortcode_before_footer_widgets":"","ocean_shortcode_after_footer_widgets":"","ocean_shortcode_before_footer_bottom":"","ocean_shortcode_after_footer_bottom":"","ocean_display_top_bar":"default","ocean_display_header":"default","ocean_header_style":"","ocean_center_header_left_menu":"","ocean_custom_header_template":"","ocean_custom_logo":0,"ocean_custom_retina_logo":0,"ocean_custom_logo_max_width":0,"ocean_custom_logo_tablet_max_width":0,"ocean_custom_logo_mobile_max_width":0,"ocean_custom_logo_max_height":0,"ocean_custom_logo_tablet_max_height":0,"ocean_custom_logo_mobile_max_height":0,"ocean_header_custom_menu":"","ocean_menu_typo_font_family":"","ocean_menu_typo_font_subset":"","ocean_menu_typo_font_size":0,"ocean_menu_typo_font_size_tablet":0,"ocean_menu_typo_font_size_mobile":0,"ocean_menu_typo_font_size_unit":"px","ocean_menu_typo_font_weight":"","ocean_menu_typo_font_weight_tablet":"","ocean_menu_typo_font_weight_mobile":"","ocean_menu_typo_transform":"","ocean_menu_typo_transform_tablet":"","ocean_menu_typo_transform_mobile":"","ocean_menu_typo_line_height":0,"ocean_menu_typo_line_height_tablet":0,"ocean_menu_typo_line_height_mobile":0,"ocean_menu_typo_line_height_unit":"","ocean_menu_typo_spacing":0,"ocean_menu_typo_spacing_tablet":0,"ocean_menu_typo_spacing_mobile":0,"ocean_menu_typo_spacing_unit":"","ocean_menu_link_color":"","ocean_menu_link_color_hover":"","ocean_menu_link_color_active":"","ocean_menu_link_background":"","ocean_menu_link_hover_background":"","ocean_menu_link_active_background":"","ocean_menu_social_links_bg":"","ocean_menu_social_hover_links_bg":"","ocean_menu_social_links_color":"","ocean_menu_social_hover_links_color":"","ocean_disable_title":"default","ocean_disable_heading":"default","ocean_post_title":"","ocean_post_subheading":"","ocean_post_title_style":"","ocean_post_title_background_color":"","ocean_post_title_background":0,"ocean_post_title_bg_image_position":"","ocean_post_title_bg_image_attachment":"","ocean_post_title_bg_image_repeat":"","ocean_post_title_bg_image_size":"","ocean_post_title_height":0,"ocean_post_title_bg_overlay":0.5,"ocean_post_title_bg_overlay_color":"","ocean_disable_breadcrumbs":"default","ocean_breadcrumbs_color":"","ocean_breadcrumbs_separator_color":"","ocean_breadcrumbs_links_color":"","ocean_breadcrumbs_links_hover_color":"","ocean_display_footer_widgets":"default","ocean_display_footer_bottom":"default","ocean_custom_footer_template":"","footnotes":""},"class_list":["post-5","page","type-page","status-publish","hentry","entry"],"_links":{"self":[{"href":"https:\/\/eic.cefet-rj.br\/mmcomp\/wp-json\/wp\/v2\/pages\/5","targetHints":{"allow":["GET"]}}],"collection":[{"href":"https:\/\/eic.cefet-rj.br\/mmcomp\/wp-json\/wp\/v2\/pages"}],"about":[{"href":"https:\/\/eic.cefet-rj.br\/mmcomp\/wp-json\/wp\/v2\/types\/page"}],"author":[{"embeddable":true,"href":"https:\/\/eic.cefet-rj.br\/mmcomp\/wp-json\/wp\/v2\/users\/1"}],"replies":[{"embeddable":true,"href":"https:\/\/eic.cefet-rj.br\/mmcomp\/wp-json\/wp\/v2\/comments?post=5"}],"version-history":[{"count":8,"href":"https:\/\/eic.cefet-rj.br\/mmcomp\/wp-json\/wp\/v2\/pages\/5\/revisions"}],"predecessor-version":[{"id":65,"href":"https:\/\/eic.cefet-rj.br\/mmcomp\/wp-json\/wp\/v2\/pages\/5\/revisions\/65"}],"wp:attachment":[{"href":"https:\/\/eic.cefet-rj.br\/mmcomp\/wp-json\/wp\/v2\/media?parent=5"}],"curies":[{"name":"wp","href":"https:\/\/api.w.org\/{rel}","templated":true}]}}