{"id":10,"date":"2023-05-31T10:29:14","date_gmt":"2023-05-31T10:29:14","guid":{"rendered":"https:\/\/eic.cefet-rj.br\/mmcomp\/?page_id=10"},"modified":"2024-03-05T18:37:09","modified_gmt":"2024-03-05T18:37:09","slug":"bem-vindao-a-nossa-pagina","status":"publish","type":"page","link":"https:\/\/eic.cefet-rj.br\/mmcomp\/","title":{"rendered":"In\u00edcio"},"content":{"rendered":"\n<p>Bem-vinda(o) ao MMComp &#8211; Meninas e Mulheres na Computa\u00e7\u00e3o!<\/p>\n\n\n\n<p>O MMComp \u00e9 um grupo de pesquisa dedicado ao estudo e \u00e0 promo\u00e7\u00e3o da presen\u00e7a de mulheres em cursos predominantemente ocupados por homens. Nossa miss\u00e3o \u00e9 combater a disparidade de g\u00eanero na \u00e1rea da computa\u00e7\u00e3o e empoderar meninas e mulheres interessadas em seguir carreiras tecnol\u00f3gicas.<\/p>\n\n\n\n<p>Fundado em maio de 2023, o MMComp \u00e9 uma iniciativa do CEFET\/RJ (Centro Federal de Educa\u00e7\u00e3o Tecnol\u00f3gica Celso Suckow da Fonseca), uma renomada institui\u00e7\u00e3o de ensino comprometida com a forma\u00e7\u00e3o de profissionais de excel\u00eancia.<\/p>\n\n\n\n<p>Nossa equipe re\u00fane pesquisadores e professores que compartilham do mesmo ideal: proporcionar um ambiente inclusivo e igualit\u00e1rio na computa\u00e7\u00e3o, estimulando a participa\u00e7\u00e3o ativa das meninas e mulheres em todas as etapas do processo educacional e profissional.<\/p>\n\n\n\n<p>Vamos construir um futuro inclusivo, onde meninas e mulheres sejam protagonistas na era digital. Junte-se ao MMComp e fa\u00e7a parte dessa mudan\u00e7a!<\/p>\n","protected":false},"excerpt":{"rendered":"<p>Bem-vinda(o) ao MMComp &#8211; Meninas e Mulheres na Computa\u00e7\u00e3o! O MMComp \u00e9 um grupo de pesquisa dedicado ao estudo e \u00e0 promo\u00e7\u00e3o da presen\u00e7a de mulheres em cursos predominantemente ocupados por homens. Nossa miss\u00e3o \u00e9 combater a disparidade de g\u00eanero na \u00e1rea da computa\u00e7\u00e3o e empoderar meninas e mulheres interessadas em seguir carreiras tecnol\u00f3gicas. Fundado [&hellip;]<\/p>\n","protected":false},"author":1,"featured_media":0,"parent":0,"menu_order":0,"comment_status":"closed","ping_status":"closed","template":"","meta":{"ocean_post_layout":"","ocean_both_sidebars_style":"","ocean_both_sidebars_content_width":0,"ocean_both_sidebars_sidebars_width":0,"ocean_sidebar":"","ocean_second_sidebar":"","ocean_disable_margins":"enable","ocean_add_body_class":"","ocean_shortcode_before_top_bar":"","ocean_shortcode_after_top_bar":"","ocean_shortcode_before_header":"","ocean_shortcode_after_header":"","ocean_has_shortcode":"","ocean_shortcode_after_title":"","ocean_shortcode_before_footer_widgets":"","ocean_shortcode_after_footer_widgets":"","ocean_shortcode_before_footer_bottom":"","ocean_shortcode_after_footer_bottom":"","ocean_display_top_bar":"default","ocean_display_header":"default","ocean_header_style":"","ocean_center_header_left_menu":"","ocean_custom_header_template":"","ocean_custom_logo":0,"ocean_custom_retina_logo":0,"ocean_custom_logo_max_width":0,"ocean_custom_logo_tablet_max_width":0,"ocean_custom_logo_mobile_max_width":0,"ocean_custom_logo_max_height":0,"ocean_custom_logo_tablet_max_height":0,"ocean_custom_logo_mobile_max_height":0,"ocean_header_custom_menu":"","ocean_menu_typo_font_family":"","ocean_menu_typo_font_subset":"","ocean_menu_typo_font_size":0,"ocean_menu_typo_font_size_tablet":0,"ocean_menu_typo_font_size_mobile":0,"ocean_menu_typo_font_size_unit":"px","ocean_menu_typo_font_weight":"","ocean_menu_typo_font_weight_tablet":"","ocean_menu_typo_font_weight_mobile":"","ocean_menu_typo_transform":"","ocean_menu_typo_transform_tablet":"","ocean_menu_typo_transform_mobile":"","ocean_menu_typo_line_height":0,"ocean_menu_typo_line_height_tablet":0,"ocean_menu_typo_line_height_mobile":0,"ocean_menu_typo_line_height_unit":"","ocean_menu_typo_spacing":0,"ocean_menu_typo_spacing_tablet":0,"ocean_menu_typo_spacing_mobile":0,"ocean_menu_typo_spacing_unit":"","ocean_menu_link_color":"","ocean_menu_link_color_hover":"","ocean_menu_link_color_active":"","ocean_menu_link_background":"","ocean_menu_link_hover_background":"","ocean_menu_link_active_background":"","ocean_menu_social_links_bg":"","ocean_menu_social_hover_links_bg":"","ocean_menu_social_links_color":"","ocean_menu_social_hover_links_color":"","ocean_disable_title":"default","ocean_disable_heading":"default","ocean_post_title":"","ocean_post_subheading":"","ocean_post_title_style":"","ocean_post_title_background_color":"","ocean_post_title_background":0,"ocean_post_title_bg_image_position":"","ocean_post_title_bg_image_attachment":"","ocean_post_title_bg_image_repeat":"","ocean_post_title_bg_image_size":"","ocean_post_title_height":0,"ocean_post_title_bg_overlay":0.5,"ocean_post_title_bg_overlay_color":"","ocean_disable_breadcrumbs":"default","ocean_breadcrumbs_color":"","ocean_breadcrumbs_separator_color":"","ocean_breadcrumbs_links_color":"","ocean_breadcrumbs_links_hover_color":"","ocean_display_footer_widgets":"default","ocean_display_footer_bottom":"default","ocean_custom_footer_template":"","footnotes":""},"class_list":["post-10","page","type-page","status-publish","hentry","entry"],"_links":{"self":[{"href":"https:\/\/eic.cefet-rj.br\/mmcomp\/wp-json\/wp\/v2\/pages\/10","targetHints":{"allow":["GET"]}}],"collection":[{"href":"https:\/\/eic.cefet-rj.br\/mmcomp\/wp-json\/wp\/v2\/pages"}],"about":[{"href":"https:\/\/eic.cefet-rj.br\/mmcomp\/wp-json\/wp\/v2\/types\/page"}],"author":[{"embeddable":true,"href":"https:\/\/eic.cefet-rj.br\/mmcomp\/wp-json\/wp\/v2\/users\/1"}],"replies":[{"embeddable":true,"href":"https:\/\/eic.cefet-rj.br\/mmcomp\/wp-json\/wp\/v2\/comments?post=10"}],"version-history":[{"count":4,"href":"https:\/\/eic.cefet-rj.br\/mmcomp\/wp-json\/wp\/v2\/pages\/10\/revisions"}],"predecessor-version":[{"id":39,"href":"https:\/\/eic.cefet-rj.br\/mmcomp\/wp-json\/wp\/v2\/pages\/10\/revisions\/39"}],"wp:attachment":[{"href":"https:\/\/eic.cefet-rj.br\/mmcomp\/wp-json\/wp\/v2\/media?parent=10"}],"curies":[{"name":"wp","href":"https:\/\/api.w.org\/{rel}","templated":true}]}}