{"id":983,"date":"2022-04-28T17:13:00","date_gmt":"2022-04-28T20:13:00","guid":{"rendered":"https:\/\/eic.cefet-rj.br\/meninasnarobotica\/?page_id=983"},"modified":"2025-12-09T12:43:15","modified_gmt":"2025-12-09T15:43:15","slug":"equipe","status":"publish","type":"page","link":"https:\/\/eic.cefet-rj.br\/meninasnarobotica\/index.php\/equipe\/","title":{"rendered":"Equipe"},"content":{"rendered":"\n<figure class=\"wp-block-image size-large is-resized\"><img loading=\"lazy\" decoding=\"async\" width=\"1024\" height=\"920\" src=\"https:\/\/eic.cefet-rj.br\/meninasnarobotica\/wp-content\/uploads\/2025\/09\/image-1024x920.png\" alt=\"\" class=\"wp-image-2738\" style=\"aspect-ratio:1;width:840px;height:auto\" srcset=\"https:\/\/eic.cefet-rj.br\/meninasnarobotica\/wp-content\/uploads\/2025\/09\/image-1024x920.png 1024w, https:\/\/eic.cefet-rj.br\/meninasnarobotica\/wp-content\/uploads\/2025\/09\/image-300x269.png 300w, https:\/\/eic.cefet-rj.br\/meninasnarobotica\/wp-content\/uploads\/2025\/09\/image-768x690.png 768w, https:\/\/eic.cefet-rj.br\/meninasnarobotica\/wp-content\/uploads\/2025\/09\/image-1536x1380.png 1536w, https:\/\/eic.cefet-rj.br\/meninasnarobotica\/wp-content\/uploads\/2025\/09\/image-2048x1840.png 2048w\" sizes=\"auto, (max-width: 1024px) 100vw, 1024px\" \/><\/figure>\n\n\n\n<h3 class=\"wp-block-heading\"><a href=\"https:\/\/eic.cefet-rj.br\/meninasnarobotica\/index.php\/coordenacao\/\">Coordena\u00e7\u00e3o<\/a><\/h3>\n\n\n\n<p><\/p>\n\n\n\n<h3 class=\"wp-block-heading\">Colaboradores e Pesquisadores<\/h3>\n\n\n\n<p><strong>Atuais<\/strong><\/p>\n\n\n\n<ul id=\"block-67509e45-58f4-46d3-81c7-5d8dae81b313\" class=\"wp-block-list\">\n<li>Carla de Oliveira Rom\u00e3o (Doutora em Educa\u00e7\u00e3o) &#8211; Chamada CNPq\/MCTI N\u00ba 31\/2023<\/li>\n\n\n\n<li>Carmen Lucia Asp de Queiroz (Mestre em Administra\u00e7\u00e3o e Desenvolvimento Empresarial) &#8211; Chamada CNPq\/MCTI N\u00ba 31\/2023<\/li>\n\n\n\n<li>Cl\u00e1udio Maia Alves Jos\u00e9 (Mestre em Engenharia El\u00e9trica\/Sistemas Eletr\u00f4nicos) &#8211; Chamada CNPq\/MCTI N\u00ba 31\/2023<\/li>\n\n\n\n<li>Cristiano de Souza de Carvalho (Doutor em Engenharia Mec\u00e2nica) &#8211; Edital FAPERJ 09\/2021; Edital FAPERJ N\u00ba 02\/2024; Chamada CNPq\/MCTI N\u00ba 31\/2023<\/li>\n\n\n\n<li>Daphne Holzer Velihovetchi (Mestre em Educa\u00e7\u00e3o) &#8211; Chamada CNPq\/MCTI N\u00ba 31\/2023<\/li>\n\n\n\n<li>Diego Nunes Brand\u00e3o (Doutor em Computa\u00e7\u00e3o) &#8211; Edital FAPERJ N\u00ba 02\/2024; Chamada CNPq\/MCTI N\u00ba 31\/2023<\/li>\n\n\n\n<li>Fabr\u00edcio Lopes e Silva (Mestre em Engenharia Mec\u00e2nica) &#8211; Chamada CNPq\/MCTIC N\u00ba 31\/2018; Edital FAPERJ 09\/2021; Edital FAPERJ N\u00ba 02\/2024; Chamada CNPq\/MCTI N\u00ba 31\/2023<\/li>\n\n\n\n<li>Helga Dolorico Babi (Doutora em Computa\u00e7\u00e3o) &#8211; Edital FAPERJ N\u00ba 02\/2024<\/li>\n\n\n\n<li>Kele Teixeira Belloze (Doutora em Biologia Computacional e Sistemas) &#8211; Edital FAPERJ N\u00ba 02\/2024; Chamada CNPq\/MCTI N\u00ba 31\/2023<\/li>\n\n\n\n<li>Laura Silva de Assis (Doutora em Engenharia El\u00e9trica) &#8211; Edital FAPERJ N\u00ba 02\/2024; Chamada CNPq\/MCTI N\u00ba 31\/2023<\/li>\n\n\n\n<li>Luciana de Souza Castro (Mestre em Sistemas de Gest\u00e3o) &#8211; Chamada CNPq\/MCTI N\u00ba 31\/2023 <\/li>\n\n\n\n<li>Marcelle Nunes Ara\u00fajo (Mestre em Psicologia) &#8211; Chamada CNPq\/MCTI N\u00ba 31\/2023<\/li>\n\n\n\n<li>M\u00e1rcia Rodrigues Ferreira Alves e Faria (Doutora em Educa\u00e7\u00e3o) &#8211; Chamada CNPq\/MCTI N\u00ba 31\/2023<\/li>\n\n\n\n<li>Marco Aur\u00e9lio Junior (Mestre em Engenharia El\u00e9trica) &#8211; Chamada CNPq\/MCTI N\u00ba 31\/2023<\/li>\n\n\n\n<li>Mayara Midori Omai (Mestre em Ci\u00eancia da Computa\u00e7\u00e3o) &#8211; Chamada CNPq\/MCTI N\u00ba 31\/2023<\/li>\n\n\n\n<li>Thiago de Moura Prego (Doutor em Engenharia El\u00e9trica) &#8211;  Edital FAPERJ 09\/2021; Edital FAPERJ N\u00ba 02\/2024; Chamada CNPq\/MCTI N\u00ba 31\/2023<\/li>\n\n\n\n<li>Rafaelli de Carvalho Coutinho (Doutora em Computa\u00e7\u00e3o) &#8211; Chamada CNPq\/MCTIC N\u00ba 31\/2018; Edital FAPERJ 09\/2021; Edital FAPERJ N\u00ba 02\/2024; Chamada CNPq\/MCTI N\u00ba 31\/2023<\/li>\n\n\n\n<li>Ubiratam Carvalho de Paula Junior (Doutor em Computa\u00e7\u00e3o) &#8211; Edital FAPERJ N\u00ba 02\/2024; Chamada CNPq\/MCTI N\u00ba 31\/2023<\/li>\n<\/ul>\n\n\n\n<p><strong>J\u00e1 passaram pelo projeto<\/strong><\/p>\n\n\n\n<ul id=\"block-67509e45-58f4-46d3-81c7-5d8dae81b313\" class=\"wp-block-list\">\n<li>Adriane Lopes Mougo (Doutora em Engenharia Mec\u00e2nica) &#8211; Edital FAPERJ 09\/2021<\/li>\n\n\n\n<li>B\u00e1rbara Louise Lemos Drumond Silva (Mestre em Engenharia Mec\u00e2nica) &#8211; Edital FAPERJ 09\/2021<\/li>\n\n\n\n<li>J\u00falio C\u00e9sar Valente Ferreira (Mestre em Engenharia Mec\u00e2nica e Doutor em Mem\u00f3ria Social) &#8211; Chamada CNPq\/MCTIC N\u00ba 31\/2018; Edital FAPERJ 09\/2021<\/li>\n\n\n\n<li>Milena Faria Pinto (Doutora em Engenharia El\u00e9trica) &#8211; Edital FAPERJ 09\/2021<\/li>\n<\/ul>\n\n\n\n<div class=\"wp-block-columns is-layout-flex wp-container-core-columns-is-layout-9d6595d7 wp-block-columns-is-layout-flex\">\n<div class=\"wp-block-column is-layout-flow wp-block-column-is-layout-flow\"><\/div>\n<\/div>\n\n\n\n<h3 class=\"wp-block-heading\">Alunas da Gradua\u00e7\u00e3o e T\u00e9cnico<\/h3>\n\n\n\n<p><strong>CAMPUS NOVA IGUA\u00c7U<\/strong><\/p>\n\n\n\n<p><strong>Atuais<\/strong><\/p>\n\n\n\n<ul class=\"wp-block-list\">\n<li>Caroline Belmonte de Aguiar (Engenharia de Controle e Automa\u00e7\u00e3o) &#8211; Bolsista PBEXT\/Cefet\/RJ 2024; Bolsista CNPq 2025<\/li>\n\n\n\n<li>Carolina Mota da Silva (T\u00e9cnico em Telecomunica\u00e7\u00f5es) &#8211; Volunt\u00e1ria 2025 <\/li>\n\n\n\n<li>Clara da Silva de Almeida (Engenharia de Controle e Automa\u00e7\u00e3o) &#8211; Volunt\u00e1ria 2024; Bolsista FAPERJ 2025<\/li>\n\n\n\n<li>Darah Liryell Martins Gon\u00e7alves (Engenharia de Produ\u00e7\u00e3o) &#8211; Volunt\u00e1ria 2025 <\/li>\n\n\n\n<li>Gabriella dos Santos Costa (Engenharia de Produ\u00e7\u00e3o) &#8211; Bolsista PBEXT\/Cefet\/RJ 2025<\/li>\n\n\n\n<li>Grazielle de F\u00e1tima Cardoso Lima (Engenharia de Produ\u00e7\u00e3o) &#8211; Bolsista IC FAPERJ 2025<\/li>\n\n\n\n<li>Jackeline Gall (Engenharia Mec\u00e2nica) &#8211; Volunt\u00e1ria 2025 <\/li>\n\n\n\n<li>Julia Marques Patr\u00edcio da Silva (Engenharia de Controle e Automa\u00e7\u00e3o) &#8211; Volunt\u00e1ria 2025 <\/li>\n\n\n\n<li>Lara de Lanna Pereira (Engenharia de Controle e Automa\u00e7\u00e3o) &#8211; Volunt\u00e1ria 2024; Bolsista PIBIC\/Cefet\/RJ 2025<\/li>\n\n\n\n<li>Larissa da Silva Iglesias (Engenharia Mec\u00e2nica) &#8211; Volunt\u00e1ria 2025 <\/li>\n\n\n\n<li>Nathalia dos Santos Ferreira (Engenharia de Produ\u00e7\u00e3o) &#8211; Volunt\u00e1ria 2024 a atual<\/li>\n\n\n\n<li>Thainara Laurentino Henriques (T\u00e9cnico Telecomunica\u00e7\u00f5es) &#8211; Bolsista CNPq 2025<\/li>\n\n\n\n<li><\/li>\n<\/ul>\n\n\n\n<p><strong>J\u00e1 passaram pelo projeto<\/strong><\/p>\n\n\n\n<ul class=\"wp-block-list\">\n<li>Amanda Miranda Amorim (Engenharia Mec\u00e2nica) &#8211; Bolsista FAPERJ 2022 a 2023<\/li>\n\n\n\n<li>Ana Julia Baptista Viana (T\u00e9cnico em Inform\u00e1tica) &#8211; Bolsista PBEXT\/Cefet\/RJ 2022 a 2023<\/li>\n\n\n\n<li>Ana Caroline Bastos (Engenharia Mec\u00e2nica) &#8211; Bolsista CNPq  2019 a 2020<\/li>\n\n\n\n<li>Anne Caroline Lima de Medeiros (Engenharia de Controle e Automa\u00e7\u00e3o) &#8211; Bolsista FAPERJ 2022 a 2024<\/li>\n\n\n\n<li>Diennyfer Alves Silva (Engenharia Mec\u00e2nica) &#8211; Bolsista PBEXT\/Cefet\/RJ 2020 a 2021<\/li>\n\n\n\n<li>Dayseane Donato (Engenharia Mec\u00e2nica) &#8211; Bolsista CNPq 2019 a 2020<\/li>\n\n\n\n<li>Ellen Pedrosa de Oliveira (Engenharia de Controle e Automa\u00e7\u00e3o) &#8211; Bolsista FAPERJ 2023 a 2024<\/li>\n\n\n\n<li>Isabela Valad\u00e3o Teixeira (Engenharia de Controle e Automa\u00e7\u00e3o) &#8211; Volunt\u00e1ria 2022 a 2023<\/li>\n\n\n\n<li>Izabela Pereira (Engenharia de Controle e Automa\u00e7\u00e3o) &#8211; Bolsista CNPq 2020 a 2023<\/li>\n\n\n\n<li>Ma\u00edra Porto Costa (Engenharia Mec\u00e2nica) &#8211; Volunt\u00e1ria 2019 a 2020<\/li>\n\n\n\n<li>Marina Lima Fernandes Meireles (Engenharia de Controle e Automa\u00e7\u00e3o) &#8211; Volunt\u00e1ria 2024 <\/li>\n\n\n\n<li>Mariana Rodrigues Pereira (Engenharia Mec\u00e2nica) &#8211; Volunt\u00e1ria 2024 a 2025<\/li>\n\n\n\n<li>Melissa de Souza Alves (T\u00e9cnico em Telecomunica\u00e7\u00f5es) &#8211; Volunt\u00e1ria 2024 a 2025<\/li>\n\n\n\n<li>Noa Oliveira Rafael (Engenharia de Controle e Automa\u00e7\u00e3o) &#8211; Volunt\u00e1ria 2023 a 2024<\/li>\n\n\n\n<li>Victoria Graziella Gomes da Silva Cruzado (Engenharia Mec\u00e2nica) &#8211; Bolsista FAPERJ 2022 a 2024; Bolsista PIBIC 2024\/2025<\/li>\n<\/ul>\n\n\n\n<p> <strong>CAMPUS MARACAN\u00c3<\/strong>:<\/p>\n\n\n\n<ul class=\"wp-block-list\">\n<li>Ana Clara Moraes (Ci\u00eancia da Computa\u00e7\u00e3o) &#8211; Volunt\u00e1ria 2025<\/li>\n\n\n\n<li>Ana Isabel Bes\u00e3o (Ci\u00eancia da Computa\u00e7\u00e3o) &#8211; Volunt\u00e1ria 2025<\/li>\n\n\n\n<li>Beatriz Abdias (Ci\u00eancia da Computa\u00e7\u00e3o) &#8211; Volunt\u00e1ria 2025<\/li>\n\n\n\n<li>Beatriz Manh\u00e3es (Ci\u00eancia da Computa\u00e7\u00e3o) &#8211; Bolsista FAPERJ 2025<\/li>\n\n\n\n<li>Maria Luisa Vieira (Ci\u00eancia da Computa\u00e7\u00e3o) &#8211; Volunt\u00e1ria 2025<\/li>\n\n\n\n<li>Maria Lu\u00edsa Satumino (T\u00e9cnico em Inform\u00e1tica) &#8211; Bolsista CNPq 2025<\/li>\n\n\n\n<li>Karollny Argemiro (T\u00e9cnico em Inform\u00e1tica) &#8211; Bolsista CNPq 2025<\/li>\n<\/ul>\n\n\n\n<p><strong>CAMPUS NOVA FRIBURGO<\/strong>:<\/p>\n\n\n\n<ul class=\"wp-block-list\">\n<li>Sophia Isabela Santos (T\u00e9cnico em Inform\u00e1tica) &#8211; Volunt\u00e1ria 2025<\/li>\n<\/ul>\n\n\n\n<p><strong>CAMPUS PETR\u00d3POLIS<\/strong>:<\/p>\n\n\n\n<ul class=\"wp-block-list\">\n<li>Nathale Coelho (T\u00e9cnico em telecomunica\u00e7\u00f5es) &#8211; Bolsista CNPq 2025<\/li>\n\n\n\n<li>Raquel Guerreiro (Engenharia da Computa\u00e7\u00e3o) &#8211; Bolsista CNPq 2025<\/li>\n\n\n\n<li>Lara de Jesus (Engenharia da Computa\u00e7\u00e3o) &#8211; Volunt\u00e1ria 2025<\/li>\n<\/ul>\n\n\n\n<p><\/p>\n\n\n\n<h3 class=\"wp-block-heading\"><a href=\"https:\/\/eic.cefet-rj.br\/meninasnarobotica\/index.php\/escolas-envolvidas\/\" target=\"_blank\" rel=\"noreferrer noopener\">Escolas Envolvidas<\/a><\/h3>\n\n\n\n<p><\/p>\n","protected":false},"excerpt":{"rendered":"<p>Coordena\u00e7\u00e3o Colaboradores e Pesquisadores Atuais J\u00e1 passaram pelo projeto Alunas da Gradua\u00e7\u00e3o e T\u00e9cnico CAMPUS NOVA IGUA\u00c7U Atuais J\u00e1 passaram pelo projeto CAMPUS MARACAN\u00c3: CAMPUS NOVA FRIBURGO: CAMPUS PETR\u00d3POLIS: Escolas Envolvidas<\/p>\n","protected":false},"author":1,"featured_media":0,"parent":0,"menu_order":0,"comment_status":"closed","ping_status":"closed","template":"","meta":{"footnotes":""},"class_list":["post-983","page","type-page","status-publish","hentry"],"_links":{"self":[{"href":"https:\/\/eic.cefet-rj.br\/meninasnarobotica\/index.php\/wp-json\/wp\/v2\/pages\/983","targetHints":{"allow":["GET"]}}],"collection":[{"href":"https:\/\/eic.cefet-rj.br\/meninasnarobotica\/index.php\/wp-json\/wp\/v2\/pages"}],"about":[{"href":"https:\/\/eic.cefet-rj.br\/meninasnarobotica\/index.php\/wp-json\/wp\/v2\/types\/page"}],"author":[{"embeddable":true,"href":"https:\/\/eic.cefet-rj.br\/meninasnarobotica\/index.php\/wp-json\/wp\/v2\/users\/1"}],"replies":[{"embeddable":true,"href":"https:\/\/eic.cefet-rj.br\/meninasnarobotica\/index.php\/wp-json\/wp\/v2\/comments?post=983"}],"version-history":[{"count":40,"href":"https:\/\/eic.cefet-rj.br\/meninasnarobotica\/index.php\/wp-json\/wp\/v2\/pages\/983\/revisions"}],"predecessor-version":[{"id":3445,"href":"https:\/\/eic.cefet-rj.br\/meninasnarobotica\/index.php\/wp-json\/wp\/v2\/pages\/983\/revisions\/3445"}],"wp:attachment":[{"href":"https:\/\/eic.cefet-rj.br\/meninasnarobotica\/index.php\/wp-json\/wp\/v2\/media?parent=983"}],"curies":[{"name":"wp","href":"https:\/\/api.w.org\/{rel}","templated":true}]}}