{"id":972,"date":"2022-04-28T16:48:52","date_gmt":"2022-04-28T19:48:52","guid":{"rendered":"https:\/\/eic.cefet-rj.br\/meninasnarobotica\/?page_id=972"},"modified":"2025-12-09T13:09:52","modified_gmt":"2025-12-09T16:09:52","slug":"bolsistas","status":"publish","type":"page","link":"https:\/\/eic.cefet-rj.br\/meninasnarobotica\/index.php\/bolsistas\/","title":{"rendered":"Bolsistas"},"content":{"rendered":"\n<h3 class=\"wp-block-heading\">Atuais<\/h3>\n\n\n\n<p><\/p>\n\n\n\n<h4 class=\"wp-block-heading\"><strong>Bolsistas pela FAPERJ<\/strong><\/h4>\n\n\n\n<p>Cefet\/RJ<\/p>\n\n\n\n<ul class=\"wp-block-list\">\n<li>Beatriz Daniel Manh\u00e3es (Ci\u00eancia da Computa\u00e7\u00e3o \u2013 Cefet\/RJ Maracan\u00e3) &#8211; IC<\/li>\n\n\n\n<li>Clara da Silva de Almeida (Engenharia de Controle e Automa\u00e7\u00e3o \u2013 Cefet\/RJ Nova Igua\u00e7u) &#8211; IC<\/li>\n\n\n\n<li>Grazielle de F\u00e1tima Cardoso Lima (Engenharia de Produ\u00e7\u00e3o \u2013 Cefet\/RJ Nova Igua\u00e7u) &#8211; IC<\/li>\n<\/ul>\n\n\n\n<p>C. E. Presidente Kennedy (Belford Roxo)<\/p>\n\n\n\n<ul class=\"wp-block-list\">\n<li>Amanda dos Santos Lima &#8211; JT<\/li>\n\n\n\n<li>Manuelly Vitoria Dias Bueno &#8211; JT<\/li>\n\n\n\n<li>Sara Marques Viana da Silva &#8211; JT<\/li>\n\n\n\n<li>Ana Beatriz Pacheco Barbosa &#8211; professora bolsista TCT<\/li>\n<\/ul>\n\n\n\n<p>C. E. Frei Henrique de Coimbra (Duque de Caxias)<\/p>\n\n\n\n<ul class=\"wp-block-list\">\n<li>Jannifer Nicole Quirino da Silva &#8211; JT<\/li>\n\n\n\n<li>Luana Silva Lima &#8211; JT<\/li>\n\n\n\n<li>Patr\u00edcia Da Concei\u00e7\u00e3o Santos &#8211; JT<\/li>\n\n\n\n<li>Babylla Pereira Campos Araujo &#8211; professora bolsista TCT<\/li>\n<\/ul>\n\n\n\n<p>C. E. Marina Bento (Nova Igua\u00e7u)<\/p>\n\n\n\n<ul class=\"wp-block-list\">\n<li>Andryeli Oliveira Nogueira &#8211; JT<\/li>\n\n\n\n<li>Maria Eduarda da Silva Marinho &#8211; JT<\/li>\n\n\n\n<li>Mirella Caldas Catunda &#8211; JT<\/li>\n\n\n\n<li>Camila Vicente Braz &#8211; professora bolsista TCT<\/li>\n<\/ul>\n\n\n\n<p>C. E. J\u00falio Rabello Guimar\u00e3es (Nova Igua\u00e7u)<\/p>\n\n\n\n<ul class=\"wp-block-list\">\n<li>Ana Luiza da Silva Pientznauer &#8211; JT<\/li>\n\n\n\n<li>Ana Luiza dos Santos Ferreira &#8211; JT<\/li>\n\n\n\n<li>Lourena Gama de Ara\u00fajo &#8211; JT<\/li>\n\n\n\n<li>Jaqueline Cristina Mendes da Silva Negreiro &#8211; professora bolsista TCT<\/li>\n<\/ul>\n\n\n\n<p>E. M. de Jaceruba (Nova Igua\u00e7u)<\/p>\n\n\n\n<ul class=\"wp-block-list\">\n<li>Kimberlly Dominyque Silva Ramos &#8211; JT<\/li>\n\n\n\n<li>Ludimila Almeida Fontes &#8211; JT<\/li>\n\n\n\n<li>Thalita Oliveira&nbsp;dos&nbsp;Anjos &#8211; JT<\/li>\n\n\n\n<li>Vanessa Gon\u00e7alves Vieira Pereira &#8211; professora bolsista TCT<\/li>\n<\/ul>\n\n\n\n<p><\/p>\n\n\n\n<h4 class=\"wp-block-heading\"><strong><strong>Bolsistas CNPq<\/strong><\/strong><\/h4>\n\n\n\n<p>Cefet\/RJ<\/p>\n\n\n\n<ul class=\"wp-block-list\">\n<li>Raquel Guerreiro Zilves (Engenharia de Computa\u00e7\u00e3o &#8211; Cefet\/RJ Petr\u00f3polis) &#8211; IC<\/li>\n\n\n\n<li>Natalie coelho Guimar\u00e3es (T\u00e9cnico em Telecomunica\u00e7\u00f5es &#8211; Cefet\/RJ Petr\u00f3polis) \u2013 ICJ<\/li>\n\n\n\n<li>Caroline Belmonte de Aguiar (Engenharia de Controle e Automa\u00e7\u00e3o \u2013 Cefet\/RJ Nova Igua\u00e7u) \u2013 IC<\/li>\n\n\n\n<li>Thainara Laurentino Henriques (T\u00e9cnico de Telecomunica\u00e7\u00f5es &#8211; Cefet\/RJ Nova Igua\u00e7u) &#8211; ICJ<\/li>\n\n\n\n<li>Karoliny dos Santos Argemiro (T\u00e9cnico em Inform\u00e1tica \u2013 Cefet\/RJ Maracan\u00e3) \u2013 ICJ<\/li>\n\n\n\n<li> Maria Luisa Gomes de Almeida Saturnino (T\u00e9cnico em Inform\u00e1tica \u2013 Cefet\/RJ Maracan\u00e3) \u2013 ICJ<\/li>\n\n\n\n<li>Daphne Holzer Velihovetchi &#8211; Apoio \u00e0 Difus\u00e3o do Conhecimento (ADC)<\/li>\n\n\n\n<li>Carla de Oliveira Rom\u00e3o \u2013 P\u00f3s-Doutorado Junior (PDJ)<\/li>\n<\/ul>\n\n\n\n<p>Escola Maria Campos da Silva (Petr\u00f3polis)<\/p>\n\n\n\n<ul class=\"wp-block-list\">\n<li>Laura Pascarelli Monteiro Senna &#8211; ICJ<\/li>\n\n\n\n<li>Ester Simone Magalh\u00e3es de Oliveira &#8211; ICJ<\/li>\n\n\n\n<li>Ester Miri\u00e3 Rodrigues Domingos &#8211; ICJ<\/li>\n\n\n\n<li>Vict\u00f3rya Ferreira de Oliveira dos Santos Rosa &#8211; ICJ<\/li>\n\n\n\n<li>Hannah Emmanuelle Amorim de Pedro &#8211; ICJ<\/li>\n\n\n\n<li>Laura Caldeira Rodrigues \u2013 professora bolsista AT-NS<\/li>\n<\/ul>\n\n\n\n<p>CIEP 340 Professora La\u00eds Martins (Duque de Caxias)<\/p>\n\n\n\n<ul class=\"wp-block-list\">\n<li>Maria Eduarda Wenceslau Caldeira &#8211; ICJ<\/li>\n\n\n\n<li>Maria Lu\u00edsa Wenceslau Caldeira &#8211; ICJ<\/li>\n\n\n\n<li>Nicolle Marcela Moraes Coutinho &#8211; ICJ<\/li>\n\n\n\n<li>Jamilly Victoria Teixeira de Oliveira &#8211; ICJ<\/li>\n\n\n\n<li>Natasha Oliveira Mendes &#8211; ICJ<\/li>\n\n\n\n<li>Carla Cristina Andrade de Oliveira \u2013 professora bolsista AT-NS<\/li>\n\n\n\n<li>Jocilene do Ramo Lira \u2013 professora bolsista AT-NS<\/li>\n<\/ul>\n\n\n\n<p>Col\u00e9gio Estadual Antonio Prado Junior (Rio de Janeiro)<\/p>\n\n\n\n<ul class=\"wp-block-list\">\n<li>Alexandra dos Santos Lima &#8211; ICJ<\/li>\n\n\n\n<li>Tayana Vitoria Gomes da Rocha &#8211; ICJ<\/li>\n\n\n\n<li>Jussara Keylane Soares de&nbsp;Sousa &#8211; ICJ<\/li>\n\n\n\n<li>Thais Januario da Silva &#8211; ICJ<\/li>\n\n\n\n<li>Ludmilla Lima Araujo Silva &#8211; ICJ<\/li>\n\n\n\n<li>Karine Mel Ramires Silva &#8211; ICJ<\/li>\n\n\n\n<li>Vanessa Henriques Borges &#8211; professora bolsista AT-NS<\/li>\n\n\n\n<li><\/li>\n<\/ul>\n\n\n\n<h4 class=\"wp-block-heading\"><strong>Bolsistas pelo Cefet\/RJ<\/strong><\/h4>\n\n\n\n<ul class=\"wp-block-list\">\n<li>Gabriella dos Santos Costa (Engenharia de Produ\u00e7\u00e3o) &#8211; Bolsista PBEXT\/Cefet\/RJ 2025<\/li>\n\n\n\n<li>Lara de Lanna Pereira (Engenharia de Controle e Automa\u00e7\u00e3o) &#8211; Bolsista PIBIC\/Cefet\/RJ 2025<\/li>\n<\/ul>\n\n\n\n<p><\/p>\n\n\n\n<h3 class=\"wp-block-heading\">J\u00e1 foram bolsistas pelo projeto<\/h3>\n\n\n\n<p>Professoras:<\/p>\n\n\n\n<ul class=\"wp-block-list\">\n<li>Ana Claudia Soares de Souza (E. M. Marc\u00edlio Dias)<\/li>\n\n\n\n<li>K\u00e1tia Pereira Mainenti (C. E. Presidente Kennedy)<\/li>\n<\/ul>\n\n\n\n<p>Alunas da gradua\u00e7\u00e3o do Cefet\/RJ:<\/p>\n\n\n\n<ul class=\"wp-block-list\">\n<li>Amanda Miranda Amorim (Engenharia Mec\u00e2nica)<\/li>\n\n\n\n<li>Ana Caroline Bastos (Engenharia Mec\u00e2nica)<\/li>\n\n\n\n<li>Anne Caroline Lima de Medeiros (Engenharia de Controle e Automa\u00e7\u00e3o)<\/li>\n\n\n\n<li>Dayseane Donato (Engenharia Mec\u00e2nica)<\/li>\n\n\n\n<li>Diennyfer Alves Silva (Engenharia Mec\u00e2nica)<\/li>\n\n\n\n<li>Izabela Pereira (Engenharia de Controle e Automa\u00e7\u00e3o)<\/li>\n\n\n\n<li>Victoria Graziella Gomes da Silva Cruzado (Engenharia Mec\u00e2nica)<\/li>\n<\/ul>\n\n\n\n<p>Aluna do t\u00e9cnico do Cefet\/RJ:<\/p>\n\n\n\n<ul class=\"wp-block-list\">\n<li>Ana Julia Baptista Viana (T\u00e9cnico de Inform\u00e1tica)<\/li>\n\n\n\n<li>Melissa de Souza Alves (T\u00e9cnico de Telecomunica\u00e7\u00f5es)<\/li>\n<\/ul>\n\n\n\n<p>Alunas das escolas:<\/p>\n\n\n\n<ul class=\"wp-block-list\">\n<li>Evellyn Saraiva Divino Pontes (E. M. Jaceruba)<\/li>\n\n\n\n<li>In\u00eas Vit\u00f3ria Ricardo da Silva (E. M. Jaceruba)<\/li>\n\n\n\n<li>Lavinya dos Santos Lessa Alfena (E. M. Jaceruba)<\/li>\n\n\n\n<li>Kauane de Souza Barros (E. M. Jaceruba)<\/li>\n\n\n\n<li>Priscila Paiva de Souza (E. M. Jaceruba)<\/li>\n\n\n\n<li>Raphaele Rosa Rodrigues (E. M. Jaceruba)<\/li>\n\n\n\n<li>Ana J\u00falia Cardoso Freire (E. M. J\u00falio Rabello Guimar\u00e3es)<\/li>\n\n\n\n<li>Assucena Maria Silva dos Santos (E. M. J\u00falio Rabello Guimar\u00e3es)<\/li>\n\n\n\n<li>Ana Luiza Araujo Meirelles (E. M. J\u00falio Rabello Guimar\u00e3es)<\/li>\n\n\n\n<li>Isabelle Souza de Brito (E. M. J\u00falio Rabello Guimar\u00e3es)<\/li>\n\n\n\n<li>Karolina Ferreira da Silva (E. M. J\u00falio Rabello Guimar\u00e3es)<\/li>\n\n\n\n<li>Carla Santos de Mello Silva (E. M. J\u00falio Rabello Guimar\u00e3es)<\/li>\n\n\n\n<li>Michelly de Morais Pires (E. M. Franklin Bolivar Fernandes)<\/li>\n\n\n\n<li>Nicolle Souza dos Santos (E. M. Franklin Bolivar Fernandes)<\/li>\n\n\n\n<li>Sarah Mac\u00eado de Oliveira (E. M. Franklin Bolivar Fernandes)<\/li>\n\n\n\n<li>Cec\u00edlia Vit\u00f3ria Gomes Ferreira dos Santos (E. M. Marc\u00edlio Dias)<\/li>\n\n\n\n<li>Kemilly Peixoto da Silva (E. M. Marc\u00edlio Dias)<\/li>\n\n\n\n<li>Larissa da Ajuda Raphael de Miranda (E. M. Marc\u00edlio Dias)<\/li>\n\n\n\n<li>Breniely Vitoria Pinto Louback (C. E. Frei Henrique de Coimbra)<\/li>\n\n\n\n<li>Suelen Silva dos Santos (C. E. Frei Henrique de Coimbra)<\/li>\n\n\n\n<li>Yasmim da Costa Almeida (C. E. Frei Henrique de Coimbra)<\/li>\n\n\n\n<li>Jannifer Nicole Quirino da Silva (C. E. Frei Henrique de Coimbra)<\/li>\n\n\n\n<li>Patricia da Concei\u00e7\u00e3o Santos (C. E. Frei Henrique de Coimbra)<\/li>\n\n\n\n<li>Lu\u00edsa Santiago Freire (C. E. Frei Henrique de Coimbra)<\/li>\n\n\n\n<li>Jovanna Aparecida dos Santos Cordeiro (CIEP 220 Yolanda Borges)<\/li>\n\n\n\n<li>Manuela Lopes Dias (CIEP 220 Yolanda Borges)<\/li>\n\n\n\n<li>Qu\u00e9sia Silveira Aguiar (CIEP 220 Yolanda Borges)<\/li>\n\n\n\n<li>Natacha Afonso do Espirito Santo (C. E. Presidente Kennedy)<\/li>\n\n\n\n<li>Evelin de souza de Jesus (C. E. Presidente Kennedy)<\/li>\n\n\n\n<li>Darah Liryell Martins Gon\u00e7alves (C. E. Presidente Kennedy)<\/li>\n<\/ul>\n","protected":false},"excerpt":{"rendered":"<p>Atuais Bolsistas pela FAPERJ Cefet\/RJ C. E. Presidente Kennedy (Belford Roxo) C. E. Frei Henrique de Coimbra (Duque de Caxias) C. E. Marina Bento (Nova Igua\u00e7u) C. E. J\u00falio Rabello Guimar\u00e3es (Nova Igua\u00e7u) E. M. de Jaceruba (Nova Igua\u00e7u) Bolsistas CNPq Cefet\/RJ Escola Maria Campos da Silva (Petr\u00f3polis) CIEP 340 Professora La\u00eds Martins (Duque de [&hellip;]<\/p>\n","protected":false},"author":1,"featured_media":0,"parent":0,"menu_order":0,"comment_status":"closed","ping_status":"closed","template":"","meta":{"footnotes":""},"class_list":["post-972","page","type-page","status-publish","hentry"],"_links":{"self":[{"href":"https:\/\/eic.cefet-rj.br\/meninasnarobotica\/index.php\/wp-json\/wp\/v2\/pages\/972","targetHints":{"allow":["GET"]}}],"collection":[{"href":"https:\/\/eic.cefet-rj.br\/meninasnarobotica\/index.php\/wp-json\/wp\/v2\/pages"}],"about":[{"href":"https:\/\/eic.cefet-rj.br\/meninasnarobotica\/index.php\/wp-json\/wp\/v2\/types\/page"}],"author":[{"embeddable":true,"href":"https:\/\/eic.cefet-rj.br\/meninasnarobotica\/index.php\/wp-json\/wp\/v2\/users\/1"}],"replies":[{"embeddable":true,"href":"https:\/\/eic.cefet-rj.br\/meninasnarobotica\/index.php\/wp-json\/wp\/v2\/comments?post=972"}],"version-history":[{"count":24,"href":"https:\/\/eic.cefet-rj.br\/meninasnarobotica\/index.php\/wp-json\/wp\/v2\/pages\/972\/revisions"}],"predecessor-version":[{"id":3454,"href":"https:\/\/eic.cefet-rj.br\/meninasnarobotica\/index.php\/wp-json\/wp\/v2\/pages\/972\/revisions\/3454"}],"wp:attachment":[{"href":"https:\/\/eic.cefet-rj.br\/meninasnarobotica\/index.php\/wp-json\/wp\/v2\/media?parent=972"}],"curies":[{"name":"wp","href":"https:\/\/api.w.org\/{rel}","templated":true}]}}