{"id":82,"date":"2019-05-13T11:34:24","date_gmt":"2019-05-13T14:34:24","guid":{"rendered":"https:\/\/eic.cefet-rj.br\/meninasnarobotica\/?page_id=82"},"modified":"2022-06-03T20:19:05","modified_gmt":"2022-06-03T23:19:05","slug":"projeto-nas-escolas","status":"publish","type":"page","link":"https:\/\/eic.cefet-rj.br\/meninasnarobotica\/index.php\/projeto-nas-escolas\/","title":{"rendered":"Projeto nas Escolas"},"content":{"rendered":"\n<p><\/p>\n\n\n\n<p>O projeto \u00e9 desenvolvido por meio de oficinas, <em>workshops<\/em>, palestras e apresenta\u00e7\u00f5es com conte\u00fados relacionados. As atividades s\u00e3o realizadas de acordo com as caracter\u00edsticas e a realidade de cada escola e feitas de forma que, ap\u00f3s o aux\u00edlio das Meninas na Rob\u00f3tica, permane\u00e7am nas escolas para serem reproduzidas nos anos seguintes pelas professoras de cada unidade.  <br>Aulas pr\u00e1ticas e v\u00eddeo-aulas s\u00e3o as metodologias de ensino adotadas. A complexidade dos projetos pode variar de acordo como o desenvolvimento da turma.<\/p>\n\n\n\n<p><\/p>\n\n\n<p><!--EndFragment--><\/p>\n<p><\/p>","protected":false},"excerpt":{"rendered":"<p>O projeto \u00e9 desenvolvido por meio de oficinas, workshops, palestras e apresenta\u00e7\u00f5es com conte\u00fados relacionados. As atividades s\u00e3o realizadas de acordo com as caracter\u00edsticas e a realidade de cada escola e feitas de forma que, ap\u00f3s o aux\u00edlio das Meninas na Rob\u00f3tica, permane\u00e7am nas escolas para serem reproduzidas nos anos seguintes pelas professoras de cada [&hellip;]<\/p>\n","protected":false},"author":1,"featured_media":0,"parent":0,"menu_order":0,"comment_status":"closed","ping_status":"closed","template":"","meta":{"footnotes":""},"class_list":["post-82","page","type-page","status-publish","hentry"],"_links":{"self":[{"href":"https:\/\/eic.cefet-rj.br\/meninasnarobotica\/index.php\/wp-json\/wp\/v2\/pages\/82","targetHints":{"allow":["GET"]}}],"collection":[{"href":"https:\/\/eic.cefet-rj.br\/meninasnarobotica\/index.php\/wp-json\/wp\/v2\/pages"}],"about":[{"href":"https:\/\/eic.cefet-rj.br\/meninasnarobotica\/index.php\/wp-json\/wp\/v2\/types\/page"}],"author":[{"embeddable":true,"href":"https:\/\/eic.cefet-rj.br\/meninasnarobotica\/index.php\/wp-json\/wp\/v2\/users\/1"}],"replies":[{"embeddable":true,"href":"https:\/\/eic.cefet-rj.br\/meninasnarobotica\/index.php\/wp-json\/wp\/v2\/comments?post=82"}],"version-history":[{"count":11,"href":"https:\/\/eic.cefet-rj.br\/meninasnarobotica\/index.php\/wp-json\/wp\/v2\/pages\/82\/revisions"}],"predecessor-version":[{"id":1039,"href":"https:\/\/eic.cefet-rj.br\/meninasnarobotica\/index.php\/wp-json\/wp\/v2\/pages\/82\/revisions\/1039"}],"wp:attachment":[{"href":"https:\/\/eic.cefet-rj.br\/meninasnarobotica\/index.php\/wp-json\/wp\/v2\/media?parent=82"}],"curies":[{"name":"wp","href":"https:\/\/api.w.org\/{rel}","templated":true}]}}