{"id":741,"date":"2019-12-04T16:41:39","date_gmt":"2019-12-04T19:41:39","guid":{"rendered":"https:\/\/eic.cefet-rj.br\/meninasnarobotica\/?page_id=741"},"modified":"2019-12-04T17:15:25","modified_gmt":"2019-12-04T20:15:25","slug":"colegio-estadual-frei-henrique-de-coimbra","status":"publish","type":"page","link":"https:\/\/eic.cefet-rj.br\/meninasnarobotica\/index.php\/colegio-estadual-frei-henrique-de-coimbra\/","title":{"rendered":"Col\u00e9gio Estadual Frei Henrique de Coimbra"},"content":{"rendered":"\n<h3 class=\"wp-block-heading\">Prepara\u00e7\u00e3o:<\/h3>\n\n\n\n<p>Antes de iniciar a aplica\u00e7\u00e3o dos m\u00f3dulos nas escolas, a professora Babylla os refez com suas alunas bolsistas j\u00fanior, preparando-as para iniciar as aulas. <\/p>\n\n\n\n<ul class=\"wp-block-gallery columns-3 is-cropped wp-block-gallery-1 is-layout-flex wp-block-gallery-is-layout-flex\"><li class=\"blocks-gallery-item\"><figure><img loading=\"lazy\" decoding=\"async\" width=\"1024\" height=\"768\" src=\"https:\/\/eic.cefet-rj.br\/meninasnarobotica\/wp-content\/uploads\/2019\/12\/WhatsApp-Image-2019-10-10-at-21.16.50-1-1024x768.jpeg\" alt=\"\" data-id=\"813\" data-link=\"https:\/\/eic.cefet-rj.br\/meninasnarobotica\/index.php\/colegio-estadual-frei-henrique-de-coimbra\/whatsapp-image-2019-10-10-at-21-16-50-1\/\" class=\"wp-image-813\" srcset=\"https:\/\/eic.cefet-rj.br\/meninasnarobotica\/wp-content\/uploads\/2019\/12\/WhatsApp-Image-2019-10-10-at-21.16.50-1-1024x768.jpeg 1024w, https:\/\/eic.cefet-rj.br\/meninasnarobotica\/wp-content\/uploads\/2019\/12\/WhatsApp-Image-2019-10-10-at-21.16.50-1-300x225.jpeg 300w, https:\/\/eic.cefet-rj.br\/meninasnarobotica\/wp-content\/uploads\/2019\/12\/WhatsApp-Image-2019-10-10-at-21.16.50-1-768x576.jpeg 768w, https:\/\/eic.cefet-rj.br\/meninasnarobotica\/wp-content\/uploads\/2019\/12\/WhatsApp-Image-2019-10-10-at-21.16.50-1.jpeg 1152w\" sizes=\"auto, (max-width: 1024px) 100vw, 1024px\" \/><\/figure><\/li><li class=\"blocks-gallery-item\"><figure><img loading=\"lazy\" decoding=\"async\" width=\"1024\" height=\"768\" src=\"https:\/\/eic.cefet-rj.br\/meninasnarobotica\/wp-content\/uploads\/2019\/12\/WhatsApp-Image-2019-10-10-at-21.16.51-1-1024x768.jpeg\" alt=\"\" data-id=\"814\" data-link=\"https:\/\/eic.cefet-rj.br\/meninasnarobotica\/index.php\/colegio-estadual-frei-henrique-de-coimbra\/whatsapp-image-2019-10-10-at-21-16-51-1\/\" class=\"wp-image-814\" srcset=\"https:\/\/eic.cefet-rj.br\/meninasnarobotica\/wp-content\/uploads\/2019\/12\/WhatsApp-Image-2019-10-10-at-21.16.51-1-1024x768.jpeg 1024w, https:\/\/eic.cefet-rj.br\/meninasnarobotica\/wp-content\/uploads\/2019\/12\/WhatsApp-Image-2019-10-10-at-21.16.51-1-300x225.jpeg 300w, https:\/\/eic.cefet-rj.br\/meninasnarobotica\/wp-content\/uploads\/2019\/12\/WhatsApp-Image-2019-10-10-at-21.16.51-1-768x576.jpeg 768w, https:\/\/eic.cefet-rj.br\/meninasnarobotica\/wp-content\/uploads\/2019\/12\/WhatsApp-Image-2019-10-10-at-21.16.51-1.jpeg 1152w\" sizes=\"auto, (max-width: 1024px) 100vw, 1024px\" \/><\/figure><\/li><li class=\"blocks-gallery-item\"><figure><img loading=\"lazy\" decoding=\"async\" width=\"1024\" height=\"768\" src=\"https:\/\/eic.cefet-rj.br\/meninasnarobotica\/wp-content\/uploads\/2019\/12\/WhatsApp-Image-2019-10-10-at-21.16.52-1-1024x768.jpeg\" alt=\"\" data-id=\"815\" data-link=\"https:\/\/eic.cefet-rj.br\/meninasnarobotica\/index.php\/colegio-estadual-frei-henrique-de-coimbra\/whatsapp-image-2019-10-10-at-21-16-52-1\/\" class=\"wp-image-815\" srcset=\"https:\/\/eic.cefet-rj.br\/meninasnarobotica\/wp-content\/uploads\/2019\/12\/WhatsApp-Image-2019-10-10-at-21.16.52-1-1024x768.jpeg 1024w, https:\/\/eic.cefet-rj.br\/meninasnarobotica\/wp-content\/uploads\/2019\/12\/WhatsApp-Image-2019-10-10-at-21.16.52-1-300x225.jpeg 300w, https:\/\/eic.cefet-rj.br\/meninasnarobotica\/wp-content\/uploads\/2019\/12\/WhatsApp-Image-2019-10-10-at-21.16.52-1-768x576.jpeg 768w, https:\/\/eic.cefet-rj.br\/meninasnarobotica\/wp-content\/uploads\/2019\/12\/WhatsApp-Image-2019-10-10-at-21.16.52-1.jpeg 1152w\" sizes=\"auto, (max-width: 1024px) 100vw, 1024px\" \/><\/figure><\/li><li class=\"blocks-gallery-item\"><figure><img loading=\"lazy\" decoding=\"async\" width=\"1024\" height=\"768\" src=\"https:\/\/eic.cefet-rj.br\/meninasnarobotica\/wp-content\/uploads\/2019\/12\/WhatsApp-Image-2019-10-10-at-21.16.53-1-1024x768.jpeg\" alt=\"\" data-id=\"816\" data-link=\"https:\/\/eic.cefet-rj.br\/meninasnarobotica\/index.php\/colegio-estadual-frei-henrique-de-coimbra\/whatsapp-image-2019-10-10-at-21-16-53-1\/\" class=\"wp-image-816\" srcset=\"https:\/\/eic.cefet-rj.br\/meninasnarobotica\/wp-content\/uploads\/2019\/12\/WhatsApp-Image-2019-10-10-at-21.16.53-1-1024x768.jpeg 1024w, https:\/\/eic.cefet-rj.br\/meninasnarobotica\/wp-content\/uploads\/2019\/12\/WhatsApp-Image-2019-10-10-at-21.16.53-1-300x225.jpeg 300w, https:\/\/eic.cefet-rj.br\/meninasnarobotica\/wp-content\/uploads\/2019\/12\/WhatsApp-Image-2019-10-10-at-21.16.53-1-768x576.jpeg 768w, https:\/\/eic.cefet-rj.br\/meninasnarobotica\/wp-content\/uploads\/2019\/12\/WhatsApp-Image-2019-10-10-at-21.16.53-1.jpeg 1152w\" sizes=\"auto, (max-width: 1024px) 100vw, 1024px\" \/><\/figure><\/li><li class=\"blocks-gallery-item\"><figure><img loading=\"lazy\" decoding=\"async\" width=\"768\" height=\"1024\" src=\"https:\/\/eic.cefet-rj.br\/meninasnarobotica\/wp-content\/uploads\/2019\/12\/WhatsApp-Image-2019-10-16-at-14.36.37-1-768x1024.jpeg\" alt=\"\" data-id=\"817\" data-link=\"https:\/\/eic.cefet-rj.br\/meninasnarobotica\/index.php\/colegio-estadual-frei-henrique-de-coimbra\/whatsapp-image-2019-10-16-at-14-36-37-1\/\" class=\"wp-image-817\" srcset=\"https:\/\/eic.cefet-rj.br\/meninasnarobotica\/wp-content\/uploads\/2019\/12\/WhatsApp-Image-2019-10-16-at-14.36.37-1-768x1024.jpeg 768w, https:\/\/eic.cefet-rj.br\/meninasnarobotica\/wp-content\/uploads\/2019\/12\/WhatsApp-Image-2019-10-16-at-14.36.37-1-225x300.jpeg 225w, https:\/\/eic.cefet-rj.br\/meninasnarobotica\/wp-content\/uploads\/2019\/12\/WhatsApp-Image-2019-10-16-at-14.36.37-1.jpeg 774w\" sizes=\"auto, (max-width: 768px) 100vw, 768px\" \/><\/figure><\/li><li class=\"blocks-gallery-item\"><figure><img loading=\"lazy\" decoding=\"async\" width=\"576\" height=\"1024\" src=\"https:\/\/eic.cefet-rj.br\/meninasnarobotica\/wp-content\/uploads\/2019\/12\/WhatsApp-Image-2019-10-31-at-15.06.27-1-576x1024.jpeg\" alt=\"\" data-id=\"818\" data-link=\"https:\/\/eic.cefet-rj.br\/meninasnarobotica\/index.php\/colegio-estadual-frei-henrique-de-coimbra\/whatsapp-image-2019-10-31-at-15-06-27-1\/\" class=\"wp-image-818\" srcset=\"https:\/\/eic.cefet-rj.br\/meninasnarobotica\/wp-content\/uploads\/2019\/12\/WhatsApp-Image-2019-10-31-at-15.06.27-1-576x1024.jpeg 576w, https:\/\/eic.cefet-rj.br\/meninasnarobotica\/wp-content\/uploads\/2019\/12\/WhatsApp-Image-2019-10-31-at-15.06.27-1-169x300.jpeg 169w, https:\/\/eic.cefet-rj.br\/meninasnarobotica\/wp-content\/uploads\/2019\/12\/WhatsApp-Image-2019-10-31-at-15.06.27-1.jpeg 648w\" sizes=\"auto, (max-width: 576px) 100vw, 576px\" \/><\/figure><\/li><li class=\"blocks-gallery-item\"><figure><img loading=\"lazy\" decoding=\"async\" width=\"768\" height=\"1024\" src=\"https:\/\/eic.cefet-rj.br\/meninasnarobotica\/wp-content\/uploads\/2019\/12\/WhatsApp-Image-2019-09-27-at-15.14.51-1-768x1024.jpeg\" alt=\"\" data-id=\"819\" data-link=\"https:\/\/eic.cefet-rj.br\/meninasnarobotica\/index.php\/colegio-estadual-frei-henrique-de-coimbra\/whatsapp-image-2019-09-27-at-15-14-51-1\/\" class=\"wp-image-819\" srcset=\"https:\/\/eic.cefet-rj.br\/meninasnarobotica\/wp-content\/uploads\/2019\/12\/WhatsApp-Image-2019-09-27-at-15.14.51-1-768x1024.jpeg 768w, https:\/\/eic.cefet-rj.br\/meninasnarobotica\/wp-content\/uploads\/2019\/12\/WhatsApp-Image-2019-09-27-at-15.14.51-1-225x300.jpeg 225w, https:\/\/eic.cefet-rj.br\/meninasnarobotica\/wp-content\/uploads\/2019\/12\/WhatsApp-Image-2019-09-27-at-15.14.51-1.jpeg 774w\" sizes=\"auto, (max-width: 768px) 100vw, 768px\" \/><\/figure><\/li><li class=\"blocks-gallery-item\"><figure><img loading=\"lazy\" decoding=\"async\" width=\"768\" height=\"1024\" src=\"https:\/\/eic.cefet-rj.br\/meninasnarobotica\/wp-content\/uploads\/2019\/12\/WhatsApp-Image-2019-10-10-at-16.33.33-1-1-768x1024.jpeg\" alt=\"\" data-id=\"820\" data-link=\"https:\/\/eic.cefet-rj.br\/meninasnarobotica\/index.php\/colegio-estadual-frei-henrique-de-coimbra\/whatsapp-image-2019-10-10-at-16-33-33-1-1\/\" class=\"wp-image-820\" srcset=\"https:\/\/eic.cefet-rj.br\/meninasnarobotica\/wp-content\/uploads\/2019\/12\/WhatsApp-Image-2019-10-10-at-16.33.33-1-1-768x1024.jpeg 768w, https:\/\/eic.cefet-rj.br\/meninasnarobotica\/wp-content\/uploads\/2019\/12\/WhatsApp-Image-2019-10-10-at-16.33.33-1-1-225x300.jpeg 225w, https:\/\/eic.cefet-rj.br\/meninasnarobotica\/wp-content\/uploads\/2019\/12\/WhatsApp-Image-2019-10-10-at-16.33.33-1-1.jpeg 774w\" sizes=\"auto, (max-width: 768px) 100vw, 768px\" \/><\/figure><\/li><li class=\"blocks-gallery-item\"><figure><img loading=\"lazy\" decoding=\"async\" width=\"768\" height=\"1024\" src=\"https:\/\/eic.cefet-rj.br\/meninasnarobotica\/wp-content\/uploads\/2019\/12\/WhatsApp-Image-2019-10-10-at-16.33.33-2-768x1024.jpeg\" alt=\"\" data-id=\"821\" data-link=\"https:\/\/eic.cefet-rj.br\/meninasnarobotica\/index.php\/colegio-estadual-frei-henrique-de-coimbra\/whatsapp-image-2019-10-10-at-16-33-33-2\/\" class=\"wp-image-821\" srcset=\"https:\/\/eic.cefet-rj.br\/meninasnarobotica\/wp-content\/uploads\/2019\/12\/WhatsApp-Image-2019-10-10-at-16.33.33-2-768x1024.jpeg 768w, https:\/\/eic.cefet-rj.br\/meninasnarobotica\/wp-content\/uploads\/2019\/12\/WhatsApp-Image-2019-10-10-at-16.33.33-2-225x300.jpeg 225w, https:\/\/eic.cefet-rj.br\/meninasnarobotica\/wp-content\/uploads\/2019\/12\/WhatsApp-Image-2019-10-10-at-16.33.33-2.jpeg 774w\" sizes=\"auto, (max-width: 768px) 100vw, 768px\" \/><\/figure><\/li><li class=\"blocks-gallery-item\"><figure><img loading=\"lazy\" decoding=\"async\" width=\"1024\" height=\"768\" src=\"https:\/\/eic.cefet-rj.br\/meninasnarobotica\/wp-content\/uploads\/2019\/12\/WhatsApp-Image-2019-10-10-at-21.16.48-1-1024x768.jpeg\" alt=\"\" data-id=\"822\" data-link=\"https:\/\/eic.cefet-rj.br\/meninasnarobotica\/index.php\/colegio-estadual-frei-henrique-de-coimbra\/whatsapp-image-2019-10-10-at-21-16-48-1\/\" class=\"wp-image-822\" srcset=\"https:\/\/eic.cefet-rj.br\/meninasnarobotica\/wp-content\/uploads\/2019\/12\/WhatsApp-Image-2019-10-10-at-21.16.48-1-1024x768.jpeg 1024w, https:\/\/eic.cefet-rj.br\/meninasnarobotica\/wp-content\/uploads\/2019\/12\/WhatsApp-Image-2019-10-10-at-21.16.48-1-300x225.jpeg 300w, https:\/\/eic.cefet-rj.br\/meninasnarobotica\/wp-content\/uploads\/2019\/12\/WhatsApp-Image-2019-10-10-at-21.16.48-1-768x576.jpeg 768w, https:\/\/eic.cefet-rj.br\/meninasnarobotica\/wp-content\/uploads\/2019\/12\/WhatsApp-Image-2019-10-10-at-21.16.48-1.jpeg 1152w\" sizes=\"auto, (max-width: 1024px) 100vw, 1024px\" \/><\/figure><\/li><li class=\"blocks-gallery-item\"><figure><img loading=\"lazy\" decoding=\"async\" width=\"1024\" height=\"768\" src=\"https:\/\/eic.cefet-rj.br\/meninasnarobotica\/wp-content\/uploads\/2019\/12\/WhatsApp-Image-2019-10-10-at-21.16.49-1-1-1024x768.jpeg\" alt=\"\" data-id=\"823\" data-link=\"https:\/\/eic.cefet-rj.br\/meninasnarobotica\/index.php\/colegio-estadual-frei-henrique-de-coimbra\/whatsapp-image-2019-10-10-at-21-16-49-1-1\/\" class=\"wp-image-823\" srcset=\"https:\/\/eic.cefet-rj.br\/meninasnarobotica\/wp-content\/uploads\/2019\/12\/WhatsApp-Image-2019-10-10-at-21.16.49-1-1-1024x768.jpeg 1024w, https:\/\/eic.cefet-rj.br\/meninasnarobotica\/wp-content\/uploads\/2019\/12\/WhatsApp-Image-2019-10-10-at-21.16.49-1-1-300x225.jpeg 300w, https:\/\/eic.cefet-rj.br\/meninasnarobotica\/wp-content\/uploads\/2019\/12\/WhatsApp-Image-2019-10-10-at-21.16.49-1-1-768x576.jpeg 768w, https:\/\/eic.cefet-rj.br\/meninasnarobotica\/wp-content\/uploads\/2019\/12\/WhatsApp-Image-2019-10-10-at-21.16.49-1-1.jpeg 1152w\" sizes=\"auto, (max-width: 1024px) 100vw, 1024px\" \/><\/figure><\/li><li class=\"blocks-gallery-item\"><figure><img decoding=\"async\" src=\"blob:https:\/\/eic.cefet-rj.br\/a0f36abd-e5ce-43a8-a553-90a51f3b931a\"\/><\/figure><\/li><\/ul>\n\n\n\n<h3 class=\"wp-block-heading\">Primeira turma:<\/h3>\n\n\n\n<div class=\"wp-block-image\"><figure class=\"aligncenter is-resized\"><img loading=\"lazy\" decoding=\"async\" src=\"https:\/\/eic.cefet-rj.br\/meninasnarobotica\/wp-content\/uploads\/2019\/12\/WhatsApp-Image-2019-11-28-at-14.58.53-1-1024x576.jpeg\" alt=\"\" class=\"wp-image-825\" width=\"759\" height=\"427\" srcset=\"https:\/\/eic.cefet-rj.br\/meninasnarobotica\/wp-content\/uploads\/2019\/12\/WhatsApp-Image-2019-11-28-at-14.58.53-1-1024x576.jpeg 1024w, https:\/\/eic.cefet-rj.br\/meninasnarobotica\/wp-content\/uploads\/2019\/12\/WhatsApp-Image-2019-11-28-at-14.58.53-1-300x169.jpeg 300w, https:\/\/eic.cefet-rj.br\/meninasnarobotica\/wp-content\/uploads\/2019\/12\/WhatsApp-Image-2019-11-28-at-14.58.53-1-768x432.jpeg 768w, https:\/\/eic.cefet-rj.br\/meninasnarobotica\/wp-content\/uploads\/2019\/12\/WhatsApp-Image-2019-11-28-at-14.58.53-1.jpeg 1600w\" sizes=\"auto, (max-width: 759px) 100vw, 759px\" \/><\/figure><\/div>\n\n\n\n<ul class=\"wp-block-gallery columns-3 is-cropped wp-block-gallery-2 is-layout-flex wp-block-gallery-is-layout-flex\"><li class=\"blocks-gallery-item\"><figure><img loading=\"lazy\" decoding=\"async\" width=\"576\" height=\"1024\" src=\"https:\/\/eic.cefet-rj.br\/meninasnarobotica\/wp-content\/uploads\/2019\/12\/WhatsApp-Image-2019-11-28-at-15.35.59-1-576x1024.jpeg\" alt=\"\" data-id=\"826\" data-link=\"https:\/\/eic.cefet-rj.br\/meninasnarobotica\/index.php\/colegio-estadual-frei-henrique-de-coimbra\/whatsapp-image-2019-11-28-at-15-35-59-1\/\" class=\"wp-image-826\" srcset=\"https:\/\/eic.cefet-rj.br\/meninasnarobotica\/wp-content\/uploads\/2019\/12\/WhatsApp-Image-2019-11-28-at-15.35.59-1-576x1024.jpeg 576w, https:\/\/eic.cefet-rj.br\/meninasnarobotica\/wp-content\/uploads\/2019\/12\/WhatsApp-Image-2019-11-28-at-15.35.59-1-169x300.jpeg 169w, https:\/\/eic.cefet-rj.br\/meninasnarobotica\/wp-content\/uploads\/2019\/12\/WhatsApp-Image-2019-11-28-at-15.35.59-1-768x1365.jpeg 768w, https:\/\/eic.cefet-rj.br\/meninasnarobotica\/wp-content\/uploads\/2019\/12\/WhatsApp-Image-2019-11-28-at-15.35.59-1.jpeg 900w\" sizes=\"auto, (max-width: 576px) 100vw, 576px\" \/><\/figure><\/li><li class=\"blocks-gallery-item\"><figure><img loading=\"lazy\" decoding=\"async\" width=\"768\" height=\"1024\" src=\"https:\/\/eic.cefet-rj.br\/meninasnarobotica\/wp-content\/uploads\/2019\/12\/WhatsApp-Image-2019-11-28-at-14.01.33-1-768x1024.jpeg\" alt=\"\" data-id=\"827\" data-link=\"https:\/\/eic.cefet-rj.br\/meninasnarobotica\/index.php\/colegio-estadual-frei-henrique-de-coimbra\/whatsapp-image-2019-11-28-at-14-01-33-1\/\" class=\"wp-image-827\" srcset=\"https:\/\/eic.cefet-rj.br\/meninasnarobotica\/wp-content\/uploads\/2019\/12\/WhatsApp-Image-2019-11-28-at-14.01.33-1-768x1024.jpeg 768w, https:\/\/eic.cefet-rj.br\/meninasnarobotica\/wp-content\/uploads\/2019\/12\/WhatsApp-Image-2019-11-28-at-14.01.33-1-225x300.jpeg 225w, https:\/\/eic.cefet-rj.br\/meninasnarobotica\/wp-content\/uploads\/2019\/12\/WhatsApp-Image-2019-11-28-at-14.01.33-1.jpeg 774w\" sizes=\"auto, (max-width: 768px) 100vw, 768px\" \/><\/figure><\/li><li class=\"blocks-gallery-item\"><figure><img loading=\"lazy\" decoding=\"async\" width=\"768\" height=\"1024\" src=\"https:\/\/eic.cefet-rj.br\/meninasnarobotica\/wp-content\/uploads\/2019\/12\/WhatsApp-Image-2019-11-28-at-14.01.41-1-768x1024.jpeg\" alt=\"\" data-id=\"828\" data-link=\"https:\/\/eic.cefet-rj.br\/meninasnarobotica\/index.php\/colegio-estadual-frei-henrique-de-coimbra\/whatsapp-image-2019-11-28-at-14-01-41-1\/\" class=\"wp-image-828\" srcset=\"https:\/\/eic.cefet-rj.br\/meninasnarobotica\/wp-content\/uploads\/2019\/12\/WhatsApp-Image-2019-11-28-at-14.01.41-1-768x1024.jpeg 768w, https:\/\/eic.cefet-rj.br\/meninasnarobotica\/wp-content\/uploads\/2019\/12\/WhatsApp-Image-2019-11-28-at-14.01.41-1-225x300.jpeg 225w, https:\/\/eic.cefet-rj.br\/meninasnarobotica\/wp-content\/uploads\/2019\/12\/WhatsApp-Image-2019-11-28-at-14.01.41-1.jpeg 774w\" sizes=\"auto, (max-width: 768px) 100vw, 768px\" \/><\/figure><\/li><li class=\"blocks-gallery-item\"><figure><img loading=\"lazy\" decoding=\"async\" width=\"1024\" height=\"768\" src=\"https:\/\/eic.cefet-rj.br\/meninasnarobotica\/wp-content\/uploads\/2019\/12\/WhatsApp-Image-2019-11-28-at-14.01.47-1-1024x768.jpeg\" alt=\"\" data-id=\"829\" data-link=\"https:\/\/eic.cefet-rj.br\/meninasnarobotica\/index.php\/colegio-estadual-frei-henrique-de-coimbra\/whatsapp-image-2019-11-28-at-14-01-47-1\/\" class=\"wp-image-829\" srcset=\"https:\/\/eic.cefet-rj.br\/meninasnarobotica\/wp-content\/uploads\/2019\/12\/WhatsApp-Image-2019-11-28-at-14.01.47-1-1024x768.jpeg 1024w, https:\/\/eic.cefet-rj.br\/meninasnarobotica\/wp-content\/uploads\/2019\/12\/WhatsApp-Image-2019-11-28-at-14.01.47-1-300x225.jpeg 300w, https:\/\/eic.cefet-rj.br\/meninasnarobotica\/wp-content\/uploads\/2019\/12\/WhatsApp-Image-2019-11-28-at-14.01.47-1-768x576.jpeg 768w, https:\/\/eic.cefet-rj.br\/meninasnarobotica\/wp-content\/uploads\/2019\/12\/WhatsApp-Image-2019-11-28-at-14.01.47-1.jpeg 1032w\" sizes=\"auto, (max-width: 1024px) 100vw, 1024px\" \/><\/figure><\/li><\/ul>\n\n\n\n<h3 class=\"wp-block-heading\">M\u00f3dulos em funcionamento:<\/h3>\n\n\n\n<figure class=\"wp-block-video aligncenter\"><video controls src=\"https:\/\/eic.cefet-rj.br\/meninasnarobotica\/wp-content\/uploads\/2019\/12\/WhatsApp-Video-2019-11-28-at-15.36.32.mp4\"><\/video><figcaption>M\u00f3dulo 1 &#8211; Copo de flores<\/figcaption><\/figure>\n\n\n\n<figure class=\"wp-block-video aligncenter\"><video height=\"352\" style=\"aspect-ratio: 640 \/ 352;\" width=\"640\" controls src=\"https:\/\/eic.cefet-rj.br\/meninasnarobotica\/wp-content\/uploads\/2019\/12\/WhatsApp-Video-2019-10-10-at-16.33.10.mp4\"><\/video><figcaption>M\u00f3dulo 2 &#8211; Sensor de n\u00edvel<\/figcaption><\/figure>\n\n\n\n<figure class=\"wp-block-video aligncenter\"><video controls src=\"https:\/\/eic.cefet-rj.br\/meninasnarobotica\/wp-content\/uploads\/2019\/12\/WhatsApp-Video-2019-10-16-at-14.36.11.mp4\"><\/video><figcaption>M\u00f3dulo 3 &#8211; Medindo umidade<\/figcaption><\/figure>\n\n\n\n<figure class=\"wp-block-video aligncenter\"><video controls src=\"https:\/\/eic.cefet-rj.br\/meninasnarobotica\/wp-content\/uploads\/2019\/12\/WhatsApp-Video-2019-11-15-at-11.43.47.mp4\"><\/video><figcaption>M\u00f3dulo 5 &#8211; Carrinho controlado por bluetooth<\/figcaption><\/figure>\n","protected":false},"excerpt":{"rendered":"<p>Prepara\u00e7\u00e3o: Antes de iniciar a aplica\u00e7\u00e3o dos m\u00f3dulos nas escolas, a professora Babylla os refez com suas alunas bolsistas j\u00fanior, preparando-as para iniciar as aulas. Primeira turma: M\u00f3dulos em funcionamento:<\/p>\n","protected":false},"author":1,"featured_media":0,"parent":0,"menu_order":0,"comment_status":"closed","ping_status":"closed","template":"","meta":{"footnotes":""},"class_list":["post-741","page","type-page","status-publish","hentry"],"_links":{"self":[{"href":"https:\/\/eic.cefet-rj.br\/meninasnarobotica\/index.php\/wp-json\/wp\/v2\/pages\/741","targetHints":{"allow":["GET"]}}],"collection":[{"href":"https:\/\/eic.cefet-rj.br\/meninasnarobotica\/index.php\/wp-json\/wp\/v2\/pages"}],"about":[{"href":"https:\/\/eic.cefet-rj.br\/meninasnarobotica\/index.php\/wp-json\/wp\/v2\/types\/page"}],"author":[{"embeddable":true,"href":"https:\/\/eic.cefet-rj.br\/meninasnarobotica\/index.php\/wp-json\/wp\/v2\/users\/1"}],"replies":[{"embeddable":true,"href":"https:\/\/eic.cefet-rj.br\/meninasnarobotica\/index.php\/wp-json\/wp\/v2\/comments?post=741"}],"version-history":[{"count":4,"href":"https:\/\/eic.cefet-rj.br\/meninasnarobotica\/index.php\/wp-json\/wp\/v2\/pages\/741\/revisions"}],"predecessor-version":[{"id":1041,"href":"https:\/\/eic.cefet-rj.br\/meninasnarobotica\/index.php\/wp-json\/wp\/v2\/pages\/741\/revisions\/1041"}],"wp:attachment":[{"href":"https:\/\/eic.cefet-rj.br\/meninasnarobotica\/index.php\/wp-json\/wp\/v2\/media?parent=741"}],"curies":[{"name":"wp","href":"https:\/\/api.w.org\/{rel}","templated":true}]}}